{"id":3850,"date":"2025-05-17T22:44:55","date_gmt":"2025-05-17T21:44:55","guid":{"rendered":"https:\/\/cdhubs.com\/?post_type=product&#038;p=3850"},"modified":"2025-05-17T22:46:42","modified_gmt":"2025-05-17T21:46:42","slug":"sekiro-shadows-die-twice-xbox-one","status":"publish","type":"product","link":"https:\/\/cdhubs.com\/zh\/product\/sekiro-shadows-die-twice-xbox-one\/","title":{"rendered":"Sekiro: Shadows Die Twice XBOX ONE"},"content":{"rendered":"<h2>\u00c0 propos de ce jeu<\/h2>\n<p>L&#8217;\u00e9dition Game of the Year ajoute le contenu bonus suivant*:<\/p>\n<p>&#8211; Reflet et D\u00e9fi de force : nouveaux modes de d\u00e9fi de boss<br \/>\n&#8211; Fragments : laissez des messages et des enregistrements de vos actions que les autres joueurs peuvent voir et noter<br \/>\n&#8211; 3 skins cosm\u00e9tiques \u00e0 d\u00e9bloquer<\/p>\n<p>Jeu de l&#8217;ann\u00e9e &#8211; The Game Awards 2019<br \/>\nMeilleur jeu d&#8217;action 2019 &#8211; IGN<br \/>\nPlus de 50 r\u00e9compenses et nominations<\/p>\n<p>Suivez votre chemin vers la vengeance dans cette nouvelle aventure prim\u00e9e d\u00e9velopp\u00e9e par FromSoftware, les cr\u00e9ateurs de Bloodborne et de Dark Souls.<\/p>\n<p>Dans Sekiro\u2122: Shadows Die Twice, vous incarnez le &#8216;loup \u00e0 un bras&#8217;, un guerrier en disgr\u00e2ce d\u00e9figur\u00e9 qui a fr\u00f4le la mort. Assign\u00e9 \u00e0 la protection d&#8217;un jeune seigneur, descendant d&#8217;une lign\u00e9e ancienne, vous devenez la cible d&#8217;ennemis plus vicieux les uns que les autres, dont le dangereux clan Ashina. Lorsque le jeune seigneur est captur\u00e9, rien ne peut vous arr\u00eater dans votre qu\u00eate pour retrouver l&#8217;honneur, m\u00eame pas la mort elle-m\u00eame.<\/p>\n<p>Explorez le Japon Sengoku de la fin des ann\u00e9es 1500 et affrontez des ennemis d\u00e9mesur\u00e9s dans un monde tortur\u00e9. D\u00e9cha\u00eenez un arsenal d&#8217;outils proth\u00e9tiques et de capacit\u00e9s de ninja, en m\u00ealant discr\u00e9tion, transversalit\u00e9 et verticalit\u00e9, \u00e0 des duels sans piti\u00e9.<\/p>\n<p>Vengez-vous. Recouvrez votre honneur. Tuez avec ing\u00e9niosit\u00e9.<\/p>\n<p>*T\u00e9l\u00e9chargement requis.<\/p>\n<p>Connexion Internet requise pour le Multijoueur asynchrone.<\/p>","protected":false},"excerpt":{"rendered":"<p>&nbsp;<\/p>\n<p>\u554a\u554a\u554a\u554a\u554a\u554a\u554a\uff01<br \/>\n10 \u4e2a\u6708 15 \u4e2a\u6708\u3002<br \/>\n\u6e38\u620f\u4e2d\u7684\u6e38\u620f\uff08Steam\u3001Xbox\u3001PSN\u2026\uff09\u4ee5\u53ca\u6e38\u620f\u4e2d\u7684\u6e38\u620f\u3002<\/p>\n<p>\u0645\u0645\u064a\u0632\u0627\u062a \u0627\u0644\u0645\u0646\u062a\u062c:<br \/>\n100% \u578b\u53f7<\/p>\n<p>\u65f6\u95f4 10 \u2013 15 \u70b9<\/p>\n<p>\u00c0 \u00a1 \u00a1 \u00a1 \u00a1 \u00a1 \u00a1 \u00a1 \u00a1 \u00a1 \u00a1 \u00a1 \u00a1 \u00a1<\/p>\n<p>\u2757\ufe0f\u2757\ufe0f\u2757\ufe0f\u2757\ufe0f\u2757\ufe0f\u2757\ufe0f\u2757\ufe0f\u2757\ufe0f\u2757\ufe0f\u2757\ufe0f\u2757\ufe0f\u2757\ufe0f\u2757\ufe0f\u2757\ufe0f\u2757\ufe0f\u2757\ufe0f\u2757\ufe0f\u2757\ufe0f\u2757\ufe0f\u2757\ufe0f\u2757\ufe0f\u2757\ufe0f\u2757\ufe0f\u2757\ufe0f<\/p>\n<p>\u62b1\u6b49\uff0c\u6682\u65e0\u76f8\u5173\u4fe1\u606f<\/p>\n<p>\u4e0b\u4e00\u7bc7\uff1a<br \/>\n\u554a\u554a\u554a\u554a\u554a\u554a\u554a\u554a\u554a\uff01<br \/>\n??????????????????????????????????????????????????????????????????\u5df2\u53d1\u5e03\uff08Steam\u3001Xbox\u3001PS...\uff09\u3002<\/p>","protected":false},"featured_media":3852,"comment_status":"open","ping_status":"closed","template":"","meta":{"googlesitekit_rrm_CAowv7G7DA:productID":"","om_disable_all_campaigns":false,"_monsterinsights_skip_tracking":false,"_monsterinsights_sitenote_active":false,"_monsterinsights_sitenote_note":"","_monsterinsights_sitenote_category":0,"jetpack_post_was_ever_published":false},"product_brand":[63],"product_cat":[48],"product_tag":[],"class_list":{"0":"post-3850","1":"product","2":"type-product","3":"status-publish","4":"has-post-thumbnail","6":"product_brand-xbox","7":"product_cat-xbox-one","9":"first","10":"instock","11":"sale","12":"virtual","13":"taxable","14":"purchasable","15":"product-type-simple"},"jetpack_sharing_enabled":true,"jetpack_likes_enabled":true,"_links":{"self":[{"href":"https:\/\/cdhubs.com\/zh\/wp-json\/wp\/v2\/product\/3850","targetHints":{"allow":["GET"]}}],"collection":[{"href":"https:\/\/cdhubs.com\/zh\/wp-json\/wp\/v2\/product"}],"about":[{"href":"https:\/\/cdhubs.com\/zh\/wp-json\/wp\/v2\/types\/product"}],"replies":[{"embeddable":true,"href":"https:\/\/cdhubs.com\/zh\/wp-json\/wp\/v2\/comments?post=3850"}],"version-history":[{"count":1,"href":"https:\/\/cdhubs.com\/zh\/wp-json\/wp\/v2\/product\/3850\/revisions"}],"predecessor-version":[{"id":3853,"href":"https:\/\/cdhubs.com\/zh\/wp-json\/wp\/v2\/product\/3850\/revisions\/3853"}],"wp:featuredmedia":[{"embeddable":true,"href":"https:\/\/cdhubs.com\/zh\/wp-json\/wp\/v2\/media\/3852"}],"wp:attachment":[{"href":"https:\/\/cdhubs.com\/zh\/wp-json\/wp\/v2\/media?parent=3850"}],"wp:term":[{"taxonomy":"product_brand","embeddable":true,"href":"https:\/\/cdhubs.com\/zh\/wp-json\/wp\/v2\/product_brand?post=3850"},{"taxonomy":"product_cat","embeddable":true,"href":"https:\/\/cdhubs.com\/zh\/wp-json\/wp\/v2\/product_cat?post=3850"},{"taxonomy":"product_tag","embeddable":true,"href":"https:\/\/cdhubs.com\/zh\/wp-json\/wp\/v2\/product_tag?post=3850"}],"curies":[{"name":"wp","href":"https:\/\/api.w.org\/{rel}","templated":true}]}}