{"id":3844,"date":"2025-05-17T22:30:54","date_gmt":"2025-05-17T21:30:54","guid":{"rendered":"https:\/\/cdhubs.com\/?post_type=product&#038;p=3844"},"modified":"2025-05-17T23:47:02","modified_gmt":"2025-05-17T22:47:02","slug":"silent-hill-2-remake-ps5","status":"publish","type":"product","link":"https:\/\/cdhubs.com\/zh\/product\/silent-hill-2-remake-ps5\/","title":{"rendered":"Silent Hill 2 Remake PS5"},"content":{"rendered":"<div id=\"aboutThisGame\" class=\"game_page_autocollapse\" data-panel=\"{&quot;type&quot;:&quot;PanelGroup&quot;}\">\n<div id=\"game_area_description\" class=\"game_area_description\">\n<h2>\u00c0 propos de ce jeu<\/h2>\n<p>Ayant re\u00e7u une lettre de sa femme d\u00e9c\u00e9d\u00e9e, James se rend l\u00e0 o\u00f9 ils ont partag\u00e9 tant de souvenirs<br \/>\ndans l&#8217;espoir de la revoir&#8230; \u00e0 Silent Hill.<br \/>\nL\u00e0-bas, pr\u00e8s du lac, il rencontre une femme qui lui ressemble \u00e9trangement.<\/p>\n<p>\u00abJe m&#8217;appelle&#8230; Maria \u00bb, dit la femme en souriant. Son visage, sa voix&#8230; Elle lui ressemble tellement.<\/p>\n<p>D\u00e9couvrez un chef-d&#8217;\u0153uvre du horror psychologique \u2013 c\u00e9l\u00e9br\u00e9 comme le pinacle de la s\u00e9rie \u2013 revisit\u00e9 avec les derni\u00e8res technologies de pointe, pour des graphismes et un son \u00e0 vous glacer le sang.<\/p>\n<h2 class=\"bb_tag\">Graphismes et audio de pointe<\/h2>\n<p>Gr\u00e2ce au ray tracing et aux derni\u00e8res technologies de pointe, SILENT HILL et son atmosph\u00e8re d\u00e9concertante paraissent plus r\u00e9els que jamais.<br \/>\nAvec l&#8217;ajout de nouvelles ambiances sonores, vous n&#8217;aurez jamais autant eu l&#8217;impression d&#8217;\u00eatre au c\u0153ur de l&#8217;action.<\/p>\n<p><img data-recalc-dims=\"1\" decoding=\"async\" class=\"bb_img\" src=\"https:\/\/i0.wp.com\/shared.fastly.steamstatic.com\/store_item_assets\/steam\/apps\/2124490\/extras\/01_High_End_Graphics.gif?ssl=1\" \/><\/p>\n<h2 class=\"bb_tag\">Des environnements plus vastes<\/h2>\n<p>Explorez des lieux et b\u00e2timents qui \u00e9taient inaccessibles \u00e0 l&#8217;origine, ou qui ont \u00e9t\u00e9 ajout\u00e9s sp\u00e9cialement pour le remake.<br \/>\nAppr\u00e9ciez l&#8217;histoire encens\u00e9e par la critique, tout en d\u00e9couvrant la ville de Silent Hill sous un nouveau jour gr\u00e2ce \u00e0 la carte agrandie.<\/p>\n<p><img data-recalc-dims=\"1\" decoding=\"async\" class=\"bb_img\" src=\"https:\/\/i0.wp.com\/shared.fastly.steamstatic.com\/store_item_assets\/steam\/apps\/2124490\/extras\/02_Larger_Environments.gif?ssl=1\" \/><\/p>\n<h2 class=\"bb_tag\">Cam\u00e9ra \u00e0 l&#8217;\u00e9paule<\/h2>\n<p>Le remake propose une vue diff\u00e9rente de la cam\u00e9ra fixe du jeu d&#8217;origine, avec une cam\u00e9ra \u00e0 l&#8217;\u00e9paule. Vous voyez ainsi ce que James voit, pour une exp\u00e9rience plus immersive et palpitante lorsque vous explorez la ville et affrontez des monstres.<\/p>\n<p><img data-recalc-dims=\"1\" decoding=\"async\" class=\"bb_img\" src=\"https:\/\/i0.wp.com\/shared.fastly.steamstatic.com\/store_item_assets\/steam\/apps\/2124490\/extras\/03_Over-the-shoulder_Camera.gif?ssl=1\" \/><\/p>\n<h2 class=\"bb_tag\">Syst\u00e8me de combat am\u00e9lior\u00e9<\/h2>\n<p>Les armes cultes, comme le tuyau en acier et le pistolet font leur retour, avec un syst\u00e8me de combat peaufin\u00e9.<br \/>\n\u00c9vitez les attaques avec des esquives bien plac\u00e9es, utilisez le viseur pour tirer dans le mille et d\u00e9couvrez bien d&#8217;autres fonctionnalit\u00e9s qui rendent les affrontements plus int\u00e9ressants et nerveux que jamais.<\/p>\n<p><img data-recalc-dims=\"1\" decoding=\"async\" class=\"bb_img\" src=\"https:\/\/i0.wp.com\/shared.fastly.steamstatic.com\/store_item_assets\/steam\/apps\/2124490\/extras\/04_Evolved_Combat_Gameplay.gif?ssl=1\" \/><\/p>\n<\/div>\n<\/div>\n<div class=\"game_page_autocollapse_fade\"><\/div>","protected":false},"excerpt":{"rendered":"<p>\u554a\u554a\u554a\u554a\u554a\u554a\u554a\uff01<br \/>\n10 \u4e2a\u6708 15 \u4e2a\u6708\u3002<br \/>\n\u6e38\u620f\u4e2d\u7684\u6e38\u620f\uff08Steam\u3001Xbox\u3001PSN\u2026\uff09\u4ee5\u53ca\u6e38\u620f\u4e2d\u7684\u6e38\u620f\u3002<\/p>\n<p>\u0645\u0645\u064a\u0632\u0627\u062a \u0627\u0644\u0645\u0646\u062a\u062c:<br \/>\n100% \u578b\u53f7<\/p>\n<p>\u65f6\u95f4 10 \u2013 15 \u70b9<\/p>\n<p>\u00c0 \u00a1 \u00a1 \u00a1 \u00a1 \u00a1 \u00a1 \u00a1 \u00a1 \u00a1 \u00a1 \u00a1 \u00a1 \u00a1<\/p>\n<p>\u2757\ufe0f\u2757\ufe0f\u2757\ufe0f\u2757\ufe0f\u2757\ufe0f\u2757\ufe0f\u2757\ufe0f\u2757\ufe0f\u2757\ufe0f\u2757\ufe0f\u2757\ufe0f\u2757\ufe0f\u2757\ufe0f\u2757\ufe0f\u2757\ufe0f\u2757\ufe0f\u2757\ufe0f\u2757\ufe0f\u2757\ufe0f\u2757\ufe0f\u2757\ufe0f\u2757\ufe0f\u2757\ufe0f\u2757\ufe0f<\/p>\n<p>\u62b1\u6b49\uff0c\u6682\u65e0\u76f8\u5173\u4fe1\u606f<\/p>\n<p>\u4e0b\u4e00\u7bc7\uff1a<br \/>\n\u554a\u554a\u554a\u554a\u554a\u554a\u554a\u554a\u554a\uff01<br \/>\n??????????????????????????????????????????????????????????????????\u5df2\u53d1\u5e03\uff08Steam\u3001Xbox\u3001PS...\uff09\u3002<\/p>","protected":false},"featured_media":3899,"comment_status":"open","ping_status":"closed","template":"","meta":{"googlesitekit_rrm_CAowv7G7DA:productID":"","om_disable_all_campaigns":false,"_monsterinsights_skip_tracking":false,"_monsterinsights_sitenote_active":false,"_monsterinsights_sitenote_note":"","_monsterinsights_sitenote_category":0,"jetpack_post_was_ever_published":false},"product_brand":[],"product_cat":[58],"product_tag":[],"class_list":{"0":"post-3844","1":"product","2":"type-product","3":"status-publish","4":"has-post-thumbnail","6":"product_cat-ps5","8":"first","9":"instock","10":"sale","11":"taxable","12":"shipping-taxable","13":"purchasable","14":"product-type-simple"},"jetpack_sharing_enabled":true,"jetpack_likes_enabled":true,"_links":{"self":[{"href":"https:\/\/cdhubs.com\/zh\/wp-json\/wp\/v2\/product\/3844","targetHints":{"allow":["GET"]}}],"collection":[{"href":"https:\/\/cdhubs.com\/zh\/wp-json\/wp\/v2\/product"}],"about":[{"href":"https:\/\/cdhubs.com\/zh\/wp-json\/wp\/v2\/types\/product"}],"replies":[{"embeddable":true,"href":"https:\/\/cdhubs.com\/zh\/wp-json\/wp\/v2\/comments?post=3844"}],"version-history":[{"count":1,"href":"https:\/\/cdhubs.com\/zh\/wp-json\/wp\/v2\/product\/3844\/revisions"}],"predecessor-version":[{"id":3845,"href":"https:\/\/cdhubs.com\/zh\/wp-json\/wp\/v2\/product\/3844\/revisions\/3845"}],"wp:featuredmedia":[{"embeddable":true,"href":"https:\/\/cdhubs.com\/zh\/wp-json\/wp\/v2\/media\/3899"}],"wp:attachment":[{"href":"https:\/\/cdhubs.com\/zh\/wp-json\/wp\/v2\/media?parent=3844"}],"wp:term":[{"taxonomy":"product_brand","embeddable":true,"href":"https:\/\/cdhubs.com\/zh\/wp-json\/wp\/v2\/product_brand?post=3844"},{"taxonomy":"product_cat","embeddable":true,"href":"https:\/\/cdhubs.com\/zh\/wp-json\/wp\/v2\/product_cat?post=3844"},{"taxonomy":"product_tag","embeddable":true,"href":"https:\/\/cdhubs.com\/zh\/wp-json\/wp\/v2\/product_tag?post=3844"}],"curies":[{"name":"wp","href":"https:\/\/api.w.org\/{rel}","templated":true}]}}