{"id":3739,"date":"2025-05-15T23:39:58","date_gmt":"2025-05-15T22:39:58","guid":{"rendered":"https:\/\/cdhubs.com\/?post_type=product&#038;p=3739"},"modified":"2025-05-15T23:42:36","modified_gmt":"2025-05-15T22:42:36","slug":"forza-horizon-5-ps5","status":"publish","type":"product","link":"https:\/\/cdhubs.com\/zh\/product\/forza-horizon-5-ps5\/","title":{"rendered":"Forza Horizon 5 PS5"},"content":{"rendered":"<div id=\"aboutThisGame\" class=\"game_page_autocollapse\" data-panel=\"{&quot;type&quot;:&quot;PanelGroup&quot;}\">\n<div id=\"game_area_description\" class=\"game_area_description\">\n<h2>\u00c0 propos de ce jeu<\/h2>\n<p>L&#8217;aventure Horizon ultime vous attend\u00a0! D\u00e9couvrez le monde ouvert vivant et changeant constamment, situ\u00e9 dans les magnifiques paysages du Mexique, et vibrez au volant de centaines de voitures parmi les plus belles au monde.<\/p>\n<p>Voici votre aventure Horizon<br \/>\nPartez pour des exp\u00e9ditions \u00e0 couper le souffle dans un monde ouvert vivant et en constant changement situ\u00e9 dans les paysages magnifiques du Mexique et vibrez au volant de plusieurs centaines de voitures parmi les plus belles au monde.<\/p>\n<p>Voici un monde ouvert \u00e9clectique<br \/>\nExplorez un monde de contrastes saisissants et d&#8217;une beaut\u00e9 exceptionnelle. D\u00e9couvrez de vastes d\u00e9serts, des jungles verdoyantes, des villes charg\u00e9es d&#8217;histoire, des ruines perdues, des plages immacul\u00e9es, de grands canyons et un majestueux volcan couvert de neige.<\/p>\n<p>Voici un monde ouvert plein d&#8217;aventures<br \/>\nPlongez dans une campagne o\u00f9 les centaines de d\u00e9fis disponibles vous permettront de piloter comme vous aimez. Rencontrez de nouveaux personnages et choisissez l&#8217;issue de leurs missions histoires d&#8217;Horizon.<\/p>\n<p>Voici un monde ouvert en \u00e9volution<br \/>\nAffrontez des \u00e9v\u00e9nements climatiques tels que d&#8217;impressionnantes temp\u00eates de poussi\u00e8re et de puissants orages tropicaux en suivant le rythme hebdomadaire de changement de saisons dynamiques et uniques du Mexique. Revenez d\u00e9couvrir les nouveaut\u00e9s\u00a0: \u00e9preuves, d\u00e9fis, objets \u00e0 collectionner, r\u00e9compenses et zones \u00e0 explorer. Les saisons ne se ressemblent jamais.<\/p>\n<p>Voici un monde ouvert et social<br \/>\nFaites \u00e9quipe avec d&#8217;autres joueurs et participez \u00e0 Horizon Arcade pour relever des s\u00e9ries de d\u00e9fis d\u00e9lirants et amusants qui ne vous laissent pas deux secondes de r\u00e9pit, \u00e0 vos amis et vous, le tout sans menu, sans \u00e9cran de chargement ni accueil. Faites-vous de nouveaux amis dans Horizon Open ou lors des diff\u00e9rentes tourn\u00e9es et partagez vos cr\u00e9ations avec le tout nouveau partage avec la communaut\u00e9.<\/p>\n<p>Voici votre monde ouvert<br \/>\nDonnez forme \u00e0 ce qui vous amuse gr\u00e2ce aux nouveaux et puissants outils de gameplay EventLab qui vous permettent, entre autres, de cr\u00e9er des courses personnalis\u00e9es, des d\u00e9fis, des cascades et des modes de jeu enti\u00e8rement nouveaux. Personnalisez vos voitures comme jamais gr\u00e2ce aux nouvelles options telles que la possibilit\u00e9 d&#8217;ouvrir et de fermer le toit des d\u00e9capotables, de peindre les \u00e9triers de freins et bien d&#8217;autres surprises. Faites appel \u00e0 la nouvelle fonctionnalit\u00e9 Gift Drops pour partager vos cr\u00e9ations personnalis\u00e9es avec la communaut\u00e9.<\/p>\n<p>Commencez votre aventure Horizon aujourd&#8217;hui\u00a0!<\/p>\n<\/div>\n<\/div>\n<div class=\"game_page_autocollapse_fade\"><\/div>","protected":false},"excerpt":{"rendered":"<p>\u554a\u554a\u554a\u554a\u554a\u554a\u554a\uff01<br \/>\n10 \u4e2a\u6708 15 \u4e2a\u6708\u3002<br \/>\n\u6e38\u620f\u4e2d\u7684\u6e38\u620f\uff08Steam\u3001Xbox\u3001PSN\u2026\uff09\u4ee5\u53ca\u6e38\u620f\u4e2d\u7684\u6e38\u620f\u3002<\/p>\n<p>\u0645\u0645\u064a\u0632\u0627\u062a \u0627\u0644\u0645\u0646\u062a\u062c:<br \/>\n100% \u578b\u53f7<\/p>\n<p>\u65f6\u95f4 10 \u2013 15 \u70b9<\/p>\n<p>\u00c0 \u00a1 \u00a1 \u00a1 \u00a1 \u00a1 \u00a1 \u00a1 \u00a1 \u00a1 \u00a1 \u00a1 \u00a1 \u00a1<\/p>\n<p>\u2757\ufe0f\u2757\ufe0f\u2757\ufe0f\u2757\ufe0f\u2757\ufe0f\u2757\ufe0f\u2757\ufe0f\u2757\ufe0f\u2757\ufe0f\u2757\ufe0f\u2757\ufe0f\u2757\ufe0f\u2757\ufe0f\u2757\ufe0f\u2757\ufe0f\u2757\ufe0f\u2757\ufe0f\u2757\ufe0f\u2757\ufe0f\u2757\ufe0f\u2757\ufe0f\u2757\ufe0f\u2757\ufe0f\u2757\ufe0f<\/p>\n<p>\u62b1\u6b49\uff0c\u6682\u65e0\u76f8\u5173\u4fe1\u606f<\/p>\n<p>\u4e0b\u4e00\u7bc7\uff1a<br \/>\n\u554a\u554a\u554a\u554a\u554a\u554a\u554a\u554a\u554a\uff01<br \/>\n??????????????????????????????????????????????????????????????????\u5df2\u53d1\u5e03\uff08Steam\u3001Xbox\u3001PS...\uff09\u3002<\/p>","protected":false},"featured_media":3732,"comment_status":"open","ping_status":"closed","template":"","meta":{"googlesitekit_rrm_CAowv7G7DA:productID":"","om_disable_all_campaigns":false,"_monsterinsights_skip_tracking":false,"_monsterinsights_sitenote_active":false,"_monsterinsights_sitenote_note":"","_monsterinsights_sitenote_category":0,"jetpack_post_was_ever_published":false},"product_brand":[],"product_cat":[58],"product_tag":[],"class_list":{"0":"post-3739","1":"product","2":"type-product","3":"status-publish","4":"has-post-thumbnail","6":"product_cat-ps5","8":"first","9":"instock","10":"sale","11":"virtual","12":"taxable","13":"purchasable","14":"product-type-simple"},"jetpack_sharing_enabled":true,"jetpack_likes_enabled":true,"_links":{"self":[{"href":"https:\/\/cdhubs.com\/zh\/wp-json\/wp\/v2\/product\/3739","targetHints":{"allow":["GET"]}}],"collection":[{"href":"https:\/\/cdhubs.com\/zh\/wp-json\/wp\/v2\/product"}],"about":[{"href":"https:\/\/cdhubs.com\/zh\/wp-json\/wp\/v2\/types\/product"}],"replies":[{"embeddable":true,"href":"https:\/\/cdhubs.com\/zh\/wp-json\/wp\/v2\/comments?post=3739"}],"version-history":[{"count":1,"href":"https:\/\/cdhubs.com\/zh\/wp-json\/wp\/v2\/product\/3739\/revisions"}],"predecessor-version":[{"id":3741,"href":"https:\/\/cdhubs.com\/zh\/wp-json\/wp\/v2\/product\/3739\/revisions\/3741"}],"wp:featuredmedia":[{"embeddable":true,"href":"https:\/\/cdhubs.com\/zh\/wp-json\/wp\/v2\/media\/3732"}],"wp:attachment":[{"href":"https:\/\/cdhubs.com\/zh\/wp-json\/wp\/v2\/media?parent=3739"}],"wp:term":[{"taxonomy":"product_brand","embeddable":true,"href":"https:\/\/cdhubs.com\/zh\/wp-json\/wp\/v2\/product_brand?post=3739"},{"taxonomy":"product_cat","embeddable":true,"href":"https:\/\/cdhubs.com\/zh\/wp-json\/wp\/v2\/product_cat?post=3739"},{"taxonomy":"product_tag","embeddable":true,"href":"https:\/\/cdhubs.com\/zh\/wp-json\/wp\/v2\/product_tag?post=3739"}],"curies":[{"name":"wp","href":"https:\/\/api.w.org\/{rel}","templated":true}]}}