{"id":3717,"date":"2025-05-15T21:41:29","date_gmt":"2025-05-15T20:41:29","guid":{"rendered":"https:\/\/cdhubs.com\/?post_type=product&#038;p=3717"},"modified":"2025-05-15T21:44:56","modified_gmt":"2025-05-15T20:44:56","slug":"tom-clancys-rainbow-six-siege-deluxe-edition-xbox","status":"publish","type":"product","link":"https:\/\/cdhubs.com\/zh\/product\/tom-clancys-rainbow-six-siege-deluxe-edition-xbox\/","title":{"rendered":"Tom Clancy&#8217;s Rainbow Six Siege DELUXE EDITION XBOX"},"content":{"rendered":"<div id=\"aboutThisGame\" class=\"game_page_autocollapse\" data-panel=\"{&quot;type&quot;:&quot;PanelGroup&quot;}\">\n<div id=\"game_area_description\" class=\"game_area_description\">\n<h2>\u00c0 propos de ce jeu<\/h2>\n<p>\u201cOne of the best first-person shooters ever made. 1010\u201d \u2013 GameSpot<\/p>\n<p>Tom Clancy&#8217;s Rainbow Six\u00ae Siege est un jeu de tir tactique r\u00e9aliste qui se joue en \u00e9quipe, o\u00f9 vous devrez allier talent et strat\u00e9gie. Entre phases d&#8217;attaque et de d\u00e9fense en 5c5, pr\u00e9parez-vous \u00e0 des combats rapproch\u00e9s intenses.<\/p>\n<div class=\"bb_wide_img_ctn\"><img data-recalc-dims=\"1\" decoding=\"async\" class=\"bb_img\" src=\"https:\/\/i0.wp.com\/shared.cloudflare.steamstatic.com\/store_item_assets\/steam\/apps\/359550\/extras\/20637_R6S_STEAM_CLOSE_QUARTERS_GIF_FR-CA.gif.png?ssl=1\" \/><\/div>\n<p>Participez \u00e0 un nouveau style d&#8217;attaque avec un niveau de destruction et de gadgets sans parall\u00e8le.<br \/>\nEn d\u00e9fense, coordonnez avec votre \u00e9quipe pour transformer vos environnements en forteresses. Posez des pi\u00e8ges, fortifiez et cr\u00e9ez des syst\u00e8mes d\u00e9fensifs pour emp\u00eacher les ennemis de p\u00e9n\u00e9trer.<br \/>\nEn attaque, menez votre \u00e9quipe \u00e0 travers des corridors \u00e9troits, des portes barricad\u00e9es et des murs renforc\u00e9s. M\u00e9langez cartes tactiques, drones d&#8217;observations, la descente en rappel et plus pour planifier l&#8217;assaut et neutraliser la menace.<\/p>\n<div class=\"bb_wide_img_ctn\"><img data-recalc-dims=\"1\" decoding=\"async\" class=\"bb_img\" src=\"https:\/\/i0.wp.com\/shared.cloudflare.steamstatic.com\/store_item_assets\/steam\/apps\/359550\/extras\/20636_R6S_STEAM_TOOLS_OF_DESTRUCTION_GIF_FR-CA.gif.png?ssl=1\" \/><\/div>\n<p>Choisissez parmi des dizaines d&#8217;agents hautement entrain\u00e9s des Forces sp\u00e9ciales des quatre coins du monde. D\u00e9ployez la derni\u00e8re technologie pour suivre les mouvements ennemis. Faites \u00e9clater les murs pour ouvrir de nouvelles lignes de tir. P\u00e9n\u00e9trez les plafonds et les sols pour cr\u00e9er de nouveaux points d&#8217;acc\u00e8s. Utilisez toute arme et gadget de votre arsenal meurtrier pour trouver, manipuler et d\u00e9truire vos ennemis et les environnements qui les entourent.<\/p>\n<div class=\"bb_wide_img_ctn\"><img data-recalc-dims=\"1\" decoding=\"async\" class=\"bb_img\" src=\"https:\/\/i0.wp.com\/shared.cloudflare.steamstatic.com\/store_item_assets\/steam\/apps\/359550\/extras\/20478_R6S_STEAM_ALWAYS_EVOLVING_GIF_FR-CA.gif.png?ssl=1\" \/><\/div>\n<p>D\u00e9couvrez de nouvelles strat\u00e9gies et tactiques pendant que Rainbow Six Siege \u00e9volue avec le temps. Changez les r\u00e8gles de Siege avec chaque mise \u00e0 jour qui comprend de nouveaux agents, armes, gadgets et cartes. \u00c9voluez avec le paysage en changement constant aux c\u00f4t\u00e9s de vos amis et devenez les agents les plus exp\u00e9riment\u00e9s et dangereux.<\/p>\n<div class=\"bb_wide_img_ctn\"><img data-recalc-dims=\"1\" decoding=\"async\" class=\"bb_img\" src=\"https:\/\/i0.wp.com\/shared.cloudflare.steamstatic.com\/store_item_assets\/steam\/apps\/359550\/extras\/20477_R6S_STEAM_HIGHLY_COMPETITIVE_GIF_FR-CA.gif.png?ssl=1\" \/><\/div>\n<p>Entrez en comp\u00e9tition contre des joueurs autour du monde dans des matches class\u00e9s. Rassemblez votre meilleure \u00e9quipe et rejoignez la communaut\u00e9 comp\u00e9titive dans des tournois hebdomadaires ou regardez les meilleures \u00e9quipes professionnelles se battre dans la Ligue pro de Rainbow Six Siege.<\/p>\n<\/div>\n<\/div>\n<div class=\"game_page_autocollapse_fade\">\n<div class=\"game_page_autocollapse_readmore\">EN SAV<\/div>\n<\/div>","protected":false},"excerpt":{"rendered":"<p>\u554a\u554a\u554a\u554a\u554a\u554a\u554a\uff01<br \/>\n10 \u4e2a\u6708 15 \u4e2a\u6708\u3002<br \/>\n\u6e38\u620f\u4e2d\u7684\u6e38\u620f\uff08Steam\u3001Xbox\u3001PSN\u2026\uff09\u4ee5\u53ca\u6e38\u620f\u4e2d\u7684\u6e38\u620f\u3002<\/p>\n<p>\u0645\u0645\u064a\u0632\u0627\u062a \u0627\u0644\u0645\u0646\u062a\u062c:<br \/>\n100% \u578b\u53f7<\/p>\n<p>\u65f6\u95f4 10 \u2013 15 \u70b9<\/p>\n<p>\u00c0 \u00a1 \u00a1 \u00a1 \u00a1 \u00a1 \u00a1 \u00a1 \u00a1 \u00a1 \u00a1 \u00a1 \u00a1 \u00a1<\/p>\n<p>\u2757\ufe0f\u2757\ufe0f\u2757\ufe0f\u2757\ufe0f\u2757\ufe0f\u2757\ufe0f\u2757\ufe0f\u2757\ufe0f\u2757\ufe0f\u2757\ufe0f\u2757\ufe0f\u2757\ufe0f\u2757\ufe0f\u2757\ufe0f\u2757\ufe0f\u2757\ufe0f\u2757\ufe0f\u2757\ufe0f\u2757\ufe0f\u2757\ufe0f\u2757\ufe0f\u2757\ufe0f\u2757\ufe0f\u2757\ufe0f<\/p>\n<p>\u62b1\u6b49\uff0c\u6682\u65e0\u76f8\u5173\u4fe1\u606f<\/p>\n<p>\u4e0b\u4e00\u7bc7\uff1a<br \/>\n\u554a\u554a\u554a\u554a\u554a\u554a\u554a\u554a\u554a\uff01<br \/>\n??????????????????????????????????????????????????????????????????\u5df2\u53d1\u5e03\uff08Steam\u3001Xbox\u3001PS...\uff09\u3002<\/p>","protected":false},"featured_media":3719,"comment_status":"open","ping_status":"closed","template":"","meta":{"googlesitekit_rrm_CAowv7G7DA:productID":"","om_disable_all_campaigns":false,"_monsterinsights_skip_tracking":false,"_monsterinsights_sitenote_active":false,"_monsterinsights_sitenote_note":"","_monsterinsights_sitenote_category":0,"jetpack_post_was_ever_published":false},"product_brand":[63],"product_cat":[48,49],"product_tag":[],"class_list":{"0":"post-3717","1":"product","2":"type-product","3":"status-publish","4":"has-post-thumbnail","6":"product_brand-xbox","7":"product_cat-xbox-one","8":"product_cat-xbox-series-xs","10":"first","11":"instock","12":"sale","13":"virtual","14":"taxable","15":"purchasable","16":"product-type-simple"},"jetpack_sharing_enabled":true,"jetpack_likes_enabled":true,"_links":{"self":[{"href":"https:\/\/cdhubs.com\/zh\/wp-json\/wp\/v2\/product\/3717","targetHints":{"allow":["GET"]}}],"collection":[{"href":"https:\/\/cdhubs.com\/zh\/wp-json\/wp\/v2\/product"}],"about":[{"href":"https:\/\/cdhubs.com\/zh\/wp-json\/wp\/v2\/types\/product"}],"replies":[{"embeddable":true,"href":"https:\/\/cdhubs.com\/zh\/wp-json\/wp\/v2\/comments?post=3717"}],"version-history":[{"count":2,"href":"https:\/\/cdhubs.com\/zh\/wp-json\/wp\/v2\/product\/3717\/revisions"}],"predecessor-version":[{"id":3721,"href":"https:\/\/cdhubs.com\/zh\/wp-json\/wp\/v2\/product\/3717\/revisions\/3721"}],"wp:featuredmedia":[{"embeddable":true,"href":"https:\/\/cdhubs.com\/zh\/wp-json\/wp\/v2\/media\/3719"}],"wp:attachment":[{"href":"https:\/\/cdhubs.com\/zh\/wp-json\/wp\/v2\/media?parent=3717"}],"wp:term":[{"taxonomy":"product_brand","embeddable":true,"href":"https:\/\/cdhubs.com\/zh\/wp-json\/wp\/v2\/product_brand?post=3717"},{"taxonomy":"product_cat","embeddable":true,"href":"https:\/\/cdhubs.com\/zh\/wp-json\/wp\/v2\/product_cat?post=3717"},{"taxonomy":"product_tag","embeddable":true,"href":"https:\/\/cdhubs.com\/zh\/wp-json\/wp\/v2\/product_tag?post=3717"}],"curies":[{"name":"wp","href":"https:\/\/api.w.org\/{rel}","templated":true}]}}