{"id":3686,"date":"2025-05-10T21:42:55","date_gmt":"2025-05-10T20:42:55","guid":{"rendered":"https:\/\/cdhubs.com\/?post_type=product&#038;p=3686"},"modified":"2025-05-10T21:44:32","modified_gmt":"2025-05-10T20:44:32","slug":"balatro-xbox","status":"publish","type":"product","link":"https:\/\/cdhubs.com\/zh\/product\/balatro-xbox\/","title":{"rendered":"\u5df4\u62c9\u7279\u7f57 XBOX"},"content":{"rendered":"<div id=\"aboutThisGame\" class=\"game_page_autocollapse\" data-panel=\"{&quot;type&quot;:&quot;PanelGroup&quot;}\">\n<div id=\"game_area_description\" class=\"game_area_description\">\n<h2>\u00c0 propos de ce jeu<\/h2>\n<p><strong>Balatro est un jeu de deckbuilding roguelike bas\u00e9 sur du poker qui met en avant les puissantes synergies pour gagner gros.<\/strong><\/p>\n<p><img data-recalc-dims=\"1\" decoding=\"async\" class=\"bb_img\" src=\"https:\/\/i0.wp.com\/shared.fastly.steamstatic.com\/store_item_assets\/steam\/apps\/2379780\/extras\/Endless_Possibility.gif?ssl=1\" \/><\/p>\n<p>Combinez des mains de poker avec des jokers uniques pour cr\u00e9er une vari\u00e9t\u00e9 de synergies et de decks. Gagnez assez de jetons pour venir \u00e0 bout des mises, tout en d\u00e9couvrant des bonus de main et des decks secrets. Il vous faudra tous les avantages possibles pour atteindre l&#8217;ultime blind, venir \u00e0 bout du dernier ante et remporter la victoire.<br \/>\n<img data-recalc-dims=\"1\" decoding=\"async\" class=\"bb_img\" src=\"https:\/\/i0.wp.com\/shared.fastly.steamstatic.com\/store_item_assets\/steam\/apps\/2379780\/extras\/Jokers_Clean_Thin.gif?ssl=1\" \/><\/p>\n<ul class=\"bb_ul\">\n<li>L&#8217;exp\u00e9rience de poker roguelike ultime.<\/li>\n<li>Des possibilit\u00e9s sans fin\u00a0: chaque bonus, d\u00e9fausse et joker peut grandement alt\u00e9rer le d\u00e9roulement de votre partie.<\/li>\n<li>Un mode campagne exhaustif avec 8\u00a0difficult\u00e9s, ainsi qu&#8217;un mode difficile, un mode quotidien et un mode class\u00e9.<\/li>\n<\/ul>\n<p><img data-recalc-dims=\"1\" decoding=\"async\" class=\"bb_img\" src=\"https:\/\/i0.wp.com\/shared.fastly.steamstatic.com\/store_item_assets\/steam\/apps\/2379780\/extras\/Break_The_Game.gif?ssl=1\" \/><\/p>\n<p>Utilisez toute une vari\u00e9t\u00e9 d&#8217;outils\u00a0: diff\u00e9rents decks, jokers, cartes de tarot, cartes Planet, cartes Spectral et Vouchers. Tirez parti de ces outils polyvalents pour r\u00e9aliser des combos surpuissants, renforcer vos mains et cr\u00e9er des synergies \u00e9lectrisantes.<br \/>\n<img data-recalc-dims=\"1\" decoding=\"async\" class=\"bb_img\" src=\"https:\/\/i0.wp.com\/shared.fastly.steamstatic.com\/store_item_assets\/steam\/apps\/2379780\/extras\/Balatro_5_Aces_GIF__HQ_.gif?ssl=1\" \/><\/p>\n<ul class=\"bb_ul\">\n<li>150\u00a0jokers avec des capacit\u00e9s uniques<\/li>\n<li>15\u00a0decks avec diff\u00e9rents modificateurs \u00e0 choisir \u00e0 chaque partie<\/li>\n<li>5\u00a0variantes potentielles de chaque joker qui ajoute d&#8217;autres capacit\u00e9s<\/li>\n<li>22\u00a0variantes de cartes de tarot qui peuvent embellir vos cartes ordinaires<\/li>\n<li>11\u00a0cartes Planet qui peuvent vous aider \u00e0 am\u00e9liorer vos mains<\/li>\n<li>32\u00a0cartes Voucher qui vous octroient des bonus permanents pour votre partie en cours<\/li>\n<\/ul>\n<p><img data-recalc-dims=\"1\" decoding=\"async\" class=\"bb_img\" src=\"https:\/\/i0.wp.com\/shared.fastly.steamstatic.com\/store_item_assets\/steam\/apps\/2379780\/extras\/Find_Your_Flow.gif?ssl=1\" \/><\/p>\n<p>Plongez dans le monde unique et psych\u00e9d\u00e9lique de Balatro. Laissez-vous charmer par la bande-son synthwave. D\u00e9tendez-vous, \u00e9chappez \u00e0 la routine et pr\u00e9parez-vous \u00e0 jouer au roguelike ultime.<\/p>\n<ul class=\"bb_ul\">\n<li>Am\u00e9liorez votre collection, et d\u00e9couvrez de nouveaux secrets et cartes lors de chaque partie.<\/li>\n<li>Tirez parti de l&#8217;\u00e9cran d\u00e9taill\u00e9 des statistiques pour analyser vos meilleures mains, vos jokers les plus utilis\u00e9s et bien plus encore\u00a0!<\/li>\n<li>Retrouvez le visuel caract\u00e9ristique des \u00e9crans \u00e0 tube cathodique et admirez ce pixel art d\u00e9taill\u00e9.<\/li>\n<\/ul>\n<div class=\"bb_wide_img_ctn\"><img data-recalc-dims=\"1\" decoding=\"async\" class=\"bb_img\" src=\"https:\/\/i0.wp.com\/shared.fastly.steamstatic.com\/store_item_assets\/steam\/apps\/2379780\/extras\/Spectral_Pack.gif?ssl=1\" \/><\/div>\n<\/div>\n<\/div>\n<div class=\"game_page_autocollapse_fade\"><\/div>","protected":false},"excerpt":{"rendered":"<p>\u554a\u554a\u554a\u554a\u554a\u554a\u554a\uff01<br \/>\n10 \u4e2a\u6708 15 \u4e2a\u6708\u3002<br \/>\n\u6e38\u620f\u4e2d\u7684\u6e38\u620f\uff08Steam\u3001Xbox\u3001PSN\u2026\uff09\u4ee5\u53ca\u6e38\u620f\u4e2d\u7684\u6e38\u620f\u3002<\/p>\n<p>\u0645\u0645\u064a\u0632\u0627\u062a \u0627\u0644\u0645\u0646\u062a\u062c:<br \/>\n100% \u578b\u53f7<\/p>\n<p>\u65f6\u95f4 10 \u2013 15 \u70b9<\/p>\n<p>\u00c0 \u00a1 \u00a1 \u00a1 \u00a1 \u00a1 \u00a1 \u00a1 \u00a1 \u00a1 \u00a1 \u00a1 \u00a1 \u00a1<\/p>\n<p>\u2757\ufe0f\u2757\ufe0f\u2757\ufe0f\u2757\ufe0f\u2757\ufe0f\u2757\ufe0f\u2757\ufe0f\u2757\ufe0f\u2757\ufe0f\u2757\ufe0f\u2757\ufe0f\u2757\ufe0f\u2757\ufe0f\u2757\ufe0f\u2757\ufe0f\u2757\ufe0f\u2757\ufe0f\u2757\ufe0f\u2757\ufe0f\u2757\ufe0f\u2757\ufe0f\u2757\ufe0f\u2757\ufe0f\u2757\ufe0f<\/p>\n<p>\u62b1\u6b49\uff0c\u6682\u65e0\u76f8\u5173\u4fe1\u606f<\/p>\n<p>\u4e0b\u4e00\u7bc7\uff1a<br \/>\n\u554a\u554a\u554a\u554a\u554a\u554a\u554a\u554a\u554a\uff01<br \/>\n??????????????????????????????????????????????????????????????????\u5df2\u53d1\u5e03\uff08Steam\u3001Xbox\u3001PS...\uff09\u3002<\/p>","protected":false},"featured_media":3683,"comment_status":"open","ping_status":"closed","template":"","meta":{"googlesitekit_rrm_CAowv7G7DA:productID":"","om_disable_all_campaigns":false,"_monsterinsights_skip_tracking":false,"_monsterinsights_sitenote_active":false,"_monsterinsights_sitenote_note":"","_monsterinsights_sitenote_category":0,"jetpack_post_was_ever_published":false},"product_brand":[63],"product_cat":[114,48,49],"product_tag":[],"class_list":{"0":"post-3686","1":"product","2":"type-product","3":"status-publish","4":"has-post-thumbnail","6":"product_brand-xbox","7":"product_cat-xbox-series-xs-one","8":"product_cat-xbox-one","9":"product_cat-xbox-series-xs","11":"first","12":"instock","13":"sale","14":"taxable","15":"shipping-taxable","16":"purchasable","17":"product-type-simple"},"jetpack_sharing_enabled":true,"jetpack_likes_enabled":true,"_links":{"self":[{"href":"https:\/\/cdhubs.com\/zh\/wp-json\/wp\/v2\/product\/3686","targetHints":{"allow":["GET"]}}],"collection":[{"href":"https:\/\/cdhubs.com\/zh\/wp-json\/wp\/v2\/product"}],"about":[{"href":"https:\/\/cdhubs.com\/zh\/wp-json\/wp\/v2\/types\/product"}],"replies":[{"embeddable":true,"href":"https:\/\/cdhubs.com\/zh\/wp-json\/wp\/v2\/comments?post=3686"}],"version-history":[{"count":1,"href":"https:\/\/cdhubs.com\/zh\/wp-json\/wp\/v2\/product\/3686\/revisions"}],"predecessor-version":[{"id":3687,"href":"https:\/\/cdhubs.com\/zh\/wp-json\/wp\/v2\/product\/3686\/revisions\/3687"}],"wp:featuredmedia":[{"embeddable":true,"href":"https:\/\/cdhubs.com\/zh\/wp-json\/wp\/v2\/media\/3683"}],"wp:attachment":[{"href":"https:\/\/cdhubs.com\/zh\/wp-json\/wp\/v2\/media?parent=3686"}],"wp:term":[{"taxonomy":"product_brand","embeddable":true,"href":"https:\/\/cdhubs.com\/zh\/wp-json\/wp\/v2\/product_brand?post=3686"},{"taxonomy":"product_cat","embeddable":true,"href":"https:\/\/cdhubs.com\/zh\/wp-json\/wp\/v2\/product_cat?post=3686"},{"taxonomy":"product_tag","embeddable":true,"href":"https:\/\/cdhubs.com\/zh\/wp-json\/wp\/v2\/product_tag?post=3686"}],"curies":[{"name":"wp","href":"https:\/\/api.w.org\/{rel}","templated":true}]}}