{"id":3663,"date":"2025-05-10T21:05:16","date_gmt":"2025-05-10T20:05:16","guid":{"rendered":"https:\/\/cdhubs.com\/?post_type=product&#038;p=3663"},"modified":"2025-05-10T21:06:57","modified_gmt":"2025-05-10T20:06:57","slug":"monster-hunter-wilds-psn","status":"publish","type":"product","link":"https:\/\/cdhubs.com\/zh\/product\/monster-hunter-wilds-psn\/","title":{"rendered":"Monster Hunter Wilds PSN"},"content":{"rendered":"<h2>\u00c0 propos de ce jeu<\/h2>\n<p>Arpentez des environnements qui se transforment radicalement d&#8217;un moment \u00e0 l&#8217;autre sous l&#8217;effet de la force indomptable d&#8217;une nature sans cesse d\u00e9cha\u00een\u00e9e.<br \/>\nPlongez dans une histoire de monstres et d&#8217;humains luttant pour vivre en harmonie dans un monde de dualit\u00e9s.<br \/>\nAccomplissez votre devoir de Chasseur en traquant et en triomphant de monstres puissants, forgez de nouvelles armes et armures toujours plus redoutables avec les mat\u00e9riaux r\u00e9cup\u00e9r\u00e9s sur vos proies, et d\u00e9couvrez le lien unissant les habitants des Forbidden Lands aux lieux o\u00f9 ils vivent.<br \/>\nL&#8217;exp\u00e9rience de chasse ultime vous attend dans Monster Hunter Wilds.<br \/>\nL&#8217;histoire<br \/>\nQuelques ann\u00e9es ont pass\u00e9 depuis qu&#8217;un jeune gar\u00e7on nomm\u00e9 Nata a \u00e9t\u00e9 secouru \u00e0 la lisi\u00e8re des Forbidden Lands, une r\u00e9gion encore inexplor\u00e9e par la Guilde.<br \/>\nFascin\u00e9e par le r\u00e9cit de sa fuite solitaire apr\u00e8s l&#8217;attaque de son village par un monstre myst\u00e9rieux, la Guilde a d\u00e9cid\u00e9 d&#8217;organiser une exp\u00e9dition pour mener l&#8217;enqu\u00eate.<br \/>\nL&#8217;heure est aujourd&#8217;hui venue pour ces braves de se lancer \u00e0 l&#8217;aventure afin d&#8217;en apprendre plus sur le monstre baptis\u00e9 le Spectre blanc et de secourir le Veilleur menac\u00e9.<br \/>\nUn monde vivant<br \/>\nLes environnements des Forbidden Lands peuvent se transformer radicalement sous l&#8217;effet d&#8217;une m\u00e9t\u00e9o soumise \u00e0 des changements aussi soudains que constants. Les p\u00e9riodes d&#8217;aridit\u00e9 et d&#8217;intemp\u00e9ries, cruelles et p\u00e9rilleuses, poussent ainsi des monstres voraces \u00e0 chasser en meute et alternent avec les journ\u00e9es d&#8217;abondance, o\u00f9 la faune et la flore retrouvent une vitalit\u00e9 exub\u00e9rante.<br \/>\nLes monstres<br \/>\nLes monstres qui peuplent ces environnements ont \u00e9t\u00e9 forc\u00e9s de s&#8217;adapter \u00e0 cette instabilit\u00e9 permanente en utilisant des caract\u00e9ristiques uniques pour survivre et prosp\u00e9rer.<br \/>\nPar temps d&#8217;intemp\u00e9ries, vous apercevrez peut-\u00eatre m\u00eame les puissantes cr\u00e9atures qui r\u00e8gnent sur l&#8217;\u00e9cosyst\u00e8me des Forbidden Lands.<br \/>\nLa chasse<br \/>\nLes chasseurs doivent apprendre \u00e0 \u00e9voluer et modifier leurs tactiques au rythme des changements du monde qui les entoure. Ils disposent notamment pour cela d&#8217;une multitude d&#8217;armes et d&#8217;armures, mais aussi de l&#8217;art de la chasse lui-m\u00eame qui leur enseigne d\u00e9sormais \u00e0 anticiper le comportement de leurs proies et \u00e0 se familiariser avec leur environnement.<br \/>\nLe mode Focus apporte une nouvelle dimension \u00e0 la chasse. Outre les attaques ou les gardes ordinaires, vous pourrez \u00e9galement utiliser des Attaques Focus pour d\u00e9cha\u00eener des coups sp\u00e9ciaux infligeant des d\u00e9g\u00e2ts importants et visant les points faibles.<br \/>\nLes personnages<br \/>\nPartenaires de chasse ou autres membres de l&#8217;exp\u00e9dition, vous croiserez la route de nombreux personnages qui vous apporteront leur aide.<\/p>\n<p><img data-recalc-dims=\"1\" decoding=\"async\" src=\"https:\/\/i0.wp.com\/finalweapon.net\/wp-content\/uploads\/2023\/12\/Monster-Hunter-Wilds-Steam-and-PlayStation-Store.jpg?ssl=1\" alt=\"Monster Hunter Wilds Steam and PlayStation Store Pages are Live\" \/><img data-recalc-dims=\"1\" decoding=\"async\" src=\"https:\/\/i0.wp.com\/gaming-cdn.com\/images\/products\/15537\/screenshot\/monster-hunter-wilds-pc-juego-steam-wallpaper-3.jpg?ssl=1\" alt=\"Comprar Monster Hunter: Wilds Steam\" \/><img data-recalc-dims=\"1\" decoding=\"async\" src=\"https:\/\/i0.wp.com\/cdn.mos.cms.futurecdn.net\/pE4nBc6CcEKBdwZoCpRhxm.jpg?ssl=1\" alt=\"'Monster Hunter Wilds' preview: Why this is the most impressive game I ...\" \/><img data-recalc-dims=\"1\" decoding=\"async\" src=\"https:\/\/i0.wp.com\/tech4gamers.com\/wp-content\/uploads\/2024\/11\/monster-hunter-wilds.jpg?ssl=1\" alt=\"Capcom\u2019s Monster Hunter Wilds drives Steam to historic 40 million ...\" \/><\/p>","protected":false},"excerpt":{"rendered":"<p>\u554a\u554a\u554a\u554a\u554a\u554a\u554a\uff01<br \/>\n10 \u4e2a\u6708 15 \u4e2a\u6708\u3002<br \/>\n\u6e38\u620f\u4e2d\u7684\u6e38\u620f\uff08Steam\u3001Xbox\u3001PSN\u2026\uff09\u4ee5\u53ca\u6e38\u620f\u4e2d\u7684\u6e38\u620f\u3002<\/p>\n<p>\u0645\u0645\u064a\u0632\u0627\u062a \u0627\u0644\u0645\u0646\u062a\u062c:<br \/>\n100% \u578b\u53f7<\/p>\n<p>\u65f6\u95f4 10 \u2013 15 \u70b9<\/p>\n<p>\u00c0 \u00a1 \u00a1 \u00a1 \u00a1 \u00a1 \u00a1 \u00a1 \u00a1 \u00a1 \u00a1 \u00a1 \u00a1 \u00a1<\/p>\n<p>\u2757\ufe0f\u2757\ufe0f\u2757\ufe0f\u2757\ufe0f\u2757\ufe0f\u2757\ufe0f\u2757\ufe0f\u2757\ufe0f\u2757\ufe0f\u2757\ufe0f\u2757\ufe0f\u2757\ufe0f\u2757\ufe0f\u2757\ufe0f\u2757\ufe0f\u2757\ufe0f\u2757\ufe0f\u2757\ufe0f\u2757\ufe0f\u2757\ufe0f\u2757\ufe0f\u2757\ufe0f\u2757\ufe0f\u2757\ufe0f<\/p>\n<p>\u62b1\u6b49\uff0c\u6682\u65e0\u76f8\u5173\u4fe1\u606f<\/p>\n<p>\u4e0b\u4e00\u7bc7\uff1a<br \/>\n\u554a\u554a\u554a\u554a\u554a\u554a\u554a\u554a\u554a\uff01<br \/>\n??????????????????????????????????????????????????????????????????\u5df2\u53d1\u5e03\uff08Steam\u3001Xbox\u3001PS...\uff09\u3002<\/p>","protected":false},"featured_media":3665,"comment_status":"open","ping_status":"closed","template":"","meta":{"googlesitekit_rrm_CAowv7G7DA:productID":"","om_disable_all_campaigns":false,"_monsterinsights_skip_tracking":false,"_monsterinsights_sitenote_active":false,"_monsterinsights_sitenote_note":"","_monsterinsights_sitenote_category":0,"jetpack_post_was_ever_published":false},"product_brand":[],"product_cat":[58],"product_tag":[],"class_list":{"0":"post-3663","1":"product","2":"type-product","3":"status-publish","4":"has-post-thumbnail","6":"product_cat-ps5","8":"first","9":"instock","10":"sale","11":"virtual","12":"taxable","13":"purchasable","14":"product-type-simple"},"jetpack_sharing_enabled":true,"jetpack_likes_enabled":true,"_links":{"self":[{"href":"https:\/\/cdhubs.com\/zh\/wp-json\/wp\/v2\/product\/3663","targetHints":{"allow":["GET"]}}],"collection":[{"href":"https:\/\/cdhubs.com\/zh\/wp-json\/wp\/v2\/product"}],"about":[{"href":"https:\/\/cdhubs.com\/zh\/wp-json\/wp\/v2\/types\/product"}],"replies":[{"embeddable":true,"href":"https:\/\/cdhubs.com\/zh\/wp-json\/wp\/v2\/comments?post=3663"}],"version-history":[{"count":1,"href":"https:\/\/cdhubs.com\/zh\/wp-json\/wp\/v2\/product\/3663\/revisions"}],"predecessor-version":[{"id":3666,"href":"https:\/\/cdhubs.com\/zh\/wp-json\/wp\/v2\/product\/3663\/revisions\/3666"}],"wp:featuredmedia":[{"embeddable":true,"href":"https:\/\/cdhubs.com\/zh\/wp-json\/wp\/v2\/media\/3665"}],"wp:attachment":[{"href":"https:\/\/cdhubs.com\/zh\/wp-json\/wp\/v2\/media?parent=3663"}],"wp:term":[{"taxonomy":"product_brand","embeddable":true,"href":"https:\/\/cdhubs.com\/zh\/wp-json\/wp\/v2\/product_brand?post=3663"},{"taxonomy":"product_cat","embeddable":true,"href":"https:\/\/cdhubs.com\/zh\/wp-json\/wp\/v2\/product_cat?post=3663"},{"taxonomy":"product_tag","embeddable":true,"href":"https:\/\/cdhubs.com\/zh\/wp-json\/wp\/v2\/product_tag?post=3663"}],"curies":[{"name":"wp","href":"https:\/\/api.w.org\/{rel}","templated":true}]}}