{"id":3481,"date":"2025-04-30T21:32:43","date_gmt":"2025-04-30T20:32:43","guid":{"rendered":"https:\/\/cdhubs.com\/?post_type=product&#038;p=3481"},"modified":"2025-04-30T21:32:44","modified_gmt":"2025-04-30T20:32:44","slug":"batman-the-telltale-pc","status":"publish","type":"product","link":"https:\/\/cdhubs.com\/zh\/product\/batman-the-telltale-pc\/","title":{"rendered":"Batman the telltale PC"},"content":{"rendered":"<h2>\u00c0 propos de ce jeu<\/h2>\n<p>P\u00e9n\u00e9trez dans l&#8217;esprit tortur\u00e9 de Bruce Wayne et faites face aux terribles cons\u00e9quences de vos choix dans la peau du Dark Knight.<\/p>\n<p>Dans cette violente nouvelle histoire des cr\u00e9ateurs de The Walking Dead \u2013 A Telltale Games Series, vous ferez des d\u00e9couvertes qui bouleverseront le monde de Bruce Wayne et l&#8217;\u00e9quilibre d\u00e9j\u00e0 fragile de Gotham City, la corrompue.<\/p>\n<p>Vos actions et choix d\u00e9termineront le destin de Batman.<\/p>\n<p>Comprend les cinq \u00e9pisodes (disponibles maintenant!) du nouveau jeu du studio prim\u00e9 Telltale Games.<\/p>\n<p><img data-recalc-dims=\"1\" decoding=\"async\" src=\"https:\/\/i0.wp.com\/c4.wallpaperflare.com\/wallpaper\/225\/310\/456\/batman-mask-game-catwoman-mask-hd-wallpaper-preview.jpg?ssl=1\" alt=\"HD wallpaper: batman, mask, game, catwoman, DC Comics, uniform, Batman ...\" \/><img decoding=\"async\" src=\"https:\/\/thaka.bing.com\/th\/id\/OIP.Xr6kDjFppAfR3FB7_ZgS6QHaEK?cb=iwp1&amp;pid=ImgDet&amp;w=178&amp;h=100&amp;c=7&amp;dpr=1.5\" alt=\"Voir les d\u00e9tails de l\u2019image associ\u00e9e. Batman: The Telltale Series \u2013 Episode 4 Review | Attack of the Fanboy\" \/><img decoding=\"async\" src=\"https:\/\/thaka.bing.com\/th\/id\/OIP.j1aUDA4aFNYZIy_W4_sQAAHaEK?cb=iwp1&amp;pid=ImgDet&amp;w=178&amp;h=99&amp;c=7&amp;dpr=1.5\" alt=\"Voir les d\u00e9tails de l\u2019image associ\u00e9e. Batman: The Telltale Series \u2013 Guardian of Gotham Review \u2013 Capsule Computers\" \/><img data-recalc-dims=\"1\" decoding=\"async\" src=\"https:\/\/i0.wp.com\/coolwallpapers.me\/picsup\/5743160-batman-telltale-series-hd-wallpapers.jpg?ssl=1\" alt=\"batman telltale series\" \/><\/p>","protected":false},"excerpt":{"rendered":"<p>\u554a\u554a\u554a\u554a\u554a\u554a\u554a\uff01<br \/>\n10 \u4e2a\u6708 15 \u4e2a\u6708\u3002<br \/>\n\u6e38\u620f\u4e2d\u7684\u6e38\u620f\uff08Steam\u3001Xbox\u3001PSN\u2026\uff09\u4ee5\u53ca\u6e38\u620f\u4e2d\u7684\u6e38\u620f\u3002<\/p>\n<p>\u0645\u0645\u064a\u0632\u0627\u062a \u0627\u0644\u0645\u0646\u062a\u062c:<br \/>\n100% \u578b\u53f7<\/p>\n<p>\u65f6\u95f4 10 \u2013 15 \u70b9<\/p>\n<p>\u00c0 \u00a1 \u00a1 \u00a1 \u00a1 \u00a1 \u00a1 \u00a1 \u00a1 \u00a1 \u00a1 \u00a1 \u00a1 \u00a1<\/p>\n<p>\u2757\ufe0f\u2757\ufe0f\u2757\ufe0f\u2757\ufe0f\u2757\ufe0f\u2757\ufe0f\u2757\ufe0f\u2757\ufe0f\u2757\ufe0f\u2757\ufe0f\u2757\ufe0f\u2757\ufe0f\u2757\ufe0f\u2757\ufe0f\u2757\ufe0f\u2757\ufe0f\u2757\ufe0f\u2757\ufe0f\u2757\ufe0f\u2757\ufe0f\u2757\ufe0f\u2757\ufe0f\u2757\ufe0f\u2757\ufe0f<\/p>\n<p>\u62b1\u6b49\uff0c\u6682\u65e0\u76f8\u5173\u4fe1\u606f<\/p>\n<p>\u4e0b\u4e00\u7bc7\uff1a<br \/>\n\u554a\u554a\u554a\u554a\u554a\u554a\u554a\u554a\u554a\uff01<br \/>\n??????????????????????????????????????????????????????????????????\u5df2\u53d1\u5e03\uff08Steam\u3001Xbox\u3001PS...\uff09\u3002<\/p>","protected":false},"featured_media":3482,"comment_status":"open","ping_status":"closed","template":"","meta":{"googlesitekit_rrm_CAowv7G7DA:productID":"","om_disable_all_campaigns":false,"_monsterinsights_skip_tracking":false,"_monsterinsights_sitenote_active":false,"_monsterinsights_sitenote_note":"","_monsterinsights_sitenote_category":0,"jetpack_post_was_ever_published":false},"product_brand":[],"product_cat":[],"product_tag":[],"class_list":{"0":"post-3481","1":"product","2":"type-product","3":"status-publish","4":"has-post-thumbnail","7":"first","8":"instock","9":"sale","10":"virtual","11":"taxable","12":"purchasable","13":"product-type-simple"},"jetpack_sharing_enabled":true,"jetpack_likes_enabled":true,"_links":{"self":[{"href":"https:\/\/cdhubs.com\/zh\/wp-json\/wp\/v2\/product\/3481","targetHints":{"allow":["GET"]}}],"collection":[{"href":"https:\/\/cdhubs.com\/zh\/wp-json\/wp\/v2\/product"}],"about":[{"href":"https:\/\/cdhubs.com\/zh\/wp-json\/wp\/v2\/types\/product"}],"replies":[{"embeddable":true,"href":"https:\/\/cdhubs.com\/zh\/wp-json\/wp\/v2\/comments?post=3481"}],"version-history":[{"count":2,"href":"https:\/\/cdhubs.com\/zh\/wp-json\/wp\/v2\/product\/3481\/revisions"}],"predecessor-version":[{"id":3484,"href":"https:\/\/cdhubs.com\/zh\/wp-json\/wp\/v2\/product\/3481\/revisions\/3484"}],"wp:featuredmedia":[{"embeddable":true,"href":"https:\/\/cdhubs.com\/zh\/wp-json\/wp\/v2\/media\/3482"}],"wp:attachment":[{"href":"https:\/\/cdhubs.com\/zh\/wp-json\/wp\/v2\/media?parent=3481"}],"wp:term":[{"taxonomy":"product_brand","embeddable":true,"href":"https:\/\/cdhubs.com\/zh\/wp-json\/wp\/v2\/product_brand?post=3481"},{"taxonomy":"product_cat","embeddable":true,"href":"https:\/\/cdhubs.com\/zh\/wp-json\/wp\/v2\/product_cat?post=3481"},{"taxonomy":"product_tag","embeddable":true,"href":"https:\/\/cdhubs.com\/zh\/wp-json\/wp\/v2\/product_tag?post=3481"}],"curies":[{"name":"wp","href":"https:\/\/api.w.org\/{rel}","templated":true}]}}