{"id":3359,"date":"2025-04-30T12:15:23","date_gmt":"2025-04-30T12:15:23","guid":{"rendered":"https:\/\/cdhubs.com\/?post_type=product&#038;p=3359"},"modified":"2025-04-30T12:18:58","modified_gmt":"2025-04-30T12:18:58","slug":"grand-theft-auto-iv-xbox","status":"publish","type":"product","link":"https:\/\/cdhubs.com\/zh\/product\/grand-theft-auto-iv-xbox\/","title":{"rendered":"Grand Theft Auto IV XBOX"},"content":{"rendered":"<h2>\u00c0 propos de ce jeu<\/h2>\n<p>Niko Bellic, Johnny Klebitz et Luis Lopez ont une chose en commun : ils vivent dans la ville la plus terrible d&#8217;Am\u00e9rique. Liberty City est une ville o\u00f9 l&#8217;argent et le statut social r\u00e8gnent en ma\u00eetres. Un paradis pour ceux qui ont tout, un enfer pour les autres.<\/p>\n<p>Niko cherche \u00e0 \u00e9chapper \u00e0 son pass\u00e9 pour commencer une nouvelle vie au pays de la libert\u00e9. Johnny, un pilier du gang de motards The Lost, se retrouve au milieu d&#8217;une guerre de gangs se disputant le contr\u00f4le de Liberty City. Luis Lopez, truand \u00e0 ses heures et assistant du l\u00e9gendaire impr\u00e9sario des night-clubs, Tony Prince (alias &#8220;Gay Tony&#8221;), se bat pour la loyaut\u00e9 \u00e0 sa famille et \u00e0 ses amis dans un monde o\u00f9 tout le monde s&#8217;ach\u00e8te. Leurs existences vont se croiser et les cons\u00e9quences seront terribles. Leur objectif ? Survivre dans une ville d\u00e9chir\u00e9e par la violence et la corruption.<\/p>\n<p>L&#8217;\u00e9dition int\u00e9grale inclut Grand Theft Auto IV et les \u00e9pisodes The Lost and Damned et The Ballad of Gay Tony.<\/p>","protected":false},"excerpt":{"rendered":"<p>\u554a\u554a\u554a\u554a\u554a\u554a\u554a\uff01<br \/>\n10 \u4e2a\u6708 15 \u4e2a\u6708\u3002<br \/>\n\u6e38\u620f\u4e2d\u7684\u6e38\u620f\uff08Steam\u3001Xbox\u3001PSN\u2026\uff09\u4ee5\u53ca\u6e38\u620f\u4e2d\u7684\u6e38\u620f\u3002<\/p>\n<p>\u0645\u0645\u064a\u0632\u0627\u062a \u0627\u0644\u0645\u0646\u062a\u062c:<br \/>\n100% \u578b\u53f7<\/p>\n<p>\u65f6\u95f4 10 \u2013 15 \u70b9<\/p>\n<p>\u00c0 \u00a1 \u00a1 \u00a1 \u00a1 \u00a1 \u00a1 \u00a1 \u00a1 \u00a1 \u00a1 \u00a1 \u00a1 \u00a1<\/p>\n<p>\u2757\ufe0f\u2757\ufe0f\u2757\ufe0f\u2757\ufe0f\u2757\ufe0f\u2757\ufe0f\u2757\ufe0f\u2757\ufe0f\u2757\ufe0f\u2757\ufe0f\u2757\ufe0f\u2757\ufe0f\u2757\ufe0f\u2757\ufe0f\u2757\ufe0f\u2757\ufe0f\u2757\ufe0f\u2757\ufe0f\u2757\ufe0f\u2757\ufe0f\u2757\ufe0f\u2757\ufe0f\u2757\ufe0f\u2757\ufe0f<\/p>\n<p>\u62b1\u6b49\uff0c\u6682\u65e0\u76f8\u5173\u4fe1\u606f<\/p>\n<p>\u4e0b\u4e00\u7bc7\uff1a<br \/>\n\u554a\u554a\u554a\u554a\u554a\u554a\u554a\u554a\u554a\uff01<br \/>\n??????????????????????????????????????????????????????????????????\u5df2\u53d1\u5e03\uff08Steam\u3001Xbox\u3001PS...\uff09\u3002<\/p>","protected":false},"featured_media":3360,"comment_status":"open","ping_status":"closed","template":"","meta":{"googlesitekit_rrm_CAowv7G7DA:productID":"","om_disable_all_campaigns":false,"_monsterinsights_skip_tracking":false,"_monsterinsights_sitenote_active":false,"_monsterinsights_sitenote_note":"","_monsterinsights_sitenote_category":0,"jetpack_post_was_ever_published":false},"product_brand":[63],"product_cat":[],"product_tag":[],"class_list":{"0":"post-3359","1":"product","2":"type-product","3":"status-publish","4":"has-post-thumbnail","6":"product_brand-xbox","8":"first","9":"instock","10":"sale","11":"virtual","12":"taxable","13":"purchasable","14":"product-type-simple"},"jetpack_sharing_enabled":true,"jetpack_likes_enabled":true,"_links":{"self":[{"href":"https:\/\/cdhubs.com\/zh\/wp-json\/wp\/v2\/product\/3359","targetHints":{"allow":["GET"]}}],"collection":[{"href":"https:\/\/cdhubs.com\/zh\/wp-json\/wp\/v2\/product"}],"about":[{"href":"https:\/\/cdhubs.com\/zh\/wp-json\/wp\/v2\/types\/product"}],"replies":[{"embeddable":true,"href":"https:\/\/cdhubs.com\/zh\/wp-json\/wp\/v2\/comments?post=3359"}],"version-history":[{"count":2,"href":"https:\/\/cdhubs.com\/zh\/wp-json\/wp\/v2\/product\/3359\/revisions"}],"predecessor-version":[{"id":3362,"href":"https:\/\/cdhubs.com\/zh\/wp-json\/wp\/v2\/product\/3359\/revisions\/3362"}],"wp:featuredmedia":[{"embeddable":true,"href":"https:\/\/cdhubs.com\/zh\/wp-json\/wp\/v2\/media\/3360"}],"wp:attachment":[{"href":"https:\/\/cdhubs.com\/zh\/wp-json\/wp\/v2\/media?parent=3359"}],"wp:term":[{"taxonomy":"product_brand","embeddable":true,"href":"https:\/\/cdhubs.com\/zh\/wp-json\/wp\/v2\/product_brand?post=3359"},{"taxonomy":"product_cat","embeddable":true,"href":"https:\/\/cdhubs.com\/zh\/wp-json\/wp\/v2\/product_cat?post=3359"},{"taxonomy":"product_tag","embeddable":true,"href":"https:\/\/cdhubs.com\/zh\/wp-json\/wp\/v2\/product_tag?post=3359"}],"curies":[{"name":"wp","href":"https:\/\/api.w.org\/{rel}","templated":true}]}}