{"id":3351,"date":"2025-04-30T11:31:24","date_gmt":"2025-04-30T11:31:24","guid":{"rendered":"https:\/\/cdhubs.com\/?post_type=product&#038;p=3351"},"modified":"2025-04-30T11:38:35","modified_gmt":"2025-04-30T11:38:35","slug":"black-myth-wukong-ps5","status":"publish","type":"product","link":"https:\/\/cdhubs.com\/zh\/product\/black-myth-wukong-ps5\/","title":{"rendered":"\u9ed1\u795e\u8bdd\uff1a\u609f\u7a7a PS5"},"content":{"rendered":"<h2>\u00c0 propos de ce jeu<\/h2>\n<p>Black Myth: Wukong est un jeu action-RPG inspir\u00e9 de la mythologie chinoise. Son histoire est une adaptation des r\u00e9cits de La P\u00e9r\u00e9grination vers l&#8217;Ouest, l&#8217;un des Quatre livres extraordinaires de la litt\u00e9rature chinoise. Vous y incarnerez le Pr\u00e9destin\u00e9 et prendrez part \u00e0 une \u00e9pop\u00e9e merveilleuse au cours de laquelle vous devrez affronter maints p\u00e9rils pour d\u00e9couvrir la sombre v\u00e9rit\u00e9 d&#8217;une l\u00e9gende glorieuse.<\/p>\n<p><img data-recalc-dims=\"1\" decoding=\"async\" class=\"bb_img\" src=\"https:\/\/i0.wp.com\/shared.cloudflare.steamstatic.com\/store_item_assets\/steam\/apps\/2358720\/extras\/img_steamline.png?ssl=1\" \/><\/p>\n<p><img data-recalc-dims=\"1\" decoding=\"async\" class=\"bb_img\" src=\"https:\/\/i0.wp.com\/shared.cloudflare.steamstatic.com\/store_item_assets\/steam\/apps\/2358720\/extras\/SteamGIF_Scene.gif?ssl=1\" \/><\/p>\n<h2 class=\"bb_tag\">\u2022 Explorez une terre regorgeant de merveilles<\/h2>\n<p><i>\u00ab\u00a0Un monde unique abritant tant de merveilles inexplor\u00e9es,<br \/>\nO\u00f9 de nouveaux paysages se d\u00e9voilent \u00e0 chaque foul\u00e9e.\u00a0\u00bb<\/i><\/p>\n<p>P\u00e9n\u00e9trez dans un royaume fascinant plein de merveilles et de d\u00e9couvertes inspir\u00e9es de la mythologie chinoise\u00a0!<br \/>\nEn tant que Pr\u00e9destin\u00e9, vous allez traverser une s\u00e9rie de paysages originaux \u00e0 couper le souffle tir\u00e9s du conte classique La P\u00e9r\u00e9grination vers l&#8217;Ouest, o\u00f9 se d\u00e9roulera une aventure \u00e9pique vue sous un nouveau jour.<\/p>\n<p><img data-recalc-dims=\"1\" decoding=\"async\" class=\"bb_img\" src=\"https:\/\/i0.wp.com\/shared.cloudflare.steamstatic.com\/store_item_assets\/steam\/apps\/2358720\/extras\/SteamGIF_Boss.gif?ssl=1\" \/><\/p>\n<h2 class=\"bb_tag\">\u2022 Affrontez de puissants adversaires, anciens comme nouveaux<\/h2>\n<p><i>\u00ab\u00a0Un singe l\u00e9gendaire, puissance et renomm\u00e9e,<br \/>\nDes l\u00e9gions d&#8217;adversaires, un destin \u00e0 prouver.\u00a0\u00bb<\/i><\/p>\n<p>La riche diversit\u00e9 des adversaires est l&#8217;un des aspects les plus marquants des r\u00e9cits de La P\u00e9r\u00e9grination vers l&#8217;Ouest, chacun poss\u00e9dant ses propres caract\u00e9ristiques.<br \/>\nEn tant que Pr\u00e9destin\u00e9, vous rencontrerez au cours de votre p\u00e9riple de puissants ennemis et de valeureux rivaux. Affrontez-les lors de combats \u00e9piques o\u00f9 aucune reddition n&#8217;est possible.<\/p>","protected":false},"excerpt":{"rendered":"<p>\u554a\u554a\u554a\u554a\u554a\u554a\u554a\uff01<br \/>\n10 \u4e2a\u6708 15 \u4e2a\u6708\u3002<br \/>\n\u6e38\u620f\u4e2d\u7684\u6e38\u620f\uff08Steam\u3001Xbox\u3001PSN\u2026\uff09\u4ee5\u53ca\u6e38\u620f\u4e2d\u7684\u6e38\u620f\u3002<\/p>\n<p>\u0645\u0645\u064a\u0632\u0627\u062a \u0627\u0644\u0645\u0646\u062a\u062c:<br \/>\n100% \u578b\u53f7<\/p>\n<p>\u65f6\u95f4 10 \u2013 15 \u70b9<\/p>\n<p>\u00c0 \u00a1 \u00a1 \u00a1 \u00a1 \u00a1 \u00a1 \u00a1 \u00a1 \u00a1 \u00a1 \u00a1 \u00a1 \u00a1<\/p>\n<p>\u2757\ufe0f\u2757\ufe0f\u2757\ufe0f\u2757\ufe0f\u2757\ufe0f\u2757\ufe0f\u2757\ufe0f\u2757\ufe0f\u2757\ufe0f\u2757\ufe0f\u2757\ufe0f\u2757\ufe0f\u2757\ufe0f\u2757\ufe0f\u2757\ufe0f\u2757\ufe0f\u2757\ufe0f\u2757\ufe0f\u2757\ufe0f\u2757\ufe0f\u2757\ufe0f\u2757\ufe0f\u2757\ufe0f\u2757\ufe0f<\/p>\n<p>\u62b1\u6b49\uff0c\u6682\u65e0\u76f8\u5173\u4fe1\u606f<\/p>\n<p>\u4e0b\u4e00\u7bc7\uff1a<br \/>\n\u554a\u554a\u554a\u554a\u554a\u554a\u554a\u554a\u554a\uff01<br \/>\n??????????????????????????????????????????????????????????????????\u5df2\u53d1\u5e03\uff08Steam\u3001Xbox\u3001PS...\uff09\u3002<\/p>","protected":false},"featured_media":3353,"comment_status":"open","ping_status":"closed","template":"","meta":{"googlesitekit_rrm_CAowv7G7DA:productID":"","om_disable_all_campaigns":false,"_monsterinsights_skip_tracking":false,"_monsterinsights_sitenote_active":false,"_monsterinsights_sitenote_note":"","_monsterinsights_sitenote_category":0,"jetpack_post_was_ever_published":false},"product_brand":[],"product_cat":[132,57,58],"product_tag":[],"class_list":{"0":"post-3351","1":"product","2":"type-product","3":"status-publish","4":"has-post-thumbnail","6":"product_cat-playstation-x","7":"product_cat-ps4","8":"product_cat-ps5","10":"first","11":"instock","12":"sale","13":"virtual","14":"taxable","15":"purchasable","16":"product-type-simple"},"jetpack_sharing_enabled":true,"jetpack_likes_enabled":true,"_links":{"self":[{"href":"https:\/\/cdhubs.com\/zh\/wp-json\/wp\/v2\/product\/3351","targetHints":{"allow":["GET"]}}],"collection":[{"href":"https:\/\/cdhubs.com\/zh\/wp-json\/wp\/v2\/product"}],"about":[{"href":"https:\/\/cdhubs.com\/zh\/wp-json\/wp\/v2\/types\/product"}],"replies":[{"embeddable":true,"href":"https:\/\/cdhubs.com\/zh\/wp-json\/wp\/v2\/comments?post=3351"}],"version-history":[{"count":1,"href":"https:\/\/cdhubs.com\/zh\/wp-json\/wp\/v2\/product\/3351\/revisions"}],"predecessor-version":[{"id":3354,"href":"https:\/\/cdhubs.com\/zh\/wp-json\/wp\/v2\/product\/3351\/revisions\/3354"}],"wp:featuredmedia":[{"embeddable":true,"href":"https:\/\/cdhubs.com\/zh\/wp-json\/wp\/v2\/media\/3353"}],"wp:attachment":[{"href":"https:\/\/cdhubs.com\/zh\/wp-json\/wp\/v2\/media?parent=3351"}],"wp:term":[{"taxonomy":"product_brand","embeddable":true,"href":"https:\/\/cdhubs.com\/zh\/wp-json\/wp\/v2\/product_brand?post=3351"},{"taxonomy":"product_cat","embeddable":true,"href":"https:\/\/cdhubs.com\/zh\/wp-json\/wp\/v2\/product_cat?post=3351"},{"taxonomy":"product_tag","embeddable":true,"href":"https:\/\/cdhubs.com\/zh\/wp-json\/wp\/v2\/product_tag?post=3351"}],"curies":[{"name":"wp","href":"https:\/\/api.w.org\/{rel}","templated":true}]}}