{"id":3206,"date":"2025-04-28T23:06:34","date_gmt":"2025-04-28T23:06:34","guid":{"rendered":"https:\/\/cdhubs.com\/?post_type=product&#038;p=3206"},"modified":"2025-04-28T23:06:34","modified_gmt":"2025-04-28T23:06:34","slug":"minecraft-legends-pc","status":"publish","type":"product","link":"https:\/\/cdhubs.com\/zh\/product\/minecraft-legends-pc\/","title":{"rendered":"Minecraft Legends PC"},"content":{"rendered":"<h2 class=\"MC_Heading_2 MC_Carousel_header_heading\">D\u00e9couvrez Minecraft<\/h2>\n<div class=\"MC_Carousel_header_description\" data-bi-id=\"c1c1c1m1r5a3\" data-bi-cn=\"c1c1c1m1r5a3\">\n<p>Construisez tout ce que vous pouvez imaginer, d\u00e9couvrez des myst\u00e8res \u00e9tranges et survivez \u00e0 la nuit dans le jeu de bac \u00e0 sable ultime. Dans Minecraft, chaque partie est diff\u00e9rente et des aventures inoubliables vous attendent \u00e0 chaque coin. Explorez et fabriquez votre chemin dans un monde infini que vous pouvez fa\u00e7onner, un bloc \u00e0 la fois.<\/p>\n<p><img data-recalc-dims=\"1\" decoding=\"async\" src=\"https:\/\/i0.wp.com\/www.minecraft.net\/content\/dam\/minecraftnet\/games\/minecraft\/screenshots\/EXPERIENCE_MORE_MinecraftEDU_PrivacyProdigy_darkWeb.png?ssl=1\" alt=\"Une s\u00e9rie de passerelles en bois couvertes d'araign\u00e9es et de toiles d'araign\u00e9e quadrillent une sombre caverne.\" \/><img data-recalc-dims=\"1\" decoding=\"async\" src=\"https:\/\/i0.wp.com\/www.minecraft.net\/content\/dam\/minecraftnet\/games\/minecraft\/screenshots\/PLAYTOGETHERPDPScreenshotRefresh2024_exitingPortal_01.png?ssl=1\" alt=\"3\u00a0personnages Minecraft sortent d'un portail des t\u00e9n\u00e8bres pour rejoindre la Surface.\" \/><img data-recalc-dims=\"1\" decoding=\"async\" src=\"https:\/\/i0.wp.com\/www.minecraft.net\/content\/dam\/minecraftnet\/games\/minecraft\/screenshots\/EXPLORE_PDPScreenshotRefresh2024_multipleBiomes_01.png?ssl=1\" alt=\"Dans Minecraft, un flanc de montagne enneig\u00e9 est couvert de ch\u00eanes, de pins et de cerisiers.\" \/><img data-recalc-dims=\"1\" decoding=\"async\" src=\"https:\/\/i0.wp.com\/www.minecraft.net\/content\/dam\/minecraftnet\/games\/minecraft\/screenshots\/CREATE_BuildAlmostAnything.png?ssl=1\" alt=\"Steve et Alex construisent un ch\u00e2teau et une tour de guet \u00e0 flanc de colline.\" \/><\/p>\n<\/div>","protected":false},"excerpt":{"rendered":"<p>\u554a\u554a\u554a\u554a\u554a\u554a\u554a\uff01<br \/>\n10 \u4e2a\u6708 15 \u4e2a\u6708\u3002<br \/>\n\u6e38\u620f\u4e2d\u7684\u6e38\u620f\uff08Steam\u3001Xbox\u3001PSN\u2026\uff09\u4ee5\u53ca\u6e38\u620f\u4e2d\u7684\u6e38\u620f\u3002<\/p>\n<p>\u0645\u0645\u064a\u0632\u0627\u062a \u0627\u0644\u0645\u0646\u062a\u062c:<br \/>\n100% \u578b\u53f7<\/p>\n<p>\u65f6\u95f4 10 \u2013 15 \u70b9<\/p>\n<p>\u00c0 \u00a1 \u00a1 \u00a1 \u00a1 \u00a1 \u00a1 \u00a1 \u00a1 \u00a1 \u00a1 \u00a1 \u00a1 \u00a1<\/p>\n<p>\u2757\ufe0f\u2757\ufe0f\u2757\ufe0f\u2757\ufe0f\u2757\ufe0f\u2757\ufe0f\u2757\ufe0f\u2757\ufe0f\u2757\ufe0f\u2757\ufe0f\u2757\ufe0f\u2757\ufe0f\u2757\ufe0f\u2757\ufe0f\u2757\ufe0f\u2757\ufe0f\u2757\ufe0f\u2757\ufe0f\u2757\ufe0f\u2757\ufe0f\u2757\ufe0f\u2757\ufe0f\u2757\ufe0f\u2757\ufe0f<\/p>\n<p>\u62b1\u6b49\uff0c\u6682\u65e0\u76f8\u5173\u4fe1\u606f<\/p>\n<p>\u4e0b\u4e00\u7bc7\uff1a<br \/>\n\u554a\u554a\u554a\u554a\u554a\u554a\u554a\u554a\u554a\uff01<br \/>\n??????????????????????????????????????????????????????????????????\u5df2\u53d1\u5e03\uff08Steam\u3001Xbox\u3001PS...\uff09\u3002<\/p>","protected":false},"featured_media":3207,"comment_status":"open","ping_status":"closed","template":"","meta":{"googlesitekit_rrm_CAowv7G7DA:productID":"","om_disable_all_campaigns":false,"_monsterinsights_skip_tracking":false,"_monsterinsights_sitenote_active":false,"_monsterinsights_sitenote_note":"","_monsterinsights_sitenote_category":0,"jetpack_post_was_ever_published":false},"product_brand":[],"product_cat":[],"product_tag":[],"class_list":{"0":"post-3206","1":"product","2":"type-product","3":"status-publish","4":"has-post-thumbnail","7":"first","8":"instock","9":"sale","10":"virtual","11":"taxable","12":"purchasable","13":"product-type-simple"},"jetpack_sharing_enabled":true,"jetpack_likes_enabled":true,"_links":{"self":[{"href":"https:\/\/cdhubs.com\/zh\/wp-json\/wp\/v2\/product\/3206","targetHints":{"allow":["GET"]}}],"collection":[{"href":"https:\/\/cdhubs.com\/zh\/wp-json\/wp\/v2\/product"}],"about":[{"href":"https:\/\/cdhubs.com\/zh\/wp-json\/wp\/v2\/types\/product"}],"replies":[{"embeddable":true,"href":"https:\/\/cdhubs.com\/zh\/wp-json\/wp\/v2\/comments?post=3206"}],"version-history":[{"count":2,"href":"https:\/\/cdhubs.com\/zh\/wp-json\/wp\/v2\/product\/3206\/revisions"}],"predecessor-version":[{"id":3209,"href":"https:\/\/cdhubs.com\/zh\/wp-json\/wp\/v2\/product\/3206\/revisions\/3209"}],"wp:featuredmedia":[{"embeddable":true,"href":"https:\/\/cdhubs.com\/zh\/wp-json\/wp\/v2\/media\/3207"}],"wp:attachment":[{"href":"https:\/\/cdhubs.com\/zh\/wp-json\/wp\/v2\/media?parent=3206"}],"wp:term":[{"taxonomy":"product_brand","embeddable":true,"href":"https:\/\/cdhubs.com\/zh\/wp-json\/wp\/v2\/product_brand?post=3206"},{"taxonomy":"product_cat","embeddable":true,"href":"https:\/\/cdhubs.com\/zh\/wp-json\/wp\/v2\/product_cat?post=3206"},{"taxonomy":"product_tag","embeddable":true,"href":"https:\/\/cdhubs.com\/zh\/wp-json\/wp\/v2\/product_tag?post=3206"}],"curies":[{"name":"wp","href":"https:\/\/api.w.org\/{rel}","templated":true}]}}