{"id":3181,"date":"2025-04-27T22:33:52","date_gmt":"2025-04-27T22:33:52","guid":{"rendered":"https:\/\/cdhubs.com\/?post_type=product&#038;p=3181"},"modified":"2025-04-27T22:36:36","modified_gmt":"2025-04-27T22:36:36","slug":"hogwarts-legacy-xbox-2","status":"publish","type":"product","link":"https:\/\/cdhubs.com\/zh\/product\/hogwarts-legacy-xbox-2\/","title":{"rendered":"Hogwarts Legacy XBOX"},"content":{"rendered":"<div id=\"aboutThisGame\" class=\"game_page_autocollapse\" data-panel=\"{&quot;type&quot;:&quot;PanelGroup&quot;}\">\n<div id=\"game_area_description\" class=\"game_area_description\">\n<h2>\u00c0 propos de ce jeu<\/h2>\n<p>Hogwarts Legacy\u00a0: L&#8217;H\u00e9ritage de Poudlard est un RPG d&#8217;action-aventure en monde ouvert qui se d\u00e9roule dans l&#8217;univers des livres Harry Potter. Embarquez dans un voyage \u00e0 travers des lieux familiers, et d&#8217;autres nouveaux, d\u00e9couvrez des animaux fantastiques, personnalisez votre personnage, pr\u00e9parez des potions, ma\u00eetrisez les sortil\u00e8ges, d\u00e9veloppez vos talents et devenez le sorcier que vous r\u00eavez d&#8217;\u00eatre.<\/p>\n<div class=\"bb_wide_img_ctn\"><img data-recalc-dims=\"1\" decoding=\"async\" class=\"bb_img\" src=\"https:\/\/i0.wp.com\/shared.fastly.steamstatic.com\/store_item_assets\/steam\/apps\/990080\/extras\/HWL_Featured_Animation.png?ssl=1\" \/><\/div>\n<p>D\u00e9couvrez le Poudlard des ann\u00e9es 1800. Vous y incarnez un \u00e9l\u00e8ve d\u00e9tenant la cl\u00e9 d&#8217;un secret antique qui menace d&#8217;an\u00e9antir le monde des sorciers. Forgez des alliances, combattez des mages noirs et fa\u00e7onnez le destin du monde des sorciers. Votre h\u00e9ritage vous appartient. \u00c9crivez votre propre histoire.<\/p>\n<div class=\"bb_wide_img_ctn\"><img data-recalc-dims=\"1\" decoding=\"async\" class=\"bb_img\" src=\"https:\/\/i0.wp.com\/shared.fastly.steamstatic.com\/store_item_assets\/steam\/apps\/990080\/extras\/HWL_Features_600_Transparency.png?ssl=1\" \/><\/div>\n<div class=\"bb_wide_img_ctn\"><\/div>\n<p>Comprend la qu\u00eate de la Boutique hant\u00e9e de Pr\u00e9-au-Lard, qui donne acc\u00e8s \u00e0 un niveau suppl\u00e9mentaire, \u00e0 l&#8217;ensemble de cosm\u00e9tiques du commer\u00e7ant de Pr\u00e9-au-Lard, ainsi qu&#8217;\u00e0 une boutique de Pr\u00e9-au-Lard.<\/p>\n<p>Nouvelles fonctionnalit\u00e9s\u00a0:<br \/>\n&#8211; Mode Photo<br \/>\n&#8211; R\u00e9initialisation de talents<\/p>\n<p>De nouveaux objets cosm\u00e9tiques disponibles d\u00e8s maintenant pour tous les joueurs: Les lunettes qui ont surv\u00e9cu, Uniforme et manteau de prisonnier d&#8217;Azkaban, Monture d&#8217;Hippogriffe d&#8217;Onyx, Recette de la potion Felix Felicis, 2 balais de mage noir<\/p>\n<\/div>\n<\/div>\n<div class=\"game_page_autocollapse_fade\"><\/div>","protected":false},"excerpt":{"rendered":"<p>\u554a\u554a\u554a\u554a\u554a\u554a\u554a\uff01<br \/>\n10 \u4e2a\u6708 15 \u4e2a\u6708\u3002<br \/>\n\u6e38\u620f\u4e2d\u7684\u6e38\u620f\uff08Steam\u3001Xbox\u3001PSN\u2026\uff09\u4ee5\u53ca\u6e38\u620f\u4e2d\u7684\u6e38\u620f\u3002<\/p>\n<p>\u0645\u0645\u064a\u0632\u0627\u062a \u0627\u0644\u0645\u0646\u062a\u062c:<br \/>\n100% \u578b\u53f7<\/p>\n<p>\u65f6\u95f4 10 \u2013 15 \u70b9<\/p>\n<p>\u00c0 \u00a1 \u00a1 \u00a1 \u00a1 \u00a1 \u00a1 \u00a1 \u00a1 \u00a1 \u00a1 \u00a1 \u00a1 \u00a1<\/p>\n<p>\u2757\ufe0f\u2757\ufe0f\u2757\ufe0f\u2757\ufe0f\u2757\ufe0f\u2757\ufe0f\u2757\ufe0f\u2757\ufe0f\u2757\ufe0f\u2757\ufe0f\u2757\ufe0f\u2757\ufe0f\u2757\ufe0f\u2757\ufe0f\u2757\ufe0f\u2757\ufe0f\u2757\ufe0f\u2757\ufe0f\u2757\ufe0f\u2757\ufe0f\u2757\ufe0f\u2757\ufe0f\u2757\ufe0f\u2757\ufe0f<\/p>\n<p>\u62b1\u6b49\uff0c\u6682\u65e0\u76f8\u5173\u4fe1\u606f<\/p>\n<p>\u4e0b\u4e00\u7bc7\uff1a<br \/>\n\u554a\u554a\u554a\u554a\u554a\u554a\u554a\u554a\u554a\uff01<br \/>\n??????????????????????????????????????????????????????????????????\u5df2\u53d1\u5e03\uff08Steam\u3001Xbox\u3001PS...\uff09\u3002<\/p>\n<p>&nbsp;<\/p>\n<div id=\"aboutThisGame\" class=\"game_page_autocollapse\" data-panel=\"{&quot;type&quot;:&quot;PanelGroup&quot;}\">\n<div id=\"game_area_description\" class=\"game_area_description\"><\/div>\n<\/div>\n<div class=\"game_page_autocollapse_fade\"><\/div>","protected":false},"featured_media":3182,"comment_status":"open","ping_status":"closed","template":"","meta":{"googlesitekit_rrm_CAowv7G7DA:productID":"","om_disable_all_campaigns":false,"_monsterinsights_skip_tracking":false,"_monsterinsights_sitenote_active":false,"_monsterinsights_sitenote_note":"","_monsterinsights_sitenote_category":0,"jetpack_post_was_ever_published":false},"product_brand":[63],"product_cat":[],"product_tag":[],"class_list":{"0":"post-3181","1":"product","2":"type-product","3":"status-publish","4":"has-post-thumbnail","6":"product_brand-xbox","8":"first","9":"instock","10":"sale","11":"virtual","12":"taxable","13":"purchasable","14":"product-type-simple"},"jetpack_sharing_enabled":true,"jetpack_likes_enabled":true,"_links":{"self":[{"href":"https:\/\/cdhubs.com\/zh\/wp-json\/wp\/v2\/product\/3181","targetHints":{"allow":["GET"]}}],"collection":[{"href":"https:\/\/cdhubs.com\/zh\/wp-json\/wp\/v2\/product"}],"about":[{"href":"https:\/\/cdhubs.com\/zh\/wp-json\/wp\/v2\/types\/product"}],"replies":[{"embeddable":true,"href":"https:\/\/cdhubs.com\/zh\/wp-json\/wp\/v2\/comments?post=3181"}],"version-history":[{"count":2,"href":"https:\/\/cdhubs.com\/zh\/wp-json\/wp\/v2\/product\/3181\/revisions"}],"predecessor-version":[{"id":3185,"href":"https:\/\/cdhubs.com\/zh\/wp-json\/wp\/v2\/product\/3181\/revisions\/3185"}],"wp:featuredmedia":[{"embeddable":true,"href":"https:\/\/cdhubs.com\/zh\/wp-json\/wp\/v2\/media\/3182"}],"wp:attachment":[{"href":"https:\/\/cdhubs.com\/zh\/wp-json\/wp\/v2\/media?parent=3181"}],"wp:term":[{"taxonomy":"product_brand","embeddable":true,"href":"https:\/\/cdhubs.com\/zh\/wp-json\/wp\/v2\/product_brand?post=3181"},{"taxonomy":"product_cat","embeddable":true,"href":"https:\/\/cdhubs.com\/zh\/wp-json\/wp\/v2\/product_cat?post=3181"},{"taxonomy":"product_tag","embeddable":true,"href":"https:\/\/cdhubs.com\/zh\/wp-json\/wp\/v2\/product_tag?post=3181"}],"curies":[{"name":"wp","href":"https:\/\/api.w.org\/{rel}","templated":true}]}}