{"id":3967,"date":"2025-05-18T00:45:20","date_gmt":"2025-05-17T23:45:20","guid":{"rendered":"https:\/\/cdhubs.com\/?post_type=product&#038;p=3967"},"modified":"2025-05-18T00:47:23","modified_gmt":"2025-05-17T23:47:23","slug":"squad-pc","status":"publish","type":"product","link":"https:\/\/cdhubs.com\/tr\/urun\/squad-pc\/","title":{"rendered":"Squad PC"},"content":{"rendered":"<div id=\"aboutThisGame\" class=\"game_page_autocollapse\" data-panel=\"{&quot;type&quot;:&quot;PanelGroup&quot;}\">\n<div id=\"game_area_description\" class=\"game_area_description\">\n<h2>\u00c0 propos de ce jeu<\/h2>\n<div class=\"bb_wide_img_ctn\"><img data-recalc-dims=\"1\" decoding=\"async\" class=\"bb_img\" src=\"https:\/\/i0.wp.com\/shared.fastly.steamstatic.com\/store_item_assets\/steam\/apps\/393380\/extras\/SQ_6.0_gif_002a.gif?ssl=1\" \/><\/div>\n<p class=\"bb_paragraph\"><strong>Squad<\/strong>\u00a0est l&#8217;incarnation de l&#8217;action militaire tactique. Participez \u00e0 des batailles massives de\u00a0<strong>50 contre 50<\/strong>\u00a0dans le jeu de tir \u00e0 la premi\u00e8re personne le plus r\u00e9aliste qui combine armes et v\u00e9hicules. Squad met l&#8217;accent sur le r\u00e9alisme du combat gr\u00e2ce au travail d&#8217;\u00e9quipe, aux tactiques et \u00e0 la guerre authentique. Une large s\u00e9lection d&#8217;armes et de v\u00e9hicules r\u00e9alistes sp\u00e9cifiques \u00e0 chaque faction permet aux joueurs de composer leur propre \u00e9quipement en fonction de leurs tactiques pr\u00e9f\u00e9r\u00e9es. Avec les viseurs uniques en \u00ab Picture-in-Picture \u00bb de Squad, c&#8217;est comme si vous visiez vraiment l&#8217;ennemi \u00e0 travers des lunettes de vis\u00e9e militaires authentiques.<\/p>\n<p class=\"bb_paragraph\">Avec\u00a0<strong>13 factions, 24 cartes massives, et un vaste arsenal d&#8217;armes et de v\u00e9hicules<\/strong>, Squad cr\u00e9e une exp\u00e9rience de tir visc\u00e9rale et palpitante qui n\u00e9cessite une prise de d\u00e9cision en une fraction de seconde lors de combats r\u00e9alistes et intenses.<\/p>\n<div class=\"bb_wide_img_ctn\"><img data-recalc-dims=\"1\" decoding=\"async\" class=\"bb_img\" src=\"https:\/\/i0.wp.com\/shared.fastly.steamstatic.com\/store_item_assets\/steam\/apps\/393380\/extras\/RolloutSteam.gif?ssl=1\" \/><\/div>\n<h2 class=\"bb_tag\">Batailles Massives 50 vs. 50<\/h2>\n<p class=\"bb_paragraph\">Squad cr\u00e9e des exp\u00e9riences de combat authentiques en opposant des factions conventionnelles et non conventionnelles les unes contre les autres. En tant que membre d&#8217;une \u00e9quipe de 50 personnes, rejoignez une escouade de neuf personnes pour affronter des factions oppos\u00e9es dans des combats intenses \u00e0 travers de grands environnements r\u00e9els. Squad propose 13 factions issues du monde entier, y compris le Corps des Marines des \u00c9tats-Unis, la Force de D\u00e9fense Australienne, et l&#8217;Arm\u00e9e Canadienne, entre autres.<\/p>\n<h2 class=\"bb_tag\">Combat d&#8217;Infanterie Ultra-R\u00e9aliste<\/h2>\n<p class=\"bb_paragraph\">Le combat dans Squad a \u00e9t\u00e9 con\u00e7u pour offrir l&#8217;exp\u00e9rience d&#8217;infanterie la plus amusante, immersive et authentique possible. Avec les principes fondamentaux de Squad bas\u00e9s sur le travail d&#8217;\u00e9quipe et les tactiques, vous devrez collaborer pour d\u00e9jouer vos ennemis gr\u00e2ce aux viseurs \u00ab Picture-in-Picture \u00bb r\u00e9alistes et au syst\u00e8me unique de Suppression de Squad. Travaillez avec votre escouade pour submerger l&#8217;ennemi et arracher la victoire des griffes de la d\u00e9faite !<\/p>\n<h2 class=\"bb_tag\">Syst\u00e8me de Construction et de Logistique<\/h2>\n<p class=\"bb_paragraph\">Adaptez-vous aux besoins en constante \u00e9volution du champ de bataille. En construisant des fortifications et des emplacements ou en fournissant des munitions et des mat\u00e9riaux \u00e0 votre \u00e9quipe, vous pouvez donner un avantage \u00e0 votre escouade. Montrez votre courage en transformant le champ de bataille \u00e0 votre guise, que ce soit en pla\u00e7ant des mitrailleuses lourdes et des canons antichar ou en fortifiant une position avec des sacs de sable, des fils barbel\u00e9s et du ravitaillement en munitions.<\/p>\n<h2 class=\"bb_tag\">Communication<\/h2>\n<p class=\"bb_paragraph\">Une bonne communication est un atout majeur lors d&#8217;un engagement ennemi. Pour aider \u00e0 naviguer dans la complexit\u00e9 de la communication sur le champ de bataille, Squad propose un syst\u00e8me VoIP de classe mondiale qui permet aux joueurs de parler \u00e0 d&#8217;autres soldats localement, dans l&#8217;escouade, entre les chefs d&#8217;escouade, ou m\u00eame avec le commandant de l&#8217;\u00e9quipe enti\u00e8re. Des outils de carte et des marqueurs dans le monde aident les chefs d&#8217;\u00e9quipe et les chefs d&#8217;escouade \u00e0 informer leurs soldats sur des tactiques d&#8217;engagement improvis\u00e9es.<\/p>\n<\/div>\n<\/div>\n<div class=\"game_page_autocollapse_fade\"><\/div>","protected":false},"excerpt":{"rendered":"<p>\u0627\u0633\u062a\u0645\u062a\u0639 \u0628\u062a\u062c\u0631\u0628\u0629 \u0644\u0639\u0628 \u0623\u0635\u0644\u064a\u0629 \u0639\u0628\u0631 \u0643\u0648\u062f \u0627\u0633\u062a\u0631\u062f\u0627\u062f \u0631\u0633\u0645\u064a!<br \/>\n\u0627\u0634\u062a\u0631\u0650 \u0627\u0644\u0644\u0639\u0628\u0629 \u0627\u0644\u0622\u0646 \u0648\u0627\u062d\u0635\u0644 \u0639\u0644\u0649 \u0643\u0648\u062f \u0627\u0644\u062a\u0641\u0639\u064a\u0644 \u0627\u0644\u0631\u0642\u0645\u064a \u062e\u0644\u0627\u0644 10 \u0625\u0644\u0649 15 \u062f\u0642\u064a\u0642\u0629 \u0641\u0642\u0637 \u0628\u0639\u062f \u0627\u0644\u062f\u0641\u0639.<br \/>\n\u0642\u0645 \u0628\u0627\u0633\u062a\u062e\u062f\u0627\u0645 \u0627\u0644\u0643\u0648\u062f \u0639\u0644\u0649 \u0627\u0644\u0645\u0646\u0635\u0629 \u0627\u0644\u0645\u0646\u0627\u0633\u0628\u0629 (Steam\u060c Xbox\u060c PSN&#8230;) \u0648\u0633\u064a\u062a\u0645 \u0625\u0636\u0627\u0641\u0629 \u0627\u0644\u0644\u0639\u0628\u0629 \u062a\u0644\u0642\u0627\u0626\u064a\u0627\u064b \u0625\u0644\u0649 \u062d\u0633\u0627\u0628\u0643 \u0645\u062f\u0649 \u0627\u0644\u062d\u064a\u0627\u0629.<\/p>\n<p>\u0645\u0645\u064a\u0632\u0627\u062a \u0627\u0644\u0645\u0646\u062a\u062c:<br \/>\n\u0643\u0648\u062f \u0631\u0633\u0645\u064a \u0648\u0622\u0645\u0646 100%<\/p>\n<p>\u062a\u0633\u0644\u064a\u0645 \u0633\u0631\u064a\u0639 \u062e\u0644\u0627\u0644 10 &#8211; 15 \u062f\u0642\u064a\u0642\u0629<\/p>\n<p>\u062f\u0639\u0645 \u0641\u0646\u064a \u0641\u064a \u062d\u0627\u0644 \u0648\u0627\u062c\u0647\u062a \u0623\u064a \u0645\u0634\u0643\u0644\u0629<\/p>\n<p>\u0628\u062f\u0648\u0646 \u0627\u0634\u062a\u0631\u0627\u0643 \u0634\u0647\u0631\u064a \u2013 \u0634\u0631\u0627\u0621 \u0644\u0645\u0631\u0629 \u0648\u0627\u062d\u062f\u0629 \u0641\u0642\u0637<\/p>\n<p>\u0627\u0644\u0633\u0639\u0631 \u0627\u0644\u0623\u0641\u0636\u0644 \u0641\u064a \u0627\u0644\u0633\u0648\u0642 \u0627\u0644\u062c\u0632\u0627\u0626\u0631\u064a<\/p>\n<p>\u0643\u064a\u0641\u064a\u0629 \u0627\u0644\u0627\u0633\u062a\u0631\u062f\u0627\u062f:<br \/>\n\u0625\u0630\u0627 \u0644\u0645 \u062a\u0643\u0646 \u062a\u0639\u0631\u0641 \u0637\u0631\u064a\u0642\u0629 \u062a\u0641\u0639\u064a\u0644 \u0627\u0644\u0643\u0648\u062f\u060c \u0644\u0627 \u062a\u0642\u0644\u0642!<br \/>\n\u0628\u0639\u062f \u0639\u0645\u0644\u064a\u0629 \u0627\u0644\u0634\u0631\u0627\u0621\u060c \u0633\u064a\u062a\u0645 \u062a\u0648\u062c\u064a\u0647\u0643 \u062a\u0644\u0642\u0627\u0626\u064a\u0627\u064b \u0625\u0644\u0649 \u0635\u0641\u062d\u0629 \u0641\u064a\u0647\u0627 \u0641\u064a\u062f\u064a\u0648\u0647\u0627\u062a \u062a\u0634\u0631\u062d \u062e\u0637\u0648\u0629 \u0628\u062e\u0637\u0648\u0629 \u0643\u064a\u0641\u064a\u0629 \u0627\u0633\u062a\u0631\u062f\u0627\u062f \u0627\u0644\u0643\u0648\u062f \u0639\u0644\u0649 \u0643\u0644 \u0645\u0646\u0635\u0629 (Steam\u060c Xbox\u060c PS&#8230;).<\/p>","protected":false},"featured_media":3970,"comment_status":"open","ping_status":"closed","template":"","meta":{"googlesitekit_rrm_CAowv7G7DA:productID":"","om_disable_all_campaigns":false,"_monsterinsights_skip_tracking":false,"_monsterinsights_sitenote_active":false,"_monsterinsights_sitenote_note":"","_monsterinsights_sitenote_category":0,"jetpack_post_was_ever_published":false},"product_brand":[],"product_cat":[],"product_tag":[],"class_list":{"0":"post-3967","1":"product","2":"type-product","3":"status-publish","4":"has-post-thumbnail","7":"first","8":"instock","9":"sale","10":"virtual","11":"taxable","12":"purchasable","13":"product-type-simple"},"jetpack_sharing_enabled":true,"jetpack_likes_enabled":true,"_links":{"self":[{"href":"https:\/\/cdhubs.com\/tr\/wp-json\/wp\/v2\/product\/3967","targetHints":{"allow":["GET"]}}],"collection":[{"href":"https:\/\/cdhubs.com\/tr\/wp-json\/wp\/v2\/product"}],"about":[{"href":"https:\/\/cdhubs.com\/tr\/wp-json\/wp\/v2\/types\/product"}],"replies":[{"embeddable":true,"href":"https:\/\/cdhubs.com\/tr\/wp-json\/wp\/v2\/comments?post=3967"}],"version-history":[{"count":3,"href":"https:\/\/cdhubs.com\/tr\/wp-json\/wp\/v2\/product\/3967\/revisions"}],"predecessor-version":[{"id":3971,"href":"https:\/\/cdhubs.com\/tr\/wp-json\/wp\/v2\/product\/3967\/revisions\/3971"}],"wp:featuredmedia":[{"embeddable":true,"href":"https:\/\/cdhubs.com\/tr\/wp-json\/wp\/v2\/media\/3970"}],"wp:attachment":[{"href":"https:\/\/cdhubs.com\/tr\/wp-json\/wp\/v2\/media?parent=3967"}],"wp:term":[{"taxonomy":"product_brand","embeddable":true,"href":"https:\/\/cdhubs.com\/tr\/wp-json\/wp\/v2\/product_brand?post=3967"},{"taxonomy":"product_cat","embeddable":true,"href":"https:\/\/cdhubs.com\/tr\/wp-json\/wp\/v2\/product_cat?post=3967"},{"taxonomy":"product_tag","embeddable":true,"href":"https:\/\/cdhubs.com\/tr\/wp-json\/wp\/v2\/product_tag?post=3967"}],"curies":[{"name":"wp","href":"https:\/\/api.w.org\/{rel}","templated":true}]}}