{"id":3950,"date":"2025-05-18T00:29:37","date_gmt":"2025-05-17T23:29:37","guid":{"rendered":"https:\/\/cdhubs.com\/?post_type=product&#038;p=3950"},"modified":"2025-05-18T00:29:38","modified_gmt":"2025-05-17T23:29:38","slug":"lords-of-the-fallen-pc","status":"publish","type":"product","link":"https:\/\/cdhubs.com\/tr\/urun\/lords-of-the-fallen-pc\/","title":{"rendered":"Lords of the Fallen PC"},"content":{"rendered":"<div id=\"aboutThisGame\" class=\"game_page_autocollapse\" data-panel=\"{&quot;type&quot;:&quot;PanelGroup&quot;}\">\n<div id=\"game_area_description\" class=\"game_area_description\">\n<h2>\u00c0 propos de ce jeu<\/h2>\n<div class=\"bb_wide_img_ctn\"><img data-recalc-dims=\"1\" decoding=\"async\" class=\"bb_img\" src=\"https:\/\/i0.wp.com\/shared.fastly.steamstatic.com\/store_item_assets\/steam\/apps\/1501750\/extras\/1_mainHeader.gif?ssl=1\" \/><\/div>\n<p class=\"bb_paragraph\"><strong>Lords of the Fallen<\/strong>\u00a0est un RPG \u00e9pique qui vous convie \u00e0 une grande aventure in\u00e9dite dans un vaste monde interconnect\u00e9.<\/p>\n<p class=\"bb_paragraph\">\n<p class=\"bb_paragraph\">Des \u00e9ons ont pass\u00e9 depuis la d\u00e9faite du dieu d\u00e9mon Adyr aux mains de l&#8217;homme. Et pourtant, sa r\u00e9surrection approche&#8230; Incarnez l&#8217;un des l\u00e9gendaires Noirs-Crois\u00e9s dans une aventure \u00e0 travers les royaumes des vivants et des morts dans cette exp\u00e9rience RPG, au terme de laquelle vous \u00e9liminerez Adyr une bonne fois pour toutes. D\u00e9couvrez des affrontements colossaux avec les boss, des combats rythm\u00e9s et exigeants, et une narration riche et immersive.<\/p>\n<p class=\"bb_paragraph\">\n<h2 class=\"bb_tag\">Explorez un monde interconnect\u00e9<\/h2>\n<p class=\"bb_paragraph\">Traversez deux vastes mondes parall\u00e8les, celui des vivants, et celui des morts. Chacun poss\u00e8de sa propre carte, ses secrets, ses tr\u00e9sors&#8230; et ses propres ennemis.<\/p>\n<p class=\"bb_paragraph\">\n<h2 class=\"bb_tag\">Ma\u00eetrisez des combats rapides et exigeants<\/h2>\n<p class=\"bb_paragraph\">Choisissez parmi des centaines d&#8217;armes uniques, du fl\u00e9au brutal \u00e0 l&#8217;arbal\u00e8te \u00e0 cadence rapide, ou bien pr\u00e9f\u00e9rez la magie au m\u00e9tal et lib\u00e9rez des attaques arcaniques d\u00e9vastatrices.<\/p>\n<p class=\"bb_paragraph\">\n<div class=\"bb_wide_img_ctn\"><img data-recalc-dims=\"1\" decoding=\"async\" class=\"bb_img\" src=\"https:\/\/i0.wp.com\/shared.fastly.steamstatic.com\/store_item_assets\/steam\/apps\/1501750\/extras\/4_fluidCombat.gif?ssl=1\" \/><\/div>\n<h2 class=\"bb_tag\">Unissez-vous en mode multijoueur<\/h2>\n<p class=\"bb_paragraph\">Profitez de la campagne en solo, ou bien jouez en coop en ligne avec la progression partag\u00e9e. Assurez-vous de jouer sur la m\u00eame partie et d&#8217;avoir vaincu le m\u00eame nombre de boss principaux (\u00e0 un pr\u00e8s) pour pouvoir tous les deux sauvegarder votre progression en jeu. Vous pouvez aussi inviter une personne qui ne poss\u00e8de pas le jeu gr\u00e2ce au passe d&#8217;ami gratuit.<\/p>\n<p class=\"bb_paragraph\">\n<h2 class=\"bb_tag\">Personnalisez votre aventure<\/h2>\n<p class=\"bb_paragraph\">Avec le syst\u00e8me avanc\u00e9 de modification des param\u00e8tres de jeu, personnalisez pleinement votre exp\u00e9rience. D\u00e9terminez la densit\u00e9 des groupes d&#8217;ennemis, param\u00e9trez du butin al\u00e9atoire ou des armes d\u00e9j\u00e0 am\u00e9lior\u00e9es, optez pour la mort permanente, et bien plus encore.<\/p>\n<p class=\"bb_paragraph\">\n<h2 class=\"bb_tag\">Forgez votre propre l\u00e9gende<\/h2>\n<p class=\"bb_paragraph\">Personnalisez totalement l&#8217;apparence de votre personnage avant de choisir l&#8217;une des neuf classes disponibles. Quel que soit votre point de d\u00e9part, vous pourrez d\u00e9velopper votre personnage en fonction de votre style en am\u00e9liorant ses stats, ses armes, son armure et ses sorts.<\/p>\n<p class=\"bb_paragraph\">\n<div class=\"bb_wide_img_ctn\"><img data-recalc-dims=\"1\" decoding=\"async\" class=\"bb_img\" src=\"https:\/\/i0.wp.com\/shared.fastly.steamstatic.com\/store_item_assets\/steam\/apps\/1501750\/extras\/3_defineLegend.gif?ssl=1\" \/><\/div>\n<h2 class=\"bb_tag\">Mises \u00e0 jour apr\u00e8s la sortie du jeu<\/h2>\n<p class=\"bb_paragraph\">Plus de 50\u00a0mises \u00e0 jour se sont succ\u00e9d\u00e9 apr\u00e8s la sortie du jeu, permettant d&#8217;am\u00e9liorer grandement les performances, d&#8217;\u00e9quilibrer la difficult\u00e9 en r\u00e9ponse aux commentaires des joueurs, d&#8217;ajouter de nouvelles qu\u00eates, de perfectionner le combat et les d\u00e9placements, et d&#8217;apporter de nombreuses am\u00e9liorations au confort de jeu.<\/p>\n<p class=\"bb_paragraph\">\n<h2 class=\"bb_tag\">Caract\u00e9ristiques principales\u00a0:<\/h2>\n<p class=\"bb_paragraph\">\n<ul class=\"bb_ul\">\n<li>\n<p class=\"bb_paragraph\">Traversez deux vastes mondes parall\u00e8les<\/p>\n<\/li>\n<li>\n<p class=\"bb_paragraph\">Personnalisez enti\u00e8rement votre aventure gr\u00e2ce au syst\u00e8me de param\u00e9trage avanc\u00e9 (imm\u00e9diatement disponible)<\/p>\n<\/li>\n<li>\n<p class=\"bb_paragraph\">Ma\u00eetrisez un syst\u00e8me de combat exigeant, rapide et fluide<\/p>\n<\/li>\n<li>\n<p class=\"bb_paragraph\">Survivez \u00e0 des combats de boss \u00e9piques<\/p>\n<\/li>\n<li>\n<p class=\"bb_paragraph\">Portez des attaques magiques d\u00e9vastatrices et renforcez votre personnage<\/p>\n<\/li>\n<li>\n<p class=\"bb_paragraph\">Partez \u00e0 l&#8217;aventure en coop en ligne en progression partag\u00e9e, avec une fonctionnalit\u00e9 crossplay<\/p>\n<\/li>\n<li>\n<p class=\"bb_paragraph\">Jouez avec n&#8217;importe quel ami, m\u00eame s&#8217;il ne poss\u00e8de pas le jeu, gr\u00e2ce au passe d&#8217;ami gratuit (seul l&#8217;h\u00f4te sauvegarde la progression)<\/p>\n<\/li>\n<li>\n<p class=\"bb_paragraph\">Choisissez parmi les 9\u00a0classes de base, dont le Saint Chevalier, le Traqueur exil\u00e9 et le Cultiste pyrique<\/p>\n<\/li>\n<li>\n<p class=\"bb_paragraph\">Rejouez n&#8217;importe quel combat de boss en mode \u00ab\u00a0\u00c9chos de bataille\u00a0\u00bb (disponible depuis n&#8217;importe quel vestige)<\/p>\n<\/li>\n<li>\n<p class=\"bb_paragraph\">Relevez l&#8217;ultime d\u00e9fi boss rush en mode \u00ab\u00a0Creuset\u00a0\u00bb (disponible depuis n&#8217;importe quel vestige)<\/p>\n<\/li>\n<\/ul>\n<\/div>\n<\/div>\n<div class=\"game_page_autocollapse_fade\"><\/div>","protected":false},"excerpt":{"rendered":"<p>\u0627\u0633\u062a\u0645\u062a\u0639 \u0628\u062a\u062c\u0631\u0628\u0629 \u0644\u0639\u0628 \u0623\u0635\u0644\u064a\u0629 \u0639\u0628\u0631 \u0643\u0648\u062f \u0627\u0633\u062a\u0631\u062f\u0627\u062f \u0631\u0633\u0645\u064a!<br \/>\n\u0627\u0634\u062a\u0631\u0650 \u0627\u0644\u0644\u0639\u0628\u0629 \u0627\u0644\u0622\u0646 \u0648\u0627\u062d\u0635\u0644 \u0639\u0644\u0649 \u0643\u0648\u062f \u0627\u0644\u062a\u0641\u0639\u064a\u0644 \u0627\u0644\u0631\u0642\u0645\u064a \u062e\u0644\u0627\u0644 10 \u0625\u0644\u0649 15 \u062f\u0642\u064a\u0642\u0629 \u0641\u0642\u0637 \u0628\u0639\u062f \u0627\u0644\u062f\u0641\u0639.<br \/>\n\u0642\u0645 \u0628\u0627\u0633\u062a\u062e\u062f\u0627\u0645 \u0627\u0644\u0643\u0648\u062f \u0639\u0644\u0649 \u0627\u0644\u0645\u0646\u0635\u0629 \u0627\u0644\u0645\u0646\u0627\u0633\u0628\u0629 (Steam\u060c Xbox\u060c PSN&#8230;) \u0648\u0633\u064a\u062a\u0645 \u0625\u0636\u0627\u0641\u0629 \u0627\u0644\u0644\u0639\u0628\u0629 \u062a\u0644\u0642\u0627\u0626\u064a\u0627\u064b \u0625\u0644\u0649 \u062d\u0633\u0627\u0628\u0643 \u0645\u062f\u0649 \u0627\u0644\u062d\u064a\u0627\u0629.<\/p>\n<p>\u0645\u0645\u064a\u0632\u0627\u062a \u0627\u0644\u0645\u0646\u062a\u062c:<br \/>\n\u0643\u0648\u062f \u0631\u0633\u0645\u064a \u0648\u0622\u0645\u0646 100%<\/p>\n<p>\u062a\u0633\u0644\u064a\u0645 \u0633\u0631\u064a\u0639 \u062e\u0644\u0627\u0644 10 &#8211; 15 \u062f\u0642\u064a\u0642\u0629<\/p>\n<p>\u062f\u0639\u0645 \u0641\u0646\u064a \u0641\u064a \u062d\u0627\u0644 \u0648\u0627\u062c\u0647\u062a \u0623\u064a \u0645\u0634\u0643\u0644\u0629<\/p>\n<p>\u0628\u062f\u0648\u0646 \u0627\u0634\u062a\u0631\u0627\u0643 \u0634\u0647\u0631\u064a \u2013 \u0634\u0631\u0627\u0621 \u0644\u0645\u0631\u0629 \u0648\u0627\u062d\u062f\u0629 \u0641\u0642\u0637<\/p>\n<p>\u0627\u0644\u0633\u0639\u0631 \u0627\u0644\u0623\u0641\u0636\u0644 \u0641\u064a \u0627\u0644\u0633\u0648\u0642 \u0627\u0644\u062c\u0632\u0627\u0626\u0631\u064a<\/p>\n<p>\u0643\u064a\u0641\u064a\u0629 \u0627\u0644\u0627\u0633\u062a\u0631\u062f\u0627\u062f:<br \/>\n\u0625\u0630\u0627 \u0644\u0645 \u062a\u0643\u0646 \u062a\u0639\u0631\u0641 \u0637\u0631\u064a\u0642\u0629 \u062a\u0641\u0639\u064a\u0644 \u0627\u0644\u0643\u0648\u062f\u060c \u0644\u0627 \u062a\u0642\u0644\u0642!<br \/>\n\u0628\u0639\u062f \u0639\u0645\u0644\u064a\u0629 \u0627\u0644\u0634\u0631\u0627\u0621\u060c \u0633\u064a\u062a\u0645 \u062a\u0648\u062c\u064a\u0647\u0643 \u062a\u0644\u0642\u0627\u0626\u064a\u0627\u064b \u0625\u0644\u0649 \u0635\u0641\u062d\u0629 \u0641\u064a\u0647\u0627 \u0641\u064a\u062f\u064a\u0648\u0647\u0627\u062a \u062a\u0634\u0631\u062d \u062e\u0637\u0648\u0629 \u0628\u062e\u0637\u0648\u0629 \u0643\u064a\u0641\u064a\u0629 \u0627\u0633\u062a\u0631\u062f\u0627\u062f \u0627\u0644\u0643\u0648\u062f \u0639\u0644\u0649 \u0643\u0644 \u0645\u0646\u0635\u0629 (Steam\u060c Xbox\u060c PS&#8230;).<\/p>","protected":false},"featured_media":3952,"comment_status":"open","ping_status":"closed","template":"","meta":{"googlesitekit_rrm_CAowv7G7DA:productID":"","om_disable_all_campaigns":false,"_monsterinsights_skip_tracking":false,"_monsterinsights_sitenote_active":false,"_monsterinsights_sitenote_note":"","_monsterinsights_sitenote_category":0,"jetpack_post_was_ever_published":false},"product_brand":[],"product_cat":[],"product_tag":[],"class_list":{"0":"post-3950","1":"product","2":"type-product","3":"status-publish","4":"has-post-thumbnail","7":"first","8":"instock","9":"sale","10":"virtual","11":"taxable","12":"purchasable","13":"product-type-simple"},"jetpack_sharing_enabled":true,"jetpack_likes_enabled":true,"_links":{"self":[{"href":"https:\/\/cdhubs.com\/tr\/wp-json\/wp\/v2\/product\/3950","targetHints":{"allow":["GET"]}}],"collection":[{"href":"https:\/\/cdhubs.com\/tr\/wp-json\/wp\/v2\/product"}],"about":[{"href":"https:\/\/cdhubs.com\/tr\/wp-json\/wp\/v2\/types\/product"}],"replies":[{"embeddable":true,"href":"https:\/\/cdhubs.com\/tr\/wp-json\/wp\/v2\/comments?post=3950"}],"version-history":[{"count":2,"href":"https:\/\/cdhubs.com\/tr\/wp-json\/wp\/v2\/product\/3950\/revisions"}],"predecessor-version":[{"id":3954,"href":"https:\/\/cdhubs.com\/tr\/wp-json\/wp\/v2\/product\/3950\/revisions\/3954"}],"wp:featuredmedia":[{"embeddable":true,"href":"https:\/\/cdhubs.com\/tr\/wp-json\/wp\/v2\/media\/3952"}],"wp:attachment":[{"href":"https:\/\/cdhubs.com\/tr\/wp-json\/wp\/v2\/media?parent=3950"}],"wp:term":[{"taxonomy":"product_brand","embeddable":true,"href":"https:\/\/cdhubs.com\/tr\/wp-json\/wp\/v2\/product_brand?post=3950"},{"taxonomy":"product_cat","embeddable":true,"href":"https:\/\/cdhubs.com\/tr\/wp-json\/wp\/v2\/product_cat?post=3950"},{"taxonomy":"product_tag","embeddable":true,"href":"https:\/\/cdhubs.com\/tr\/wp-json\/wp\/v2\/product_tag?post=3950"}],"curies":[{"name":"wp","href":"https:\/\/api.w.org\/{rel}","templated":true}]}}