{"id":3729,"date":"2025-05-15T22:03:23","date_gmt":"2025-05-15T21:03:23","guid":{"rendered":"https:\/\/cdhubs.com\/?post_type=product&#038;p=3729"},"modified":"2025-05-15T22:04:22","modified_gmt":"2025-05-15T21:04:22","slug":"wwe-2k25-xbox","status":"publish","type":"product","link":"https:\/\/cdhubs.com\/tr\/urun\/wwe-2k25-xbox\/","title":{"rendered":"WWE 2K25 XBOX"},"content":{"rendered":"<div id=\"aboutThisGame\" class=\"game_page_autocollapse\" data-panel=\"{&quot;type&quot;:&quot;PanelGroup&quot;}\">\n<div id=\"game_area_description\" class=\"game_area_description\">\n<h2>\u00c0 propos de ce jeu<\/h2>\n<p class=\"bb_paragraph\"><img data-recalc-dims=\"1\" height=\"706\" width=\"1232\" decoding=\"async\" class=\"bb_img\" src=\"https:\/\/i0.wp.com\/shared.cloudflare.steamstatic.com\/store_item_assets\/steam\/apps\/2878960\/extras\/WWE2K25-STANDARD_EDITION-METADATA-NA-STATIC-ENUS-ESRB-MAIN_CAPSULE_STEAM-1232x706.jpg?resize=1232%2C706&#038;ssl=1\" \/><\/p>\n<h2 class=\"bb_tag\">UN EFFECTIF M\u00c9MORABLE<\/h2>\n<p class=\"bb_paragraph\">WWE 2K25 propose un choix in\u00e9gal\u00e9 de superstars, de l\u00e9gendes et de membres du Hall of Fame. L&#8217;effectif compte plus de 300 noms sur plusieurs g\u00e9n\u00e9rations, avec notamment Seth \u00ab Freakin \u00bb Rollins, Undertaker, Cody Rhodes, CM Punk, Jade Cargill, et bien d&#8217;autres.<\/p>\n<h2 class=\"bb_tag\">2K SHOWCASE : LA DYNASTIE DE THE BLOODLINE<\/h2>\n<p class=\"bb_paragraph\">Le tout nouveau Showcase, anim\u00e9 par \u00ab The Wiseman \u00bb Paul Heyman, met \u00e0 l&#8217;honneur l&#8217;une des plus grandes dynasties familiales. Revivez les combats l\u00e9gendaires entre The Bloodline et les Superstars et L\u00e9gendes WWE.<\/p>\n<h2 class=\"bb_tag\">UN Mon ASCENSION UNIFI\u00c9<\/h2>\n<p class=\"bb_paragraph\">Prenez le contr\u00f4le de votre Ma Superstar f\u00e9minine ou masculine dans un sc\u00e9nario Mon ASCENSION multigenre unique, dans lequel Bayley, Kevin Owens et d&#8217;autres Superstars infiltrent NXT pour prendre le contr\u00f4le de la WWE. Avec de nouveaux environnements de combat, des ar\u00e8nes \u00e0 d\u00e9bloquer, des personnages, ainsi que de nouvelles intrigues avec Jey Uso, Bianca Belair et d&#8217;autres superstars WWE.<\/p>\n<h2 class=\"bb_tag\">Mon MG S&#8217;\u00c9TEND \u00c0 L&#8217;INTERNATIONAL<\/h2>\n<p class=\"bb_paragraph\">Mon MG propose d\u00e9sormais un mode multijoueur en ligne. Ajoutez des superstars et des l\u00e9gendes WWE \u00e0 votre effectif et dirigez votre marque au fil des saisons.<\/p>\n<h2 class=\"bb_tag\">VOTRE UNIVERS \u00c0 VOTRE IMAGE<\/h2>\n<p class=\"bb_paragraph\">De nouvelles mises \u00e0 jour vous permettent de mieux contr\u00f4ler votre Univers, avec des promos comment\u00e9es et de nouvelles sc\u00e8nes, des options et des r\u00e9sultats multiples.<\/p>\n<h2 class=\"bb_tag\">JOUABILIT\u00c9 \u00c9TENDUE<\/h2>\n<p class=\"bb_paragraph\">Le catch intergenre arrive enfin dans WWE 2K ! Parmi les fonctionnalit\u00e9s suppl\u00e9mentaires, retrouvez le retour des encha\u00eenements, les matchs Underground et Bloodline, les attaques plongeantes depuis les barri\u00e8res, etc.<\/p>\n<p class=\"bb_paragraph\">**Offre bonus de pr\u00e9commande disponible jusqu&#8217;au 13 mars 2025 \u00e0 15:59:59 PT. Les articles seront automatiquement disponibles dans le jeu. Le pack Wyatt Sicks est inclus avec les \u00c9ditions Deadman et The Bloodline. Voir conditions.<\/p>\n<\/div>\n<\/div>\n<div class=\"game_page_autocollapse_fade\"><\/div>","protected":false},"excerpt":{"rendered":"<p>\u0627\u0633\u062a\u0645\u062a\u0639 \u0628\u062a\u062c\u0631\u0628\u0629 \u0644\u0639\u0628 \u0623\u0635\u0644\u064a\u0629 \u0639\u0628\u0631 \u0643\u0648\u062f \u0627\u0633\u062a\u0631\u062f\u0627\u062f \u0631\u0633\u0645\u064a!<br \/>\n\u0627\u0634\u062a\u0631\u0650 \u0627\u0644\u0644\u0639\u0628\u0629 \u0627\u0644\u0622\u0646 \u0648\u0627\u062d\u0635\u0644 \u0639\u0644\u0649 \u0643\u0648\u062f \u0627\u0644\u062a\u0641\u0639\u064a\u0644 \u0627\u0644\u0631\u0642\u0645\u064a \u062e\u0644\u0627\u0644 10 \u0625\u0644\u0649 15 \u062f\u0642\u064a\u0642\u0629 \u0641\u0642\u0637 \u0628\u0639\u062f \u0627\u0644\u062f\u0641\u0639.<br \/>\n\u0642\u0645 \u0628\u0627\u0633\u062a\u062e\u062f\u0627\u0645 \u0627\u0644\u0643\u0648\u062f \u0639\u0644\u0649 \u0627\u0644\u0645\u0646\u0635\u0629 \u0627\u0644\u0645\u0646\u0627\u0633\u0628\u0629 (Steam\u060c Xbox\u060c PSN&#8230;) \u0648\u0633\u064a\u062a\u0645 \u0625\u0636\u0627\u0641\u0629 \u0627\u0644\u0644\u0639\u0628\u0629 \u062a\u0644\u0642\u0627\u0626\u064a\u0627\u064b \u0625\u0644\u0649 \u062d\u0633\u0627\u0628\u0643 \u0645\u062f\u0649 \u0627\u0644\u062d\u064a\u0627\u0629.<\/p>\n<p>\u0645\u0645\u064a\u0632\u0627\u062a \u0627\u0644\u0645\u0646\u062a\u062c:<br \/>\n\u0643\u0648\u062f \u0631\u0633\u0645\u064a \u0648\u0622\u0645\u0646 100%<\/p>\n<p>\u062a\u0633\u0644\u064a\u0645 \u0633\u0631\u064a\u0639 \u062e\u0644\u0627\u0644 10 &#8211; 15 \u062f\u0642\u064a\u0642\u0629<\/p>\n<p>\u062f\u0639\u0645 \u0641\u0646\u064a \u0641\u064a \u062d\u0627\u0644 \u0648\u0627\u062c\u0647\u062a \u0623\u064a \u0645\u0634\u0643\u0644\u0629<\/p>\n<p>\u0628\u062f\u0648\u0646 \u0627\u0634\u062a\u0631\u0627\u0643 \u0634\u0647\u0631\u064a \u2013 \u0634\u0631\u0627\u0621 \u0644\u0645\u0631\u0629 \u0648\u0627\u062d\u062f\u0629 \u0641\u0642\u0637<\/p>\n<p>\u0627\u0644\u0633\u0639\u0631 \u0627\u0644\u0623\u0641\u0636\u0644 \u0641\u064a \u0627\u0644\u0633\u0648\u0642 \u0627\u0644\u062c\u0632\u0627\u0626\u0631\u064a<\/p>\n<p>\u0643\u064a\u0641\u064a\u0629 \u0627\u0644\u0627\u0633\u062a\u0631\u062f\u0627\u062f:<br \/>\n\u0625\u0630\u0627 \u0644\u0645 \u062a\u0643\u0646 \u062a\u0639\u0631\u0641 \u0637\u0631\u064a\u0642\u0629 \u062a\u0641\u0639\u064a\u0644 \u0627\u0644\u0643\u0648\u062f\u060c \u0644\u0627 \u062a\u0642\u0644\u0642!<br \/>\n\u0628\u0639\u062f \u0639\u0645\u0644\u064a\u0629 \u0627\u0644\u0634\u0631\u0627\u0621\u060c \u0633\u064a\u062a\u0645 \u062a\u0648\u062c\u064a\u0647\u0643 \u062a\u0644\u0642\u0627\u0626\u064a\u0627\u064b \u0625\u0644\u0649 \u0635\u0641\u062d\u0629 \u0641\u064a\u0647\u0627 \u0641\u064a\u062f\u064a\u0648\u0647\u0627\u062a \u062a\u0634\u0631\u062d \u062e\u0637\u0648\u0629 \u0628\u062e\u0637\u0648\u0629 \u0643\u064a\u0641\u064a\u0629 \u0627\u0633\u062a\u0631\u062f\u0627\u062f \u0627\u0644\u0643\u0648\u062f \u0639\u0644\u0649 \u0643\u0644 \u0645\u0646\u0635\u0629 (Steam\u060c Xbox\u060c PS&#8230;).<\/p>","protected":false},"featured_media":3726,"comment_status":"open","ping_status":"closed","template":"","meta":{"googlesitekit_rrm_CAowv7G7DA:productID":"","om_disable_all_campaigns":false,"_monsterinsights_skip_tracking":false,"_monsterinsights_sitenote_active":false,"_monsterinsights_sitenote_note":"","_monsterinsights_sitenote_category":0,"jetpack_post_was_ever_published":false},"product_brand":[63],"product_cat":[48,49],"product_tag":[],"class_list":{"0":"post-3729","1":"product","2":"type-product","3":"status-publish","4":"has-post-thumbnail","6":"product_brand-xbox","7":"product_cat-xbox-one","8":"product_cat-xbox-series-xs","10":"first","11":"instock","12":"sale","13":"virtual","14":"taxable","15":"purchasable","16":"product-type-simple"},"jetpack_sharing_enabled":true,"jetpack_likes_enabled":true,"_links":{"self":[{"href":"https:\/\/cdhubs.com\/tr\/wp-json\/wp\/v2\/product\/3729","targetHints":{"allow":["GET"]}}],"collection":[{"href":"https:\/\/cdhubs.com\/tr\/wp-json\/wp\/v2\/product"}],"about":[{"href":"https:\/\/cdhubs.com\/tr\/wp-json\/wp\/v2\/types\/product"}],"replies":[{"embeddable":true,"href":"https:\/\/cdhubs.com\/tr\/wp-json\/wp\/v2\/comments?post=3729"}],"version-history":[{"count":1,"href":"https:\/\/cdhubs.com\/tr\/wp-json\/wp\/v2\/product\/3729\/revisions"}],"predecessor-version":[{"id":3730,"href":"https:\/\/cdhubs.com\/tr\/wp-json\/wp\/v2\/product\/3729\/revisions\/3730"}],"wp:featuredmedia":[{"embeddable":true,"href":"https:\/\/cdhubs.com\/tr\/wp-json\/wp\/v2\/media\/3726"}],"wp:attachment":[{"href":"https:\/\/cdhubs.com\/tr\/wp-json\/wp\/v2\/media?parent=3729"}],"wp:term":[{"taxonomy":"product_brand","embeddable":true,"href":"https:\/\/cdhubs.com\/tr\/wp-json\/wp\/v2\/product_brand?post=3729"},{"taxonomy":"product_cat","embeddable":true,"href":"https:\/\/cdhubs.com\/tr\/wp-json\/wp\/v2\/product_cat?post=3729"},{"taxonomy":"product_tag","embeddable":true,"href":"https:\/\/cdhubs.com\/tr\/wp-json\/wp\/v2\/product_tag?post=3729"}],"curies":[{"name":"wp","href":"https:\/\/api.w.org\/{rel}","templated":true}]}}