{"id":3509,"date":"2025-04-30T22:30:32","date_gmt":"2025-04-30T21:30:32","guid":{"rendered":"https:\/\/cdhubs.com\/?post_type=product&#038;p=3509"},"modified":"2025-04-30T22:30:32","modified_gmt":"2025-04-30T21:30:32","slug":"baldurs-gate-3-pc","status":"publish","type":"product","link":"https:\/\/cdhubs.com\/tr\/urun\/baldurs-gate-3-pc\/","title":{"rendered":"Baldur&#039;s Gate 3 PC"},"content":{"rendered":"<div id=\"aboutThisGame\" class=\"game_page_autocollapse\" data-panel=\"{&quot;type&quot;:&quot;PanelGroup&quot;}\">\n<div id=\"game_area_description\" class=\"game_area_description\">\n<h2>\u00c0 propos de ce jeu<\/h2>\n<div class=\"bb_wide_img_ctn\"><img data-recalc-dims=\"1\" decoding=\"async\" class=\"bb_img\" src=\"https:\/\/i0.wp.com\/shared.fastly.steamstatic.com\/store_item_assets\/steam\/apps\/1086940\/extras\/Larian_Steam_new_KeyArt_ready.gif?ssl=1\" \/><\/div>\n<p>Constituez votre groupe et retrouvez les Royaumes Oubli\u00e9s dans cette histoire d&#8217;amiti\u00e9 et de trahison, mais aussi de survie et de sacrifice, sur fond de pouvoir absolu.<\/p>\n<p>D&#8217;\u00e9tranges facult\u00e9s se d\u00e9clarent en vous depuis que les flagelleurs mentaux vous ont implant\u00e9 un parasite dans le cerveau. R\u00e9sistez \u00e0 ces dons malfaisants et retournez-les contre les forces des t\u00e9n\u00e8bres, ou acceptez la corruption et devenez l&#8217;incarnation du mal.<\/p>\n<p>Un RPG de nouvelle g\u00e9n\u00e9ration dans l&#8217;univers de Dungeons &amp; Dragons, par les cr\u00e9ateurs de Divinity: Original Sin 2.<\/p>\n<div class=\"bb_wide_img_ctn\"><img data-recalc-dims=\"1\" decoding=\"async\" class=\"bb_img\" src=\"https:\/\/i0.wp.com\/shared.fastly.steamstatic.com\/store_item_assets\/steam\/apps\/1086940\/extras\/Gather_new.gif?ssl=1\" \/><\/div>\n<p>Faites votre choix parmi 12\u00a0classes et 11\u00a0races du Manuel des joueurs de D&amp;D pour cr\u00e9er votre personnage, ou incarnez un h\u00e9ros de type origine \u00e0 l&#8217;histoire extr\u00eamement riche&#8230; \u00e0 moins que vous ne pr\u00e9f\u00e9riez affronter vos propres d\u00e9mons en jouant un avatar anim\u00e9 de sombres pulsions, avec ses propres m\u00e9caniques de jeu et son propre v\u00e9cu. Partez \u00e0 l&#8217;aventure, multipliez les combats, enrichissez-vous et d\u00e9couvrez l&#8217;amour, dans les Royaumes Oubli\u00e9s et au-del\u00e0. Constituez votre groupe et jouez en ligne jusqu&#8217;\u00e0 4 joueurs.<\/p>\n<div class=\"bb_wide_img_ctn\"><img data-recalc-dims=\"1\" decoding=\"async\" class=\"bb_img\" src=\"https:\/\/i0.wp.com\/shared.fastly.steamstatic.com\/store_item_assets\/steam\/apps\/1086940\/extras\/An_expansive_original_story.png?ssl=1\" \/><\/div>\n<p>Enlev\u00e9, infect\u00e9, perdu&#8230; Vous vous transformez peu \u00e0 peu en monstre, mais alors que la corruption qui est en vous ne cesse de gagner du terrain, elle accro\u00eet \u00e9galement votre pouvoir. Cela pourrait vous permettre de survivre, mais il y aura forc\u00e9ment un prix \u00e0 payer et, plus que n&#8217;importe quelle capacit\u00e9, ce sont peut-\u00eatre les liens que vous aurez r\u00e9ussi \u00e0 tisser avec les membres de votre groupe qui constitueront votre plus grande force. Pris dans un conflit entre les dieux, les diables et des forces sinistres originaires d&#8217;autres plans, vos compagnons et vous devrez d\u00e9cider du sort des Royaumes Oubli\u00e9s..<\/p>\n<div class=\"bb_wide_img_ctn\"><img data-recalc-dims=\"1\" decoding=\"async\" class=\"bb_img\" src=\"https:\/\/i0.wp.com\/shared.fastly.steamstatic.com\/store_item_assets\/steam\/apps\/1086940\/extras\/Next_Gen_new.gif?ssl=1\" \/><\/div>\n<p>Cr\u00e9\u00e9 \u00e0 l&#8217;aide du nouveau moteur Divinity 4.0, Baldur&#8217;s\u00a0Gate\u00a03 vous offre une libert\u00e9 sans pr\u00e9c\u00e9dent pour explorer, exp\u00e9rimenter et interagir avec un monde regorgeant de personnages, de fourberie et de dangers. Une grande aventure narrative et cin\u00e9matique vous permettra d&#8217;\u00eatre plus proche que jamais de vos personnages. Des for\u00eats corrompues par les ombres \u00e0 la gigantesque cit\u00e9 de la Porte de Baldur en passant par les cavernes magiques des Tr\u00e9fonds\u00a0Obscurs, vos actes auront des cons\u00e9quences et vos choix d\u00e9termineront la trace que vous laisserez dans l&#8217;histoire.<\/p>\n<div class=\"bb_wide_img_ctn\"><img data-recalc-dims=\"1\" decoding=\"async\" class=\"bb_img\" src=\"https:\/\/i0.wp.com\/shared.fastly.steamstatic.com\/store_item_assets\/steam\/apps\/1086940\/extras\/No_adventure_will_be_the_same.png?ssl=1\" \/><\/div>\n<p>Les Royaumes Oubli\u00e9s sont un monde vaste, d\u00e9taill\u00e9 et diversifi\u00e9 regorgeant de myst\u00e8res et de secrets \u00e0 d\u00e9couvrir. D\u00e9placez-vous furtivement, plongez dans l&#8217;eau, poussez les objets, grimpez ou sautez lors d&#8217;aventures qui vous emm\u00e8neront des recoins les plus sombres des Tr\u00e9fonds Obscurs aux toits baign\u00e9s de soleil du quartier noble de la Porte de Baldur. Vos d\u00e9cisions auront une influence sur le d\u00e9roulement de l&#8217;histoire et vous permettront de laisser votre marque sur le monde de jeu. D\u00e9cidez comment vous voulez qu&#8217;on se souvienne de vous, approfondissez vos relations avec vos alli\u00e9s, terrassez vos ennemis et r\u00e9solvez les probl\u00e8mes \u00e0 votre fa\u00e7on en vous disant bien une chose\u00a0: toutes les parties seront diff\u00e9rentes.<\/p>\n<ul class=\"bb_ul\">\n<li>Un mode multijoueur en ligne jusqu&#8217;\u00e0 4 joueurs<br \/>\nvous permet de combiner vos forces au combat afin d&#8217;attaquer vos ennemis simultan\u00e9ment, ou encore de scinder votre groupe en fonction des qu\u00eates que vous avez \u00e0 accomplir et des objectifs que vous vous \u00eates fix\u00e9s. Concoctez le plan parfait ensemble&#8230; ou introduisez une part de chaos dans votre strat\u00e9gie quand vos amis s&#8217;y attendent le moins. Mais attention, les relations sont complexes&#8230; surtout quand on a un parasite dans le cerveau.<\/li>\n<li>Personnages de type origine<br \/>\nSept h\u00e9ros uniques de type origine vous offrent un jeu plus riche encore, chacun ayant ses traits de caract\u00e8re, ses secrets et sa propre vision du monde. Leurs histoires s&#8217;entrem\u00ealent tout au long d&#8217;un sc\u00e9nario foisonnant et plein de rebondissements, et ce sont vos choix qui d\u00e9termineront si elles d\u00e9bouchent sur le salut, la r\u00e9demption ou le triomphe ultime de chaque personnage, parmi de nombreuses autres fins possibles. Incarnez l&#8217;un de ces personnages et profitez pleinement de son histoire personnelle, ou recrutez-les pour qu&#8217;ils combattent \u00e0 vos c\u00f4t\u00e9s.<\/li>\n<li>Des combats au tour par tour particuli\u00e8rement travaill\u00e9s<br \/>\nbas\u00e9s sur les r\u00e8gles de la 5e \u00e9dition de D&amp;D. Initiative par \u00e9quipe, avantage et d\u00e9savantage, ou encore modificateurs aux jets de d\u00e9s viennent s&#8217;ajouter \u00e0 une IA \u00e9volu\u00e9e, des interactions avec l&#8217;environnement plus vari\u00e9es que jamais et une toute nouvelle fluidit\u00e9 dans les combats r\u00e9compensant la strat\u00e9gie et la pr\u00e9voyance. Trois niveaux de difficult\u00e9 vous permettent de choisir le type de combat que vous pr\u00e9f\u00e9rez. Choisissez les d\u00e9s pip\u00e9s pour mettre toutes les chances de votre c\u00f4t\u00e9, ou le mode Tacticien si vous aimez les d\u00e9fis particuli\u00e8rement relev\u00e9s.<\/li>\n<li>Une richesse de jeu sans pr\u00e9c\u00e9dent<br \/>\navec pas moins de 31\u00a0variantes raciales d\u00e9coulant des 11\u00a0races de d\u00e9part (humain, githyanki, demi-orque, nain, elfe, drow, tieffelin, halfelin, demi-elfe, gnome ou drak\u00e9ide) et 46\u00a0variantes de classe \u00e0 partir des 12\u00a0classes de base. Plus de 600\u00a0sorts et actions vous offrent une libert\u00e9 d&#8217;interaction quasi infinie avec un monde de jeu d\u00e9fini dans ses moindres d\u00e9tails qui r\u00e9compense l&#8217;exploration et dans lequel vos choix d\u00e9terminent la suite de l&#8217;histoire. Notre cr\u00e9ateur de personnages vous offre une diversit\u00e9 d&#8217;options unique qui vous permettra de modeler votre apparence dans ses moindres d\u00e9tails avant de partir \u00e0 l&#8217;aventure jusqu&#8217;au niveau 12. Plus de 174\u00a0heures de cin\u00e9matiques vous garantissent de d\u00e9couvrir sans cesse de nouvelles sc\u00e8nes, m\u00eame si vous d\u00e9cidez de rejouer plusieurs fois.<\/li>\n<li>Des romances complexes et d&#8217;une grande richesse<br \/>\nEntre la guerre qui menace de plus en plus dans la r\u00e9gion de la Porte de Baldur et une invasion de flagelleurs mentaux qui se profile \u00e0 l&#8217;horizon, de nouvelles alliances se nouent et des amiti\u00e9s se forgent. Iront-elles plus loin\u00a0? \u00c0 vous de le d\u00e9cider, gr\u00e2ce aux relations extr\u00eamement r\u00e9alistes que le jeu vous propose avec les gens que vous rencontrez au cours de votre aventure. Chacun de vos compagnons a sa propre \u00e9thique, ce qui les conduira tous \u00e0 r\u00e9agir, favorablement ou non, \u00e0 vos d\u00e9cisions. Resterez-vous sur vos positions, quitte \u00e0 les froisser ou \u00e0 vous les mettre \u00e0 dos\u00a0? Les relations que vous forgerez sur la route de la Porte de Baldur prendront la forme de moments de r\u00e9pit dans votre campement, tout en donnant encore plus de poids aux choix que vous ferez au cours de l&#8217;aventure.<\/li>\n<li>Personnalisez votre exp\u00e9rience pour le streaming<br \/>\nAinsi, quand vous passerez en direct, votre stream ne risquera pas d&#8217;\u00eatre interrompu par un ours, un juron, ou une absence de sous-v\u00eatements. Baldur&#8217;s\u00a0Gate\u00a03 vous propose trois niveaux de personnalisation diff\u00e9rents pour les streamers. Vous pouvez d\u00e9sactiver la nudit\u00e9 et\/ou le contenu explicite, tout comme vous pouvez activer l&#8217;int\u00e9gration Twitch afin d&#8217;interagir directement avec votre public, comme nous l&#8217;avons fait lors de nos pr\u00e9sentations de la s\u00e9rie Panel From Hell\u00a0! Gr\u00e2ce \u00e0 ces options, vous pourrez streamer Baldur&#8217;s\u00a0Gate\u00a03 sans le moindre probl\u00e8me, quelle que soit la fa\u00e7on dont vous jouez.<\/p>\n<div class=\"bb_wide_img_ctn\"><img data-recalc-dims=\"1\" decoding=\"async\" class=\"bb_img\" src=\"https:\/\/i0.wp.com\/shared.fastly.steamstatic.com\/store_item_assets\/steam\/apps\/1086940\/extras\/Final_Image_new.gif?ssl=1\" \/><\/div>\n<\/li>\n<\/ul>\n<\/div>\n<\/div>\n<div class=\"game_page_autocollapse_fade\"><\/div>","protected":false},"excerpt":{"rendered":"<p>\u0627\u0633\u062a\u0645\u062a\u0639 \u0628\u062a\u062c\u0631\u0628\u0629 \u0644\u0639\u0628 \u0623\u0635\u0644\u064a\u0629 \u0639\u0628\u0631 \u0643\u0648\u062f \u0627\u0633\u062a\u0631\u062f\u0627\u062f \u0631\u0633\u0645\u064a!<br \/>\n\u0627\u0634\u062a\u0631\u0650 \u0627\u0644\u0644\u0639\u0628\u0629 \u0627\u0644\u0622\u0646 \u0648\u0627\u062d\u0635\u0644 \u0639\u0644\u0649 \u0643\u0648\u062f \u0627\u0644\u062a\u0641\u0639\u064a\u0644 \u0627\u0644\u0631\u0642\u0645\u064a \u062e\u0644\u0627\u0644 10 \u0625\u0644\u0649 15 \u062f\u0642\u064a\u0642\u0629 \u0641\u0642\u0637 \u0628\u0639\u062f \u0627\u0644\u062f\u0641\u0639.<br \/>\n\u0642\u0645 \u0628\u0627\u0633\u062a\u062e\u062f\u0627\u0645 \u0627\u0644\u0643\u0648\u062f \u0639\u0644\u0649 \u0627\u0644\u0645\u0646\u0635\u0629 \u0627\u0644\u0645\u0646\u0627\u0633\u0628\u0629 (Steam\u060c Xbox\u060c PSN&#8230;) \u0648\u0633\u064a\u062a\u0645 \u0625\u0636\u0627\u0641\u0629 \u0627\u0644\u0644\u0639\u0628\u0629 \u062a\u0644\u0642\u0627\u0626\u064a\u0627\u064b \u0625\u0644\u0649 \u062d\u0633\u0627\u0628\u0643 \u0645\u062f\u0649 \u0627\u0644\u062d\u064a\u0627\u0629.<\/p>\n<p>\u0645\u0645\u064a\u0632\u0627\u062a \u0627\u0644\u0645\u0646\u062a\u062c:<br \/>\n\u0643\u0648\u062f \u0631\u0633\u0645\u064a \u0648\u0622\u0645\u0646 100%<\/p>\n<p>\u062a\u0633\u0644\u064a\u0645 \u0633\u0631\u064a\u0639 \u062e\u0644\u0627\u0644 10 &#8211; 15 \u062f\u0642\u064a\u0642\u0629<\/p>\n<p>\u062f\u0639\u0645 \u0641\u0646\u064a \u0641\u064a \u062d\u0627\u0644 \u0648\u0627\u062c\u0647\u062a \u0623\u064a \u0645\u0634\u0643\u0644\u0629<\/p>\n<p>\u0628\u062f\u0648\u0646 \u0627\u0634\u062a\u0631\u0627\u0643 \u0634\u0647\u0631\u064a \u2013 \u0634\u0631\u0627\u0621 \u0644\u0645\u0631\u0629 \u0648\u0627\u062d\u062f\u0629 \u0641\u0642\u0637<\/p>\n<p>\u0627\u0644\u0633\u0639\u0631 \u0627\u0644\u0623\u0641\u0636\u0644 \u0641\u064a \u0627\u0644\u0633\u0648\u0642 \u0627\u0644\u062c\u0632\u0627\u0626\u0631\u064a<\/p>\n<p>\u0643\u064a\u0641\u064a\u0629 \u0627\u0644\u0627\u0633\u062a\u0631\u062f\u0627\u062f:<br \/>\n\u0625\u0630\u0627 \u0644\u0645 \u062a\u0643\u0646 \u062a\u0639\u0631\u0641 \u0637\u0631\u064a\u0642\u0629 \u062a\u0641\u0639\u064a\u0644 \u0627\u0644\u0643\u0648\u062f\u060c \u0644\u0627 \u062a\u0642\u0644\u0642!<br \/>\n\u0628\u0639\u062f \u0639\u0645\u0644\u064a\u0629 \u0627\u0644\u0634\u0631\u0627\u0621\u060c \u0633\u064a\u062a\u0645 \u062a\u0648\u062c\u064a\u0647\u0643 \u062a\u0644\u0642\u0627\u0626\u064a\u0627\u064b \u0625\u0644\u0649 \u0635\u0641\u062d\u0629 \u0641\u064a\u0647\u0627 \u0641\u064a\u062f\u064a\u0648\u0647\u0627\u062a \u062a\u0634\u0631\u062d \u062e\u0637\u0648\u0629 \u0628\u062e\u0637\u0648\u0629 \u0643\u064a\u0641\u064a\u0629 \u0627\u0633\u062a\u0631\u062f\u0627\u062f \u0627\u0644\u0643\u0648\u062f \u0639\u0644\u0649 \u0643\u0644 \u0645\u0646\u0635\u0629 (Steam\u060c Xbox\u060c PS&#8230;).<\/p>","protected":false},"featured_media":3510,"comment_status":"open","ping_status":"closed","template":"","meta":{"googlesitekit_rrm_CAowv7G7DA:productID":"","om_disable_all_campaigns":false,"_monsterinsights_skip_tracking":false,"_monsterinsights_sitenote_active":false,"_monsterinsights_sitenote_note":"","_monsterinsights_sitenote_category":0,"jetpack_post_was_ever_published":false},"product_brand":[],"product_cat":[174],"product_tag":[],"class_list":{"0":"post-3509","1":"product","2":"type-product","3":"status-publish","4":"has-post-thumbnail","6":"product_cat-pc-gaming","8":"first","9":"instock","10":"sale","11":"taxable","12":"shipping-taxable","13":"purchasable","14":"product-type-simple"},"jetpack_sharing_enabled":true,"jetpack_likes_enabled":true,"_links":{"self":[{"href":"https:\/\/cdhubs.com\/tr\/wp-json\/wp\/v2\/product\/3509","targetHints":{"allow":["GET"]}}],"collection":[{"href":"https:\/\/cdhubs.com\/tr\/wp-json\/wp\/v2\/product"}],"about":[{"href":"https:\/\/cdhubs.com\/tr\/wp-json\/wp\/v2\/types\/product"}],"replies":[{"embeddable":true,"href":"https:\/\/cdhubs.com\/tr\/wp-json\/wp\/v2\/comments?post=3509"}],"version-history":[{"count":2,"href":"https:\/\/cdhubs.com\/tr\/wp-json\/wp\/v2\/product\/3509\/revisions"}],"predecessor-version":[{"id":3513,"href":"https:\/\/cdhubs.com\/tr\/wp-json\/wp\/v2\/product\/3509\/revisions\/3513"}],"wp:featuredmedia":[{"embeddable":true,"href":"https:\/\/cdhubs.com\/tr\/wp-json\/wp\/v2\/media\/3510"}],"wp:attachment":[{"href":"https:\/\/cdhubs.com\/tr\/wp-json\/wp\/v2\/media?parent=3509"}],"wp:term":[{"taxonomy":"product_brand","embeddable":true,"href":"https:\/\/cdhubs.com\/tr\/wp-json\/wp\/v2\/product_brand?post=3509"},{"taxonomy":"product_cat","embeddable":true,"href":"https:\/\/cdhubs.com\/tr\/wp-json\/wp\/v2\/product_cat?post=3509"},{"taxonomy":"product_tag","embeddable":true,"href":"https:\/\/cdhubs.com\/tr\/wp-json\/wp\/v2\/product_tag?post=3509"}],"curies":[{"name":"wp","href":"https:\/\/api.w.org\/{rel}","templated":true}]}}