{"id":3303,"date":"2025-04-29T21:22:59","date_gmt":"2025-04-29T21:22:59","guid":{"rendered":"https:\/\/cdhubs.com\/?post_type=product&#038;p=3303"},"modified":"2025-04-29T21:25:01","modified_gmt":"2025-04-29T21:25:01","slug":"alan-wake-2-xbox","status":"publish","type":"product","link":"https:\/\/cdhubs.com\/tr\/urun\/alan-wake-2-xbox\/","title":{"rendered":"Alan Wake 2 XBOX"},"content":{"rendered":"<h2>\u00c0 propos de ce jeu<\/h2>\n<p><i><b>Alan Wake 2<\/b><\/i><sup id=\"cite_ref-1\" class=\"reference\"><\/sup>\u00a0is a 2023\u00a0survival horror video game\u00a0developed by\u00a0Remedy Entertainment\u00a0and published by\u00a0Epic Games Publishing. The sequel to\u00a0<i>Alan Wake<\/i>\u00a0(2010), the story follows best-selling novelist\u00a0Alan Wake, who has been trapped in an alternate dimension for 13 years, as he attempts to escape by writing a horror story involving an\u00a0FBI Special Agent\u00a0named Saga Anderson.<\/p>\n<p>Quand la femme de l&#8217;\u00e9crivain best-seller Alan Wake dispara\u00eet pendant leurs vacances, ce dernier part \u00e0 sa recherche et se retrouve dans les pages d&#8217;un thriller qu&#8217;il ne se rappelle m\u00eame pas avoir \u00e9crit. Une sombre pr\u00e9sence ronge la petite ville de Bright Falls, poussant Alan Wake au bord de la folie dans son combat pour d\u00e9m\u00ealer ce myst\u00e8re et sauver sa bien-aim\u00e9e.<\/p>\n<p>Alan Wake est un m\u00e9lange de jeu d&#8217;action et de thriller psychologique. Pr\u00e9sent\u00e9 dans le style d&#8217;un thriller t\u00e9l\u00e9vis\u00e9, Alan Wake porte la marque de Remedy quant \u00e0 la narration et les s\u00e9quences d&#8217;action palpitantes. \u00c0 mesure que les joueurs s&#8217;enfoncent de plus en plus profond\u00e9ment dans le myst\u00e8re, ils seront confront\u00e9s \u00e0 des obstacles titanesques, des retournements de situation et des moments de suspense. Ce n&#8217;est pas uniquement en ma\u00eetrisant le m\u00e9canisme de combat bas\u00e9 sur la lumi\u00e8re qu&#8217;ils resteront \u00e0 l&#8217;\u00e9cart des t\u00e9n\u00e8bres qui se r\u00e9pandent sur Bright Falls.<\/p>\n<p>Avec le corps d&#8217;un jeu d&#8217;action et l&#8217;esprit d&#8217;un thriller psychologique, l&#8217;atmosph\u00e8re intense d&#8217;Alan Wake, son histoire profonde \u00e0 multiples interpr\u00e9tations et ses s\u00e9quences de combat incroyablement tendues livrent aux joueurs une exp\u00e9rience de jeu \u00e0 la fois originale et divertissante.<\/p>\n<p>&nbsp;<\/p>\n<p><img decoding=\"async\" src=\"https:\/\/upload.wikimedia.org\/wikipedia\/en\/thumb\/e\/ed\/Alan_Wake_2_box_art.jpg\/250px-Alan_Wake_2_box_art.jpg\" \/><\/p>\n<p><img data-recalc-dims=\"1\" decoding=\"async\" src=\"https:\/\/i0.wp.com\/www.pcgamesn.com\/wp-content\/sites\/pcgamesn\/2023\/07\/alan-wake-2-release-date.jpg?ssl=1\" alt=\"Alan Wake 2 release date, trailers, story, and gameplay\" \/><img decoding=\"async\" src=\"https:\/\/thaka.bing.com\/th\/id\/OSK.Gc4UmKNAyojZH8UOOa_QEqUZFEDuh0Wh2E7_HKVQuZY?w=312&amp;h=200&amp;c=7&amp;rs=1&amp;o=6&amp;dpr=1.5&amp;pid=SANGAM\" alt=\"Afficher plus d\u2019images de Alan Wake 2\" \/><img data-recalc-dims=\"1\" decoding=\"async\" src=\"https:\/\/i0.wp.com\/static0.gamerantimages.com\/wordpress\/wp-content\/uploads\/2023\/10\/alan-wake-2-gameplay.jpg?ssl=1\" alt=\"Alan Wake 2 - Burning Questions Answered (Release Times, Platforms, &amp; More)\" \/><\/p>","protected":false},"excerpt":{"rendered":"<p>\u0627\u0633\u062a\u0645\u062a\u0639 \u0628\u062a\u062c\u0631\u0628\u0629 \u0644\u0639\u0628 \u0623\u0635\u0644\u064a\u0629 \u0639\u0628\u0631 \u0643\u0648\u062f \u0627\u0633\u062a\u0631\u062f\u0627\u062f \u0631\u0633\u0645\u064a!<br \/>\n\u0627\u0634\u062a\u0631\u0650 \u0627\u0644\u0644\u0639\u0628\u0629 \u0627\u0644\u0622\u0646 \u0648\u0627\u062d\u0635\u0644 \u0639\u0644\u0649 \u0643\u0648\u062f \u0627\u0644\u062a\u0641\u0639\u064a\u0644 \u0627\u0644\u0631\u0642\u0645\u064a \u062e\u0644\u0627\u0644 10 \u0625\u0644\u0649 15 \u062f\u0642\u064a\u0642\u0629 \u0641\u0642\u0637 \u0628\u0639\u062f \u0627\u0644\u062f\u0641\u0639.<br \/>\n\u0642\u0645 \u0628\u0627\u0633\u062a\u062e\u062f\u0627\u0645 \u0627\u0644\u0643\u0648\u062f \u0639\u0644\u0649 \u0627\u0644\u0645\u0646\u0635\u0629 \u0627\u0644\u0645\u0646\u0627\u0633\u0628\u0629 (Steam\u060c Xbox\u060c PSN&#8230;) \u0648\u0633\u064a\u062a\u0645 \u0625\u0636\u0627\u0641\u0629 \u0627\u0644\u0644\u0639\u0628\u0629 \u062a\u0644\u0642\u0627\u0626\u064a\u0627\u064b \u0625\u0644\u0649 \u062d\u0633\u0627\u0628\u0643 \u0645\u062f\u0649 \u0627\u0644\u062d\u064a\u0627\u0629.<\/p>\n<p>\u0645\u0645\u064a\u0632\u0627\u062a \u0627\u0644\u0645\u0646\u062a\u062c:<br \/>\n\u0643\u0648\u062f \u0631\u0633\u0645\u064a \u0648\u0622\u0645\u0646 100%<\/p>\n<p>\u062a\u0633\u0644\u064a\u0645 \u0633\u0631\u064a\u0639 \u062e\u0644\u0627\u0644 10 &#8211; 15 \u062f\u0642\u064a\u0642\u0629<\/p>\n<p>\u062f\u0639\u0645 \u0641\u0646\u064a \u0641\u064a \u062d\u0627\u0644 \u0648\u0627\u062c\u0647\u062a \u0623\u064a \u0645\u0634\u0643\u0644\u0629<\/p>\n<p>\u0628\u062f\u0648\u0646 \u0627\u0634\u062a\u0631\u0627\u0643 \u0634\u0647\u0631\u064a \u2013 \u0634\u0631\u0627\u0621 \u0644\u0645\u0631\u0629 \u0648\u0627\u062d\u062f\u0629 \u0641\u0642\u0637<\/p>\n<p>\u0627\u0644\u0633\u0639\u0631 \u0627\u0644\u0623\u0641\u0636\u0644 \u0641\u064a \u0627\u0644\u0633\u0648\u0642 \u0627\u0644\u062c\u0632\u0627\u0626\u0631\u064a<\/p>\n<p>\u0643\u064a\u0641\u064a\u0629 \u0627\u0644\u0627\u0633\u062a\u0631\u062f\u0627\u062f:<br \/>\n\u0625\u0630\u0627 \u0644\u0645 \u062a\u0643\u0646 \u062a\u0639\u0631\u0641 \u0637\u0631\u064a\u0642\u0629 \u062a\u0641\u0639\u064a\u0644 \u0627\u0644\u0643\u0648\u062f\u060c \u0644\u0627 \u062a\u0642\u0644\u0642!<br \/>\n\u0628\u0639\u062f \u0639\u0645\u0644\u064a\u0629 \u0627\u0644\u0634\u0631\u0627\u0621\u060c \u0633\u064a\u062a\u0645 \u062a\u0648\u062c\u064a\u0647\u0643 \u062a\u0644\u0642\u0627\u0626\u064a\u0627\u064b \u0625\u0644\u0649 \u0635\u0641\u062d\u0629 \u0641\u064a\u0647\u0627 \u0641\u064a\u062f\u064a\u0648\u0647\u0627\u062a \u062a\u0634\u0631\u062d \u062e\u0637\u0648\u0629 \u0628\u062e\u0637\u0648\u0629 \u0643\u064a\u0641\u064a\u0629 \u0627\u0633\u062a\u0631\u062f\u0627\u062f \u0627\u0644\u0643\u0648\u062f \u0639\u0644\u0649 \u0643\u0644 \u0645\u0646\u0635\u0629 (Steam\u060c Xbox\u060c PS&#8230;).<\/p>","protected":false},"featured_media":3304,"comment_status":"open","ping_status":"closed","template":"","meta":{"googlesitekit_rrm_CAowv7G7DA:productID":"","om_disable_all_campaigns":false,"_monsterinsights_skip_tracking":false,"_monsterinsights_sitenote_active":false,"_monsterinsights_sitenote_note":"","_monsterinsights_sitenote_category":0,"jetpack_post_was_ever_published":false},"product_brand":[63],"product_cat":[114,48,49],"product_tag":[],"class_list":{"0":"post-3303","1":"product","2":"type-product","3":"status-publish","4":"has-post-thumbnail","6":"product_brand-xbox","7":"product_cat-xbox-series-xs-one","8":"product_cat-xbox-one","9":"product_cat-xbox-series-xs","11":"first","12":"instock","13":"sale","14":"virtual","15":"taxable","16":"purchasable","17":"product-type-simple"},"jetpack_sharing_enabled":true,"jetpack_likes_enabled":true,"_links":{"self":[{"href":"https:\/\/cdhubs.com\/tr\/wp-json\/wp\/v2\/product\/3303","targetHints":{"allow":["GET"]}}],"collection":[{"href":"https:\/\/cdhubs.com\/tr\/wp-json\/wp\/v2\/product"}],"about":[{"href":"https:\/\/cdhubs.com\/tr\/wp-json\/wp\/v2\/types\/product"}],"replies":[{"embeddable":true,"href":"https:\/\/cdhubs.com\/tr\/wp-json\/wp\/v2\/comments?post=3303"}],"version-history":[{"count":2,"href":"https:\/\/cdhubs.com\/tr\/wp-json\/wp\/v2\/product\/3303\/revisions"}],"predecessor-version":[{"id":3335,"href":"https:\/\/cdhubs.com\/tr\/wp-json\/wp\/v2\/product\/3303\/revisions\/3335"}],"wp:featuredmedia":[{"embeddable":true,"href":"https:\/\/cdhubs.com\/tr\/wp-json\/wp\/v2\/media\/3304"}],"wp:attachment":[{"href":"https:\/\/cdhubs.com\/tr\/wp-json\/wp\/v2\/media?parent=3303"}],"wp:term":[{"taxonomy":"product_brand","embeddable":true,"href":"https:\/\/cdhubs.com\/tr\/wp-json\/wp\/v2\/product_brand?post=3303"},{"taxonomy":"product_cat","embeddable":true,"href":"https:\/\/cdhubs.com\/tr\/wp-json\/wp\/v2\/product_cat?post=3303"},{"taxonomy":"product_tag","embeddable":true,"href":"https:\/\/cdhubs.com\/tr\/wp-json\/wp\/v2\/product_tag?post=3303"}],"curies":[{"name":"wp","href":"https:\/\/api.w.org\/{rel}","templated":true}]}}