{"id":3189,"date":"2025-04-27T22:59:22","date_gmt":"2025-04-27T22:59:22","guid":{"rendered":"https:\/\/cdhubs.com\/?post_type=product&#038;p=3189"},"modified":"2025-04-27T22:59:23","modified_gmt":"2025-04-27T22:59:23","slug":"helldivers-2-pc","status":"publish","type":"product","link":"https:\/\/cdhubs.com\/tr\/urun\/helldivers-2-pc\/","title":{"rendered":"helldivers 2 PC"},"content":{"rendered":"<p><i><b>Helldivers 2<\/b><\/i>\u00a0is a 2024\u00a0cooperative\u00a0third-person shooter game. The game is the direct sequel to\u00a0<i>Helldivers<\/i>\u00a0(2015). Set in the 22nd century, the story follows the Helldivers, an elite force of\u00a0shock troops\u00a0dispatched to combat various threats to humanity.<\/p>\n<p><i>Helldivers 2<\/i>\u00a0was released on 8 February 2024 and was a critical and commercial success, having sold in excess of 15 million copies. Considered among the best video games of 2024, it was nominated for and won a number of awards.<\/p>\n<p><img decoding=\"async\" src=\"https:\/\/thaka.bing.com\/th\/id\/OIP.89osq38pfs6z4z7p_TfGvQHaEK?cb=iwp1&amp;rs=1&amp;pid=ImgDetMain\" alt=\"Helldivers 2 Dev Wants to Become the Next FromSoftware or Blizzard\" \/><img data-recalc-dims=\"1\" decoding=\"async\" src=\"https:\/\/i0.wp.com\/www.videogameschronicle.com\/files\/2023\/09\/helldivers-2.jpg?ssl=1\" alt=\"Helldivers 2 has been delayed, will now release next year | VGC\" \/><img data-recalc-dims=\"1\" decoding=\"async\" src=\"https:\/\/i0.wp.com\/static.actugaming.net\/media\/2024\/03\/helldivers-2-maj.jpg?ssl=1\" alt=\"Helldivers 2 pr\u00e9sente le contenu de sa premi\u00e8re grosse mise \u00e0 jour ...\" \/><img data-recalc-dims=\"1\" decoding=\"async\" src=\"https:\/\/i0.wp.com\/pressakey.com\/gamepix\/8324\/Helldivers-2-284616.jpg?ssl=1\" alt=\"Helldivers 2 Update Today 2024 - Bella Fenelia\" \/><img data-recalc-dims=\"1\" decoding=\"async\" src=\"https:\/\/i0.wp.com\/www.gamespot.com\/a\/uploads\/screen_kubrick\/1574\/15746725\/4142958-helldivers2_site.jpg?ssl=1\" alt=\"Helldivers 2 - Announce Trailer | PS5 &amp; PC Games - GameSpot\" \/><\/p>","protected":false},"excerpt":{"rendered":"<p>\u0627\u0633\u062a\u0645\u062a\u0639 \u0628\u062a\u062c\u0631\u0628\u0629 \u0644\u0639\u0628 \u0623\u0635\u0644\u064a\u0629 \u0639\u0628\u0631 \u0643\u0648\u062f \u0627\u0633\u062a\u0631\u062f\u0627\u062f \u0631\u0633\u0645\u064a!<br \/>\n\u0627\u0634\u062a\u0631\u0650 \u0627\u0644\u0644\u0639\u0628\u0629 \u0627\u0644\u0622\u0646 \u0648\u0627\u062d\u0635\u0644 \u0639\u0644\u0649 \u0643\u0648\u062f \u0627\u0644\u062a\u0641\u0639\u064a\u0644 \u0627\u0644\u0631\u0642\u0645\u064a \u062e\u0644\u0627\u0644 10 \u0625\u0644\u0649 15 \u062f\u0642\u064a\u0642\u0629 \u0641\u0642\u0637 \u0628\u0639\u062f \u0627\u0644\u062f\u0641\u0639.<br \/>\n\u0642\u0645 \u0628\u0627\u0633\u062a\u062e\u062f\u0627\u0645 \u0627\u0644\u0643\u0648\u062f \u0639\u0644\u0649 \u0627\u0644\u0645\u0646\u0635\u0629 \u0627\u0644\u0645\u0646\u0627\u0633\u0628\u0629 (Steam\u060c Xbox\u060c PSN&#8230;) \u0648\u0633\u064a\u062a\u0645 \u0625\u0636\u0627\u0641\u0629 \u0627\u0644\u0644\u0639\u0628\u0629 \u062a\u0644\u0642\u0627\u0626\u064a\u0627\u064b \u0625\u0644\u0649 \u062d\u0633\u0627\u0628\u0643 \u0645\u062f\u0649 \u0627\u0644\u062d\u064a\u0627\u0629.<\/p>\n<p>\u0645\u0645\u064a\u0632\u0627\u062a \u0627\u0644\u0645\u0646\u062a\u062c:<br \/>\n\u0643\u0648\u062f \u0631\u0633\u0645\u064a \u0648\u0622\u0645\u0646 100%<\/p>\n<p>\u062a\u0633\u0644\u064a\u0645 \u0633\u0631\u064a\u0639 \u062e\u0644\u0627\u0644 10 &#8211; 15 \u062f\u0642\u064a\u0642\u0629<\/p>\n<p>\u062f\u0639\u0645 \u0641\u0646\u064a \u0641\u064a \u062d\u0627\u0644 \u0648\u0627\u062c\u0647\u062a \u0623\u064a \u0645\u0634\u0643\u0644\u0629<\/p>\n<p>\u0628\u062f\u0648\u0646 \u0627\u0634\u062a\u0631\u0627\u0643 \u0634\u0647\u0631\u064a \u2013 \u0634\u0631\u0627\u0621 \u0644\u0645\u0631\u0629 \u0648\u0627\u062d\u062f\u0629 \u0641\u0642\u0637<\/p>\n<p>\u0627\u0644\u0633\u0639\u0631 \u0627\u0644\u0623\u0641\u0636\u0644 \u0641\u064a \u0627\u0644\u0633\u0648\u0642 \u0627\u0644\u062c\u0632\u0627\u0626\u0631\u064a<\/p>\n<p>\u0643\u064a\u0641\u064a\u0629 \u0627\u0644\u0627\u0633\u062a\u0631\u062f\u0627\u062f:<br \/>\n\u0625\u0630\u0627 \u0644\u0645 \u062a\u0643\u0646 \u062a\u0639\u0631\u0641 \u0637\u0631\u064a\u0642\u0629 \u062a\u0641\u0639\u064a\u0644 \u0627\u0644\u0643\u0648\u062f\u060c \u0644\u0627 \u062a\u0642\u0644\u0642!<br \/>\n\u0628\u0639\u062f \u0639\u0645\u0644\u064a\u0629 \u0627\u0644\u0634\u0631\u0627\u0621\u060c \u0633\u064a\u062a\u0645 \u062a\u0648\u062c\u064a\u0647\u0643 \u062a\u0644\u0642\u0627\u0626\u064a\u0627\u064b \u0625\u0644\u0649 \u0635\u0641\u062d\u0629 \u0641\u064a\u0647\u0627 \u0641\u064a\u062f\u064a\u0648\u0647\u0627\u062a \u062a\u0634\u0631\u062d \u062e\u0637\u0648\u0629 \u0628\u062e\u0637\u0648\u0629 \u0643\u064a\u0641\u064a\u0629 \u0627\u0633\u062a\u0631\u062f\u0627\u062f \u0627\u0644\u0643\u0648\u062f \u0639\u0644\u0649 \u0643\u0644 \u0645\u0646\u0635\u0629 (Steam\u060c Xbox\u060c PS&#8230;).<\/p>","protected":false},"featured_media":3190,"comment_status":"open","ping_status":"closed","template":"","meta":{"googlesitekit_rrm_CAowv7G7DA:productID":"","om_disable_all_campaigns":false,"_monsterinsights_skip_tracking":false,"_monsterinsights_sitenote_active":false,"_monsterinsights_sitenote_note":"","_monsterinsights_sitenote_category":0,"jetpack_post_was_ever_published":false},"product_brand":[],"product_cat":[],"product_tag":[],"class_list":{"0":"post-3189","1":"product","2":"type-product","3":"status-publish","4":"has-post-thumbnail","7":"first","8":"instock","9":"sale","10":"virtual","11":"taxable","12":"purchasable","13":"product-type-simple"},"jetpack_sharing_enabled":true,"jetpack_likes_enabled":true,"_links":{"self":[{"href":"https:\/\/cdhubs.com\/tr\/wp-json\/wp\/v2\/product\/3189","targetHints":{"allow":["GET"]}}],"collection":[{"href":"https:\/\/cdhubs.com\/tr\/wp-json\/wp\/v2\/product"}],"about":[{"href":"https:\/\/cdhubs.com\/tr\/wp-json\/wp\/v2\/types\/product"}],"replies":[{"embeddable":true,"href":"https:\/\/cdhubs.com\/tr\/wp-json\/wp\/v2\/comments?post=3189"}],"version-history":[{"count":2,"href":"https:\/\/cdhubs.com\/tr\/wp-json\/wp\/v2\/product\/3189\/revisions"}],"predecessor-version":[{"id":3192,"href":"https:\/\/cdhubs.com\/tr\/wp-json\/wp\/v2\/product\/3189\/revisions\/3192"}],"wp:featuredmedia":[{"embeddable":true,"href":"https:\/\/cdhubs.com\/tr\/wp-json\/wp\/v2\/media\/3190"}],"wp:attachment":[{"href":"https:\/\/cdhubs.com\/tr\/wp-json\/wp\/v2\/media?parent=3189"}],"wp:term":[{"taxonomy":"product_brand","embeddable":true,"href":"https:\/\/cdhubs.com\/tr\/wp-json\/wp\/v2\/product_brand?post=3189"},{"taxonomy":"product_cat","embeddable":true,"href":"https:\/\/cdhubs.com\/tr\/wp-json\/wp\/v2\/product_cat?post=3189"},{"taxonomy":"product_tag","embeddable":true,"href":"https:\/\/cdhubs.com\/tr\/wp-json\/wp\/v2\/product_tag?post=3189"}],"curies":[{"name":"wp","href":"https:\/\/api.w.org\/{rel}","templated":true}]}}