{"id":3019,"date":"2025-04-24T23:04:59","date_gmt":"2025-04-24T23:04:59","guid":{"rendered":"https:\/\/cdhubs.com\/?post_type=product&#038;p=3019"},"modified":"2025-04-26T14:09:46","modified_gmt":"2025-04-26T14:09:46","slug":"crime-boss-rockay-city-xbox","status":"publish","type":"product","link":"https:\/\/cdhubs.com\/tr\/urun\/crime-boss-rockay-city-xbox\/","title":{"rendered":"Su\u00e7 Patronu: Rockay City XBOX"},"content":{"rendered":"<div id=\"aboutThisGame\" class=\"game_page_autocollapse\" data-panel=\"{&quot;type&quot;:&quot;PanelGroup&quot;}\">\n<div id=\"game_area_description\" class=\"game_area_description\">\n<h2>\u00c0 propos de ce jeu<\/h2>\n<p class=\"bb_paragraph\">Rockay City est toujours en pleine effervescence\u00a0: profitez de nouveaux contenus tout au long de 2025\u00a0! De nouvelles aventures vous attendent\u00a0!<\/p>\n<p class=\"bb_paragraph\">Choisissez parmi une vari\u00e9t\u00e9 de braquages et cambriolages, gravissez les \u00e9chelons de la p\u00e8gre et devenez le boss du crime de Rockay City\u00a0!<\/p>\n<p class=\"bb_paragraph\"><img data-recalc-dims=\"1\" decoding=\"async\" class=\"bb_img\" src=\"https:\/\/i0.wp.com\/shared.fastly.steamstatic.com\/store_item_assets\/steam\/apps\/2933080\/extras\/Steam_gif_Combat_with_vault.gif?ssl=1\" \/><\/p>\n<p class=\"bb_paragraph\"><strong>Jouez en coop avec vos amis.<\/strong><\/p>\n<p class=\"bb_paragraph\">R\u00e9unissez jusqu&#8217;\u00e0 4\u00a0joueurs et r\u00e9alisez des braquages en multijoueur coop\u00e9ratif pour empocher un max de fric.<\/p>\n<p class=\"bb_paragraph\">Choisissez votre difficult\u00e9, cr\u00e9ez votre boss, \u00e9quipez vos armes et avantages, puis lancez-vous dans des missions avec des bots ou des amis. Jouez en solo, plongez dans des mini-campagnes \u00ab\u00a0L\u00e9gendes urbaines\u00a0\u00bb en coop aux histoires immersives, affrontez des vagues d&#8217;ennemis dans Rockay\u00a0Rumble, ou tentez une mission au hasard avec le mode Al\u00e9atoire\u00a0!<\/p>\n<p class=\"bb_paragraph\">Accumulez du cash, recrutez de nouveaux personnages, achetez des armes et am\u00e9liorez vos avantages pour remporter l&#8217;int\u00e9gralit\u00e9 du butin.<\/p>\n<p class=\"bb_paragraph\">Jouez avec vos amis sur toutes les plates-formes compatibles gr\u00e2ce au cross-play et mettez toutes les chances de votre c\u00f4t\u00e9.<\/p>\n<p class=\"bb_paragraph\"><img data-recalc-dims=\"1\" decoding=\"async\" class=\"bb_img\" src=\"https:\/\/i0.wp.com\/shared.fastly.steamstatic.com\/store_item_assets\/steam\/apps\/2933080\/extras\/Steam_GIF_Progression.gif?ssl=1\" \/><\/p>\n<p class=\"bb_paragraph\"><strong>Gagnez des r\u00e9compenses.<\/strong><\/p>\n<p class=\"bb_paragraph\">Accumulez de l&#8217;EXP gr\u00e2ce \u00e0 un syst\u00e8me de progression unifi\u00e9, aussi bien en solo qu&#8217;en coop\u00a0!<\/p>\n<p class=\"bb_paragraph\">Chaque niveau vous permet de d\u00e9bloquer de nouvelles armes, braqueurs, \u00e9quipements et skins. Pr\u00e9parez-vous au succ\u00e8s en personnalisant votre \u00e9quipement et votre gang.<\/p>\n<p class=\"bb_paragraph\">Gardez un \u0153il sur les \u00e9v\u00e9nements double EXP pour progresser encore plus vite.<\/p>\n<p class=\"bb_paragraph\"><img data-recalc-dims=\"1\" decoding=\"async\" class=\"bb_img\" src=\"https:\/\/i0.wp.com\/shared.fastly.steamstatic.com\/store_item_assets\/steam\/apps\/2933080\/extras\/Steam_GIF_Map_2.gif?ssl=1\" \/><\/p>\n<p class=\"bb_paragraph\"><strong>Prenez les commandes dans la campagne solo\u00a0!<\/strong><\/p>\n<p class=\"bb_paragraph\">Les joueurs chevronn\u00e9s peuvent incarner Travis Baker et tenter de s&#8217;emparer de tous les territoires de Rockay\u00a0City dans une campagne roguelite en solo.<\/p>\n<p class=\"bb_paragraph\">Montez votre gang, prenez le contr\u00f4le de la ville et renversez les chefs rivaux. Accomplissez des missions pour remplir vos poches, am\u00e9liorez vos braqueurs et d\u00e9bloquez des am\u00e9liorations permanentes pour vous rapprocher de votre objectif ultime.<\/p>\n<p class=\"bb_paragraph\">Forgez votre r\u00e9putation en choisissant entre petits coups discrets ou braquages spectaculaires, \u00e0 travers des dizaines de missions al\u00e9atoires.<\/p>\n<\/div>\n<\/div>\n<div class=\"game_page_autocollapse_fade\"><\/div>","protected":false},"excerpt":{"rendered":"<p>\u0627\u0633\u062a\u0645\u062a\u0639 \u0628\u062a\u062c\u0631\u0628\u0629 \u0644\u0639\u0628 \u0623\u0635\u0644\u064a\u0629 \u0639\u0628\u0631 \u0643\u0648\u062f \u0627\u0633\u062a\u0631\u062f\u0627\u062f \u0631\u0633\u0645\u064a!<br \/>\n\u0627\u0634\u062a\u0631\u0650 \u0627\u0644\u0644\u0639\u0628\u0629 \u0627\u0644\u0622\u0646 \u0648\u0627\u062d\u0635\u0644 \u0639\u0644\u0649 \u0643\u0648\u062f \u0627\u0644\u062a\u0641\u0639\u064a\u0644 \u0627\u0644\u0631\u0642\u0645\u064a \u062e\u0644\u0627\u0644 10 \u0625\u0644\u0649 15 \u062f\u0642\u064a\u0642\u0629 \u0641\u0642\u0637 \u0628\u0639\u062f \u0627\u0644\u062f\u0641\u0639.<br \/>\n\u0642\u0645 \u0628\u0627\u0633\u062a\u062e\u062f\u0627\u0645 \u0627\u0644\u0643\u0648\u062f \u0639\u0644\u0649 \u0627\u0644\u0645\u0646\u0635\u0629 \u0627\u0644\u0645\u0646\u0627\u0633\u0628\u0629 (Steam\u060c Xbox\u060c PSN&#8230;) \u0648\u0633\u064a\u062a\u0645 \u0625\u0636\u0627\u0641\u0629 \u0627\u0644\u0644\u0639\u0628\u0629 \u062a\u0644\u0642\u0627\u0626\u064a\u0627\u064b \u0625\u0644\u0649 \u062d\u0633\u0627\u0628\u0643 \u0645\u062f\u0649 \u0627\u0644\u062d\u064a\u0627\u0629.<\/p>\n<p>\u0645\u0645\u064a\u0632\u0627\u062a \u0627\u0644\u0645\u0646\u062a\u062c:<br \/>\n\u0643\u0648\u062f \u0631\u0633\u0645\u064a \u0648\u0622\u0645\u0646 100%<\/p>\n<p>\u062a\u0633\u0644\u064a\u0645 \u0633\u0631\u064a\u0639 \u062e\u0644\u0627\u0644 10 &#8211; 15 \u062f\u0642\u064a\u0642\u0629<\/p>\n<p>\u062f\u0639\u0645 \u0641\u0646\u064a \u0641\u064a \u062d\u0627\u0644 \u0648\u0627\u062c\u0647\u062a \u0623\u064a \u0645\u0634\u0643\u0644\u0629<\/p>\n<p>\u0628\u062f\u0648\u0646 \u0627\u0634\u062a\u0631\u0627\u0643 \u0634\u0647\u0631\u064a \u2013 \u0634\u0631\u0627\u0621 \u0644\u0645\u0631\u0629 \u0648\u0627\u062d\u062f\u0629 \u0641\u0642\u0637<\/p>\n<p>\u0627\u0644\u0633\u0639\u0631 \u0627\u0644\u0623\u0641\u0636\u0644 \u0641\u064a \u0627\u0644\u0633\u0648\u0642 \u0627\u0644\u062c\u0632\u0627\u0626\u0631\u064a<\/p>\n<p>\u0643\u064a\u0641\u064a\u0629 \u0627\u0644\u0627\u0633\u062a\u0631\u062f\u0627\u062f:<br \/>\n\u0625\u0630\u0627 \u0644\u0645 \u062a\u0643\u0646 \u062a\u0639\u0631\u0641 \u0637\u0631\u064a\u0642\u0629 \u062a\u0641\u0639\u064a\u0644 \u0627\u0644\u0643\u0648\u062f\u060c \u0644\u0627 \u062a\u0642\u0644\u0642!<br \/>\n\u0628\u0639\u062f \u0639\u0645\u0644\u064a\u0629 \u0627\u0644\u0634\u0631\u0627\u0621\u060c \u0633\u064a\u062a\u0645 \u062a\u0648\u062c\u064a\u0647\u0643 \u062a\u0644\u0642\u0627\u0626\u064a\u0627\u064b \u0625\u0644\u0649 \u0635\u0641\u062d\u0629 \u0641\u064a\u0647\u0627 \u0641\u064a\u062f\u064a\u0648\u0647\u0627\u062a \u062a\u0634\u0631\u062d \u062e\u0637\u0648\u0629 \u0628\u062e\u0637\u0648\u0629 \u0643\u064a\u0641\u064a\u0629 \u0627\u0633\u062a\u0631\u062f\u0627\u062f \u0627\u0644\u0643\u0648\u062f \u0639\u0644\u0649 \u0643\u0644 \u0645\u0646\u0635\u0629 (Steam\u060c Xbox\u060c PS&#8230;).<\/p>\n<div id=\"aboutThisGame\" class=\"game_page_autocollapse\" data-panel=\"{&quot;type&quot;:&quot;PanelGroup&quot;}\">\n<div id=\"game_area_description\" class=\"game_area_description\"><\/div>\n<\/div>","protected":false},"featured_media":3020,"comment_status":"open","ping_status":"closed","template":"","meta":{"googlesitekit_rrm_CAowv7G7DA:productID":"","om_disable_all_campaigns":false,"_monsterinsights_skip_tracking":false,"_monsterinsights_sitenote_active":false,"_monsterinsights_sitenote_note":"","_monsterinsights_sitenote_category":0,"jetpack_post_was_ever_published":false},"product_brand":[63],"product_cat":[48,49],"product_tag":[],"class_list":{"0":"post-3019","1":"product","2":"type-product","3":"status-publish","4":"has-post-thumbnail","6":"product_brand-xbox","7":"product_cat-xbox-one","8":"product_cat-xbox-series-xs","10":"first","11":"instock","12":"sale","13":"virtual","14":"taxable","15":"purchasable","16":"product-type-simple"},"jetpack_sharing_enabled":true,"jetpack_likes_enabled":true,"_links":{"self":[{"href":"https:\/\/cdhubs.com\/tr\/wp-json\/wp\/v2\/product\/3019","targetHints":{"allow":["GET"]}}],"collection":[{"href":"https:\/\/cdhubs.com\/tr\/wp-json\/wp\/v2\/product"}],"about":[{"href":"https:\/\/cdhubs.com\/tr\/wp-json\/wp\/v2\/types\/product"}],"replies":[{"embeddable":true,"href":"https:\/\/cdhubs.com\/tr\/wp-json\/wp\/v2\/comments?post=3019"}],"version-history":[{"count":3,"href":"https:\/\/cdhubs.com\/tr\/wp-json\/wp\/v2\/product\/3019\/revisions"}],"predecessor-version":[{"id":3041,"href":"https:\/\/cdhubs.com\/tr\/wp-json\/wp\/v2\/product\/3019\/revisions\/3041"}],"wp:featuredmedia":[{"embeddable":true,"href":"https:\/\/cdhubs.com\/tr\/wp-json\/wp\/v2\/media\/3020"}],"wp:attachment":[{"href":"https:\/\/cdhubs.com\/tr\/wp-json\/wp\/v2\/media?parent=3019"}],"wp:term":[{"taxonomy":"product_brand","embeddable":true,"href":"https:\/\/cdhubs.com\/tr\/wp-json\/wp\/v2\/product_brand?post=3019"},{"taxonomy":"product_cat","embeddable":true,"href":"https:\/\/cdhubs.com\/tr\/wp-json\/wp\/v2\/product_cat?post=3019"},{"taxonomy":"product_tag","embeddable":true,"href":"https:\/\/cdhubs.com\/tr\/wp-json\/wp\/v2\/product_tag?post=3019"}],"curies":[{"name":"wp","href":"https:\/\/api.w.org\/{rel}","templated":true}]}}