{"id":3940,"date":"2025-05-18T00:22:57","date_gmt":"2025-05-17T23:22:57","guid":{"rendered":"https:\/\/cdhubs.com\/?post_type=product&#038;p=3940"},"modified":"2025-05-18T00:25:00","modified_gmt":"2025-05-17T23:25:00","slug":"kena-bridge-of-spirits-ps5","status":"publish","type":"product","link":"https:\/\/cdhubs.com\/kab\/product\/kena-bridge-of-spirits-ps5\/","title":{"rendered":"Kena: Bridge of Spirits PS5"},"content":{"rendered":"<div id=\"aboutThisGame\" class=\"game_page_autocollapse\" data-panel=\"{&quot;type&quot;:&quot;PanelGroup&quot;}\">\n<div id=\"game_area_description\" class=\"game_area_description\">\n<h2>\u00c0 propos de ce jeu<\/h2>\n<p><i>Kena: Bridge of Spirits<\/i>\u00a0: un jeu d\u2019action-aventure narratif combin\u00e9 \u00e0 de l\u2019exploration et des combats effr\u00e9n\u00e9s. D\u00e9nouez le pass\u00e9 dans la peau de Kena, une jeune guide des esprits \u00e0 la recherche du temple de la montagne sacr\u00e9e. Lib\u00e9rez les esprits pi\u00e9g\u00e9s dans un village oubli\u00e9 avec l\u2019aide des adorables, mais puissants compagnons spirituels de Kena, les Rot.<\/p>\n<h2 class=\"bb_tag\">Caract\u00e9ristiques cl\u00e9s<\/h2>\n<p><strong>Assemblez votre \u00e9quipe<\/strong><br \/>\nTimides et fantomatiques, les Rot sont des esprits pr\u00e9sents dans toute la for\u00eat. Ils maintiennent leur \u00e9quilibre en se nourrissant d\u2019\u00e9l\u00e9ments morts et en d\u00e9composition.<\/p>\n<ul class=\"bb_ul\">\n<li>Trouvez et collectionnez les Rot cach\u00e9s \u00e0 travers le village.<\/li>\n<li>D\u00e9bloquez de puissantes capacit\u00e9s de Rot au fur et \u00e0 mesure de vos d\u00e9couvertes.<\/li>\n<li>Purifiez la corruption au village gr\u00e2ce aux pouvoirs des Rot.<\/li>\n<\/ul>\n<p><img data-recalc-dims=\"1\" decoding=\"async\" class=\"bb_img\" src=\"https:\/\/i0.wp.com\/shared.fastly.steamstatic.com\/store_item_assets\/steam\/apps\/1954200\/extras\/RotGetv2.gif?ssl=1\" \/><\/p>\n<p><strong>Explorez un monde enchant\u00e9<\/strong><br \/>\nPercez le myst\u00e8re de l\u2019\u00e9trange mal\u00e9diction du village alors que vous d\u00e9couvrez des secrets et faites appel au pouvoir du royaume spirituel pour revitaliser ce monde autrefois majestueux.<\/p>\n<ul class=\"bb_ul\">\n<li>Explorez chaque recoin du village pour d\u00e9terrer secrets et r\u00e9compenses.<\/li>\n<li>Collectionnez des chapeaux de Rot pour personnaliser vos compagnons Rot.<\/li>\n<li>Trouvez et livrez les courriers laiss\u00e9s par les esprits perdus pour d\u00e9verrouiller de nouvelles zones.<\/li>\n<\/ul>\n<p><img data-recalc-dims=\"1\" decoding=\"async\" class=\"bb_img\" src=\"https:\/\/i0.wp.com\/shared.fastly.steamstatic.com\/store_item_assets\/steam\/apps\/1954200\/extras\/Adventurev2.gif?ssl=1\" \/><\/p>\n<p><strong>Participez \u00e0 des combats effr\u00e9n\u00e9s<\/strong><br \/>\nAffrontez des esprits corrompus, pi\u00e9g\u00e9s et incapables de passer \u00e0 autre chose, mettant Kena \u00e0 l\u2019\u00e9preuve \u00e0 chaque tournant.<\/p>\n<ul class=\"bb_ul\">\n<li>Affinez vos comp\u00e9tences avec une vari\u00e9t\u00e9 d\u2019attaques de m\u00eal\u00e9e et \u00e0 distance.<\/li>\n<li>Contr\u00f4lez les pouvoirs de vos compagnons Rot avec leurs puissantes actions.<\/li>\n<li>Am\u00e9liorez vos capacit\u00e9s et pouvoirs pour devenir une guide des esprits exp\u00e9riment\u00e9e.<\/li>\n<\/ul>\n<div class=\"bb_wide_img_ctn\"><img data-recalc-dims=\"1\" decoding=\"async\" class=\"bb_img\" src=\"https:\/\/i0.wp.com\/shared.fastly.steamstatic.com\/store_item_assets\/steam\/apps\/1954200\/extras\/Combatv2.gif?ssl=1\" \/><\/div>\n<p><strong>Disponible d\u00e9sormais avec tout le contenu de la MISE \u00c0 JOUR ANNIVERSAIRE !<\/strong><br \/>\nEssayez de nouvelles fonctionnalit\u00e9s dont le mode New Game+, des \u00e9preuves, des tenues et bien plus encore !<\/p>\n<ul class=\"bb_ul\">\n<li><i><strong>New Game+<\/strong><\/i>\u00a0: Commencez une nouvelle aventure apr\u00e8s avoir termin\u00e9 le jeu en profitant de tous vos Rot, capacit\u00e9s et am\u00e9liorations pour faire face \u00e0 de nouveaux combats, d\u00e9fis et ennemis uniques.<\/li>\n<li><i><strong>\u00c9preuves du guide des esprits<\/strong><\/i>\u00a0: Peaufinez vos comp\u00e9tences et d\u00e9bloquez des r\u00e9compenses dans les \u00e9preuves du guide des esprits qui incluent \u00ab D\u00e9fenses de vague \u00bb, \u00ab Courses d\u2019obstacles \u00bb et la chance d\u2019affronter encore et encore les boss cl\u00e9s du jeu.<\/li>\n<li><i><strong>Tenues<\/strong><\/i>\u00a0: D\u00e9bloquez de nouvelles tenues que pourra enfiler Kena en ma\u00eetrisant les \u00e9preuves.<\/li>\n<li><i><strong>Pierres de charme<\/strong><\/i>\u00a0: D\u00e9couvres des pierres \u00e0 charme \u00e0 \u00e9quiper pour obtenir une vari\u00e9t\u00e9 d\u2019avantages et d\u2019inconv\u00e9nients propices \u00e0 la personnalisation de votre style de jeu.<\/li>\n<li><i><strong>Mode photo am\u00e9lior\u00e9<\/strong><\/i>\u00a0: Celui-ci inclut plus de poses amusantes, des \u00e9clairages uniques et m\u00eame une fonctionnalit\u00e9 de cam\u00e9ra mobile !<\/li>\n<\/ul>\n<p><img data-recalc-dims=\"1\" decoding=\"async\" class=\"bb_img\" src=\"https:\/\/i0.wp.com\/shared.fastly.steamstatic.com\/store_item_assets\/steam\/apps\/1954200\/extras\/ContinueGrainPass.gif?ssl=1\" \/><\/p>\n<\/div>\n<\/div>\n<div class=\"game_page_autocollapse_fade\"><\/div>","protected":false},"excerpt":{"rendered":"<p>\u0627\u0633\u062a\u0645\u062a\u0639 \u0628\u062a\u062c\u0631\u0628\u0629 \u0644\u0639\u0628 \u0623\u0635\u0644\u064a\u0629 \u0639\u0628\u0631 \u0643\u0648\u062f \u0627\u0633\u062a\u0631\u062f\u0627\u062f \u0631\u0633\u0645\u064a!<br \/>\n\u0627\u0634\u062a\u0631\u0650 \u0627\u0644\u0644\u0639\u0628\u0629 \u0627\u0644\u0622\u0646 \u0648\u0627\u062d\u0635\u0644 \u0639\u0644\u0649 \u0643\u0648\u062f \u0627\u0644\u062a\u0641\u0639\u064a\u0644 \u0627\u0644\u0631\u0642\u0645\u064a \u062e\u0644\u0627\u0644 10 \u0625\u0644\u0649 15 \u062f\u0642\u064a\u0642\u0629 \u0641\u0642\u0637 \u0628\u0639\u062f \u0627\u0644\u062f\u0641\u0639.<br \/>\n\u0642\u0645 \u0628\u0627\u0633\u062a\u062e\u062f\u0627\u0645 \u0627\u0644\u0643\u0648\u062f \u0639\u0644\u0649 \u0627\u0644\u0645\u0646\u0635\u0629 \u0627\u0644\u0645\u0646\u0627\u0633\u0628\u0629 (Steam\u060c Xbox\u060c PSN&#8230;) \u0648\u0633\u064a\u062a\u0645 \u0625\u0636\u0627\u0641\u0629 \u0627\u0644\u0644\u0639\u0628\u0629 \u062a\u0644\u0642\u0627\u0626\u064a\u0627\u064b \u0625\u0644\u0649 \u062d\u0633\u0627\u0628\u0643 \u0645\u062f\u0649 \u0627\u0644\u062d\u064a\u0627\u0629.<\/p>\n<p>\u0645\u0645\u064a\u0632\u0627\u062a \u0627\u0644\u0645\u0646\u062a\u062c:<br \/>\n\u0643\u0648\u062f \u0631\u0633\u0645\u064a \u0648\u0622\u0645\u0646 100%<\/p>\n<p>\u062a\u0633\u0644\u064a\u0645 \u0633\u0631\u064a\u0639 \u062e\u0644\u0627\u0644 10 &#8211; 15 \u062f\u0642\u064a\u0642\u0629<\/p>\n<p>\u062f\u0639\u0645 \u0641\u0646\u064a \u0641\u064a \u062d\u0627\u0644 \u0648\u0627\u062c\u0647\u062a \u0623\u064a \u0645\u0634\u0643\u0644\u0629<\/p>\n<p>\u0628\u062f\u0648\u0646 \u0627\u0634\u062a\u0631\u0627\u0643 \u0634\u0647\u0631\u064a \u2013 \u0634\u0631\u0627\u0621 \u0644\u0645\u0631\u0629 \u0648\u0627\u062d\u062f\u0629 \u0641\u0642\u0637<\/p>\n<p>\u0627\u0644\u0633\u0639\u0631 \u0627\u0644\u0623\u0641\u0636\u0644 \u0641\u064a \u0627\u0644\u0633\u0648\u0642 \u0627\u0644\u062c\u0632\u0627\u0626\u0631\u064a<\/p>\n<p>\u0643\u064a\u0641\u064a\u0629 \u0627\u0644\u0627\u0633\u062a\u0631\u062f\u0627\u062f:<br \/>\n\u0625\u0630\u0627 \u0644\u0645 \u062a\u0643\u0646 \u062a\u0639\u0631\u0641 \u0637\u0631\u064a\u0642\u0629 \u062a\u0641\u0639\u064a\u0644 \u0627\u0644\u0643\u0648\u062f\u060c \u0644\u0627 \u062a\u0642\u0644\u0642!<br \/>\n\u0628\u0639\u062f \u0639\u0645\u0644\u064a\u0629 \u0627\u0644\u0634\u0631\u0627\u0621\u060c \u0633\u064a\u062a\u0645 \u062a\u0648\u062c\u064a\u0647\u0643 \u062a\u0644\u0642\u0627\u0626\u064a\u0627\u064b \u0625\u0644\u0649 \u0635\u0641\u062d\u0629 \u0641\u064a\u0647\u0627 \u0641\u064a\u062f\u064a\u0648\u0647\u0627\u062a \u062a\u0634\u0631\u062d \u062e\u0637\u0648\u0629 \u0628\u062e\u0637\u0648\u0629 \u0643\u064a\u0641\u064a\u0629 \u0627\u0633\u062a\u0631\u062f\u0627\u062f \u0627\u0644\u0643\u0648\u062f \u0639\u0644\u0649 \u0643\u0644 \u0645\u0646\u0635\u0629 (Steam\u060c Xbox\u060c PS&#8230;).<\/p>","protected":false},"featured_media":3942,"comment_status":"open","ping_status":"closed","template":"","meta":{"googlesitekit_rrm_CAowv7G7DA:productID":"","om_disable_all_campaigns":false,"_monsterinsights_skip_tracking":false,"_monsterinsights_sitenote_active":false,"_monsterinsights_sitenote_note":"","_monsterinsights_sitenote_category":0,"jetpack_post_was_ever_published":false},"product_brand":[],"product_cat":[58],"product_tag":[],"class_list":{"0":"post-3940","1":"product","2":"type-product","3":"status-publish","4":"has-post-thumbnail","6":"product_cat-ps5","8":"first","9":"instock","10":"sale","11":"virtual","12":"taxable","13":"purchasable","14":"product-type-simple"},"jetpack_sharing_enabled":true,"jetpack_likes_enabled":true,"_links":{"self":[{"href":"https:\/\/cdhubs.com\/kab\/wp-json\/wp\/v2\/product\/3940","targetHints":{"allow":["GET"]}}],"collection":[{"href":"https:\/\/cdhubs.com\/kab\/wp-json\/wp\/v2\/product"}],"about":[{"href":"https:\/\/cdhubs.com\/kab\/wp-json\/wp\/v2\/types\/product"}],"replies":[{"embeddable":true,"href":"https:\/\/cdhubs.com\/kab\/wp-json\/wp\/v2\/comments?post=3940"}],"version-history":[{"count":1,"href":"https:\/\/cdhubs.com\/kab\/wp-json\/wp\/v2\/product\/3940\/revisions"}],"predecessor-version":[{"id":3943,"href":"https:\/\/cdhubs.com\/kab\/wp-json\/wp\/v2\/product\/3940\/revisions\/3943"}],"wp:featuredmedia":[{"embeddable":true,"href":"https:\/\/cdhubs.com\/kab\/wp-json\/wp\/v2\/media\/3942"}],"wp:attachment":[{"href":"https:\/\/cdhubs.com\/kab\/wp-json\/wp\/v2\/media?parent=3940"}],"wp:term":[{"taxonomy":"product_brand","embeddable":true,"href":"https:\/\/cdhubs.com\/kab\/wp-json\/wp\/v2\/product_brand?post=3940"},{"taxonomy":"product_cat","embeddable":true,"href":"https:\/\/cdhubs.com\/kab\/wp-json\/wp\/v2\/product_cat?post=3940"},{"taxonomy":"product_tag","embeddable":true,"href":"https:\/\/cdhubs.com\/kab\/wp-json\/wp\/v2\/product_tag?post=3940"}],"curies":[{"name":"wp","href":"https:\/\/api.w.org\/{rel}","templated":true}]}}