{"id":2955,"date":"2025-04-24T15:47:36","date_gmt":"2025-04-24T15:47:36","guid":{"rendered":"https:\/\/cdhubs.com\/?post_type=product&#038;p=2955"},"modified":"2025-04-26T14:25:08","modified_gmt":"2025-04-26T14:25:08","slug":"tunic-xbox","status":"publish","type":"product","link":"https:\/\/cdhubs.com\/kab\/product\/tunic-xbox\/","title":{"rendered":"TUNIC XBOX"},"content":{"rendered":"<h2>\u00c0 propos de ce jeu<\/h2>\n<p>Explore un pays regorgeant de l\u00e9gendes perdues, de pouvoirs ancestraux et de monstres f\u00e9roces dans TUNIC, un jeu d&#8217;action isom\u00e9trique qui met en sc\u00e8ne un petit renard vivant une grande aventure. \u00c9chou\u00e9 dans un monde en proie au chaos, et arm\u00e9 de ta seule curiosit\u00e9, tu affronteras des cr\u00e9atures colossales, collecteras des objets tout aussi \u00e9tranges que puissants, et perceras des secrets tomb\u00e9s dans l&#8217;oubli depuis la nuit des temps.<\/p>\n<p><strong>DEVIENS UNE L\u00c9GENDE<\/strong><br \/>\nOn raconte qu&#8217;un grand tr\u00e9sor est dissimul\u00e9 quelque part dans ce monde. Peut-\u00eatre se trouve-t-il au-del\u00e0 de la porte d&#8217;or ? Ou dans les entrailles de la terre ? Certains contes parlent d&#8217;un palais au-dessus des nuages et d&#8217;entit\u00e9s imm\u00e9moriales dot\u00e9es d&#8217;un pouvoir incroyable. Que d\u00e9couvriras-tu ?<\/p>\n<p><strong>RECONSTITUE UN LIVRE SACR\u00c9<\/strong><br \/>\nAu cours de tes p\u00e9riples, tu reconstitueras le manuel d&#8217;instruction du jeu. Page apr\u00e8s page, tu r\u00e9v\u00e8leras des cartes, des astuces, des techniques sp\u00e9ciales et les secrets les plus enfouis. Si tu les trouves jusqu&#8217;au dernier, peut-\u00eatre se produira-t-il un \u00e9v\u00e9nement heureux&#8230;<\/p>\n<p><strong>SOIS COURAGEUX, PETIT !<\/strong><br \/>\nDispute des combats vari\u00e9s et techniques. Esquive, bloque, pare et frappe ! Apprends \u00e0 vaincre un large \u00e9ventail de monstres, petits et grands&#8230; et d\u00e9couvre de nouveaux objets utiles pour t&#8217;aider \u00e0 te frayer un chemin jusqu&#8217;\u00e0 ta destination.<\/p>\n<ul class=\"bb_ul\">\n<li>Explore un monde hostile et complexe foisonnant de for\u00eats ombrag\u00e9es, de ruines tentaculaires et de catacombes labyrinthiques.<\/li>\n<li>Combats des boss puissants dans les profondeurs de la terre, au-dessus des nuages et dans des lieux encore plus \u00e9tranges.<\/li>\n<li>Collecte les pages manquantes du manuel, qui regorgent d&#8217;astuces et d&#8217;illustrations originales en couleur.<\/li>\n<li>D\u00e9couvre des tr\u00e9sors cach\u00e9s pour t&#8217;aider dans ton p\u00e9riple.<\/li>\n<li>D\u00e9terre des reliques secr\u00e8tes, d\u00e9couvre des techniques secr\u00e8tes, des \u00e9nigmes secr\u00e8tes et&#8230; \u00e9coute bien, il y a beaucoup de secrets !<\/li>\n<li>Avec une conception sonore de\u00a0<strong>Power Up Audio<\/strong>.<\/li>\n<li>Une bande-son originale sign\u00e9e\u00a0<strong>Lifeformed (Terence Lee + Janice Kwan)<\/strong>.<\/li>\n<\/ul>\n<p>Sois courageux, petit renard!<\/p>","protected":false},"excerpt":{"rendered":"<p>\u0627\u0633\u062a\u0645\u062a\u0639 \u0628\u062a\u062c\u0631\u0628\u0629 \u0644\u0639\u0628 \u0623\u0635\u0644\u064a\u0629 \u0639\u0628\u0631 \u0643\u0648\u062f \u0627\u0633\u062a\u0631\u062f\u0627\u062f \u0631\u0633\u0645\u064a!<br \/>\n\u0627\u0634\u062a\u0631\u0650 \u0627\u0644\u0644\u0639\u0628\u0629 \u0627\u0644\u0622\u0646 \u0648\u0627\u062d\u0635\u0644 \u0639\u0644\u0649 \u0643\u0648\u062f \u0627\u0644\u062a\u0641\u0639\u064a\u0644 \u0627\u0644\u0631\u0642\u0645\u064a \u062e\u0644\u0627\u0644 10 \u0625\u0644\u0649 15 \u062f\u0642\u064a\u0642\u0629 \u0641\u0642\u0637 \u0628\u0639\u062f \u0627\u0644\u062f\u0641\u0639.<br \/>\n\u0642\u0645 \u0628\u0627\u0633\u062a\u062e\u062f\u0627\u0645 \u0627\u0644\u0643\u0648\u062f \u0639\u0644\u0649 \u0627\u0644\u0645\u0646\u0635\u0629 \u0627\u0644\u0645\u0646\u0627\u0633\u0628\u0629 (Steam\u060c Xbox\u060c PSN&#8230;) \u0648\u0633\u064a\u062a\u0645 \u0625\u0636\u0627\u0641\u0629 \u0627\u0644\u0644\u0639\u0628\u0629 \u062a\u0644\u0642\u0627\u0626\u064a\u0627\u064b \u0625\u0644\u0649 \u062d\u0633\u0627\u0628\u0643 \u0645\u062f\u0649 \u0627\u0644\u062d\u064a\u0627\u0629.<\/p>\n<p>\u0645\u0645\u064a\u0632\u0627\u062a \u0627\u0644\u0645\u0646\u062a\u062c:<br \/>\n\u0643\u0648\u062f \u0631\u0633\u0645\u064a \u0648\u0622\u0645\u0646 100%<\/p>\n<p>\u062a\u0633\u0644\u064a\u0645 \u0633\u0631\u064a\u0639 \u062e\u0644\u0627\u0644 10 &#8211; 15 \u062f\u0642\u064a\u0642\u0629<\/p>\n<p>\u062f\u0639\u0645 \u0641\u0646\u064a \u0641\u064a \u062d\u0627\u0644 \u0648\u0627\u062c\u0647\u062a \u0623\u064a \u0645\u0634\u0643\u0644\u0629<\/p>\n<p>\u0628\u062f\u0648\u0646 \u0627\u0634\u062a\u0631\u0627\u0643 \u0634\u0647\u0631\u064a \u2013 \u0634\u0631\u0627\u0621 \u0644\u0645\u0631\u0629 \u0648\u0627\u062d\u062f\u0629 \u0641\u0642\u0637<\/p>\n<p>\u0627\u0644\u0633\u0639\u0631 \u0627\u0644\u0623\u0641\u0636\u0644 \u0641\u064a \u0627\u0644\u0633\u0648\u0642 \u0627\u0644\u062c\u0632\u0627\u0626\u0631\u064a<\/p>\n<p>\u0643\u064a\u0641\u064a\u0629 \u0627\u0644\u0627\u0633\u062a\u0631\u062f\u0627\u062f:<br \/>\n\u0625\u0630\u0627 \u0644\u0645 \u062a\u0643\u0646 \u062a\u0639\u0631\u0641 \u0637\u0631\u064a\u0642\u0629 \u062a\u0641\u0639\u064a\u0644 \u0627\u0644\u0643\u0648\u062f\u060c \u0644\u0627 \u062a\u0642\u0644\u0642!<br \/>\n\u0628\u0639\u062f \u0639\u0645\u0644\u064a\u0629 \u0627\u0644\u0634\u0631\u0627\u0621\u060c \u0633\u064a\u062a\u0645 \u062a\u0648\u062c\u064a\u0647\u0643 \u062a\u0644\u0642\u0627\u0626\u064a\u0627\u064b \u0625\u0644\u0649 \u0635\u0641\u062d\u0629 \u0641\u064a\u0647\u0627 \u0641\u064a\u062f\u064a\u0648\u0647\u0627\u062a \u062a\u0634\u0631\u062d \u062e\u0637\u0648\u0629 \u0628\u062e\u0637\u0648\u0629 \u0643\u064a\u0641\u064a\u0629 \u0627\u0633\u062a\u0631\u062f\u0627\u062f \u0627\u0644\u0643\u0648\u062f \u0639\u0644\u0649 \u0643\u0644 \u0645\u0646\u0635\u0629 (Steam\u060c Xbox\u060c PS&#8230;).<\/p>","protected":false},"featured_media":2956,"comment_status":"open","ping_status":"closed","template":"","meta":{"googlesitekit_rrm_CAowv7G7DA:productID":"","om_disable_all_campaigns":false,"_monsterinsights_skip_tracking":false,"_monsterinsights_sitenote_active":false,"_monsterinsights_sitenote_note":"","_monsterinsights_sitenote_category":0,"jetpack_post_was_ever_published":false},"product_brand":[63],"product_cat":[48,49],"product_tag":[],"class_list":{"0":"post-2955","1":"product","2":"type-product","3":"status-publish","4":"has-post-thumbnail","6":"product_brand-xbox","7":"product_cat-xbox-one","8":"product_cat-xbox-series-xs","10":"first","11":"instock","12":"sale","13":"virtual","14":"taxable","15":"purchasable","16":"product-type-simple"},"jetpack_sharing_enabled":true,"jetpack_likes_enabled":true,"_links":{"self":[{"href":"https:\/\/cdhubs.com\/kab\/wp-json\/wp\/v2\/product\/2955","targetHints":{"allow":["GET"]}}],"collection":[{"href":"https:\/\/cdhubs.com\/kab\/wp-json\/wp\/v2\/product"}],"about":[{"href":"https:\/\/cdhubs.com\/kab\/wp-json\/wp\/v2\/types\/product"}],"replies":[{"embeddable":true,"href":"https:\/\/cdhubs.com\/kab\/wp-json\/wp\/v2\/comments?post=2955"}],"version-history":[{"count":2,"href":"https:\/\/cdhubs.com\/kab\/wp-json\/wp\/v2\/product\/2955\/revisions"}],"predecessor-version":[{"id":3053,"href":"https:\/\/cdhubs.com\/kab\/wp-json\/wp\/v2\/product\/2955\/revisions\/3053"}],"wp:featuredmedia":[{"embeddable":true,"href":"https:\/\/cdhubs.com\/kab\/wp-json\/wp\/v2\/media\/2956"}],"wp:attachment":[{"href":"https:\/\/cdhubs.com\/kab\/wp-json\/wp\/v2\/media?parent=2955"}],"wp:term":[{"taxonomy":"product_brand","embeddable":true,"href":"https:\/\/cdhubs.com\/kab\/wp-json\/wp\/v2\/product_brand?post=2955"},{"taxonomy":"product_cat","embeddable":true,"href":"https:\/\/cdhubs.com\/kab\/wp-json\/wp\/v2\/product_cat?post=2955"},{"taxonomy":"product_tag","embeddable":true,"href":"https:\/\/cdhubs.com\/kab\/wp-json\/wp\/v2\/product_tag?post=2955"}],"curies":[{"name":"wp","href":"https:\/\/api.w.org\/{rel}","templated":true}]}}