{"id":2897,"date":"2025-04-23T13:54:09","date_gmt":"2025-04-23T13:54:09","guid":{"rendered":"https:\/\/cdhubs.com\/?post_type=product&#038;p=2897"},"modified":"2025-04-26T14:46:42","modified_gmt":"2025-04-26T14:46:42","slug":"far-cry-6-xbox","status":"publish","type":"product","link":"https:\/\/cdhubs.com\/kab\/product\/far-cry-6-xbox\/","title":{"rendered":"Far Cry 6 XBOX"},"content":{"rendered":"<h2>\u00c0 propos de ce jeu<\/h2>\n<div class=\"bb_wide_img_ctn\"><img data-recalc-dims=\"1\" decoding=\"async\" class=\"bb_img\" src=\"https:\/\/i0.wp.com\/shared.fastly.steamstatic.com\/store_item_assets\/steam\/apps\/2369390\/extras\/SuperHeroArt__3840x2160_.png?ssl=1\" \/><\/div>\n<p>Bienvenue \u00e0 Yara, un paradis tropical fig\u00e9 dans le temps. Ant\u00f3n Castillo, dictateur de l&#8217;\u00eele, est bien d\u00e9cid\u00e9 \u00e0 rendre sa gloire d&#8217;antan \u00e0 la nation, et son fils Diego suit les traces sanglantes de son p\u00e8re. Leur r\u00e9gime de terreur a d\u00e9clench\u00e9 une v\u00e9ritable r\u00e9volution.<\/p>\n<p>&#8211; Incarnez Dani Rojas et rejoignez une gu\u00e9rilla moderne pour lib\u00e9rer Yara ! Jouez au jeu complet en solo ou avec un ami en coop.<br \/>\n&#8211; Combattez le r\u00e9gime de Castillo sur le plus grand terrain de jeu de Far Cry \u00e0 ce jour, entre la jungle, les plages et Esperanza, la capitale de Yara.<br \/>\n&#8211; Utilisez des armes, des sacs \u00e0 dos et des v\u00e9hicules bricol\u00e9s pour mettre un terme au r\u00e9gime impitoyable de Castillo.<br \/>\n&#8211; Ressentez le frisson du combat gr\u00e2ce \u00e0 un arsenal d&#8217;armes et faites \u00e9quipe avec des compagnons animaliers comme Chorizo, un adorable teckel et Guapo le crocodile de compagnie.<br \/>\n&#8211; Profitez de tous les contenus ajout\u00e9s depuis le lancement du jeu dont 4 nouvelles op\u00e9rations sp\u00e9ciales, des missions crossovers gratuites, le New Game Plus, l&#8217;Aide du Perfectionniste, un mode de difficult\u00e9 extr\u00eame et quatre nouveaux emplacements pour les classes.<\/p>\n<p>Il n&#8217;y a jamais eu meilleur moment pour rejoindre plusieurs millions de joueurs \u00e0 Yara !<\/p>","protected":false},"excerpt":{"rendered":"<p>\u0627\u0633\u062a\u0645\u062a\u0639 \u0628\u062a\u062c\u0631\u0628\u0629 \u0644\u0639\u0628 \u0623\u0635\u0644\u064a\u0629 \u0639\u0628\u0631 \u0643\u0648\u062f \u0627\u0633\u062a\u0631\u062f\u0627\u062f \u0631\u0633\u0645\u064a!<br \/>\n\u0627\u0634\u062a\u0631\u0650 \u0627\u0644\u0644\u0639\u0628\u0629 \u0627\u0644\u0622\u0646 \u0648\u0627\u062d\u0635\u0644 \u0639\u0644\u0649 \u0643\u0648\u062f \u0627\u0644\u062a\u0641\u0639\u064a\u0644 \u0627\u0644\u0631\u0642\u0645\u064a \u062e\u0644\u0627\u0644 10 \u0625\u0644\u0649 15 \u062f\u0642\u064a\u0642\u0629 \u0641\u0642\u0637 \u0628\u0639\u062f \u0627\u0644\u062f\u0641\u0639.<br \/>\n\u0642\u0645 \u0628\u0627\u0633\u062a\u062e\u062f\u0627\u0645 \u0627\u0644\u0643\u0648\u062f \u0639\u0644\u0649 \u0627\u0644\u0645\u0646\u0635\u0629 \u0627\u0644\u0645\u0646\u0627\u0633\u0628\u0629 (Steam\u060c Xbox\u060c PSN&#8230;) \u0648\u0633\u064a\u062a\u0645 \u0625\u0636\u0627\u0641\u0629 \u0627\u0644\u0644\u0639\u0628\u0629 \u062a\u0644\u0642\u0627\u0626\u064a\u0627\u064b \u0625\u0644\u0649 \u062d\u0633\u0627\u0628\u0643 \u0645\u062f\u0649 \u0627\u0644\u062d\u064a\u0627\u0629.<\/p>\n<p>\u0645\u0645\u064a\u0632\u0627\u062a \u0627\u0644\u0645\u0646\u062a\u062c:<br \/>\n\u0643\u0648\u062f \u0631\u0633\u0645\u064a \u0648\u0622\u0645\u0646 100%<\/p>\n<p>\u062a\u0633\u0644\u064a\u0645 \u0633\u0631\u064a\u0639 \u062e\u0644\u0627\u0644 10 &#8211; 15 \u062f\u0642\u064a\u0642\u0629<\/p>\n<p>\u062f\u0639\u0645 \u0641\u0646\u064a \u0641\u064a \u062d\u0627\u0644 \u0648\u0627\u062c\u0647\u062a \u0623\u064a \u0645\u0634\u0643\u0644\u0629<\/p>\n<p>\u0628\u062f\u0648\u0646 \u0627\u0634\u062a\u0631\u0627\u0643 \u0634\u0647\u0631\u064a \u2013 \u0634\u0631\u0627\u0621 \u0644\u0645\u0631\u0629 \u0648\u0627\u062d\u062f\u0629 \u0641\u0642\u0637<\/p>\n<p>\u0627\u0644\u0633\u0639\u0631 \u0627\u0644\u0623\u0641\u0636\u0644 \u0641\u064a \u0627\u0644\u0633\u0648\u0642 \u0627\u0644\u062c\u0632\u0627\u0626\u0631\u064a<\/p>\n<p>\u0643\u064a\u0641\u064a\u0629 \u0627\u0644\u0627\u0633\u062a\u0631\u062f\u0627\u062f:<br \/>\n\u0625\u0630\u0627 \u0644\u0645 \u062a\u0643\u0646 \u062a\u0639\u0631\u0641 \u0637\u0631\u064a\u0642\u0629 \u062a\u0641\u0639\u064a\u0644 \u0627\u0644\u0643\u0648\u062f\u060c \u0644\u0627 \u062a\u0642\u0644\u0642!<br \/>\n\u0628\u0639\u062f \u0639\u0645\u0644\u064a\u0629 \u0627\u0644\u0634\u0631\u0627\u0621\u060c \u0633\u064a\u062a\u0645 \u062a\u0648\u062c\u064a\u0647\u0643 \u062a\u0644\u0642\u0627\u0626\u064a\u0627\u064b \u0625\u0644\u0649 \u0635\u0641\u062d\u0629 \u0641\u064a\u0647\u0627 \u0641\u064a\u062f\u064a\u0648\u0647\u0627\u062a \u062a\u0634\u0631\u062d \u062e\u0637\u0648\u0629 \u0628\u062e\u0637\u0648\u0629 \u0643\u064a\u0641\u064a\u0629 \u0627\u0633\u062a\u0631\u062f\u0627\u062f \u0627\u0644\u0643\u0648\u062f \u0639\u0644\u0649 \u0643\u0644 \u0645\u0646\u0635\u0629 (Steam\u060c Xbox\u060c PS&#8230;).<\/p>","protected":false},"featured_media":2898,"comment_status":"open","ping_status":"closed","template":"","meta":{"googlesitekit_rrm_CAowv7G7DA:productID":"","om_disable_all_campaigns":false,"_monsterinsights_skip_tracking":false,"_monsterinsights_sitenote_active":false,"_monsterinsights_sitenote_note":"","_monsterinsights_sitenote_category":0,"jetpack_post_was_ever_published":false},"product_brand":[63],"product_cat":[48,49],"product_tag":[],"class_list":{"0":"post-2897","1":"product","2":"type-product","3":"status-publish","4":"has-post-thumbnail","6":"product_brand-xbox","7":"product_cat-xbox-one","8":"product_cat-xbox-series-xs","10":"first","11":"instock","12":"sale","13":"virtual","14":"taxable","15":"purchasable","16":"product-type-simple"},"jetpack_sharing_enabled":true,"jetpack_likes_enabled":true,"_links":{"self":[{"href":"https:\/\/cdhubs.com\/kab\/wp-json\/wp\/v2\/product\/2897","targetHints":{"allow":["GET"]}}],"collection":[{"href":"https:\/\/cdhubs.com\/kab\/wp-json\/wp\/v2\/product"}],"about":[{"href":"https:\/\/cdhubs.com\/kab\/wp-json\/wp\/v2\/types\/product"}],"replies":[{"embeddable":true,"href":"https:\/\/cdhubs.com\/kab\/wp-json\/wp\/v2\/comments?post=2897"}],"version-history":[{"count":2,"href":"https:\/\/cdhubs.com\/kab\/wp-json\/wp\/v2\/product\/2897\/revisions"}],"predecessor-version":[{"id":3067,"href":"https:\/\/cdhubs.com\/kab\/wp-json\/wp\/v2\/product\/2897\/revisions\/3067"}],"wp:featuredmedia":[{"embeddable":true,"href":"https:\/\/cdhubs.com\/kab\/wp-json\/wp\/v2\/media\/2898"}],"wp:attachment":[{"href":"https:\/\/cdhubs.com\/kab\/wp-json\/wp\/v2\/media?parent=2897"}],"wp:term":[{"taxonomy":"product_brand","embeddable":true,"href":"https:\/\/cdhubs.com\/kab\/wp-json\/wp\/v2\/product_brand?post=2897"},{"taxonomy":"product_cat","embeddable":true,"href":"https:\/\/cdhubs.com\/kab\/wp-json\/wp\/v2\/product_cat?post=2897"},{"taxonomy":"product_tag","embeddable":true,"href":"https:\/\/cdhubs.com\/kab\/wp-json\/wp\/v2\/product_tag?post=2897"}],"curies":[{"name":"wp","href":"https:\/\/api.w.org\/{rel}","templated":true}]}}