{"id":3836,"date":"2025-05-17T22:12:10","date_gmt":"2025-05-17T21:12:10","guid":{"rendered":"https:\/\/cdhubs.com\/?post_type=product&#038;p=3836"},"modified":"2025-05-17T23:52:44","modified_gmt":"2025-05-17T22:52:44","slug":"elden-ring-pc-ps4","status":"publish","type":"product","link":"https:\/\/cdhubs.com\/it\/prodotto\/elden-ring-pc-ps4\/","title":{"rendered":"Elden Ring PC PS4"},"content":{"rendered":"<div id=\"aboutThisGame\" class=\"game_page_autocollapse\" data-panel=\"{&quot;type&quot;:&quot;PanelGroup&quot;}\">\n<div id=\"game_area_description\" class=\"game_area_description\">\n<h2>\u00c0 propos de ce jeu<\/h2>\n<p><strong>LE RPG D&#8217;ACTION FANTASTIQUE ACCLAM\u00c9 PAR LA CRITIQUE.<\/strong><br \/>\n<i>Levez-vous, Sans-\u00e9clat. Laissez-vous guider par la gr\u00e2ce afin de vous emparer du pouvoir du Cercle d&#8217;Elden.<\/i><\/p>\n<h2 class=\"bb_tag\">\u2022 Un monde \u00e9blouissant rempli d&#8217;aventures et de myst\u00e8res<\/h2>\n<p>L&#8217;Entre-terre s&#8217;int\u00e8gre \u00e0 un vaste continent parcouru de sublimes champs \u00e0 perte de vue et d&#8217;immenses donjons \u00e0 l&#8217;architecture complexe et interconnect\u00e9e. Au cours de votre p\u00e9riple, vous partirez \u00e0 la d\u00e9couverte de l&#8217;inconnu et affronterez d&#8217;importantes menaces.<br \/>\nUne bonne connaissance du terrain et de ses secrets vous permettra de vaincre vos ennemis, de terrasser des boss extraordinaires ou de tendre un pi\u00e8ge aux envahisseurs.<\/p>\n<p><img data-recalc-dims=\"1\" decoding=\"async\" class=\"bb_img\" src=\"https:\/\/i0.wp.com\/shared.fastly.steamstatic.com\/store_item_assets\/steam\/apps\/1245620\/extras\/ER_STEAM_GIF_01.gif?ssl=1\" \/><\/p>\n<h2 class=\"bb_tag\">\u2022 Affrontez des adversaires redoutables dans des combats intenses<\/h2>\n<p>Combattre dans ELDEN RING est \u00e0 la port\u00e9e de tous, mais ma\u00eetriser toutes les subtilit\u00e9s de cet art demande du temps. Dans votre qu\u00eate pour devenir Seigneur d&#8217;Elden, il vous faudra apprendre \u00e0 alterner entre l&#8217;attaque et l&#8217;esquive, \u00e0 utiliser toute vari\u00e9t\u00e9 d&#8217;armes, de sorts et d&#8217;invocations, et \u00e0 synchroniser parfaitement vos assauts pour profiter des faiblesses de vos adversaires.<\/p>\n<p><img data-recalc-dims=\"1\" decoding=\"async\" class=\"bb_img\" src=\"https:\/\/i0.wp.com\/shared.fastly.steamstatic.com\/store_item_assets\/steam\/apps\/1245620\/extras\/ER_STEAM_GIF_02.gif?ssl=1\" \/><\/p>\n<h2 class=\"bb_tag\">\u2022 Cr\u00e9ez et personnalisez votre personnage<\/h2>\n<p>Outre la possibilit\u00e9 de modifier l&#8217;apparence de votre personnage, vous aurez \u00e0 votre disposition une multitude de combinaisons d&#8217;armes, d&#8217;armures, d&#8217;objets consommables et de sorts. Personnalisez ainsi votre personnage en fonction de votre style de jeu.<br \/>\nQue vous pr\u00e9f\u00e9riez la confrontation physique, le lancement de sorts ou l&#8217;art subtil de la discr\u00e9tion, vous trouverez l&#8217;\u00e9quipement adapt\u00e9 \u00e0 vos besoins.<\/p>\n<p><img data-recalc-dims=\"1\" decoding=\"async\" class=\"bb_img\" src=\"https:\/\/i0.wp.com\/shared.fastly.steamstatic.com\/store_item_assets\/steam\/apps\/1245620\/extras\/ER_STEAM_GIF_03.gif?ssl=1\" \/><\/p>\n<h2 class=\"bb_tag\">\u2022 Un drame \u00e9pique tir\u00e9 d&#8217;un mythe imagin\u00e9 par George R. R. Martin<\/h2>\n<p>La mythologie de base d&#8217;Elden Ring a \u00e9t\u00e9 \u00e9crite par George R. R. Martin, puis adapt\u00e9e en une histoire riche et complexe. Les d\u00e9sirs et les destins des personnages s&#8217;entrem\u00ealent pour cr\u00e9er un r\u00e9cit intense qui anime tout le territoire de l&#8217;Entre-terre. Vos choix d\u00e9termineront la fa\u00e7on dont les \u00e9v\u00e9nements se d\u00e9rouleront en jeu.<\/p>\n<p><img data-recalc-dims=\"1\" decoding=\"async\" class=\"bb_img\" src=\"https:\/\/i0.wp.com\/shared.fastly.steamstatic.com\/store_item_assets\/steam\/apps\/1245620\/extras\/ER_STEAM_GIF_04.gif?ssl=1\" \/><\/p>\n<h2 class=\"bb_tag\">\u2022 Rejoignez une immense communaut\u00e9 mondiale<\/h2>\n<p>La communaut\u00e9 des Sans-\u00e9clat est vaste et active. Vos amis en font peut-\u00eatre d\u00e9j\u00e0 parti. Jouez avec jusqu&#8217;\u00e0 deux Sans-\u00e9clat en coop\u00e9ratif, en les invitant \u00e0 l&#8217;aide d&#8217;un mot de passe partag\u00e9 ou en les invoquant parmi les membres de la communaut\u00e9 \u00e0 proximit\u00e9.<br \/>\nVous aurez \u00e9galement de nombreuses occasions d&#8217;affronter d&#8217;autres joueurs, soit par le biais des invasions coop\u00e9ratives, soit lors d&#8217;invitations \u00e0 des duels ou en participant aux diff\u00e9rents combats entre joueurs propos\u00e9s dans les trois colis\u00e9es.<\/p>\n<p><img data-recalc-dims=\"1\" decoding=\"async\" class=\"bb_img\" src=\"https:\/\/i0.wp.com\/shared.fastly.steamstatic.com\/store_item_assets\/steam\/apps\/1245620\/extras\/ER_STEAM_GIF_05.gif?ssl=1\" \/><\/p>\n<\/div>\n<\/div>\n<div class=\"game_page_autocollapse_fade\"><\/div>","protected":false},"excerpt":{"rendered":"<p>\u0627\u0633\u062a\u0645\u062a\u0639 \u0628\u062a\u062c\u0631\u0628\u0629 \u0644\u0639\u0628 \u0623\u0635\u0644\u064a\u0629 \u0639\u0628\u0631 \u0643\u0648\u062f \u0627\u0633\u062a\u0631\u062f\u0627\u062f \u0631\u0633\u0645\u064a!<br \/>\n\u0627\u0634\u062a\u0631\u0650 \u0627\u0644\u0644\u0639\u0628\u0629 \u0627\u0644\u0622\u0646 \u0648\u0627\u062d\u0635\u0644 \u0639\u0644\u0649 \u0643\u0648\u062f \u0627\u0644\u062a\u0641\u0639\u064a\u0644 \u0627\u0644\u0631\u0642\u0645\u064a \u062e\u0644\u0627\u0644 10 \u0625\u0644\u0649 15 \u062f\u0642\u064a\u0642\u0629 \u0641\u0642\u0637 \u0628\u0639\u062f \u0627\u0644\u062f\u0641\u0639.<br \/>\n\u0642\u0645 \u0628\u0627\u0633\u062a\u062e\u062f\u0627\u0645 \u0627\u0644\u0643\u0648\u062f \u0639\u0644\u0649 \u0627\u0644\u0645\u0646\u0635\u0629 \u0627\u0644\u0645\u0646\u0627\u0633\u0628\u0629 (Steam\u060c Xbox\u060c PSN&#8230;) \u0648\u0633\u064a\u062a\u0645 \u0625\u0636\u0627\u0641\u0629 \u0627\u0644\u0644\u0639\u0628\u0629 \u062a\u0644\u0642\u0627\u0626\u064a\u0627\u064b \u0625\u0644\u0649 \u062d\u0633\u0627\u0628\u0643 \u0645\u062f\u0649 \u0627\u0644\u062d\u064a\u0627\u0629.<\/p>\n<p>\u0645\u0645\u064a\u0632\u0627\u062a \u0627\u0644\u0645\u0646\u062a\u062c:<br \/>\n\u0643\u0648\u062f \u0631\u0633\u0645\u064a \u0648\u0622\u0645\u0646 100%<\/p>\n<p>\u062a\u0633\u0644\u064a\u0645 \u0633\u0631\u064a\u0639 \u062e\u0644\u0627\u0644 10 &#8211; 15 \u062f\u0642\u064a\u0642\u0629<\/p>\n<p>\u062f\u0639\u0645 \u0641\u0646\u064a \u0641\u064a \u062d\u0627\u0644 \u0648\u0627\u062c\u0647\u062a \u0623\u064a \u0645\u0634\u0643\u0644\u0629<\/p>\n<p>\u0628\u062f\u0648\u0646 \u0627\u0634\u062a\u0631\u0627\u0643 \u0634\u0647\u0631\u064a \u2013 \u0634\u0631\u0627\u0621 \u0644\u0645\u0631\u0629 \u0648\u0627\u062d\u062f\u0629 \u0641\u0642\u0637<\/p>\n<p>\u0627\u0644\u0633\u0639\u0631 \u0627\u0644\u0623\u0641\u0636\u0644 \u0641\u064a \u0627\u0644\u0633\u0648\u0642 \u0627\u0644\u062c\u0632\u0627\u0626\u0631\u064a<\/p>\n<p>\u0643\u064a\u0641\u064a\u0629 \u0627\u0644\u0627\u0633\u062a\u0631\u062f\u0627\u062f:<br \/>\n\u0625\u0630\u0627 \u0644\u0645 \u062a\u0643\u0646 \u062a\u0639\u0631\u0641 \u0637\u0631\u064a\u0642\u0629 \u062a\u0641\u0639\u064a\u0644 \u0627\u0644\u0643\u0648\u062f\u060c \u0644\u0627 \u062a\u0642\u0644\u0642!<br \/>\n\u0628\u0639\u062f \u0639\u0645\u0644\u064a\u0629 \u0627\u0644\u0634\u0631\u0627\u0621\u060c \u0633\u064a\u062a\u0645 \u062a\u0648\u062c\u064a\u0647\u0643 \u062a\u0644\u0642\u0627\u0626\u064a\u0627\u064b \u0625\u0644\u0649 \u0635\u0641\u062d\u0629 \u0641\u064a\u0647\u0627 \u0641\u064a\u062f\u064a\u0648\u0647\u0627\u062a \u062a\u0634\u0631\u062d \u062e\u0637\u0648\u0629 \u0628\u062e\u0637\u0648\u0629 \u0643\u064a\u0641\u064a\u0629 \u0627\u0633\u062a\u0631\u062f\u0627\u062f \u0627\u0644\u0643\u0648\u062f \u0639\u0644\u0649 \u0643\u0644 \u0645\u0646\u0635\u0629 (Steam\u060c Xbox\u060c PS&#8230;).<\/p>\n<p>&nbsp;<\/p>\n<div id=\"aboutThisGame\" class=\"game_page_autocollapse\" data-panel=\"{&quot;type&quot;:&quot;PanelGroup&quot;}\">\n<div id=\"game_area_description\" class=\"game_area_description\"><\/div>\n<\/div>\n<div class=\"game_page_autocollapse_fade\"><\/div>","protected":false},"featured_media":3905,"comment_status":"open","ping_status":"closed","template":"","meta":{"googlesitekit_rrm_CAowv7G7DA:productID":"","om_disable_all_campaigns":false,"_monsterinsights_skip_tracking":false,"_monsterinsights_sitenote_active":false,"_monsterinsights_sitenote_note":"","_monsterinsights_sitenote_category":0,"jetpack_post_was_ever_published":false},"product_brand":[59],"product_cat":[57],"product_tag":[],"class_list":{"0":"post-3836","1":"product","2":"type-product","3":"status-publish","4":"has-post-thumbnail","6":"product_brand-playstation-4","7":"product_cat-ps4","9":"first","10":"instock","11":"sale","12":"featured","13":"virtual","14":"taxable","15":"purchasable","16":"product-type-simple"},"jetpack_sharing_enabled":true,"jetpack_likes_enabled":true,"_links":{"self":[{"href":"https:\/\/cdhubs.com\/it\/wp-json\/wp\/v2\/product\/3836","targetHints":{"allow":["GET"]}}],"collection":[{"href":"https:\/\/cdhubs.com\/it\/wp-json\/wp\/v2\/product"}],"about":[{"href":"https:\/\/cdhubs.com\/it\/wp-json\/wp\/v2\/types\/product"}],"replies":[{"embeddable":true,"href":"https:\/\/cdhubs.com\/it\/wp-json\/wp\/v2\/comments?post=3836"}],"version-history":[{"count":3,"href":"https:\/\/cdhubs.com\/it\/wp-json\/wp\/v2\/product\/3836\/revisions"}],"predecessor-version":[{"id":3840,"href":"https:\/\/cdhubs.com\/it\/wp-json\/wp\/v2\/product\/3836\/revisions\/3840"}],"wp:featuredmedia":[{"embeddable":true,"href":"https:\/\/cdhubs.com\/it\/wp-json\/wp\/v2\/media\/3905"}],"wp:attachment":[{"href":"https:\/\/cdhubs.com\/it\/wp-json\/wp\/v2\/media?parent=3836"}],"wp:term":[{"taxonomy":"product_brand","embeddable":true,"href":"https:\/\/cdhubs.com\/it\/wp-json\/wp\/v2\/product_brand?post=3836"},{"taxonomy":"product_cat","embeddable":true,"href":"https:\/\/cdhubs.com\/it\/wp-json\/wp\/v2\/product_cat?post=3836"},{"taxonomy":"product_tag","embeddable":true,"href":"https:\/\/cdhubs.com\/it\/wp-json\/wp\/v2\/product_tag?post=3836"}],"curies":[{"name":"wp","href":"https:\/\/api.w.org\/{rel}","templated":true}]}}