{"id":3648,"date":"2025-05-09T19:13:47","date_gmt":"2025-05-09T18:13:47","guid":{"rendered":"https:\/\/cdhubs.com\/?post_type=product&#038;p=3648"},"modified":"2025-05-09T19:18:37","modified_gmt":"2025-05-09T18:18:37","slug":"assassins-creed-shadows-xbox","status":"publish","type":"product","link":"https:\/\/cdhubs.com\/it\/prodotto\/assassins-creed-shadows-xbox\/","title":{"rendered":"Assassin&#039;s Creed Shadows XBOX"},"content":{"rendered":"<div id=\"aboutThisGame\" class=\"game_page_autocollapse\" data-panel=\"{&quot;type&quot;:&quot;PanelGroup&quot;}\">\n<div id=\"game_area_description\" class=\"game_area_description\">\n<h2>\u00c0 propos de ce jeu<\/h2>\n<h2 class=\"bb_tag\">PLONGEZ DANS LE JAPON F\u00c9ODAL<\/h2>\n<p>Explorez le monde ouvert captivant du Japon f\u00e9odal, des villes fortifi\u00e9es spectaculaires aux ports anim\u00e9s en passant par les paisibles sanctuaires et les paysages d\u00e9vast\u00e9s par les combats. Bravez des conditions m\u00e9t\u00e9orologiques impr\u00e9visibles, des changements de saisons et des environnements r\u00e9actifs.<br \/>\n<img data-recalc-dims=\"1\" decoding=\"async\" class=\"bb_img\" src=\"https:\/\/i0.wp.com\/shared.cloudflare.steamstatic.com\/store_item_assets\/steam\/apps\/3159330\/extras\/GIF_ACSH_01.gif?ssl=1\" \/><\/p>\n<h2 class=\"bb_tag\">MA\u00ceTRISEZ DES STYLES DE JEU COMPL\u00c9MENTAIRES<\/h2>\n<p>Incarnez Naoe, une Assassin shinobi, et Yasuke, un samoura\u00ef l\u00e9gendaire. Explorez leurs r\u00e9cits captivants et ma\u00eetrisez leurs styles de jeu compl\u00e9mentaires. Avec Naoe, utilisez la discr\u00e9tion pour \u00e9viter de vous faire rep\u00e9rer et l&#8217;agilit\u00e9 pour d\u00e9boussoler vos ennemis. Avec Yasuke, frappez vos adversaires avec puissance et une pr\u00e9cision mortelle.<br \/>\n<img data-recalc-dims=\"1\" decoding=\"async\" class=\"bb_img\" src=\"https:\/\/i0.wp.com\/shared.cloudflare.steamstatic.com\/store_item_assets\/steam\/apps\/3159330\/extras\/GIF_ACSH_02.gif?ssl=1\" \/><\/p>\n<h2 class=\"bb_tag\">FAITES DE L&#8217;INFORMATION VOTRE ARME<\/h2>\n<p>Explorez le monde et cr\u00e9ez votre propre r\u00e9seau d&#8217;espions qui surveilleront, \u00e9couteront et traqueront votre prochaine cible \u00e0 travers divers lieux. Recrutez de nouveaux alli\u00e9s aux aptitudes uniques pour vous aider \u00e0 accomplir vos missions.<br \/>\n<img data-recalc-dims=\"1\" decoding=\"async\" class=\"bb_img\" src=\"https:\/\/i0.wp.com\/shared.cloudflare.steamstatic.com\/store_item_assets\/steam\/apps\/3159330\/extras\/GIF_ACSH_03.gif?ssl=1\" \/><\/p>\n<h2 class=\"bb_tag\">CR\u00c9EZ VOTRE PROPRE REPAIRE<\/h2>\n<p>Cr\u00e9ez un repaire enti\u00e8rement personnalisable pour votre ligue de shinobi o\u00f9 vous pourrez entra\u00eener votre \u00e9quipe, fabriquer de l&#8217;\u00e9quipement, interagir avec des personnages cl\u00e9s et choisir la disposition du b\u00e2timent, la d\u00e9coration et les accessoires de votre base.<br \/>\n<img data-recalc-dims=\"1\" decoding=\"async\" class=\"bb_img\" src=\"https:\/\/i0.wp.com\/shared.cloudflare.steamstatic.com\/store_item_assets\/steam\/apps\/3159330\/extras\/GIF_ACSH_04.gif?ssl=1\" \/><\/p>\n<\/div>\n<\/div>\n<div class=\"game_page_autocollapse_fade\"><\/div>","protected":false},"excerpt":{"rendered":"<p>\u0627\u0633\u062a\u0645\u062a\u0639 \u0628\u062a\u062c\u0631\u0628\u0629 \u0644\u0639\u0628 \u0623\u0635\u0644\u064a\u0629 \u0639\u0628\u0631 \u0643\u0648\u062f \u0627\u0633\u062a\u0631\u062f\u0627\u062f \u0631\u0633\u0645\u064a!<br \/>\n\u0627\u0634\u062a\u0631\u0650 \u0627\u0644\u0644\u0639\u0628\u0629 \u0627\u0644\u0622\u0646 \u0648\u0627\u062d\u0635\u0644 \u0639\u0644\u0649 \u0643\u0648\u062f \u0627\u0644\u062a\u0641\u0639\u064a\u0644 \u0627\u0644\u0631\u0642\u0645\u064a \u062e\u0644\u0627\u0644 10 \u0625\u0644\u0649 15 \u062f\u0642\u064a\u0642\u0629 \u0641\u0642\u0637 \u0628\u0639\u062f \u0627\u0644\u062f\u0641\u0639.<br \/>\n\u0642\u0645 \u0628\u0627\u0633\u062a\u062e\u062f\u0627\u0645 \u0627\u0644\u0643\u0648\u062f \u0639\u0644\u0649 \u0627\u0644\u0645\u0646\u0635\u0629 \u0627\u0644\u0645\u0646\u0627\u0633\u0628\u0629 (Steam\u060c Xbox\u060c PSN&#8230;) \u0648\u0633\u064a\u062a\u0645 \u0625\u0636\u0627\u0641\u0629 \u0627\u0644\u0644\u0639\u0628\u0629 \u062a\u0644\u0642\u0627\u0626\u064a\u0627\u064b \u0625\u0644\u0649 \u062d\u0633\u0627\u0628\u0643 \u0645\u062f\u0649 \u0627\u0644\u062d\u064a\u0627\u0629.<\/p>\n<p>\u0645\u0645\u064a\u0632\u0627\u062a \u0627\u0644\u0645\u0646\u062a\u062c:<br \/>\n\u0643\u0648\u062f \u0631\u0633\u0645\u064a \u0648\u0622\u0645\u0646 100%<\/p>\n<p>\u062a\u0633\u0644\u064a\u0645 \u0633\u0631\u064a\u0639 \u062e\u0644\u0627\u0644 10 &#8211; 15 \u062f\u0642\u064a\u0642\u0629<\/p>\n<p>\u062f\u0639\u0645 \u0641\u0646\u064a \u0641\u064a \u062d\u0627\u0644 \u0648\u0627\u062c\u0647\u062a \u0623\u064a \u0645\u0634\u0643\u0644\u0629<\/p>\n<p>\u0628\u062f\u0648\u0646 \u0627\u0634\u062a\u0631\u0627\u0643 \u0634\u0647\u0631\u064a \u2013 \u0634\u0631\u0627\u0621 \u0644\u0645\u0631\u0629 \u0648\u0627\u062d\u062f\u0629 \u0641\u0642\u0637<\/p>\n<p>\u0627\u0644\u0633\u0639\u0631 \u0627\u0644\u0623\u0641\u0636\u0644 \u0641\u064a \u0627\u0644\u0633\u0648\u0642 \u0627\u0644\u062c\u0632\u0627\u0626\u0631\u064a<\/p>\n<p>\u0643\u064a\u0641\u064a\u0629 \u0627\u0644\u0627\u0633\u062a\u0631\u062f\u0627\u062f:<br \/>\n\u0625\u0630\u0627 \u0644\u0645 \u062a\u0643\u0646 \u062a\u0639\u0631\u0641 \u0637\u0631\u064a\u0642\u0629 \u062a\u0641\u0639\u064a\u0644 \u0627\u0644\u0643\u0648\u062f\u060c \u0644\u0627 \u062a\u0642\u0644\u0642!<br \/>\n\u0628\u0639\u062f \u0639\u0645\u0644\u064a\u0629 \u0627\u0644\u0634\u0631\u0627\u0621\u060c \u0633\u064a\u062a\u0645 \u062a\u0648\u062c\u064a\u0647\u0643 \u062a\u0644\u0642\u0627\u0626\u064a\u0627\u064b \u0625\u0644\u0649 \u0635\u0641\u062d\u0629 \u0641\u064a\u0647\u0627 \u0641\u064a\u062f\u064a\u0648\u0647\u0627\u062a \u062a\u0634\u0631\u062d \u062e\u0637\u0648\u0629 \u0628\u062e\u0637\u0648\u0629 \u0643\u064a\u0641\u064a\u0629 \u0627\u0633\u062a\u0631\u062f\u0627\u062f \u0627\u0644\u0643\u0648\u062f \u0639\u0644\u0649 \u0643\u0644 \u0645\u0646\u0635\u0629 (Steam\u060c Xbox\u060c PS&#8230;).<\/p>","protected":false},"featured_media":3649,"comment_status":"open","ping_status":"closed","template":"","meta":{"googlesitekit_rrm_CAowv7G7DA:productID":"","om_disable_all_campaigns":false,"_monsterinsights_skip_tracking":false,"_monsterinsights_sitenote_active":false,"_monsterinsights_sitenote_note":"","_monsterinsights_sitenote_category":0,"jetpack_post_was_ever_published":false},"product_brand":[63],"product_cat":[114,48,49],"product_tag":[],"class_list":{"0":"post-3648","1":"product","2":"type-product","3":"status-publish","4":"has-post-thumbnail","6":"product_brand-xbox","7":"product_cat-xbox-series-xs-one","8":"product_cat-xbox-one","9":"product_cat-xbox-series-xs","11":"first","12":"instock","13":"sale","14":"virtual","15":"taxable","16":"purchasable","17":"product-type-simple"},"jetpack_sharing_enabled":true,"jetpack_likes_enabled":true,"_links":{"self":[{"href":"https:\/\/cdhubs.com\/it\/wp-json\/wp\/v2\/product\/3648","targetHints":{"allow":["GET"]}}],"collection":[{"href":"https:\/\/cdhubs.com\/it\/wp-json\/wp\/v2\/product"}],"about":[{"href":"https:\/\/cdhubs.com\/it\/wp-json\/wp\/v2\/types\/product"}],"replies":[{"embeddable":true,"href":"https:\/\/cdhubs.com\/it\/wp-json\/wp\/v2\/comments?post=3648"}],"version-history":[{"count":2,"href":"https:\/\/cdhubs.com\/it\/wp-json\/wp\/v2\/product\/3648\/revisions"}],"predecessor-version":[{"id":3652,"href":"https:\/\/cdhubs.com\/it\/wp-json\/wp\/v2\/product\/3648\/revisions\/3652"}],"wp:featuredmedia":[{"embeddable":true,"href":"https:\/\/cdhubs.com\/it\/wp-json\/wp\/v2\/media\/3649"}],"wp:attachment":[{"href":"https:\/\/cdhubs.com\/it\/wp-json\/wp\/v2\/media?parent=3648"}],"wp:term":[{"taxonomy":"product_brand","embeddable":true,"href":"https:\/\/cdhubs.com\/it\/wp-json\/wp\/v2\/product_brand?post=3648"},{"taxonomy":"product_cat","embeddable":true,"href":"https:\/\/cdhubs.com\/it\/wp-json\/wp\/v2\/product_cat?post=3648"},{"taxonomy":"product_tag","embeddable":true,"href":"https:\/\/cdhubs.com\/it\/wp-json\/wp\/v2\/product_tag?post=3648"}],"curies":[{"name":"wp","href":"https:\/\/api.w.org\/{rel}","templated":true}]}}