{"id":4531,"date":"2025-05-29T22:36:36","date_gmt":"2025-05-29T21:36:36","guid":{"rendered":"https:\/\/cdhubs.com\/?post_type=product&#038;p=4531"},"modified":"2025-05-30T00:14:26","modified_gmt":"2025-05-29T23:14:26","slug":"offline-activation-pc","status":"publish","type":"product","link":"https:\/\/cdhubs.com\/fr\/produit\/offline-activation-pc\/","title":{"rendered":"ACTIVATION HORS LIGNE PC"},"content":{"rendered":"<p data-start=\"235\" data-end=\"557\"><strong data-start=\"235\" data-end=\"312\">Profitez de jeux ininterrompus \u00e0 tout moment et en tout lieu gr\u00e2ce \u00e0 l&#039;activation du jeu hors ligne<\/strong>Le choix id\u00e9al pour les joueurs qui privil\u00e9gient la libert\u00e9, la performance et la fiabilit\u00e9. Que vous soyez en pleine nature ou que vous souhaitiez simplement vous \u00e9loigner des distractions en ligne, ce jeu vous garantit une exp\u00e9rience immersive et compl\u00e8te, sans connexion Internet.<\/p>\n<p data-start=\"559\" data-end=\"837\">Con\u00e7u d\u00e8s le d\u00e9part pour le jeu hors ligne, Activation Game Offline offre un pack de jeu complet et pr\u00eat \u00e0 l&#039;emploi. Plongez dans une campagne solo captivante, explorez de vastes environnements et relevez des missions complexes, le tout sans connexion.<\/p>\n<p data-start=\"839\" data-end=\"1031\">Avec une activation fluide et sans d\u00e9pendance aux serveurs ni aux DRM en ligne, jouez selon vos conditions. Id\u00e9al pour les voyageurs, les passionn\u00e9s hors ligne ou tous ceux qui souhaitent poss\u00e9der leurs jeux.<\/p>\n<p data-start=\"1033\" data-end=\"1046\"><strong data-start=\"1033\" data-end=\"1046\">Caract\u00e9ristiques:<\/strong><\/p>\n<ul data-start=\"1048\" data-end=\"1482\">\n<li data-start=\"1048\" data-end=\"1134\">\n<p data-start=\"1050\" data-end=\"1134\"><strong data-start=\"1050\" data-end=\"1077\">V\u00e9ritable activation hors ligne<\/strong> \u2013 Jouez \u00e0 tout moment apr\u00e8s la configuration initiale, aucune connexion Internet n&#039;est requise<\/p>\n<\/li>\n<li data-start=\"1135\" data-end=\"1238\">\n<p data-start=\"1137\" data-end=\"1238\"><strong data-start=\"1137\" data-end=\"1172\">Campagne solo engageante<\/strong> \u2013 Une narration riche, des personnages profonds et une progression enrichissante<\/p>\n<\/li>\n<li data-start=\"1239\" data-end=\"1335\">\n<p data-start=\"1241\" data-end=\"1335\"><strong data-start=\"1241\" data-end=\"1266\">Performances optimis\u00e9es<\/strong> \u2013 Fonctionne sans probl\u00e8me sur une large gamme de syst\u00e8mes sans surcharge en ligne<\/p>\n<\/li>\n<li data-start=\"1336\" data-end=\"1419\">\n<p data-start=\"1338\" data-end=\"1419\"><strong data-start=\"1338\" data-end=\"1361\">Aucune restriction DRM<\/strong> \u2013 Votre jeu, vos r\u00e8gles : activez-le une fois et profitez-en pour toujours<\/p>\n<\/li>\n<li data-start=\"1420\" data-end=\"1482\">\n<p data-start=\"1422\" data-end=\"1482\"><strong data-start=\"1422\" data-end=\"1482\">Id\u00e9al pour les emplacements \u00e9loign\u00e9s, les ordinateurs portables et les jeux portables<\/strong><\/p>\n<\/li>\n<\/ul>\n<p data-start=\"1484\" data-end=\"1687\">Que vous soyez en d\u00e9placement ou que vous pr\u00e9f\u00e9riez simplement une exp\u00e9rience de jeu classique sans mises \u00e0 jour constantes ni v\u00e9rifications de connectivit\u00e9, <strong data-start=\"1604\" data-end=\"1631\">Activation du jeu hors ligne<\/strong> vous offre tout ce dont vous avez besoin, enti\u00e8rement selon vos conditions.<\/p>","protected":false},"excerpt":{"rendered":"<p>\u0627\u0633\u062a\u0645\u062a\u0639 \u0628\u062a\u062c\u0631\u0628\u0629 \u0644\u0639\u0628 \u0623\u0635\u0644\u064a\u0629 \u0639\u0628\u0631 \u062d\u0633\u0627\u0628 \u0631\u0633\u0645\u064a!<br \/>\nIl faut compter entre 15 et 30 heures pour la journ\u00e9e.<\/p>\n<p>\u0645\u0645\u064a\u0632\u0627\u062a \u0627\u0644\u0645\u0646\u062a\u062c:<br \/>\n\u062d\u0633\u0627\u0628 \u0631\u0633\u0645\u064a \u0628\u0645\u0639\u0644\u0648\u0645\u0627\u062a\u0643 \u0648\u0622\u0645\u0646 100%<\/p>\n<p>\u062a\u0633\u0644\u064a\u0645 \u0633\u0631\u064a\u0639 \u062e\u0644\u0627\u0644 15 \u2013 30 \u062f\u0642\u064a\u0642\u0629<\/p>\n<p>\u062f\u0639\u0645 \u0641\u0646\u064a \u0641\u064a \u062d\u0627\u0644 \u0648\u0627\u062c\u0647\u062a \u0623\u064a \u0645\u0634\u0643\u0644\u0629<\/p>\n<p>\u0628\u062f\u0648\u0646 \u0627\u0634\u062a\u0631\u0627\u0643 \u0634\u0647\u0631\u064a \u2013 \u0634\u0631\u0627\u0621 \u0644\u0645\u0631\u0629 \u0648\u0627\u062d\u062f\u0629 \u0641\u0642\u0637<\/p>\n<p>\u0627\u0644\u0633\u0639\u0631 \u0627\u0644\u0623\u0641\u0636\u0644 \u0641\u064a \u0627\u0644\u0633\u0648\u0642 \u0627\u0644\u062c\u0632\u0627\u0626\u0631\u064a<\/p>","protected":false},"featured_media":4541,"comment_status":"open","ping_status":"closed","template":"","meta":{"googlesitekit_rrm_CAowv7G7DA:productID":"","om_disable_all_campaigns":false,"_monsterinsights_skip_tracking":false,"_monsterinsights_sitenote_active":false,"_monsterinsights_sitenote_note":"","_monsterinsights_sitenote_category":0,"jetpack_post_was_ever_published":false},"product_brand":[],"product_cat":[174],"product_tag":[],"class_list":{"0":"post-4531","1":"product","2":"type-product","3":"status-publish","4":"has-post-thumbnail","6":"product_cat-pc-gaming","8":"first","9":"instock","10":"sale","11":"downloadable","12":"taxable","13":"shipping-taxable","14":"purchasable","15":"product-type-simple"},"jetpack_sharing_enabled":true,"jetpack_likes_enabled":true,"_links":{"self":[{"href":"https:\/\/cdhubs.com\/fr\/wp-json\/wp\/v2\/product\/4531","targetHints":{"allow":["GET"]}}],"collection":[{"href":"https:\/\/cdhubs.com\/fr\/wp-json\/wp\/v2\/product"}],"about":[{"href":"https:\/\/cdhubs.com\/fr\/wp-json\/wp\/v2\/types\/product"}],"replies":[{"embeddable":true,"href":"https:\/\/cdhubs.com\/fr\/wp-json\/wp\/v2\/comments?post=4531"}],"version-history":[{"count":2,"href":"https:\/\/cdhubs.com\/fr\/wp-json\/wp\/v2\/product\/4531\/revisions"}],"predecessor-version":[{"id":4535,"href":"https:\/\/cdhubs.com\/fr\/wp-json\/wp\/v2\/product\/4531\/revisions\/4535"}],"wp:featuredmedia":[{"embeddable":true,"href":"https:\/\/cdhubs.com\/fr\/wp-json\/wp\/v2\/media\/4541"}],"wp:attachment":[{"href":"https:\/\/cdhubs.com\/fr\/wp-json\/wp\/v2\/media?parent=4531"}],"wp:term":[{"taxonomy":"product_brand","embeddable":true,"href":"https:\/\/cdhubs.com\/fr\/wp-json\/wp\/v2\/product_brand?post=4531"},{"taxonomy":"product_cat","embeddable":true,"href":"https:\/\/cdhubs.com\/fr\/wp-json\/wp\/v2\/product_cat?post=4531"},{"taxonomy":"product_tag","embeddable":true,"href":"https:\/\/cdhubs.com\/fr\/wp-json\/wp\/v2\/product_tag?post=4531"}],"curies":[{"name":"wp","href":"https:\/\/api.w.org\/{rel}","templated":true}]}}