{"id":4525,"date":"2025-05-29T22:10:37","date_gmt":"2025-05-29T21:10:37","guid":{"rendered":"https:\/\/cdhubs.com\/?post_type=product&#038;p=4525"},"modified":"2025-10-03T17:11:02","modified_gmt":"2025-10-03T16:11:02","slug":"gta-v-pc-steam","status":"publish","type":"product","link":"https:\/\/cdhubs.com\/fr\/produit\/gta-v-pc-steam\/","title":{"rendered":"GTA V sur PC sur Steam"},"content":{"rendered":"<p data-start=\"167\" data-end=\"433\">D\u00e9couvrez l&#039;un des jeux en monde ouvert les plus vendus et les plus acclam\u00e9s par la critique de tous les temps avec <strong data-start=\"263\" data-end=\"285\">Grand Theft Auto V<\/strong>D\u00e9velopp\u00e9 par Rockstar Games, GTA V offre une histoire \u00e9pique, un monde ouvert immense et des possibilit\u00e9s infinies d&#039;action, d&#039;aventure et d&#039;exploration.<\/p>\n<p data-start=\"435\" data-end=\"825\">Situ\u00e9 dans la ville tentaculaire de <strong data-start=\"464\" data-end=\"478\">Los Santos<\/strong> et la campagne environnante de <strong data-start=\"514\" data-end=\"531\">Comt\u00e9 de Blaine<\/strong>, le jeu suit les vies entrelac\u00e9es de trois protagonistes uniques : <strong data-start=\"602\" data-end=\"613\">Michel<\/strong>, un braqueur de banque \u00e0 la retraite ; <strong data-start=\"638\" data-end=\"650\">Franklin<\/strong>, un arnaqueur de rue; et <strong data-start=\"674\" data-end=\"684\">Tr\u00e9vor<\/strong>, un ancien militaire instable. Passez d&#039;un personnage \u00e0 l&#039;autre en temps r\u00e9el et profitez d&#039;une histoire captivante, pleine de braquages, de trahisons et d&#039;humour noir.<\/p>\n<p data-start=\"827\" data-end=\"1096\">Que vous vous promeniez dans la ville, planifiiez le vol parfait ou plongiez dans l&#039;immense monde en ligne de <strong data-start=\"942\" data-end=\"956\">GTA Online<\/strong>Il y a toujours quelque chose \u00e0 faire. Personnalisez vos v\u00e9hicules, am\u00e9liorez vos armes, achetez des propri\u00e9t\u00e9s et rejoignez des missions avec des joueurs du monde entier.<\/p>\n<p data-start=\"1098\" data-end=\"1111\"><strong data-start=\"1098\" data-end=\"1111\">Caract\u00e9ristiques:<\/strong><\/p>\n<ul data-start=\"1112\" data-end=\"1410\">\n<li data-start=\"1112\" data-end=\"1168\">\n<p data-start=\"1114\" data-end=\"1168\">Un monde ouvert immense rempli de d\u00e9tails et d&#039;activit\u00e9s<\/p>\n<\/li>\n<li data-start=\"1169\" data-end=\"1238\">\n<p data-start=\"1171\" data-end=\"1238\">Trois personnages jouables avec des personnalit\u00e9s et des histoires distinctes<\/p>\n<\/li>\n<li data-start=\"1239\" data-end=\"1300\">\n<p data-start=\"1241\" data-end=\"1300\">Multijoueur en ligne robuste avec mises \u00e0 jour et \u00e9v\u00e9nements r\u00e9guliers<\/p>\n<\/li>\n<li data-start=\"1301\" data-end=\"1349\">\n<p data-start=\"1303\" data-end=\"1349\">Des graphismes \u00e9poustouflants et une conception sonore immersive<\/p>\n<\/li>\n<li data-start=\"1350\" data-end=\"1410\">\n<p data-start=\"1352\" data-end=\"1410\">Des heures de jeu en mode solo et en ligne<\/p>\n<\/li>\n<\/ul>","protected":false},"excerpt":{"rendered":"<p>\u0627\u0633\u062a\u0645\u062a\u0639 \u0628\u062a\u062c\u0631\u0628\u0629 \u0644\u0639\u0628 \u0623\u0635\u0644\u064a\u0629 \u0639\u0628\u0631 \u062d\u0633\u0627\u0628 \u0631\u0633\u0645\u064a!<br \/>\nIl faut compter entre 15 et 30 heures pour la journ\u00e9e.<\/p>\n<p>\u0645\u0645\u064a\u0632\u0627\u062a \u0627\u0644\u0645\u0646\u062a\u062c:<br \/>\n\u062d\u0633\u0627\u0628 \u0631\u0633\u0645\u064a \u0628\u0645\u0639\u0644\u0648\u0645\u0627\u062a\u0643 \u0648\u0622\u0645\u0646 100%<\/p>\n<p>\u062a\u0633\u0644\u064a\u0645 \u0633\u0631\u064a\u0639 \u062e\u0644\u0627\u0644 15 \u2013 30 \u062f\u0642\u064a\u0642\u0629<\/p>\n<p>\u062f\u0639\u0645 \u0641\u0646\u064a \u0641\u064a \u062d\u0627\u0644 \u0648\u0627\u062c\u0647\u062a \u0623\u064a \u0645\u0634\u0643\u0644\u0629<\/p>\n<p>\u0628\u062f\u0648\u0646 \u0627\u0634\u062a\u0631\u0627\u0643 \u0634\u0647\u0631\u064a \u2013 \u0634\u0631\u0627\u0621 \u0644\u0645\u0631\u0629 \u0648\u0627\u062d\u062f\u0629 \u0641\u0642\u0637<\/p>\n<p>\u0627\u0644\u0633\u0639\u0631 \u0627\u0644\u0623\u0641\u0636\u0644 \u0641\u064a \u0627\u0644\u0633\u0648\u0642 \u0627\u0644\u062c\u0632\u0627\u0626\u0631\u064a<\/p>","protected":false},"featured_media":4526,"comment_status":"open","ping_status":"closed","template":"","meta":{"googlesitekit_rrm_CAowv7G7DA:productID":"","om_disable_all_campaigns":false,"_monsterinsights_skip_tracking":false,"_monsterinsights_sitenote_active":false,"_monsterinsights_sitenote_note":"","_monsterinsights_sitenote_category":0,"jetpack_post_was_ever_published":false},"product_brand":[],"product_cat":[174],"product_tag":[68,54,70],"class_list":{"0":"post-4525","1":"product","2":"type-product","3":"status-publish","4":"has-post-thumbnail","6":"product_cat-pc-gaming","7":"product_tag-gta-v","8":"product_tag-pc","9":"product_tag-rockstar-games","11":"first","12":"instock","13":"sale","14":"taxable","15":"shipping-taxable","16":"purchasable","17":"product-type-simple"},"jetpack_sharing_enabled":true,"jetpack_likes_enabled":true,"_links":{"self":[{"href":"https:\/\/cdhubs.com\/fr\/wp-json\/wp\/v2\/product\/4525","targetHints":{"allow":["GET"]}}],"collection":[{"href":"https:\/\/cdhubs.com\/fr\/wp-json\/wp\/v2\/product"}],"about":[{"href":"https:\/\/cdhubs.com\/fr\/wp-json\/wp\/v2\/types\/product"}],"replies":[{"embeddable":true,"href":"https:\/\/cdhubs.com\/fr\/wp-json\/wp\/v2\/comments?post=4525"}],"version-history":[{"count":1,"href":"https:\/\/cdhubs.com\/fr\/wp-json\/wp\/v2\/product\/4525\/revisions"}],"predecessor-version":[{"id":4527,"href":"https:\/\/cdhubs.com\/fr\/wp-json\/wp\/v2\/product\/4525\/revisions\/4527"}],"wp:featuredmedia":[{"embeddable":true,"href":"https:\/\/cdhubs.com\/fr\/wp-json\/wp\/v2\/media\/4526"}],"wp:attachment":[{"href":"https:\/\/cdhubs.com\/fr\/wp-json\/wp\/v2\/media?parent=4525"}],"wp:term":[{"taxonomy":"product_brand","embeddable":true,"href":"https:\/\/cdhubs.com\/fr\/wp-json\/wp\/v2\/product_brand?post=4525"},{"taxonomy":"product_cat","embeddable":true,"href":"https:\/\/cdhubs.com\/fr\/wp-json\/wp\/v2\/product_cat?post=4525"},{"taxonomy":"product_tag","embeddable":true,"href":"https:\/\/cdhubs.com\/fr\/wp-json\/wp\/v2\/product_tag?post=4525"}],"curies":[{"name":"wp","href":"https:\/\/api.w.org\/{rel}","templated":true}]}}