{"id":4496,"date":"2025-05-26T00:29:45","date_gmt":"2025-05-25T23:29:45","guid":{"rendered":"https:\/\/cdhubs.com\/?post_type=product&#038;p=4496"},"modified":"2025-05-26T00:29:46","modified_gmt":"2025-05-25T23:29:46","slug":"ghost-of-tsushima-directors-cut-ps4","status":"publish","type":"product","link":"https:\/\/cdhubs.com\/fr\/produit\/ghost-of-tsushima-directors-cut-ps4\/","title":{"rendered":"Ghost of Tsushima Director&#039;s Cut PS4"},"content":{"rendered":"<p><i><b>h\u00f4te de Tsushima<\/b><\/i>\u00a0est un jeu d&#039;action-aventure de 2020 d\u00e9velopp\u00e9 par Sucker Punch Productions et \u00e9dit\u00e9 par Sony Interactive Entertainment. Le joueur incarne Jin Sakai, un samoura\u00ef en qu\u00eate de protection de l&#039;\u00eele de Tsushima lors de la premi\u00e8re invasion mongole du Japon. Jin doit choisir entre suivre le code du guerrier et combattre honorablement, ou utiliser des m\u00e9thodes pratiques mais d\u00e9shonorantes pour repousser les Mongols avec un minimum de pertes. Le jeu propose un vaste monde ouvert \u00e0 explorer \u00e0 pied ou \u00e0 cheval. Face aux ennemis, le joueur peut choisir d&#039;engager un affrontement direct avec le katana de Jin ou d&#039;utiliser des tactiques furtives pour assassiner ses adversaires. Un mode multijoueur intitul\u00e9\u00a0<i>Le Fant\u00f4me de Tsushima : L\u00e9gendes<\/i>\u00a0est sorti en octobre 2020 et rendu disponible s\u00e9par\u00e9ment en septembre 2021.<\/p>\n<p>&nbsp;<\/p>\n<p><img decoding=\"async\" src=\"https:\/\/upload.wikimedia.org\/wikipedia\/en\/thumb\/b\/b6\/Ghost_of_Tsushima.jpg\/250px-Ghost_of_Tsushima.jpg\" \/><img data-recalc-dims=\"1\" decoding=\"async\" src=\"https:\/\/i0.wp.com\/gamingbolt.com\/wp-content\/uploads\/2018\/06\/ghost-of-tsushima-1-1.jpg?ssl=1\" alt=\"Ghost of Tsushima Gets New Screenshots Showing Off Its Pretty Art\" \/><img decoding=\"async\" src=\"https:\/\/i1.wp.com\/www.herebegeeks.com\/wp-content\/uploads\/2020\/07\/Ghost-of-Tsushima_20200707101314.jpg?fit=1920%2C1080&amp;ssl=1\" alt=\"Ghost Of Tsushima: The Review | Here Be Geeks\" \/><img decoding=\"async\" src=\"https:\/\/th.bing.com\/th\/id\/OIP.UiAOQuKob0Qds5q0x0oZ6wHaEK?cb=iwc2&amp;rs=1&amp;pid=ImgDetMain\" alt=\"Wallpaper : Ghost of Tsushima, video games, video game characters, CGI ...\" \/><\/p>","protected":false},"excerpt":{"rendered":"<p>\u0627\u0633\u062a\u0645\u062a\u0639 \u0628\u062a\u062c\u0631\u0628\u0629 \u0644\u0639\u0628 \u0623\u0635\u0644\u064a\u0629 \u0639\u0628\u0631 \u0643\u0648\u062f \u0627\u0633\u062a\u0631\u062f\u0627\u062f \u0631\u0633\u0645\u064a!<br \/>\n\u0627\u0634\u062a\u0631\u0650 \u0627\u0644\u0644\u0639\u0628\u0629 \u0648\u0627\u062d\u0635\u0644 \u0639\u0644\u0649 \u0643\u0648\u062f \u0627\u0644\u062a\u0641\u0639\u064a\u0644 \u0627\u0644\u0631\u0642\u0645\u064a \u062e\u0644\u0627\u0644 10 \u0625\u0644\u0649 15 \u062f\u0642\u064a\u0642\u0629 \u0641\u0642\u0637 \u0628\u0639\u062f \u0627\u0644\u062f\u0641\u0639.<br \/>\nIl s&#039;agit d&#039;un jeu vid\u00e9o (Steam, Xbox, PSN\u2026) et d&#039;un jeu vid\u00e9o.<\/p>\n<p>\u0645\u0645\u064a\u0632\u0627\u062a \u0627\u0644\u0645\u0646\u062a\u062c:<br \/>\npar \u0631\u0633\u0645\u064a \u0648\u0622\u0645\u0646 100%<\/p>\n<p>\u062a\u0633\u0644\u064a\u0645 \u0633\u0631\u064a\u0639 \u062e\u0644\u0627\u0644 10 \u2013 15 jours<\/p>\n<p>\u062f\u0639\u0645 \u0641\u0646\u064a \u0641\u064a \u062d\u0627\u0644 \u0648\u0627\u062c\u0647\u062a \u0623\u064a \u0645\u0634\u0643\u0644\u0629<\/p>\n<p>\u0628\u062f\u0648\u0646 \u0627\u0634\u062a\u0631\u0627\u0643 \u0634\u0647\u0631\u064a \u2013 \u0634\u0631\u0627\u0621 \u0644\u0645\u0631\u0629 \u0648\u0627\u062d\u062f\u0629 \u0641\u0642\u0637<\/p>\n<p>\u0627\u0644\u0633\u0639\u0631 \u0627\u0644\u0623\u0641\u0636\u0644 \u0641\u064a \u0627\u0644\u0633\u0648\u0642 \u0627\u0644\u062c\u0632\u0627\u0626\u0631\u064a<\/p>\n<p>\u0643\u064a\u0641\u064a\u0629 \u0627\u0644\u0627\u0633\u062a\u0631\u062f\u0627\u062f:<br \/>\n\u0625\u0630\u0627 \u0644\u0645 \u062a\u0643\u0646 \u062a\u0639\u0631\u0641 \u0637\u0631\u064a\u0642\u0629 \u062a\u0641\u0639\u064a\u0644 \u0627\u0644\u0643\u0648\u062f\u060c \u0644\u0627 \u062a\u0642\u0644\u0642!<br \/>\n\u0628\u0639\u062f \u0639\u0645\u0644\u064a\u0629 \u0627\u0644\u0634\u0631\u0627\u0621\u060c \u0633\u064a\u062a\u0645 \u062a\u0648\u062c\u064a\u0647\u0643 \u062a\u0644\u0642\u0627\u0626\u064a\u0627\u064b \u0625\u0644\u0649 \u0635\u0641\u062d\u0629 \u0641\u064a\u0647\u0627 \u0641\u064a\u062f\u064a\u0648\u0647\u0627\u062a \u062a\u0634\u0631\u062d \u062e\u0637\u0648\u0629 \u0643\u064a\u0641\u064a\u0629 Il s&#039;agit d&#039;un jeu vid\u00e9o (Steam, Xbox, PS\u2026).<\/p>","protected":false},"featured_media":4497,"comment_status":"open","ping_status":"closed","template":"","meta":{"googlesitekit_rrm_CAowv7G7DA:productID":"","om_disable_all_campaigns":false,"_monsterinsights_skip_tracking":false,"_monsterinsights_sitenote_active":false,"_monsterinsights_sitenote_note":"","_monsterinsights_sitenote_category":0,"jetpack_post_was_ever_published":false},"product_brand":[59],"product_cat":[57],"product_tag":[],"class_list":{"0":"post-4496","1":"product","2":"type-product","3":"status-publish","4":"has-post-thumbnail","6":"product_brand-playstation-4","7":"product_cat-ps4","9":"first","10":"instock","11":"virtual","12":"taxable","13":"purchasable","14":"product-type-simple"},"jetpack_sharing_enabled":true,"jetpack_likes_enabled":true,"_links":{"self":[{"href":"https:\/\/cdhubs.com\/fr\/wp-json\/wp\/v2\/product\/4496","targetHints":{"allow":["GET"]}}],"collection":[{"href":"https:\/\/cdhubs.com\/fr\/wp-json\/wp\/v2\/product"}],"about":[{"href":"https:\/\/cdhubs.com\/fr\/wp-json\/wp\/v2\/types\/product"}],"replies":[{"embeddable":true,"href":"https:\/\/cdhubs.com\/fr\/wp-json\/wp\/v2\/comments?post=4496"}],"version-history":[{"count":3,"href":"https:\/\/cdhubs.com\/fr\/wp-json\/wp\/v2\/product\/4496\/revisions"}],"predecessor-version":[{"id":4501,"href":"https:\/\/cdhubs.com\/fr\/wp-json\/wp\/v2\/product\/4496\/revisions\/4501"}],"wp:featuredmedia":[{"embeddable":true,"href":"https:\/\/cdhubs.com\/fr\/wp-json\/wp\/v2\/media\/4497"}],"wp:attachment":[{"href":"https:\/\/cdhubs.com\/fr\/wp-json\/wp\/v2\/media?parent=4496"}],"wp:term":[{"taxonomy":"product_brand","embeddable":true,"href":"https:\/\/cdhubs.com\/fr\/wp-json\/wp\/v2\/product_brand?post=4496"},{"taxonomy":"product_cat","embeddable":true,"href":"https:\/\/cdhubs.com\/fr\/wp-json\/wp\/v2\/product_cat?post=4496"},{"taxonomy":"product_tag","embeddable":true,"href":"https:\/\/cdhubs.com\/fr\/wp-json\/wp\/v2\/product_tag?post=4496"}],"curies":[{"name":"wp","href":"https:\/\/api.w.org\/{rel}","templated":true}]}}