{"id":4190,"date":"2025-05-20T15:16:28","date_gmt":"2025-05-20T14:16:28","guid":{"rendered":"https:\/\/cdhubs.com\/?post_type=product&#038;p=4190"},"modified":"2025-05-20T15:16:29","modified_gmt":"2025-05-20T14:16:29","slug":"inzoi-pc","status":"publish","type":"product","link":"https:\/\/cdhubs.com\/fr\/produit\/inzoi-pc\/","title":{"rendered":"inZOI PC"},"content":{"rendered":"<div id=\"aboutThisGame\" class=\"game_page_autocollapse\" data-panel=\"{&quot;type&quot;:&quot;PanelGroup&quot;}\">\n<div id=\"game_area_description\" class=\"game_area_description\">\n<h2>\u00c0 propos de ce jeu<\/h2>\n<p class=\"bb_paragraph\">inZOI est un jeu de simulation de vie o\u00f9 les joueurs endossent le r\u00f4le de cr\u00e9ateurs, fa\u00e7onnant le monde selon leurs envies et observant les histoires qui s&#039;y d\u00e9roulent.<\/p>\n<p class=\"bb_paragraph\">Gr\u00e2ce \u00e0 cette exp\u00e9rience immersive, nous souhaitons inviter les joueurs \u00e0 savourer la vie comme le pr\u00e9cieux cadeau qu&#039;elle est, un voyage riche en d\u00e9couvertes et en \u00e9motions \u00e0 chaque instant.<\/p>\n<p class=\"bb_paragraph\">\n<p class=\"bb_paragraph\"><strong>Vivez des exp\u00e9riences uniques port\u00e9es par des graphismes ultra-r\u00e9alistes !<\/strong><\/p>\n<p class=\"bb_paragraph\">inZOI est une simulation de vie communautaire et dynamique o\u00f9 chaque personnage, appel\u00e9 Zoi, \u00e9volue librement en fonction de sa personnalit\u00e9 et de son v\u00e9cu.<\/p>\n<p class=\"bb_paragraph\">Leurs interactions fa\u00e7onnent un monde vivant o\u00f9 peuvent \u00e9merger des rumeurs, des tendances et m\u00eame des maladies inattendues.<\/p>\n<p class=\"bb_paragraph\"><img data-recalc-dims=\"1\" decoding=\"async\" class=\"bb_img\" src=\"https:\/\/i0.wp.com\/shared.cloudflare.steamstatic.com\/store_item_assets\/steam\/apps\/2456740\/extras\/1._%EC%A1%B0%EC%9D%B4%EC%83%81%ED%98%B8%EC%9E%91%EC%9A%A9.gif?ssl=1\" \/><\/p>\n<p class=\"bb_paragraph\">Prenez les commandes de villes inspir\u00e9es de lieux r\u00e9els et fa\u00e7onnez-les \u00e0 votre image en modifiant la m\u00e9t\u00e9o, les b\u00e2timents ou encore l&#039;am\u00e9nagement des rues. Gr\u00e2ce \u00e0 la puissance d&#039;Unreal Engine 5, chaque d\u00e9tail prend vie avec un r\u00e9alisme saisissant.<\/p>\n<p class=\"bb_paragraph\"><img data-recalc-dims=\"1\" decoding=\"async\" class=\"bb_img\" src=\"https:\/\/i0.wp.com\/shared.cloudflare.steamstatic.com\/store_item_assets\/steam\/apps\/2456740\/extras\/2._%EB%8F%84%EC%8B%9C%ED%8E%B8%EC%A7%91.gif?ssl=1\" \/><\/p>\n<p class=\"bb_paragraph\"><img data-recalc-dims=\"1\" decoding=\"async\" class=\"bb_img\" src=\"https:\/\/i0.wp.com\/shared.cloudflare.steamstatic.com\/store_item_assets\/steam\/apps\/2456740\/extras\/3._%EB%B6%80%EC%A7%80%ED%8E%B8%EC%A7%91.gif?ssl=1\" \/><\/p>\n<p class=\"bb_paragraph\">\n<p class=\"bb_paragraph\"><strong>Donnez vie \u00e0 votre imagination gr\u00e2ce \u00e0 une personnalisation sans limites !<\/strong><\/p>\n<p class=\"bb_paragraph\">inZOI met \u00e0 votre disposition des outils avanc\u00e9s pour cr\u00e9er et fa\u00e7onner un univers \u00e0 votre image.<\/p>\n<p class=\"bb_paragraph\">Concevez votre Zoi parmi plus de 250 options de personnalisation : coiffure, teinte, traits du visage, v\u00eatements, accessoires, nail art et bien plus encore.<\/p>\n<p class=\"bb_paragraph\"><img data-recalc-dims=\"1\" decoding=\"async\" class=\"bb_img\" src=\"https:\/\/i0.wp.com\/shared.cloudflare.steamstatic.com\/store_item_assets\/steam\/apps\/2456740\/extras\/4._%EB%8B%A4%EC%96%91%ED%95%9C_%EC%BB%A4%EC%8A%A4%ED%84%B0%EB%A7%88%EC%9D%B4%EC%A7%95_2_616_10f.gif?ssl=1\" \/><\/p>\n<p class=\"bb_paragraph\">Exprimez votre cr\u00e9ativit\u00e9 en construisant des b\u00e2timents uniques \u00e0 partir d&#039;\u00e9l\u00e9ments architecturaux modulables : murs, toits, escaliers, barri\u00e8res ou encore plateformes. Personnalisez chaque espace avec une large s\u00e9lection de meubles et d&#039;objets de d\u00e9coration.<\/p>\n<p class=\"bb_paragraph\">Gr\u00e2ce aux capacit\u00e9s de capture des expressions faciales et des mouvements, donnez une nouvelle dimension \u00e0 vos personnages et r\u00e9alisez des vid\u00e9os impressionnantes au sein de vos cr\u00e9ations.<\/p>\n<p class=\"bb_paragraph\"><img data-recalc-dims=\"1\" decoding=\"async\" class=\"bb_img\" src=\"https:\/\/i0.wp.com\/shared.cloudflare.steamstatic.com\/store_item_assets\/steam\/apps\/2456740\/extras\/5._%EA%B1%B4%EC%B6%95_2__616-10f.gif?ssl=1\" \/><\/p>\n<p class=\"bb_paragraph\">\n<p class=\"bb_paragraph\"><strong>Explorez une cr\u00e9ativit\u00e9 sans limites avec l&#039;IA g\u00e9n\u00e9rative !<\/strong><\/p>\n<p class=\"bb_paragraph\">inZOI int\u00e8gre une technologie d&#039;IA g\u00e9n\u00e9rative directement sur votre appareil, offrant de nouvelles possibilit\u00e9s de personnalisation.<\/p>\n<p class=\"bb_paragraph\">Saisissez une description textuelle et laissez l&#039;IA g\u00e9n\u00e9rer des tenues, accessoires et meubles adapt\u00e9s \u00e0 vos envies. Transformez des images 2D en objets 3D ou importez vos propres vid\u00e9os pour cr\u00e9er des animations r\u00e9alistes.<\/p>\n<p class=\"bb_paragraph\">Laissez libre cours \u00e0 votre imagination avec ces outils puissants : dans inZOI, tout est possible !<\/p>\n<p class=\"bb_paragraph\"><img data-recalc-dims=\"1\" decoding=\"async\" class=\"bb_img\" src=\"https:\/\/i0.wp.com\/shared.cloudflare.steamstatic.com\/store_item_assets\/steam\/apps\/2456740\/extras\/6._3d%ED%94%84%EB%A6%B0%ED%84%B0616-10f.gif?ssl=1\" \/><\/p>\n<p class=\"bb_paragraph\">\n<p class=\"bb_paragraph\"><strong>Partagez vos cr\u00e9ations et rencontrez la communaut\u00e9 !<\/strong><\/p>\n<p class=\"bb_paragraph\">Gr\u00e2ce \u00e0 Canvas, la plateforme de partage int\u00e9gr\u00e9e au jeu, publiez vos personnages, maisons et histoires en un clin d&#039;\u0153il. Inspirez-vous des autres cr\u00e9ateurs et \u00e9changez avec une communaut\u00e9 passionn\u00e9e.<\/p>\n<p class=\"bb_paragraph\">Rejoignez des joueurs du monde entier et vivez une exp\u00e9rience inZOI encore plus connect\u00e9 !<\/p>\n<p class=\"bb_paragraph\"><img data-recalc-dims=\"1\" decoding=\"async\" class=\"bb_img\" src=\"https:\/\/i0.wp.com\/shared.cloudflare.steamstatic.com\/store_item_assets\/steam\/apps\/2456740\/extras\/%EC%88%98%EC%A0%95_%EC%BA%94%EB%B2%84%EC%8A%A4_gif_1.gif?ssl=1\" \/><\/p>\n<\/div>\n<\/div>\n<div class=\"game_page_autocollapse_fade\"><\/div>","protected":false},"excerpt":{"rendered":"<p>\u0627\u0633\u062a\u0645\u062a\u0639 \u0628\u062a\u062c\u0631\u0628\u0629 \u0644\u0639\u0628 \u0623\u0635\u0644\u064a\u0629 \u0639\u0628\u0631 \u0643\u0648\u062f \u0627\u0633\u062a\u0631\u062f\u0627\u062f \u0631\u0633\u0645\u064a!<br \/>\n\u0627\u0634\u062a\u0631\u0650 \u0627\u0644\u0644\u0639\u0628\u0629 \u0648\u0627\u062d\u0635\u0644 \u0639\u0644\u0649 \u0643\u0648\u062f \u0627\u0644\u062a\u0641\u0639\u064a\u0644 \u0627\u0644\u0631\u0642\u0645\u064a \u062e\u0644\u0627\u0644 10 \u0625\u0644\u0649 15 \u062f\u0642\u064a\u0642\u0629 \u0641\u0642\u0637 \u0628\u0639\u062f \u0627\u0644\u062f\u0641\u0639.<br \/>\nIl s&#039;agit d&#039;un jeu vid\u00e9o (Steam, Xbox, PSN\u2026) et d&#039;un jeu vid\u00e9o.<\/p>\n<p>\u0645\u0645\u064a\u0632\u0627\u062a \u0627\u0644\u0645\u0646\u062a\u062c:<br \/>\npar \u0631\u0633\u0645\u064a \u0648\u0622\u0645\u0646 100%<\/p>\n<p>\u062a\u0633\u0644\u064a\u0645 \u0633\u0631\u064a\u0639 \u062e\u0644\u0627\u0644 10 \u2013 15 jours<\/p>\n<p>\u062f\u0639\u0645 \u0641\u0646\u064a \u0641\u064a \u062d\u0627\u0644 \u0648\u0627\u062c\u0647\u062a \u0623\u064a \u0645\u0634\u0643\u0644\u0629<\/p>\n<p>\u0628\u062f\u0648\u0646 \u0627\u0634\u062a\u0631\u0627\u0643 \u0634\u0647\u0631\u064a \u2013 \u0634\u0631\u0627\u0621 \u0644\u0645\u0631\u0629 \u0648\u0627\u062d\u062f\u0629 \u0641\u0642\u0637<\/p>\n<p>\u0627\u0644\u0633\u0639\u0631 \u0627\u0644\u0623\u0641\u0636\u0644 \u0641\u064a \u0627\u0644\u0633\u0648\u0642 \u0627\u0644\u062c\u0632\u0627\u0626\u0631\u064a<\/p>\n<p>\u0643\u064a\u0641\u064a\u0629 \u0627\u0644\u0627\u0633\u062a\u0631\u062f\u0627\u062f:<br \/>\n\u0625\u0630\u0627 \u0644\u0645 \u062a\u0643\u0646 \u062a\u0639\u0631\u0641 \u0637\u0631\u064a\u0642\u0629 \u062a\u0641\u0639\u064a\u0644 \u0627\u0644\u0643\u0648\u062f\u060c \u0644\u0627 \u062a\u0642\u0644\u0642!<br \/>\n\u0628\u0639\u062f \u0639\u0645\u0644\u064a\u0629 \u0627\u0644\u0634\u0631\u0627\u0621\u060c \u0633\u064a\u062a\u0645 \u062a\u0648\u062c\u064a\u0647\u0643 \u062a\u0644\u0642\u0627\u0626\u064a\u0627\u064b \u0625\u0644\u0649 \u0635\u0641\u062d\u0629 \u0641\u064a\u0647\u0627 \u0641\u064a\u062f\u064a\u0648\u0647\u0627\u062a \u062a\u0634\u0631\u062d \u062e\u0637\u0648\u0629 \u0643\u064a\u0641\u064a\u0629 Il s&#039;agit d&#039;un jeu vid\u00e9o (Steam, Xbox, PS\u2026).<\/p>","protected":false},"featured_media":4191,"comment_status":"open","ping_status":"closed","template":"","meta":{"googlesitekit_rrm_CAowv7G7DA:productID":"","om_disable_all_campaigns":false,"_monsterinsights_skip_tracking":false,"_monsterinsights_sitenote_active":false,"_monsterinsights_sitenote_note":"","_monsterinsights_sitenote_category":0,"jetpack_post_was_ever_published":false},"product_brand":[],"product_cat":[],"product_tag":[],"class_list":{"0":"post-4190","1":"product","2":"type-product","3":"status-publish","4":"has-post-thumbnail","7":"first","8":"instock","9":"virtual","10":"taxable","11":"purchasable","12":"product-type-simple"},"jetpack_sharing_enabled":true,"jetpack_likes_enabled":true,"_links":{"self":[{"href":"https:\/\/cdhubs.com\/fr\/wp-json\/wp\/v2\/product\/4190","targetHints":{"allow":["GET"]}}],"collection":[{"href":"https:\/\/cdhubs.com\/fr\/wp-json\/wp\/v2\/product"}],"about":[{"href":"https:\/\/cdhubs.com\/fr\/wp-json\/wp\/v2\/types\/product"}],"replies":[{"embeddable":true,"href":"https:\/\/cdhubs.com\/fr\/wp-json\/wp\/v2\/comments?post=4190"}],"version-history":[{"count":1,"href":"https:\/\/cdhubs.com\/fr\/wp-json\/wp\/v2\/product\/4190\/revisions"}],"predecessor-version":[{"id":4192,"href":"https:\/\/cdhubs.com\/fr\/wp-json\/wp\/v2\/product\/4190\/revisions\/4192"}],"wp:featuredmedia":[{"embeddable":true,"href":"https:\/\/cdhubs.com\/fr\/wp-json\/wp\/v2\/media\/4191"}],"wp:attachment":[{"href":"https:\/\/cdhubs.com\/fr\/wp-json\/wp\/v2\/media?parent=4190"}],"wp:term":[{"taxonomy":"product_brand","embeddable":true,"href":"https:\/\/cdhubs.com\/fr\/wp-json\/wp\/v2\/product_brand?post=4190"},{"taxonomy":"product_cat","embeddable":true,"href":"https:\/\/cdhubs.com\/fr\/wp-json\/wp\/v2\/product_cat?post=4190"},{"taxonomy":"product_tag","embeddable":true,"href":"https:\/\/cdhubs.com\/fr\/wp-json\/wp\/v2\/product_tag?post=4190"}],"curies":[{"name":"wp","href":"https:\/\/api.w.org\/{rel}","templated":true}]}}