{"id":3682,"date":"2025-05-10T21:41:58","date_gmt":"2025-05-10T20:41:58","guid":{"rendered":"https:\/\/cdhubs.com\/?post_type=product&#038;p=3682"},"modified":"2025-05-10T21:41:59","modified_gmt":"2025-05-10T20:41:59","slug":"balatro-pc","status":"publish","type":"product","link":"https:\/\/cdhubs.com\/fr\/produit\/balatro-pc\/","title":{"rendered":"Balatro PC"},"content":{"rendered":"<div id=\"aboutThisGame\" class=\"game_page_autocollapse\" data-panel=\"{&quot;type&quot;:&quot;PanelGroup&quot;}\">\n<div id=\"game_area_description\" class=\"game_area_description\">\n<h2>\u00c0 propos de ce jeu<\/h2>\n<p><strong>Balatro est un jeu de deckbuilding roguelike bas\u00e9 sur du poker qui met en avant les puissantes synergies pour gagner gros.<\/strong><\/p>\n<p><img data-recalc-dims=\"1\" decoding=\"async\" class=\"bb_img\" src=\"https:\/\/i0.wp.com\/shared.fastly.steamstatic.com\/store_item_assets\/steam\/apps\/2379780\/extras\/Endless_Possibility.gif?ssl=1\" \/><\/p>\n<p>Combinez des mains de poker avec des jokers uniques pour cr\u00e9er une vari\u00e9t\u00e9 de synergies et de decks. Gagnez assez de jetons pour venir \u00e0 bout des mises, tout en d\u00e9couvrant les bonus de main et les secrets des decks. Il vous faudra tous les avantages possibles pour atteindre l&#039;ultime aveugle, venir \u00e0 bout du derni\u00e8re ante et remporter la victoire.<br \/>\n<img data-recalc-dims=\"1\" decoding=\"async\" class=\"bb_img\" src=\"https:\/\/i0.wp.com\/shared.fastly.steamstatic.com\/store_item_assets\/steam\/apps\/2379780\/extras\/Jokers_Clean_Thin.gif?ssl=1\" \/><\/p>\n<ul class=\"bb_ul\">\n<li>L&#039;exp\u00e9rience de poker roguelike ultime.<\/li>\n<li>Des possibilit\u00e9s sans fin : chaque bonus, d\u00e9fausse et joker peut consid\u00e9rablement alt\u00e9rer le rendement de votre partie.<\/li>\n<li>Un mode campagne exhaustif avec 8 difficult\u00e9s, ainsi qu&#039;un mode difficile, un mode quotidien et un mode class\u00e9.<\/li>\n<\/ul>\n<p><img data-recalc-dims=\"1\" decoding=\"async\" class=\"bb_img\" src=\"https:\/\/i0.wp.com\/shared.fastly.steamstatic.com\/store_item_assets\/steam\/apps\/2379780\/extras\/Break_The_Game.gif?ssl=1\" \/><\/p>\n<p>Utilisez toute une vari\u00e9t\u00e9 d&#039;outils : diff\u00e9rents jeux, jokers, cartes de tarot, cartes Planet, cartes Spectral et Vouchers. Tirez parti de ces outils polyvalents pour r\u00e9aliser des combos surpuissants, renforcer vos mains et cr\u00e9er des synergies \u00e9lectrisantes.<br \/>\n<img data-recalc-dims=\"1\" decoding=\"async\" class=\"bb_img\" src=\"https:\/\/i0.wp.com\/shared.fastly.steamstatic.com\/store_item_assets\/steam\/apps\/2379780\/extras\/Balatro_5_Aces_GIF__HQ_.gif?ssl=1\" \/><\/p>\n<ul class=\"bb_ul\">\n<li>150 jokers avec des capacit\u00e9s uniques<\/li>\n<li>15 decks avec diff\u00e9rents modificateurs \u00e0 choisir \u00e0 chaque partie<\/li>\n<li>5 variantes potentielles de chaque joker qui ajoute d&#039;autres capacit\u00e9s<\/li>\n<li>22 variantes de cartes de tarot qui peuvent embellir vos cartes ordinaires<\/li>\n<li>11 cartes Planet qui peuvent vous aider \u00e0 am\u00e9liorer vos mains<\/li>\n<li>32 cartes Voucher qui vous octroient des bonus permanents pour votre partie en cours<\/li>\n<\/ul>\n<p><img data-recalc-dims=\"1\" decoding=\"async\" class=\"bb_img\" src=\"https:\/\/i0.wp.com\/shared.fastly.steamstatic.com\/store_item_assets\/steam\/apps\/2379780\/extras\/Find_Your_Flow.gif?ssl=1\" \/><\/p>\n<p>Plongez dans le monde unique et psych\u00e9d\u00e9lique de Balatro. Laissez-vous charmer par la bande-son synthwave. D\u00e9tendez-vous, \u00e9chappez \u00e0 la routine et pr\u00e9parez-vous \u00e0 jouer au roguelike ultime.<\/p>\n<ul class=\"bb_ul\">\n<li>Am\u00e9liorez votre collection, et d\u00e9couvrez de nouveaux secrets et cartes lors de chaque soir\u00e9e.<\/li>\n<li>Tirez partie de l&#039;\u00e9cran d\u00e9taill\u00e9 des statistiques pour analyser vos meilleures mains, vos jokers les plus utilis\u00e9s et bien plus encore !<\/li>\n<li>Retrouvez les caract\u00e9ristiques visuelles des \u00e9crans \u00e0 tube cathodique et admirez ce pixel art d\u00e9taill\u00e9.<\/li>\n<\/ul>\n<div class=\"bb_wide_img_ctn\"><img data-recalc-dims=\"1\" decoding=\"async\" class=\"bb_img\" src=\"https:\/\/i0.wp.com\/shared.fastly.steamstatic.com\/store_item_assets\/steam\/apps\/2379780\/extras\/Spectral_Pack.gif?ssl=1\" \/><\/div>\n<\/div>\n<\/div>\n<div class=\"game_page_autocollapse_fade\"><\/div>","protected":false},"excerpt":{"rendered":"<p>\u0627\u0633\u062a\u0645\u062a\u0639 \u0628\u062a\u062c\u0631\u0628\u0629 \u0644\u0639\u0628 \u0623\u0635\u0644\u064a\u0629 \u0639\u0628\u0631 \u0643\u0648\u062f \u0627\u0633\u062a\u0631\u062f\u0627\u062f \u0631\u0633\u0645\u064a!<br \/>\n\u0627\u0634\u062a\u0631\u0650 \u0627\u0644\u0644\u0639\u0628\u0629 \u0648\u0627\u062d\u0635\u0644 \u0639\u0644\u0649 \u0643\u0648\u062f \u0627\u0644\u062a\u0641\u0639\u064a\u0644 \u0627\u0644\u0631\u0642\u0645\u064a \u062e\u0644\u0627\u0644 10 \u0625\u0644\u0649 15 \u062f\u0642\u064a\u0642\u0629 \u0641\u0642\u0637 \u0628\u0639\u062f \u0627\u0644\u062f\u0641\u0639.<br \/>\nIl s&#039;agit d&#039;un jeu vid\u00e9o (Steam, Xbox, PSN\u2026) et d&#039;un jeu vid\u00e9o.<\/p>\n<p>\u0645\u0645\u064a\u0632\u0627\u062a \u0627\u0644\u0645\u0646\u062a\u062c:<br \/>\npar \u0631\u0633\u0645\u064a \u0648\u0622\u0645\u0646 100%<\/p>\n<p>\u062a\u0633\u0644\u064a\u0645 \u0633\u0631\u064a\u0639 \u062e\u0644\u0627\u0644 10 \u2013 15 jours<\/p>\n<p>\u062f\u0639\u0645 \u0641\u0646\u064a \u0641\u064a \u062d\u0627\u0644 \u0648\u0627\u062c\u0647\u062a \u0623\u064a \u0645\u0634\u0643\u0644\u0629<\/p>\n<p>\u0628\u062f\u0648\u0646 \u0627\u0634\u062a\u0631\u0627\u0643 \u0634\u0647\u0631\u064a \u2013 \u0634\u0631\u0627\u0621 \u0644\u0645\u0631\u0629 \u0648\u0627\u062d\u062f\u0629 \u0641\u0642\u0637<\/p>\n<p>\u0627\u0644\u0633\u0639\u0631 \u0627\u0644\u0623\u0641\u0636\u0644 \u0641\u064a \u0627\u0644\u0633\u0648\u0642 \u0627\u0644\u062c\u0632\u0627\u0626\u0631\u064a<\/p>\n<p>\u0643\u064a\u0641\u064a\u0629 \u0627\u0644\u0627\u0633\u062a\u0631\u062f\u0627\u062f:<br \/>\n\u0625\u0630\u0627 \u0644\u0645 \u062a\u0643\u0646 \u062a\u0639\u0631\u0641 \u0637\u0631\u064a\u0642\u0629 \u062a\u0641\u0639\u064a\u0644 \u0627\u0644\u0643\u0648\u062f\u060c \u0644\u0627 \u062a\u0642\u0644\u0642!<br \/>\n\u0628\u0639\u062f \u0639\u0645\u0644\u064a\u0629 \u0627\u0644\u0634\u0631\u0627\u0621\u060c \u0633\u064a\u062a\u0645 \u062a\u0648\u062c\u064a\u0647\u0643 \u062a\u0644\u0642\u0627\u0626\u064a\u0627\u064b \u0625\u0644\u0649 \u0635\u0641\u062d\u0629 \u0641\u064a\u0647\u0627 \u0641\u064a\u062f\u064a\u0648\u0647\u0627\u062a \u062a\u0634\u0631\u062d \u062e\u0637\u0648\u0629 \u0643\u064a\u0641\u064a\u0629 Il s&#039;agit d&#039;un jeu vid\u00e9o (Steam, Xbox, PS\u2026).<\/p>","protected":false},"featured_media":3683,"comment_status":"open","ping_status":"closed","template":"","meta":{"googlesitekit_rrm_CAowv7G7DA:productID":"","om_disable_all_campaigns":false,"_monsterinsights_skip_tracking":false,"_monsterinsights_sitenote_active":false,"_monsterinsights_sitenote_note":"","_monsterinsights_sitenote_category":0,"jetpack_post_was_ever_published":false},"product_brand":[],"product_cat":[174],"product_tag":[],"class_list":{"0":"post-3682","1":"product","2":"type-product","3":"status-publish","4":"has-post-thumbnail","6":"product_cat-pc-gaming","8":"first","9":"instock","10":"sale","11":"taxable","12":"shipping-taxable","13":"purchasable","14":"product-type-simple"},"jetpack_sharing_enabled":true,"jetpack_likes_enabled":true,"_links":{"self":[{"href":"https:\/\/cdhubs.com\/fr\/wp-json\/wp\/v2\/product\/3682","targetHints":{"allow":["GET"]}}],"collection":[{"href":"https:\/\/cdhubs.com\/fr\/wp-json\/wp\/v2\/product"}],"about":[{"href":"https:\/\/cdhubs.com\/fr\/wp-json\/wp\/v2\/types\/product"}],"replies":[{"embeddable":true,"href":"https:\/\/cdhubs.com\/fr\/wp-json\/wp\/v2\/comments?post=3682"}],"version-history":[{"count":2,"href":"https:\/\/cdhubs.com\/fr\/wp-json\/wp\/v2\/product\/3682\/revisions"}],"predecessor-version":[{"id":3685,"href":"https:\/\/cdhubs.com\/fr\/wp-json\/wp\/v2\/product\/3682\/revisions\/3685"}],"wp:featuredmedia":[{"embeddable":true,"href":"https:\/\/cdhubs.com\/fr\/wp-json\/wp\/v2\/media\/3683"}],"wp:attachment":[{"href":"https:\/\/cdhubs.com\/fr\/wp-json\/wp\/v2\/media?parent=3682"}],"wp:term":[{"taxonomy":"product_brand","embeddable":true,"href":"https:\/\/cdhubs.com\/fr\/wp-json\/wp\/v2\/product_brand?post=3682"},{"taxonomy":"product_cat","embeddable":true,"href":"https:\/\/cdhubs.com\/fr\/wp-json\/wp\/v2\/product_cat?post=3682"},{"taxonomy":"product_tag","embeddable":true,"href":"https:\/\/cdhubs.com\/fr\/wp-json\/wp\/v2\/product_tag?post=3682"}],"curies":[{"name":"wp","href":"https:\/\/api.w.org\/{rel}","templated":true}]}}