{"id":3506,"date":"2025-04-30T22:11:49","date_gmt":"2025-04-30T21:11:49","guid":{"rendered":"https:\/\/cdhubs.com\/?post_type=product&#038;p=3506"},"modified":"2025-04-30T22:13:18","modified_gmt":"2025-04-30T21:13:18","slug":"kingdom-come-deliverance-xbox","status":"publish","type":"product","link":"https:\/\/cdhubs.com\/fr\/produit\/kingdom-come-deliverance-xbox\/","title":{"rendered":"Kingdom Come : D\u00e9livrance XBOX"},"content":{"rendered":"<div id=\"aboutThisGame\" class=\"game_page_autocollapse\" data-panel=\"{&quot;type&quot;:&quot;PanelGroup&quot;}\">\n<div id=\"game_area_description\" class=\"game_area_description\">\n<h2>\u00c0 propos de ce jeu<\/h2>\n<h2 class=\"bb_tag\">Jeu :<\/h2>\n<p>Vous incarnez Henry, le fils d&#039;un forgeron. La guerre civile faisant rage, vous assistez impuissant \u00e0 l&#039;assaut des mercenaires qui surgissent pour d\u00e9truire votre village et massacrer vos amis et votre famille. Apr\u00e8s avoir \u00e9chapp\u00e9 de justesse \u00e0 la violente offensive, vous vous saisissez de votre \u00e9p\u00e9e et partez riposter. Vengez la mort de vos parents et apportez votre aide pour repousser les oppresseurs !<\/p>\n<h2 class=\"bb_tag\">Sc\u00e9nario :<\/h2>\n<p>La Boh\u00eame, situ\u00e9e au c\u0153ur de l&#039;Europe, est une r\u00e9gion dot\u00e9e d&#039;une grande richesse culturelle, de fils d&#039;argent pur et de ch\u00e2teaux \u00e0 perte de vue. La mort du bien-aim\u00e9 souverain, l&#039;Empereur Charles IV, a plong\u00e9 le royaume dans une p\u00e9riode sombre. Depuis, le joyau du Saint Empire Romain est en proie \u00e0 la guerre, la corruption et la discorde.<\/p>\n<p>C&#039;est Venceslas, l&#039;un des fils de Charles, qui a h\u00e9rit\u00e9 de la couronne. \u00c0 la diff\u00e9rence de son p\u00e8re, Venceslas, est un monarque na\u00eff, indulgent et d\u00e9pourvu de v\u00e9ritable ambition. Son demi-fr\u00e8re et roi de Hongrie, Sigismond le Renard Roux, a bien senti cette faiblesse. Pr\u00e9textant une visite de courtoisie, Sigismond se rend en Boh\u00eame pour y capturer son demi-fr\u00e8re. D\u00e9sormais sans roi pour la gouverner, la Boh\u00eame est exploit\u00e9e sans complexe par Sigismond qui s&#039;accapare ses richesses.<\/p>\n<p>Au milieu de ce chaos, vous incarnez Henry, le fils d&#039;un forgeron. Votre vie paisible change radicalement apr\u00e8s la destruction de votre village natal par des mercenaires command\u00e9s par Sigismond en personne. Par chance, vous \u00eates l&#039;un des rares survivants de ce massacre.<\/p>\n<p>N&#039;ayant plus ni foyer, ni famille, ni avenir, vous vous mettez au service du Seigneur Radzig Kobyla qui organise la r\u00e9sistance contre l&#039;envahisseur. Le destin vous implique dans ce conflit sanglant, vous entra\u00eenant dans cette violente guerre civile, et vous devrez alors partir au combat pour d\u00e9cider du sort de la Boh\u00eame.<\/p>\n<h2 class=\"bb_tag\">Caract\u00e9ristiques :<\/h2>\n<ul class=\"bb_ul\">\n<li><strong>Monde ouvert gigantesque et r\u00e9aliste :<\/strong>\u00a0appr\u00e9ciez les magnifiques ch\u00e2teaux et les champs qui s&#039;\u00e9tendent \u00e0 perte de vue, le tout avec de somptueux graphismes \u00e0 la pointe de la technologie.<\/li>\n<li><strong>Histoire non lin\u00e9aire :<\/strong>\u00a0surmontez les qu\u00eates de multiples fa\u00e7ons diff\u00e9rentes, mais il faudra assumer les cons\u00e9quences de votre choix.<\/li>\n<li><strong>Syst\u00e8me de combat exigeant :<\/strong>\u00a0\u00e0 distance, au corps \u00e0 corps ou en employant une approche furtive. Choisissez vos armes et effectuez des dizaines d&#039;enchainements uniques au cours de batailles qui seront aussi palpitantes qu&#039;impitoyables.<\/li>\n<li><strong>D\u00e9veloppement du personnage :<\/strong>\u00a0Am\u00e9liorez vos comp\u00e9tences, gagnez de nouveaux talents et perfectionnez votre \u00e9quipement.<\/li>\n<li><strong>Univers dynamique :<\/strong>\u00a0vos actions influencent les r\u00e9actions de ceux que vous rencontrez. Combattez, volez, s\u00e9duisez, menacez, persuadez ou soudoyez. Le choix vous appartient.<\/li>\n<li><strong>Fid\u00e9lit\u00e9 historique :<\/strong>\u00a0rencontres des personnages historiques et laissez-vous transporter \u00e0 travers la Boh\u00eame m\u00e9di\u00e9vale comme si vous y \u00e9tiez.<\/li>\n<\/ul>\n<p><img decoding=\"async\" src=\"https:\/\/thaka.bing.com\/th\/id\/OIP.xmSyyMVzaid0fltgC7l5JwHaD_?cb=iwp1&amp;rs=1&amp;pid=ImgDetMain\" alt=\"Kingdom Come: Deliverance on Steam\" \/><\/p>\n<\/div>\n<\/div>\n<div class=\"game_page_autocollapse_fade\"><img decoding=\"async\" src=\"https:\/\/thaka.bing.com\/th\/id\/OIP.VsfKFlVdCk2vLoQKbfZqGwHaD_?cb=iwp1&amp;rs=1&amp;pid=ImgDetMain\" alt=\"Kingdom Come: Deliverance on Steam\" \/><img decoding=\"async\" src=\"https:\/\/thaka.bing.com\/th\/id\/OIP.MBXg0XUBlMv9NHF_bjzPsgHaEK?cb=iwp1&amp;w=1920&amp;h=1080&amp;rs=1&amp;pid=ImgDetMain\" alt=\"Kingdom Come: Deliverance on Steam\" \/><img decoding=\"async\" src=\"https:\/\/thaka.bing.com\/th\/id\/OIP.teq5MG_0C7Ka_uTzt-aVQQHaEK?cb=iwp1&amp;w=1024&amp;h=576&amp;rs=1&amp;pid=ImgDetMain\" alt=\"Kingdom Come: Deliverance 2's Specs Give Me Hope For Steam Deck ...\" \/><img data-recalc-dims=\"1\" decoding=\"async\" src=\"https:\/\/i0.wp.com\/s1.gaming-cdn.com\/images\/products\/2553\/screenshot\/kingdom-come-deliverance-special-edition-special-edition-pc-jeu-steam-europe-wallpaper-5.jpg?ssl=1\" alt=\"Acheter Kingdom Come: Deliverance Special Edition Steam\" \/><\/div>","protected":false},"excerpt":{"rendered":"<p>\u0627\u0633\u062a\u0645\u062a\u0639 \u0628\u062a\u062c\u0631\u0628\u0629 \u0644\u0639\u0628 \u0623\u0635\u0644\u064a\u0629 \u0639\u0628\u0631 \u0643\u0648\u062f \u0627\u0633\u062a\u0631\u062f\u0627\u062f \u0631\u0633\u0645\u064a!<br \/>\n\u0627\u0634\u062a\u0631\u0650 \u0627\u0644\u0644\u0639\u0628\u0629 \u0648\u0627\u062d\u0635\u0644 \u0639\u0644\u0649 \u0643\u0648\u062f \u0627\u0644\u062a\u0641\u0639\u064a\u0644 \u0627\u0644\u0631\u0642\u0645\u064a \u062e\u0644\u0627\u0644 10 \u0625\u0644\u0649 15 \u062f\u0642\u064a\u0642\u0629 \u0641\u0642\u0637 \u0628\u0639\u062f \u0627\u0644\u062f\u0641\u0639.<br \/>\nIl s&#039;agit d&#039;un jeu vid\u00e9o (Steam, Xbox, PSN\u2026) et d&#039;un jeu vid\u00e9o.<\/p>\n<p>\u0645\u0645\u064a\u0632\u0627\u062a \u0627\u0644\u0645\u0646\u062a\u062c:<br \/>\npar \u0631\u0633\u0645\u064a \u0648\u0622\u0645\u0646 100%<\/p>\n<p>\u062a\u0633\u0644\u064a\u0645 \u0633\u0631\u064a\u0639 \u062e\u0644\u0627\u0644 10 \u2013 15 jours<\/p>\n<p>\u062f\u0639\u0645 \u0641\u0646\u064a \u0641\u064a \u062d\u0627\u0644 \u0648\u0627\u062c\u0647\u062a \u0623\u064a \u0645\u0634\u0643\u0644\u0629<\/p>\n<p>\u0628\u062f\u0648\u0646 \u0627\u0634\u062a\u0631\u0627\u0643 \u0634\u0647\u0631\u064a \u2013 \u0634\u0631\u0627\u0621 \u0644\u0645\u0631\u0629 \u0648\u0627\u062d\u062f\u0629 \u0641\u0642\u0637<\/p>\n<p>\u0627\u0644\u0633\u0639\u0631 \u0627\u0644\u0623\u0641\u0636\u0644 \u0641\u064a \u0627\u0644\u0633\u0648\u0642 \u0627\u0644\u062c\u0632\u0627\u0626\u0631\u064a<\/p>\n<p>\u0643\u064a\u0641\u064a\u0629 \u0627\u0644\u0627\u0633\u062a\u0631\u062f\u0627\u062f:<br \/>\n\u0625\u0630\u0627 \u0644\u0645 \u062a\u0643\u0646 \u062a\u0639\u0631\u0641 \u0637\u0631\u064a\u0642\u0629 \u062a\u0641\u0639\u064a\u0644 \u0627\u0644\u0643\u0648\u062f\u060c \u0644\u0627 \u062a\u0642\u0644\u0642!<br \/>\n\u0628\u0639\u062f \u0639\u0645\u0644\u064a\u0629 \u0627\u0644\u0634\u0631\u0627\u0621\u060c \u0633\u064a\u062a\u0645 \u062a\u0648\u062c\u064a\u0647\u0643 \u062a\u0644\u0642\u0627\u0626\u064a\u0627\u064b \u0625\u0644\u0649 \u0635\u0641\u062d\u0629 \u0641\u064a\u0647\u0627 \u0641\u064a\u062f\u064a\u0648\u0647\u0627\u062a \u062a\u0634\u0631\u062d \u062e\u0637\u0648\u0629 \u0643\u064a\u0641\u064a\u0629 Il s&#039;agit d&#039;un jeu vid\u00e9o (Steam, Xbox, PS\u2026).<\/p>","protected":false},"featured_media":3507,"comment_status":"open","ping_status":"closed","template":"","meta":{"googlesitekit_rrm_CAowv7G7DA:productID":"","om_disable_all_campaigns":false,"_monsterinsights_skip_tracking":false,"_monsterinsights_sitenote_active":false,"_monsterinsights_sitenote_note":"","_monsterinsights_sitenote_category":0,"jetpack_post_was_ever_published":false},"product_brand":[63],"product_cat":[],"product_tag":[],"class_list":{"0":"post-3506","1":"product","2":"type-product","3":"status-publish","4":"has-post-thumbnail","6":"product_brand-xbox","8":"first","9":"instock","10":"sale","11":"virtual","12":"taxable","13":"purchasable","14":"product-type-simple"},"jetpack_sharing_enabled":true,"jetpack_likes_enabled":true,"_links":{"self":[{"href":"https:\/\/cdhubs.com\/fr\/wp-json\/wp\/v2\/product\/3506","targetHints":{"allow":["GET"]}}],"collection":[{"href":"https:\/\/cdhubs.com\/fr\/wp-json\/wp\/v2\/product"}],"about":[{"href":"https:\/\/cdhubs.com\/fr\/wp-json\/wp\/v2\/types\/product"}],"replies":[{"embeddable":true,"href":"https:\/\/cdhubs.com\/fr\/wp-json\/wp\/v2\/comments?post=3506"}],"version-history":[{"count":1,"href":"https:\/\/cdhubs.com\/fr\/wp-json\/wp\/v2\/product\/3506\/revisions"}],"predecessor-version":[{"id":3508,"href":"https:\/\/cdhubs.com\/fr\/wp-json\/wp\/v2\/product\/3506\/revisions\/3508"}],"wp:featuredmedia":[{"embeddable":true,"href":"https:\/\/cdhubs.com\/fr\/wp-json\/wp\/v2\/media\/3507"}],"wp:attachment":[{"href":"https:\/\/cdhubs.com\/fr\/wp-json\/wp\/v2\/media?parent=3506"}],"wp:term":[{"taxonomy":"product_brand","embeddable":true,"href":"https:\/\/cdhubs.com\/fr\/wp-json\/wp\/v2\/product_brand?post=3506"},{"taxonomy":"product_cat","embeddable":true,"href":"https:\/\/cdhubs.com\/fr\/wp-json\/wp\/v2\/product_cat?post=3506"},{"taxonomy":"product_tag","embeddable":true,"href":"https:\/\/cdhubs.com\/fr\/wp-json\/wp\/v2\/product_tag?post=3506"}],"curies":[{"name":"wp","href":"https:\/\/api.w.org\/{rel}","templated":true}]}}