{"id":3488,"date":"2025-04-30T21:44:53","date_gmt":"2025-04-30T20:44:53","guid":{"rendered":"https:\/\/cdhubs.com\/?post_type=product&#038;p=3488"},"modified":"2025-04-30T21:44:54","modified_gmt":"2025-04-30T20:44:54","slug":"the-wolf-among-us-pc","status":"publish","type":"product","link":"https:\/\/cdhubs.com\/fr\/produit\/the-wolf-among-us-pc\/","title":{"rendered":"LE LOUP PARMI NOUS PC"},"content":{"rendered":"<h2>\u00c0 propos de ce jeu<\/h2>\n<p>Par les cr\u00e9ateurs de The Walking Dead, \u00e9lu Jeu de l&#039;ann\u00e9e 2012, voici un thriller brutal, violent et mature, inspir\u00e9 des bandes dessin\u00e9es prim\u00e9es Fables (DC Comics\/Vertigo). Dans la peau de Bigby Wolf, LE grand m\u00e9chant loup, vous d\u00e9couvrirez qu&#039;un meurtre brutal et sanglant n&#039;est qu&#039;un avant-go\u00fbt de ce qui vous attend dans une s\u00e9rie de jeux o\u00f9 chacune de vos d\u00e9cisions peut avoir des cons\u00e9quences consid\u00e9rables.<\/p>\n<p>Une \u00e9volution des m\u00e9canismes de jeu r\u00e9volutionnaires de Telltale, bas\u00e9s sur les choix et les cons\u00e9quences, permettra au joueur d&#039;apprendre que m\u00eame en tant que Bigby Wolf, sh\u00e9rif de Fabletown, la vie dans la grande m\u00e9chante ville est sanglante, terrifiante et dangereuse.<\/p>\n<p>Sur une saison de contenu r\u00e9parti sur 5 \u00e9pisodes :<\/p>\n<p>\u00c9pisode 1\u00a0: Faith \u2013 Disponible d\u00e8s maintenant<br \/>\n\u00c9pisode 2\u00a0: Fum\u00e9e et miroirs \u2013 Disponible d\u00e8s maintenant<br \/>\n\u00c9pisode 3\u00a0: A Crooked Mile \u2013 Disponible d\u00e8s maintenant<br \/>\n\u00c9pisode 4\u00a0: D\u00e9guis\u00e9 en mouton \u2013 Disponible d\u00e8s maintenant<br \/>\n\u00c9pisode 5\u00a0: Cry Wolf \u2013 Disponible d\u00e8s maintenant<\/p>\n<p><img decoding=\"async\" src=\"https:\/\/thaka.bing.com\/th\/id\/OIP._0dUJD7YKqd5RnVqAUrD-wHaEK?cb=iwp1&amp;rs=1&amp;pid=ImgDetMain\" alt=\"Save 50% on The Wolf Among Us on Steam\" \/><strong><img decoding=\"async\" src=\"https:\/\/thaka.bing.com\/th\/id\/OIP.srE62w0bdOnR4OPH5g4kDAHaEK?cb=iwp1&amp;w=600&amp;h=337&amp;rs=1&amp;pid=ImgDetMain\" alt=\"\u062f\u0627\u0646\u0644\u0648\u062f \u0628\u0627\u0632\u06cc The Wolf Among Us \u0628\u0631\u0627\u06cc \u06a9\u0627\u0645\u067e\u06cc\u0648\u062a\u0631 + \u0632\u06cc\u0631\u0646\u0648\u06cc\u0633 \u0641\u0627\u0631\u0633\u06cc - \u0645\u06af \u062f\u06cc \u0627\u0644\" \/><\/strong><\/p>","protected":false},"excerpt":{"rendered":"<p>\u0627\u0633\u062a\u0645\u062a\u0639 \u0628\u062a\u062c\u0631\u0628\u0629 \u0644\u0639\u0628 \u0623\u0635\u0644\u064a\u0629 \u0639\u0628\u0631 \u0643\u0648\u062f \u0627\u0633\u062a\u0631\u062f\u0627\u062f \u0631\u0633\u0645\u064a!<br \/>\n\u0627\u0634\u062a\u0631\u0650 \u0627\u0644\u0644\u0639\u0628\u0629 \u0648\u0627\u062d\u0635\u0644 \u0639\u0644\u0649 \u0643\u0648\u062f \u0627\u0644\u062a\u0641\u0639\u064a\u0644 \u0627\u0644\u0631\u0642\u0645\u064a \u062e\u0644\u0627\u0644 10 \u0625\u0644\u0649 15 \u062f\u0642\u064a\u0642\u0629 \u0641\u0642\u0637 \u0628\u0639\u062f \u0627\u0644\u062f\u0641\u0639.<br \/>\nIl s&#039;agit d&#039;un jeu vid\u00e9o (Steam, Xbox, PSN\u2026) et d&#039;un jeu vid\u00e9o.<\/p>\n<p>\u0645\u0645\u064a\u0632\u0627\u062a \u0627\u0644\u0645\u0646\u062a\u062c:<br \/>\npar \u0631\u0633\u0645\u064a \u0648\u0622\u0645\u0646 100%<\/p>\n<p>\u062a\u0633\u0644\u064a\u0645 \u0633\u0631\u064a\u0639 \u062e\u0644\u0627\u0644 10 \u2013 15 jours<\/p>\n<p>\u062f\u0639\u0645 \u0641\u0646\u064a \u0641\u064a \u062d\u0627\u0644 \u0648\u0627\u062c\u0647\u062a \u0623\u064a \u0645\u0634\u0643\u0644\u0629<\/p>\n<p>\u0628\u062f\u0648\u0646 \u0627\u0634\u062a\u0631\u0627\u0643 \u0634\u0647\u0631\u064a \u2013 \u0634\u0631\u0627\u0621 \u0644\u0645\u0631\u0629 \u0648\u0627\u062d\u062f\u0629 \u0641\u0642\u0637<\/p>\n<p>\u0627\u0644\u0633\u0639\u0631 \u0627\u0644\u0623\u0641\u0636\u0644 \u0641\u064a \u0627\u0644\u0633\u0648\u0642 \u0627\u0644\u062c\u0632\u0627\u0626\u0631\u064a<\/p>\n<p>\u0643\u064a\u0641\u064a\u0629 \u0627\u0644\u0627\u0633\u062a\u0631\u062f\u0627\u062f:<br \/>\n\u0625\u0630\u0627 \u0644\u0645 \u062a\u0643\u0646 \u062a\u0639\u0631\u0641 \u0637\u0631\u064a\u0642\u0629 \u062a\u0641\u0639\u064a\u0644 \u0627\u0644\u0643\u0648\u062f\u060c \u0644\u0627 \u062a\u0642\u0644\u0642!<br \/>\n\u0628\u0639\u062f \u0639\u0645\u0644\u064a\u0629 \u0627\u0644\u0634\u0631\u0627\u0621\u060c \u0633\u064a\u062a\u0645 \u062a\u0648\u062c\u064a\u0647\u0643 \u062a\u0644\u0642\u0627\u0626\u064a\u0627\u064b \u0625\u0644\u0649 \u0635\u0641\u062d\u0629 \u0641\u064a\u0647\u0627 \u0641\u064a\u062f\u064a\u0648\u0647\u0627\u062a \u062a\u0634\u0631\u062d \u062e\u0637\u0648\u0629 \u0643\u064a\u0641\u064a\u0629 Il s&#039;agit d&#039;un jeu vid\u00e9o (Steam, Xbox, PS\u2026).<\/p>","protected":false},"featured_media":3489,"comment_status":"open","ping_status":"closed","template":"","meta":{"googlesitekit_rrm_CAowv7G7DA:productID":"","om_disable_all_campaigns":false,"_monsterinsights_skip_tracking":false,"_monsterinsights_sitenote_active":false,"_monsterinsights_sitenote_note":"","_monsterinsights_sitenote_category":0,"jetpack_post_was_ever_published":false},"product_brand":[],"product_cat":[],"product_tag":[],"class_list":{"0":"post-3488","1":"product","2":"type-product","3":"status-publish","4":"has-post-thumbnail","7":"first","8":"instock","9":"sale","10":"taxable","11":"shipping-taxable","12":"purchasable","13":"product-type-simple"},"jetpack_sharing_enabled":true,"jetpack_likes_enabled":true,"_links":{"self":[{"href":"https:\/\/cdhubs.com\/fr\/wp-json\/wp\/v2\/product\/3488","targetHints":{"allow":["GET"]}}],"collection":[{"href":"https:\/\/cdhubs.com\/fr\/wp-json\/wp\/v2\/product"}],"about":[{"href":"https:\/\/cdhubs.com\/fr\/wp-json\/wp\/v2\/types\/product"}],"replies":[{"embeddable":true,"href":"https:\/\/cdhubs.com\/fr\/wp-json\/wp\/v2\/comments?post=3488"}],"version-history":[{"count":2,"href":"https:\/\/cdhubs.com\/fr\/wp-json\/wp\/v2\/product\/3488\/revisions"}],"predecessor-version":[{"id":3492,"href":"https:\/\/cdhubs.com\/fr\/wp-json\/wp\/v2\/product\/3488\/revisions\/3492"}],"wp:featuredmedia":[{"embeddable":true,"href":"https:\/\/cdhubs.com\/fr\/wp-json\/wp\/v2\/media\/3489"}],"wp:attachment":[{"href":"https:\/\/cdhubs.com\/fr\/wp-json\/wp\/v2\/media?parent=3488"}],"wp:term":[{"taxonomy":"product_brand","embeddable":true,"href":"https:\/\/cdhubs.com\/fr\/wp-json\/wp\/v2\/product_brand?post=3488"},{"taxonomy":"product_cat","embeddable":true,"href":"https:\/\/cdhubs.com\/fr\/wp-json\/wp\/v2\/product_cat?post=3488"},{"taxonomy":"product_tag","embeddable":true,"href":"https:\/\/cdhubs.com\/fr\/wp-json\/wp\/v2\/product_tag?post=3488"}],"curies":[{"name":"wp","href":"https:\/\/api.w.org\/{rel}","templated":true}]}}