{"id":3447,"date":"2025-04-30T18:55:02","date_gmt":"2025-04-30T17:55:02","guid":{"rendered":"https:\/\/cdhubs.com\/?post_type=product&#038;p=3447"},"modified":"2025-05-23T00:18:56","modified_gmt":"2025-05-22T23:18:56","slug":"gta-vi-xbox-series","status":"publish","type":"product","link":"https:\/\/cdhubs.com\/fr\/produit\/gta-vi-xbox-series\/","title":{"rendered":"S\u00e9rie GTA VI sur Xbox"},"content":{"rendered":"<div class=\"mb-4\">D\u00e9couvrez le Grand Theft Auto le plus vaste et le plus immersif \u00e0 ce jour avec GTA 6, dont la sortie est pr\u00e9vue en 2025 sur Xbox Series X. Explorez les rues baign\u00e9es de n\u00e9ons de Vice City et au-del\u00e0, dans l&#039;\u00c9tat de Leonida. Avec les anciens d\u00e9tenus Lucia et Jason, des sensations fortes contemporaines et un chaos inspir\u00e9 du monde r\u00e9el, GTA 6 est un jeu incontournable.<\/div>\n<div id=\"longDescriptionContainer\"><\/div>\n<div>\n<p><iframe title=\"Grand Theft Auto VI Bande-annonce 1\" width=\"500\" height=\"281\" src=\"https:\/\/www.youtube.com\/embed\/QdBZY2fkU-0?feature=oembed\" frameborder=\"0\" allow=\"accelerometer; autoplay; clipboard-write; encrypted-media; gyroscope; picture-in-picture; web-share\" referrerpolicy=\"strict-origin-when-cross-origin\" allowfullscreen><\/iframe><\/p>\n<h2><strong>Vivez la plus grande exp\u00e9rience\u00a0<em>Grand Theft Auto<\/em>\u00a0jeu encore avec\u00a0<em>GTA 6<\/em>, dont la sortie est pr\u00e9vue en 2025 sur Xbox Series X. Explorez les rues \u00e9clair\u00e9es au n\u00e9on de\u00a0<em>Vice City<\/em>\u00a0et au-del\u00e0 dans l&#039;\u00e9tat de\u00a0<em>L\u00e9onida<\/em>, avec des graphismes \u00e9poustouflants et un sc\u00e9nario captivant. Le jeu met en sc\u00e8ne les anciens d\u00e9tenus Lucia et Jason, offrant des sensations fortes et un chaos contemporain inspir\u00e9s de faits r\u00e9els. Gr\u00e2ce \u00e0 la puissance de la PS5,\u00a0<em>GTA 6<\/em>\u00a0Offre un gameplay immersif, des braquages \u00e0 enjeux \u00e9lev\u00e9s \u00e0 la vie urbaine dynamique. Plongez dans un monde o\u00f9 vous pouvez b\u00e2tir votre propre empire criminel ou simplement profiter du paysage, ce qui en fait un jeu incontournable pour les fans de longue date comme pour les nouveaux venus.<\/strong><\/h2>\n<\/div>","protected":false},"excerpt":{"rendered":"<p>\u0627\u0633\u062a\u0645\u062a\u0639 \u0628\u062a\u062c\u0631\u0628\u0629 \u0644\u0639\u0628 \u0623\u0635\u0644\u064a\u0629 \u0639\u0628\u0631 \u0643\u0648\u062f \u0627\u0633\u062a\u0631\u062f\u0627\u062f \u0631\u0633\u0645\u064a!<br \/>\n\u0627\u0634\u062a\u0631\u0650 \u0627\u0644\u0644\u0639\u0628\u0629 \u0648\u0627\u062d\u0635\u0644 \u0639\u0644\u0649 \u0643\u0648\u062f \u0627\u0644\u062a\u0641\u0639\u064a\u0644 \u0627\u0644\u0631\u0642\u0645\u064a \u062e\u0644\u0627\u0644 10 \u0625\u0644\u0649 15 \u062f\u0642\u064a\u0642\u0629 \u0641\u0642\u0637 \u0628\u0639\u062f \u0627\u0644\u062f\u0641\u0639.<br \/>\nIl s&#039;agit d&#039;un jeu vid\u00e9o (Steam, Xbox, PSN\u2026) et d&#039;un jeu vid\u00e9o.<\/p>\n<p>\u0645\u0645\u064a\u0632\u0627\u062a \u0627\u0644\u0645\u0646\u062a\u062c:<br \/>\npar \u0631\u0633\u0645\u064a \u0648\u0622\u0645\u0646 100%<\/p>\n<p>\u062a\u0633\u0644\u064a\u0645 \u0633\u0631\u064a\u0639 \u062e\u0644\u0627\u0644 10 \u2013 15 jours<\/p>\n<p>\u062f\u0639\u0645 \u0641\u0646\u064a \u0641\u064a \u062d\u0627\u0644 \u0648\u0627\u062c\u0647\u062a \u0623\u064a \u0645\u0634\u0643\u0644\u0629<\/p>\n<p>\u0628\u062f\u0648\u0646 \u0627\u0634\u062a\u0631\u0627\u0643 \u0634\u0647\u0631\u064a \u2013 \u0634\u0631\u0627\u0621 \u0644\u0645\u0631\u0629 \u0648\u0627\u062d\u062f\u0629 \u0641\u0642\u0637<\/p>\n<p>\u0627\u0644\u0633\u0639\u0631 \u0627\u0644\u0623\u0641\u0636\u0644 \u0641\u064a \u0627\u0644\u0633\u0648\u0642 \u0627\u0644\u062c\u0632\u0627\u0626\u0631\u064a<\/p>\n<p>\u0643\u064a\u0641\u064a\u0629 \u0627\u0644\u0627\u0633\u062a\u0631\u062f\u0627\u062f:<br \/>\n\u0625\u0630\u0627 \u0644\u0645 \u062a\u0643\u0646 \u062a\u0639\u0631\u0641 \u0637\u0631\u064a\u0642\u0629 \u062a\u0641\u0639\u064a\u0644 \u0627\u0644\u0643\u0648\u062f\u060c \u0644\u0627 \u062a\u0642\u0644\u0642!<br \/>\n\u0628\u0639\u062f \u0639\u0645\u0644\u064a\u0629 \u0627\u0644\u0634\u0631\u0627\u0621\u060c \u0633\u064a\u062a\u0645 \u062a\u0648\u062c\u064a\u0647\u0643 \u062a\u0644\u0642\u0627\u0626\u064a\u0627\u064b \u0625\u0644\u0649 \u0635\u0641\u062d\u0629 \u0641\u064a\u0647\u0627 \u0641\u064a\u062f\u064a\u0648\u0647\u0627\u062a \u062a\u0634\u0631\u062d \u062e\u0637\u0648\u0629 \u0643\u064a\u0641\u064a\u0629 Il s&#039;agit d&#039;un jeu vid\u00e9o (Steam, Xbox, PS\u2026).<\/p>","protected":false},"featured_media":3448,"comment_status":"open","ping_status":"closed","template":"","meta":{"googlesitekit_rrm_CAowv7G7DA:productID":"","om_disable_all_campaigns":false,"_monsterinsights_skip_tracking":false,"_monsterinsights_sitenote_active":false,"_monsterinsights_sitenote_note":"","_monsterinsights_sitenote_category":0,"jetpack_post_was_ever_published":false},"product_brand":[63],"product_cat":[67],"product_tag":[],"class_list":{"0":"post-3447","1":"product","2":"type-product","3":"status-publish","4":"has-post-thumbnail","6":"product_brand-xbox","7":"product_cat-rocstar-games","9":"first","10":"outofstock","11":"sale","12":"virtual","13":"taxable","14":"purchasable","15":"product-type-simple"},"jetpack_sharing_enabled":true,"jetpack_likes_enabled":true,"_links":{"self":[{"href":"https:\/\/cdhubs.com\/fr\/wp-json\/wp\/v2\/product\/3447","targetHints":{"allow":["GET"]}}],"collection":[{"href":"https:\/\/cdhubs.com\/fr\/wp-json\/wp\/v2\/product"}],"about":[{"href":"https:\/\/cdhubs.com\/fr\/wp-json\/wp\/v2\/types\/product"}],"replies":[{"embeddable":true,"href":"https:\/\/cdhubs.com\/fr\/wp-json\/wp\/v2\/comments?post=3447"}],"version-history":[{"count":2,"href":"https:\/\/cdhubs.com\/fr\/wp-json\/wp\/v2\/product\/3447\/revisions"}],"predecessor-version":[{"id":3450,"href":"https:\/\/cdhubs.com\/fr\/wp-json\/wp\/v2\/product\/3447\/revisions\/3450"}],"wp:featuredmedia":[{"embeddable":true,"href":"https:\/\/cdhubs.com\/fr\/wp-json\/wp\/v2\/media\/3448"}],"wp:attachment":[{"href":"https:\/\/cdhubs.com\/fr\/wp-json\/wp\/v2\/media?parent=3447"}],"wp:term":[{"taxonomy":"product_brand","embeddable":true,"href":"https:\/\/cdhubs.com\/fr\/wp-json\/wp\/v2\/product_brand?post=3447"},{"taxonomy":"product_cat","embeddable":true,"href":"https:\/\/cdhubs.com\/fr\/wp-json\/wp\/v2\/product_cat?post=3447"},{"taxonomy":"product_tag","embeddable":true,"href":"https:\/\/cdhubs.com\/fr\/wp-json\/wp\/v2\/product_tag?post=3447"}],"curies":[{"name":"wp","href":"https:\/\/api.w.org\/{rel}","templated":true}]}}