{"id":3425,"date":"2025-04-30T15:16:25","date_gmt":"2025-04-30T15:16:25","guid":{"rendered":"https:\/\/cdhubs.com\/?post_type=product&#038;p=3425"},"modified":"2025-04-30T15:19:43","modified_gmt":"2025-04-30T15:19:43","slug":"life-is-strange-ps4","status":"publish","type":"product","link":"https:\/\/cdhubs.com\/fr\/produit\/life-is-strange-ps4\/","title":{"rendered":"LA VIE EST \u00c9TRANGE PS4"},"content":{"rendered":"<h2>\u00c0 propos de ce jeu<\/h2>\n<div class=\"bb_wide_img_ctn\"><img data-recalc-dims=\"1\" decoding=\"async\" class=\"bb_img\" src=\"https:\/\/i0.wp.com\/shared.cloudflare.steamstatic.com\/store_item_assets\/steam\/apps\/319630\/extras\/Steam_banner_FR_616.png?ssl=1\" \/><\/div>\n<p><strong>\u00c9pisode 1 GRATUIT !<\/strong><\/p>\n<p>Life is Strange est un jeu d&#039;aventure r\u00e9compens\u00e9 et encens\u00e9 par la critique permettant au joueur de remonter dans le temps et de modifier le pass\u00e9, le pr\u00e9sent et l&#039;avenir.<\/p>\n<p>Retracez l&#039;histoire de Max Caulfield, une \u00e9tudiante en photographie, qui d\u00e9couvre, en sauvant la vie de sa meilleure amie, Chloe Price, qu&#039;elle peut remonter dans le temps.<br \/>\nLes deux jeunes filles se retrouvent tr\u00e8s vite \u00e0 enqu\u00eater sur la myst\u00e9rieuse disparition d&#039;une autre \u00e9tudiante, Rachel Amber, r\u00e9v\u00e9lant le c\u00f4t\u00e9 sordide d&#039;Arcadia Bay. Pendant ce temps, Max va devoir apprendre que modifier le pass\u00e9 peut avoir des cons\u00e9quences d\u00e9sastreuses sur l&#039;avenir.<\/p>\n<h2 class=\"bb_tag\">Caract\u00e9ristiques:<\/h2>\n<p>&nbsp;<\/p>\n<ul class=\"bb_ul\">\n<li>Un jeu d&#039;aventure au superbe sc\u00e9nario.<\/li>\n<li>Remontez dans le temps pour changer le cours des \u00e9v\u00e9nements.<\/li>\n<li>Plusieurs fins selon les d\u00e9cisions prises au cours du jeu.<\/li>\n<li>Des visuels \u00e9poustouflants, peints \u00e0 la main.<\/li>\n<li>Une bande originale de musique ind\u00e9pendante licenci\u00e9e.<\/li>\n<\/ul>","protected":false},"excerpt":{"rendered":"<p>\u0627\u0633\u062a\u0645\u062a\u0639 \u0628\u062a\u062c\u0631\u0628\u0629 \u0644\u0639\u0628 \u0623\u0635\u0644\u064a\u0629 \u0639\u0628\u0631 \u0643\u0648\u062f \u0627\u0633\u062a\u0631\u062f\u0627\u062f \u0631\u0633\u0645\u064a!<br \/>\n\u0627\u0634\u062a\u0631\u0650 \u0627\u0644\u0644\u0639\u0628\u0629 \u0648\u0627\u062d\u0635\u0644 \u0639\u0644\u0649 \u0643\u0648\u062f \u0627\u0644\u062a\u0641\u0639\u064a\u0644 \u0627\u0644\u0631\u0642\u0645\u064a \u062e\u0644\u0627\u0644 10 \u0625\u0644\u0649 15 \u062f\u0642\u064a\u0642\u0629 \u0641\u0642\u0637 \u0628\u0639\u062f \u0627\u0644\u062f\u0641\u0639.<br \/>\nIl s&#039;agit d&#039;un jeu vid\u00e9o (Steam, Xbox, PSN\u2026) et d&#039;un jeu vid\u00e9o.<\/p>\n<p>\u0645\u0645\u064a\u0632\u0627\u062a \u0627\u0644\u0645\u0646\u062a\u062c:<br \/>\npar \u0631\u0633\u0645\u064a \u0648\u0622\u0645\u0646 100%<\/p>\n<p>\u062a\u0633\u0644\u064a\u0645 \u0633\u0631\u064a\u0639 \u062e\u0644\u0627\u0644 10 \u2013 15 jours<\/p>\n<p>\u062f\u0639\u0645 \u0641\u0646\u064a \u0641\u064a \u062d\u0627\u0644 \u0648\u0627\u062c\u0647\u062a \u0623\u064a \u0645\u0634\u0643\u0644\u0629<\/p>\n<p>\u0628\u062f\u0648\u0646 \u0627\u0634\u062a\u0631\u0627\u0643 \u0634\u0647\u0631\u064a \u2013 \u0634\u0631\u0627\u0621 \u0644\u0645\u0631\u0629 \u0648\u0627\u062d\u062f\u0629 \u0641\u0642\u0637<\/p>\n<p>\u0627\u0644\u0633\u0639\u0631 \u0627\u0644\u0623\u0641\u0636\u0644 \u0641\u064a \u0627\u0644\u0633\u0648\u0642 \u0627\u0644\u062c\u0632\u0627\u0626\u0631\u064a<\/p>\n<p>\u0643\u064a\u0641\u064a\u0629 \u0627\u0644\u0627\u0633\u062a\u0631\u062f\u0627\u062f:<br \/>\n\u0625\u0630\u0627 \u0644\u0645 \u062a\u0643\u0646 \u062a\u0639\u0631\u0641 \u0637\u0631\u064a\u0642\u0629 \u062a\u0641\u0639\u064a\u0644 \u0627\u0644\u0643\u0648\u062f\u060c \u0644\u0627 \u062a\u0642\u0644\u0642!<br \/>\n\u0628\u0639\u062f \u0639\u0645\u0644\u064a\u0629 \u0627\u0644\u0634\u0631\u0627\u0621\u060c \u0633\u064a\u062a\u0645 \u062a\u0648\u062c\u064a\u0647\u0643 \u062a\u0644\u0642\u0627\u0626\u064a\u0627\u064b \u0625\u0644\u0649 \u0635\u0641\u062d\u0629 \u0641\u064a\u0647\u0627 \u0641\u064a\u062f\u064a\u0648\u0647\u0627\u062a \u062a\u0634\u0631\u062d \u062e\u0637\u0648\u0629 \u0643\u064a\u0641\u064a\u0629 Il s&#039;agit d&#039;un jeu vid\u00e9o (Steam, Xbox, PS\u2026).<\/p>","protected":false},"featured_media":3426,"comment_status":"open","ping_status":"closed","template":"","meta":{"googlesitekit_rrm_CAowv7G7DA:productID":"","om_disable_all_campaigns":false,"_monsterinsights_skip_tracking":false,"_monsterinsights_sitenote_active":false,"_monsterinsights_sitenote_note":"","_monsterinsights_sitenote_category":0,"jetpack_post_was_ever_published":false},"product_brand":[59],"product_cat":[],"product_tag":[],"class_list":{"0":"post-3425","1":"product","2":"type-product","3":"status-publish","4":"has-post-thumbnail","6":"product_brand-playstation-4","8":"first","9":"instock","10":"sale","11":"virtual","12":"taxable","13":"purchasable","14":"product-type-simple"},"jetpack_sharing_enabled":true,"jetpack_likes_enabled":true,"_links":{"self":[{"href":"https:\/\/cdhubs.com\/fr\/wp-json\/wp\/v2\/product\/3425","targetHints":{"allow":["GET"]}}],"collection":[{"href":"https:\/\/cdhubs.com\/fr\/wp-json\/wp\/v2\/product"}],"about":[{"href":"https:\/\/cdhubs.com\/fr\/wp-json\/wp\/v2\/types\/product"}],"replies":[{"embeddable":true,"href":"https:\/\/cdhubs.com\/fr\/wp-json\/wp\/v2\/comments?post=3425"}],"version-history":[{"count":1,"href":"https:\/\/cdhubs.com\/fr\/wp-json\/wp\/v2\/product\/3425\/revisions"}],"predecessor-version":[{"id":3427,"href":"https:\/\/cdhubs.com\/fr\/wp-json\/wp\/v2\/product\/3425\/revisions\/3427"}],"wp:featuredmedia":[{"embeddable":true,"href":"https:\/\/cdhubs.com\/fr\/wp-json\/wp\/v2\/media\/3426"}],"wp:attachment":[{"href":"https:\/\/cdhubs.com\/fr\/wp-json\/wp\/v2\/media?parent=3425"}],"wp:term":[{"taxonomy":"product_brand","embeddable":true,"href":"https:\/\/cdhubs.com\/fr\/wp-json\/wp\/v2\/product_brand?post=3425"},{"taxonomy":"product_cat","embeddable":true,"href":"https:\/\/cdhubs.com\/fr\/wp-json\/wp\/v2\/product_cat?post=3425"},{"taxonomy":"product_tag","embeddable":true,"href":"https:\/\/cdhubs.com\/fr\/wp-json\/wp\/v2\/product_tag?post=3425"}],"curies":[{"name":"wp","href":"https:\/\/api.w.org\/{rel}","templated":true}]}}