{"id":3336,"date":"2025-04-30T11:02:52","date_gmt":"2025-04-30T11:02:52","guid":{"rendered":"https:\/\/cdhubs.com\/?post_type=product&#038;p=3336"},"modified":"2025-04-30T11:02:53","modified_gmt":"2025-04-30T11:02:53","slug":"warhammer-40000-space-marine-pc","status":"publish","type":"product","link":"https:\/\/cdhubs.com\/fr\/produit\/warhammer-40000-space-marine-pc\/","title":{"rendered":"Warhammer 40,000 : Space Marine PC"},"content":{"rendered":"<div id=\"aboutThisGame\" class=\"game_page_autocollapse\" data-panel=\"{&quot;type&quot;:&quot;PanelGroup&quot;}\">\n<div id=\"game_area_description\" class=\"game_area_description\">\n<h2>\u00c0 propos de ce jeu<\/h2>\n<p>F\u00eatez les 10 ans de Warhammer 40,000 : Space Marine avec la nouvelle \u00e9dition Anniversaire.<\/p>\n<p>L&#8217;\u00e9dition Anniversaire du jeu inclut pour la premi\u00e8re fois :<\/p>\n<p>\u2022 La bande originale du jeu dans son int\u00e9gralit\u00e9<br \/>\n\u2022 Des fonds d&#8217;\u00e9cran classiques ou flambant neufs<br \/>\n\u2022 Le manuel original (pdf)<br \/>\n\u2022 Le guide de strat\u00e9gie officiel (pdf)<br \/>\n\u2022 Une sonnerie de t\u00e9l\u00e9phone<br \/>\n\u2022 Le livre d&#8217;illustrations de l&#8217;\u00e9dition Collectors (pdf)<br \/>\n\u2022 Des cartes de collection (pdfs)<br \/>\n\u2022 La bande-annonce de lancement originale<\/p>\n<p>L&#8217;\u00e9dition Anniversaire comprend \u00e9galement le jeu Space Marine ainsi que tout le contenu t\u00e9l\u00e9chargeable qui y est associ\u00e9 :<\/p>\n<p>\u2022 Chaos Unleashed Map Pack<br \/>\n\u2022 Dreadnought Assault DLC<br \/>\n\u2022 Iron Hand Veteran Chapter Pack DLC<br \/>\n\u2022 Death Guard Champion Chapter Pack DLC<br \/>\n\u2022 Golden Relic Bolter<br \/>\n\u2022 Golden Relic Chainsword<br \/>\n\u2022 Power Sword<br \/>\n\u2022 Blood Angels Veteran Armour Set<br \/>\n\u2022 Salamanders Veteran Armour Set<br \/>\n\u2022 Alpha Legion Champion Armour Set<br \/>\n\u2022 Legion of the Damned Armour Set<br \/>\n\u2022 Emperor&#8217;s Elite Pack<br \/>\n\u2022 Traitor Legions Pack<\/p>\n<ul class=\"bb_ul\">\n<li><strong>PLONGEZ DANS LA BATAILLE<\/strong><br \/>\nDans Warhammer 40,000 Space Marine, vous incarnez le capitaine Titus, membre du chapitre des Ultramarines et v\u00e9t\u00e9ran aguerri de nombreuses batailles.<br \/>\nUne horde d&#8217;un million d&#8217;Orks a envahi un Monde Forge imp\u00e9rial, une des plan\u00e8tes-usines o\u00f9 sont cr\u00e9\u00e9es les machines de guerre qui d\u00e9fendent l&#8217;humanit\u00e9 dans cette guerre \u00e9ternelle. On ne peut pas perdre cette plan\u00e8te, ni ignorer la menace encore plus grave tapie dans les ombres de ce monde.<\/li>\n<li><strong>ARSENAL D\u00c9VASTATEUR<\/strong><br \/>\nPrenez part \u00e0 un combat qui \u00e9volue depuis 40 000 ans. \u00c9tendez votre vaste arsenal en d\u00e9verrouillant de nouvelles armes, des am\u00e9liorations, des armures et des comp\u00e9tences gr\u00e2ce \u00e0 un syst\u00e8me de progression accessible. Cette artillerie d\u00e9vastatrice conf\u00e8re aux joueurs une puissance assez violente pour \u00e9craser et d\u00e9membrer leurs ennemis.<\/li>\n<li><strong>DIGNE DES MEILLEURS FILMS D&#8217;ACTION<\/strong><br \/>\nLa flotte de lib\u00e9ration imp\u00e9riale est en route et les Ultramarines sont envoy\u00e9s pour contr\u00f4ler des positions-cl\u00e9s jusqu&#8217;\u00e0 l&#8217;arriv\u00e9e des renforts. Le capitaine Titus et son escouade de v\u00e9t\u00e9rans Ultramarines se battent \u00e0 coup de bolters et d&#8217;\u00e9p\u00e9es tron\u00e7onneuses pour repousser l&#8217;ennemi.<\/li>\n<li><strong>COMBATS BRUTAUX 8 VS 8 EN LIGNE<\/strong><br \/>\nConstituez votre propre escouade de Space Marines ou votre bande arm\u00e9e de Marines du Chaos et battez-vous dans des matchs en ligne en 8 contre 8. Gagnez de l&#8217;exp\u00e9rience et d\u00e9verrouillez de nouvelles armes et armures pour personnaliser les classes Devastator, Assaut ou Tactique.<\/li>\n<\/ul>\n<\/div>\n<\/div>\n<div class=\"game_page_autocollapse_fade\"><\/div>","protected":false},"excerpt":{"rendered":"<p>\u0627\u0633\u062a\u0645\u062a\u0639 \u0628\u062a\u062c\u0631\u0628\u0629 \u0644\u0639\u0628 \u0623\u0635\u0644\u064a\u0629 \u0639\u0628\u0631 \u0643\u0648\u062f \u0627\u0633\u062a\u0631\u062f\u0627\u062f \u0631\u0633\u0645\u064a!<br \/>\n\u0627\u0634\u062a\u0631\u0650 \u0627\u0644\u0644\u0639\u0628\u0629 \u0648\u0627\u062d\u0635\u0644 \u0639\u0644\u0649 \u0643\u0648\u062f \u0627\u0644\u062a\u0641\u0639\u064a\u0644 \u0627\u0644\u0631\u0642\u0645\u064a \u062e\u0644\u0627\u0644 10 \u0625\u0644\u0649 15 \u062f\u0642\u064a\u0642\u0629 \u0641\u0642\u0637 \u0628\u0639\u062f \u0627\u0644\u062f\u0641\u0639.<br \/>\nIl s&#039;agit d&#039;un jeu vid\u00e9o (Steam, Xbox, PSN\u2026) et d&#039;un jeu vid\u00e9o.<\/p>\n<p>\u0645\u0645\u064a\u0632\u0627\u062a \u0627\u0644\u0645\u0646\u062a\u062c:<br \/>\npar \u0631\u0633\u0645\u064a \u0648\u0622\u0645\u0646 100%<\/p>\n<p>\u062a\u0633\u0644\u064a\u0645 \u0633\u0631\u064a\u0639 \u062e\u0644\u0627\u0644 10 \u2013 15 jours<\/p>\n<p>\u062f\u0639\u0645 \u0641\u0646\u064a \u0641\u064a \u062d\u0627\u0644 \u0648\u0627\u062c\u0647\u062a \u0623\u064a \u0645\u0634\u0643\u0644\u0629<\/p>\n<p>\u0628\u062f\u0648\u0646 \u0627\u0634\u062a\u0631\u0627\u0643 \u0634\u0647\u0631\u064a \u2013 \u0634\u0631\u0627\u0621 \u0644\u0645\u0631\u0629 \u0648\u0627\u062d\u062f\u0629 \u0641\u0642\u0637<\/p>\n<p>\u0627\u0644\u0633\u0639\u0631 \u0627\u0644\u0623\u0641\u0636\u0644 \u0641\u064a \u0627\u0644\u0633\u0648\u0642 \u0627\u0644\u062c\u0632\u0627\u0626\u0631\u064a<\/p>\n<p>\u0643\u064a\u0641\u064a\u0629 \u0627\u0644\u0627\u0633\u062a\u0631\u062f\u0627\u062f:<br \/>\n\u0625\u0630\u0627 \u0644\u0645 \u062a\u0643\u0646 \u062a\u0639\u0631\u0641 \u0637\u0631\u064a\u0642\u0629 \u062a\u0641\u0639\u064a\u0644 \u0627\u0644\u0643\u0648\u062f\u060c \u0644\u0627 \u062a\u0642\u0644\u0642!<br \/>\n\u0628\u0639\u062f \u0639\u0645\u0644\u064a\u0629 \u0627\u0644\u0634\u0631\u0627\u0621\u060c \u0633\u064a\u062a\u0645 \u062a\u0648\u062c\u064a\u0647\u0643 \u062a\u0644\u0642\u0627\u0626\u064a\u0627\u064b \u0625\u0644\u0649 \u0635\u0641\u062d\u0629 \u0641\u064a\u0647\u0627 \u0641\u064a\u062f\u064a\u0648\u0647\u0627\u062a \u062a\u0634\u0631\u062d \u062e\u0637\u0648\u0629 \u0643\u064a\u0641\u064a\u0629 Il s&#039;agit d&#039;un jeu vid\u00e9o (Steam, Xbox, PS\u2026).<\/p>","protected":false},"featured_media":3337,"comment_status":"open","ping_status":"closed","template":"","meta":{"googlesitekit_rrm_CAowv7G7DA:productID":"","om_disable_all_campaigns":false,"_monsterinsights_skip_tracking":false,"_monsterinsights_sitenote_active":false,"_monsterinsights_sitenote_note":"","_monsterinsights_sitenote_category":0,"jetpack_post_was_ever_published":false},"product_brand":[],"product_cat":[],"product_tag":[],"class_list":{"0":"post-3336","1":"product","2":"type-product","3":"status-publish","4":"has-post-thumbnail","7":"first","8":"instock","9":"sale","10":"virtual","11":"taxable","12":"purchasable","13":"product-type-simple"},"jetpack_sharing_enabled":true,"jetpack_likes_enabled":true,"_links":{"self":[{"href":"https:\/\/cdhubs.com\/fr\/wp-json\/wp\/v2\/product\/3336","targetHints":{"allow":["GET"]}}],"collection":[{"href":"https:\/\/cdhubs.com\/fr\/wp-json\/wp\/v2\/product"}],"about":[{"href":"https:\/\/cdhubs.com\/fr\/wp-json\/wp\/v2\/types\/product"}],"replies":[{"embeddable":true,"href":"https:\/\/cdhubs.com\/fr\/wp-json\/wp\/v2\/comments?post=3336"}],"version-history":[{"count":3,"href":"https:\/\/cdhubs.com\/fr\/wp-json\/wp\/v2\/product\/3336\/revisions"}],"predecessor-version":[{"id":3341,"href":"https:\/\/cdhubs.com\/fr\/wp-json\/wp\/v2\/product\/3336\/revisions\/3341"}],"wp:featuredmedia":[{"embeddable":true,"href":"https:\/\/cdhubs.com\/fr\/wp-json\/wp\/v2\/media\/3337"}],"wp:attachment":[{"href":"https:\/\/cdhubs.com\/fr\/wp-json\/wp\/v2\/media?parent=3336"}],"wp:term":[{"taxonomy":"product_brand","embeddable":true,"href":"https:\/\/cdhubs.com\/fr\/wp-json\/wp\/v2\/product_brand?post=3336"},{"taxonomy":"product_cat","embeddable":true,"href":"https:\/\/cdhubs.com\/fr\/wp-json\/wp\/v2\/product_cat?post=3336"},{"taxonomy":"product_tag","embeddable":true,"href":"https:\/\/cdhubs.com\/fr\/wp-json\/wp\/v2\/product_tag?post=3336"}],"curies":[{"name":"wp","href":"https:\/\/api.w.org\/{rel}","templated":true}]}}