{"id":3243,"date":"2025-04-29T18:42:02","date_gmt":"2025-04-29T17:42:02","guid":{"rendered":"https:\/\/cdhubs.com\/?post_type=product&#038;p=3243"},"modified":"2025-10-02T12:35:36","modified_gmt":"2025-10-02T11:35:36","slug":"mafia-ii-definitive-edition-pc","status":"publish","type":"product","link":"https:\/\/cdhubs.com\/fr\/produit\/mafia-ii-definitive-edition-pc\/","title":{"rendered":"Mafia II \u00c9dition D\u00e9finitive PC"},"content":{"rendered":"<h2 class=\"bb_tag\">Comprend :<\/h2>\n<ul>\n<li class=\"bb_tag\">Versions du jeu de base et de tous les DLC<\/li>\n<\/ul>\n<p><em>*La version sans DRM de Mafia II: Definitive Edition ne prend pas en charge la cr\u00e9ation d&#039;un compte 2K. Par cons\u00e9quent, le contenu bonus du compte 2K et le contenu bonus acquis pour la possession d&#039;autres titres Mafia sur GOG ne sont pas disponibles.\u00a0<\/em><\/p>\n<p>Deuxi\u00e8me partie de la saga criminelle de la mafia \u2013 ann\u00e9es 1940-50 Empire Bay, NY<br \/>\nRemasteris\u00e9 avec des d\u00e9tails HD \u00e9poustouflants, vivez la vie d&#039;un gangster \u00e0 l&#039;\u00e2ge d&#039;or du crime organis\u00e9. Le h\u00e9ros de guerre Vito Scaletta se retrouve m\u00eal\u00e9 \u00e0 la mafia dans l&#039;espoir de payer les dettes de son p\u00e8re. Aux c\u00f4t\u00e9s de son ami Joe, Vito s&#039;efforce de faire ses preuves et de gravir les \u00e9chelons de la famille en commettant des crimes plus lucratifs, plus prestigieux et plus lourds de cons\u00e9quences.<\/p>\n<p><img data-recalc-dims=\"1\" decoding=\"async\" src=\"https:\/\/i0.wp.com\/images.kinguin.net\/g\/carousel-main\/media\/category\/s\/s\/ss_baeeec8c3efb5a55952df81549b52ebb7c123d81.1920x1080_1589974878_2.jpg?ssl=1\" \/><\/p>\n<h2>Caract\u00e9ristiques<\/h2>\n<ul class=\"features-list\">\n<li><strong>Drame de l&#039;\u00e2ge d&#039;or<\/strong><br \/>\nInspir\u00e9 des drames embl\u00e9matiques de la mafia, plongez dans l&#039;attrait et l&#039;\u00e9vasion impossible de la vie en tant que sage de la mafia.<\/li>\n<li><strong>Empire Bay, New York<\/strong><br \/>\nEmpire Bay, dans l&#039;\u00c9tat de New York, apr\u00e8s la Seconde Guerre mondiale, est une ville pleine d&#039;opportunit\u00e9s o\u00f9 le crime organis\u00e9 prosp\u00e8re gr\u00e2ce aux industries florissantes de l&#039;Am\u00e9rique d&#039;apr\u00e8s-guerre.<\/li>\n<li><strong>Le favori complet et remasteris\u00e9<\/strong><br \/>\nPour la toute premi\u00e8re fois, d\u00e9couvrez le drame policier Mafia II dans un seul package et pr\u00e9sent\u00e9 avec des d\u00e9tails HD \u00e9poustouflants.<br \/>\nProcurez-vous Mafia II: Definitive Edition pour d\u00e9bloquer la veste en cuir et la voiture de Vito dans les \u00e9ditions Mafia et Mafia III Definitive.<\/li>\n<\/ul>","protected":false},"excerpt":{"rendered":"<p>\u0627\u0633\u062a\u0645\u062a\u0639 \u0628\u062a\u062c\u0631\u0628\u0629 \u0644\u0639\u0628 \u0623\u0635\u0644\u064a\u0629 \u0639\u0628\u0631 \u0643\u0648\u062f \u0627\u0633\u062a\u0631\u062f\u0627\u062f \u0631\u0633\u0645\u064a!<br \/>\n\u0627\u0634\u062a\u0631\u0650 \u0627\u0644\u0644\u0639\u0628\u0629 \u0648\u0627\u062d\u0635\u0644 \u0639\u0644\u0649 \u0643\u0648\u062f \u0627\u0644\u062a\u0641\u0639\u064a\u0644 \u0627\u0644\u0631\u0642\u0645\u064a \u062e\u0644\u0627\u0644 10 \u0625\u0644\u0649 15 \u062f\u0642\u064a\u0642\u0629 \u0641\u0642\u0637 \u0628\u0639\u062f \u0627\u0644\u062f\u0641\u0639.<br \/>\nIl s&#039;agit d&#039;un jeu vid\u00e9o (Steam, Xbox, PSN\u2026) et d&#039;un jeu vid\u00e9o.<\/p>\n<p>\u0645\u0645\u064a\u0632\u0627\u062a \u0627\u0644\u0645\u0646\u062a\u062c:<br \/>\npar \u0631\u0633\u0645\u064a \u0648\u0622\u0645\u0646 100%<\/p>\n<p>\u062a\u0633\u0644\u064a\u0645 \u0633\u0631\u064a\u0639 \u062e\u0644\u0627\u0644 10 \u2013 15 jours<\/p>\n<p>\u062f\u0639\u0645 \u0641\u0646\u064a \u0641\u064a \u062d\u0627\u0644 \u0648\u0627\u062c\u0647\u062a \u0623\u064a \u0645\u0634\u0643\u0644\u0629<\/p>\n<p>\u0628\u062f\u0648\u0646 \u0627\u0634\u062a\u0631\u0627\u0643 \u0634\u0647\u0631\u064a \u2013 \u0634\u0631\u0627\u0621 \u0644\u0645\u0631\u0629 \u0648\u0627\u062d\u062f\u0629 \u0641\u0642\u0637<\/p>\n<p>\u0627\u0644\u0633\u0639\u0631 \u0627\u0644\u0623\u0641\u0636\u0644 \u0641\u064a \u0627\u0644\u0633\u0648\u0642 \u0627\u0644\u062c\u0632\u0627\u0626\u0631\u064a<\/p>\n<p>\u0643\u064a\u0641\u064a\u0629 \u0627\u0644\u0627\u0633\u062a\u0631\u062f\u0627\u062f:<br \/>\n\u0625\u0630\u0627 \u0644\u0645 \u062a\u0643\u0646 \u062a\u0639\u0631\u0641 \u0637\u0631\u064a\u0642\u0629 \u062a\u0641\u0639\u064a\u0644 \u0627\u0644\u0643\u0648\u062f\u060c \u0644\u0627 \u062a\u0642\u0644\u0642!<br \/>\n\u0628\u0639\u062f \u0639\u0645\u0644\u064a\u0629 \u0627\u0644\u0634\u0631\u0627\u0621\u060c \u0633\u064a\u062a\u0645 \u062a\u0648\u062c\u064a\u0647\u0643 \u062a\u0644\u0642\u0627\u0626\u064a\u0627\u064b \u0625\u0644\u0649 \u0635\u0641\u062d\u0629 \u0641\u064a\u0647\u0627 \u0641\u064a\u062f\u064a\u0648\u0647\u0627\u062a \u062a\u0634\u0631\u062d \u062e\u0637\u0648\u0629 \u0643\u064a\u0641\u064a\u0629 Il s&#039;agit d&#039;un jeu vid\u00e9o (Steam, Xbox, PS\u2026).<\/p>","protected":false},"featured_media":3244,"comment_status":"open","ping_status":"closed","template":"","meta":{"googlesitekit_rrm_CAowv7G7DA:productID":"","om_disable_all_campaigns":false,"_monsterinsights_skip_tracking":false,"_monsterinsights_sitenote_active":false,"_monsterinsights_sitenote_note":"","_monsterinsights_sitenote_category":0,"jetpack_post_was_ever_published":false},"product_brand":[],"product_cat":[],"product_tag":[],"class_list":{"0":"post-3243","1":"product","2":"type-product","3":"status-publish","4":"has-post-thumbnail","7":"first","8":"outofstock","9":"sale","10":"virtual","11":"taxable","12":"purchasable","13":"product-type-simple"},"jetpack_sharing_enabled":true,"jetpack_likes_enabled":true,"_links":{"self":[{"href":"https:\/\/cdhubs.com\/fr\/wp-json\/wp\/v2\/product\/3243","targetHints":{"allow":["GET"]}}],"collection":[{"href":"https:\/\/cdhubs.com\/fr\/wp-json\/wp\/v2\/product"}],"about":[{"href":"https:\/\/cdhubs.com\/fr\/wp-json\/wp\/v2\/types\/product"}],"replies":[{"embeddable":true,"href":"https:\/\/cdhubs.com\/fr\/wp-json\/wp\/v2\/comments?post=3243"}],"version-history":[{"count":2,"href":"https:\/\/cdhubs.com\/fr\/wp-json\/wp\/v2\/product\/3243\/revisions"}],"predecessor-version":[{"id":3246,"href":"https:\/\/cdhubs.com\/fr\/wp-json\/wp\/v2\/product\/3243\/revisions\/3246"}],"wp:featuredmedia":[{"embeddable":true,"href":"https:\/\/cdhubs.com\/fr\/wp-json\/wp\/v2\/media\/3244"}],"wp:attachment":[{"href":"https:\/\/cdhubs.com\/fr\/wp-json\/wp\/v2\/media?parent=3243"}],"wp:term":[{"taxonomy":"product_brand","embeddable":true,"href":"https:\/\/cdhubs.com\/fr\/wp-json\/wp\/v2\/product_brand?post=3243"},{"taxonomy":"product_cat","embeddable":true,"href":"https:\/\/cdhubs.com\/fr\/wp-json\/wp\/v2\/product_cat?post=3243"},{"taxonomy":"product_tag","embeddable":true,"href":"https:\/\/cdhubs.com\/fr\/wp-json\/wp\/v2\/product_tag?post=3243"}],"curies":[{"name":"wp","href":"https:\/\/api.w.org\/{rel}","templated":true}]}}