{"id":3221,"date":"2025-04-29T17:51:57","date_gmt":"2025-04-29T16:51:57","guid":{"rendered":"https:\/\/cdhubs.com\/?post_type=product&#038;p=3221"},"modified":"2025-05-11T23:52:35","modified_gmt":"2025-05-11T22:52:35","slug":"it-takes-two-pc","status":"publish","type":"product","link":"https:\/\/cdhubs.com\/fr\/produit\/it-takes-two-pc\/","title":{"rendered":"Il faut deux PC"},"content":{"rendered":"<ul class=\"bb_ul\">\n<li><strong>La perfection coop\u00e9rative \u00e0 l&#039;\u00e9tat pur<\/strong>\u00a0\u2014 Invitez un ami \u00e0 vous rejoindre gratuitement gr\u00e2ce \u00e0 Remote Play Together** et vivez une aventure palpitante con\u00e7ue pour deux. Choisissez entre le mode coop\u00e9ratif local ou en ligne avec \u00e9cran partag\u00e9 et relevez des d\u00e9fis en constante \u00e9volution o\u00f9 la collaboration est la seule solution.<\/li>\n<li><strong>Un gameplay joyeusement perturbateur<\/strong>\u00a0\u2014 Des aspirateurs d\u00e9cha\u00een\u00e9s aux gourous de l&#039;amour, on ne sait jamais \u00e0 quoi s&#039;attendre. Avec ses d\u00e9fis transversaux et ses nouvelles comp\u00e9tences \u00e0 ma\u00eetriser \u00e0 chaque niveau, d\u00e9couvrez une fusion m\u00e9taphorique du gameplay et de la narration qui repousse les limites de la narration interactive.<\/li>\n<li><strong>Une histoire universelle de relations<\/strong>\u00a0\u2014 D\u00e9couvrez une histoire touchante et touchante sur les difficult\u00e9s de l&#039;entente. Aidez Cody et May \u00e0 surmonter leurs diff\u00e9rences. Rencontrez des personnages \u00e9tranges et attachants. Unissez vos forces et vivez une aventure inoubliable\u00a0!<\/li>\n<\/ul>\n<p>&nbsp;<\/p>\n<div class=\"bb_wide_img_ctn\"><img data-recalc-dims=\"1\" decoding=\"async\" class=\"bb_img\" src=\"https:\/\/i0.wp.com\/shared.cloudflare.steamstatic.com\/store_item_assets\/steam\/apps\/1426210\/extras\/610px-ITT_AnimatedKeyArt_16x9.gif?ssl=1\" \/><\/div>\n<h2 class=\"bb_tag\"><strong>\u00c0 PROPOS DE HAZELIGHT<\/strong><\/h2>\n<p>Hazelight est un studio de d\u00e9veloppement de jeux vid\u00e9o ind\u00e9pendant prim\u00e9 bas\u00e9 \u00e0 Stockholm, en Su\u00e8de. Fond\u00e9 en 2014 par Josef Fares (r\u00e9alisateur et cr\u00e9ateur du jeu prim\u00e9 Brothers: A Tale of Two Sons), Hazelight s&#039;engage \u00e0 repousser les limites cr\u00e9atives du jeu vid\u00e9o. En 2018, Hazelight a sorti A Way Out, r\u00e9compens\u00e9 aux BAFTA, le tout premier jeu d&#039;action-aventure \u00e0 la troisi\u00e8me personne exclusivement en coop\u00e9ration, dans le cadre du programme EA Originals.<\/p>\n<h2 class=\"bb_tag\"><strong>\u00c0 PROPOS D&#039;EA ORIGINALS<\/strong><\/h2>\n<p>EA Originals met en lumi\u00e8re certains des studios de jeux les plus passionn\u00e9s, ind\u00e9pendants et talentueux au monde. D\u00e9couvrez des exp\u00e9riences de jeu innovantes et inoubliables, cr\u00e9\u00e9es par des cr\u00e9ateurs ultra-cr\u00e9atifs qui aiment enchanter et inspirer.<\/p>","protected":false},"excerpt":{"rendered":"<p>\u0627\u0633\u062a\u0645\u062a\u0639 \u0628\u062a\u062c\u0631\u0628\u0629 \u0644\u0639\u0628 \u0623\u0635\u0644\u064a\u0629 \u0639\u0628\u0631 \u0643\u0648\u062f \u0627\u0633\u062a\u0631\u062f\u0627\u062f \u0631\u0633\u0645\u064a!<br \/>\n\u0627\u0634\u062a\u0631\u0650 \u0627\u0644\u0644\u0639\u0628\u0629 \u0648\u0627\u062d\u0635\u0644 \u0639\u0644\u0649 \u0643\u0648\u062f \u0627\u0644\u062a\u0641\u0639\u064a\u0644 \u0627\u0644\u0631\u0642\u0645\u064a \u062e\u0644\u0627\u0644 10 \u0625\u0644\u0649 15 \u062f\u0642\u064a\u0642\u0629 \u0641\u0642\u0637 \u0628\u0639\u062f \u0627\u0644\u062f\u0641\u0639.<br \/>\nIl s&#039;agit d&#039;un jeu vid\u00e9o (Steam, Xbox, PSN\u2026) et d&#039;un jeu vid\u00e9o.<\/p>\n<p>\u0645\u0645\u064a\u0632\u0627\u062a \u0627\u0644\u0645\u0646\u062a\u062c:<br \/>\npar \u0631\u0633\u0645\u064a \u0648\u0622\u0645\u0646 100%<\/p>\n<p>\u062a\u0633\u0644\u064a\u0645 \u0633\u0631\u064a\u0639 \u062e\u0644\u0627\u0644 10 \u2013 15 jours<\/p>\n<p>\u062f\u0639\u0645 \u0641\u0646\u064a \u0641\u064a \u062d\u0627\u0644 \u0648\u0627\u062c\u0647\u062a \u0623\u064a \u0645\u0634\u0643\u0644\u0629<\/p>\n<p>\u0628\u062f\u0648\u0646 \u0627\u0634\u062a\u0631\u0627\u0643 \u0634\u0647\u0631\u064a \u2013 \u0634\u0631\u0627\u0621 \u0644\u0645\u0631\u0629 \u0648\u0627\u062d\u062f\u0629 \u0641\u0642\u0637<\/p>\n<p>\u0627\u0644\u0633\u0639\u0631 \u0627\u0644\u0623\u0641\u0636\u0644 \u0641\u064a \u0627\u0644\u0633\u0648\u0642 \u0627\u0644\u062c\u0632\u0627\u0626\u0631\u064a<\/p>\n<p>\u0643\u064a\u0641\u064a\u0629 \u0627\u0644\u0627\u0633\u062a\u0631\u062f\u0627\u062f:<br \/>\n\u0625\u0630\u0627 \u0644\u0645 \u062a\u0643\u0646 \u062a\u0639\u0631\u0641 \u0637\u0631\u064a\u0642\u0629 \u062a\u0641\u0639\u064a\u0644 \u0627\u0644\u0643\u0648\u062f\u060c \u0644\u0627 \u062a\u0642\u0644\u0642!<br \/>\n\u0628\u0639\u062f \u0639\u0645\u0644\u064a\u0629 \u0627\u0644\u0634\u0631\u0627\u0621\u060c \u0633\u064a\u062a\u0645 \u062a\u0648\u062c\u064a\u0647\u0643 \u062a\u0644\u0642\u0627\u0626\u064a\u0627\u064b \u0625\u0644\u0649 \u0635\u0641\u062d\u0629 \u0641\u064a\u0647\u0627 \u0641\u064a\u062f\u064a\u0648\u0647\u0627\u062a \u062a\u0634\u0631\u062d \u062e\u0637\u0648\u0629 \u0643\u064a\u0641\u064a\u0629 Il s&#039;agit d&#039;un jeu vid\u00e9o (Steam, Xbox, PS\u2026).<\/p>","protected":false},"featured_media":3222,"comment_status":"open","ping_status":"closed","template":"","meta":{"googlesitekit_rrm_CAowv7G7DA:productID":"","om_disable_all_campaigns":false,"_monsterinsights_skip_tracking":false,"_monsterinsights_sitenote_active":false,"_monsterinsights_sitenote_note":"","_monsterinsights_sitenote_category":0,"jetpack_post_was_ever_published":false},"product_brand":[],"product_cat":[],"product_tag":[],"class_list":{"0":"post-3221","1":"product","2":"type-product","3":"status-publish","4":"has-post-thumbnail","7":"first","8":"instock","9":"sale","10":"virtual","11":"taxable","12":"purchasable","13":"product-type-simple"},"jetpack_sharing_enabled":true,"jetpack_likes_enabled":true,"_links":{"self":[{"href":"https:\/\/cdhubs.com\/fr\/wp-json\/wp\/v2\/product\/3221","targetHints":{"allow":["GET"]}}],"collection":[{"href":"https:\/\/cdhubs.com\/fr\/wp-json\/wp\/v2\/product"}],"about":[{"href":"https:\/\/cdhubs.com\/fr\/wp-json\/wp\/v2\/types\/product"}],"replies":[{"embeddable":true,"href":"https:\/\/cdhubs.com\/fr\/wp-json\/wp\/v2\/comments?post=3221"}],"version-history":[{"count":2,"href":"https:\/\/cdhubs.com\/fr\/wp-json\/wp\/v2\/product\/3221\/revisions"}],"predecessor-version":[{"id":3226,"href":"https:\/\/cdhubs.com\/fr\/wp-json\/wp\/v2\/product\/3221\/revisions\/3226"}],"wp:featuredmedia":[{"embeddable":true,"href":"https:\/\/cdhubs.com\/fr\/wp-json\/wp\/v2\/media\/3222"}],"wp:attachment":[{"href":"https:\/\/cdhubs.com\/fr\/wp-json\/wp\/v2\/media?parent=3221"}],"wp:term":[{"taxonomy":"product_brand","embeddable":true,"href":"https:\/\/cdhubs.com\/fr\/wp-json\/wp\/v2\/product_brand?post=3221"},{"taxonomy":"product_cat","embeddable":true,"href":"https:\/\/cdhubs.com\/fr\/wp-json\/wp\/v2\/product_cat?post=3221"},{"taxonomy":"product_tag","embeddable":true,"href":"https:\/\/cdhubs.com\/fr\/wp-json\/wp\/v2\/product_tag?post=3221"}],"curies":[{"name":"wp","href":"https:\/\/api.w.org\/{rel}","templated":true}]}}