{"id":3213,"date":"2025-04-29T17:44:11","date_gmt":"2025-04-29T16:44:11","guid":{"rendered":"https:\/\/cdhubs.com\/?post_type=product&#038;p=3213"},"modified":"2025-05-11T23:50:54","modified_gmt":"2025-05-11T22:50:54","slug":"euro-truck-simulator-2-pc","status":"publish","type":"product","link":"https:\/\/cdhubs.com\/fr\/produit\/euro-truck-simulator-2-pc\/","title":{"rendered":"Euro Truck Simulator 2 sur PC"},"content":{"rendered":"<div class=\"padding-page\">\n<div class=\"welcome\">\n<div class=\"welcome-block2\">\n<div class=\"welcome-title2\">\n<h2>Gr\u00e8ce<\/h2>\n<\/div>\n<p><img data-recalc-dims=\"1\" decoding=\"async\" src=\"https:\/\/i0.wp.com\/eurotrucksimulator2.com\/images\/welcome-blocks\/greece-bottom.png?ssl=1\" alt=\"Greece expansion artwork\" \/><\/div>\n<div class=\"welcome-block3\">\n<p class=\"text1\">\u00c9tonnamment captivant. Si vous tenez compte des moqueries, vous passerez \u00e0 c\u00f4t\u00e9 de l&#039;un des meilleurs et des plus r\u00e9cents jeux de conduite sur PC.<\/p>\n<p><img data-recalc-dims=\"1\" decoding=\"async\" class=\"welcome-award\" src=\"https:\/\/i0.wp.com\/eurotrucksimulator2.com\/images\/award.png?ssl=1\" alt=\"The 2016 Steam Awards winner - selected by the community as the winner of\" \/><\/p>\n<p class=\"text2\">Le\u00a0<b>\u00ab Je pensais que ce jeu \u00e9tait cool avant de remporter un prix \u00bb<\/b>\u00a0Prix<br \/>\nLe\u00a0<b>\u00ab Asseyez-vous et d\u00e9tendez-vous \u00bb<\/b>\u00a0Prix<\/p>\n<p><img data-recalc-dims=\"1\" decoding=\"async\" class=\"welcome-awards\" src=\"https:\/\/i0.wp.com\/eurotrucksimulator2.com\/images\/steam-awards.png?ssl=1\" alt=\"Steam Awards\" \/><\/div>\n<\/div>\n<div class=\"features\">\n<div class=\"features-wrapper\">\n<h2>Caract\u00e9ristiques<\/h2>\n<div class=\"features-block-left\">\n<div class=\"features-title-left\">\n<h3>Les c\u00e9l\u00e8bres d&#039;Europe<br \/>\nmarques de camions<\/h3>\n<\/div>\n<p>Euro Truck Simulator 2 propose 7 marques de camions sous licence et un total de 25 mod\u00e8les de camions uniques \u00e0 conduire. Chacun de ces v\u00e9hicules a \u00e9t\u00e9 sous licence du fabricant et recr\u00e9\u00e9 en d\u00e9tail pour vous donner l&#039;impression de conduire un vrai camion.<\/p>\n<p><img data-recalc-dims=\"1\" decoding=\"async\" src=\"https:\/\/i0.wp.com\/eurotrucksimulator2.com\/images\/hp_1.png?ssl=1\" alt=\"Trucks in the game\" \/><\/div>\n<div class=\"features-block-right\">\n<div class=\"features-title-right\">\n<h3>Vaste paysage<\/h3>\n<\/div>\n<p>Le monde du jeu s&#039;\u00e9tend sur 35 pays europ\u00e9ens, avec des environnements, des routes, des villes et des monuments fid\u00e8lement reproduits. Le niveau de d\u00e9tail du monde vous donnera l&#039;impression de voyager dans un monde r\u00e9el.<\/p>\n<p><img data-recalc-dims=\"1\" decoding=\"async\" src=\"https:\/\/i0.wp.com\/eurotrucksimulator2.com\/images\/hp_2.png?ssl=1\" alt=\"Game map\" \/><\/div>\n<div class=\"features-block-left\">\n<div class=\"features-title-left\">\n<h3>Carri\u00e8re personnelle<\/h3>\n<\/div>\n<p>Il n\u2019existe pas de parcours professionnel pr\u00e9d\u00e9fini qui vous sera impos\u00e9 : chaque joueur a la possibilit\u00e9 de cr\u00e9er son propre personnage et de d\u00e9velopper ses comp\u00e9tences comme il l\u2019entend : diff\u00e9rentes strat\u00e9gies vous permettent de fa\u00e7onner votre avenir comme vous l\u2019imaginez !<\/p>\n<p><img data-recalc-dims=\"1\" decoding=\"async\" src=\"https:\/\/i0.wp.com\/eurotrucksimulator2.com\/images\/hp_3.png?ssl=1\" alt=\"Grow your skills\" \/><\/div>\n<div class=\"features-block-right\">\n<div class=\"features-title-right\">\n<h3>Entreprise<br \/>\ngestion<\/h3>\n<\/div>\n<p>Le jeu ne s&#039;arr\u00eate pas apr\u00e8s l&#039;achat du camion de vos r\u00eaves : Euro Truck Simulator 2 vous permet de d\u00e9velopper une vaste entreprise de transport dans le confort de votre maison. Vous avez un choix complet de chauffeurs, de flotte et de la mani\u00e8re dont votre entreprise se d\u00e9veloppe.<\/p>\n<p><img data-recalc-dims=\"1\" decoding=\"async\" src=\"https:\/\/i0.wp.com\/eurotrucksimulator2.com\/images\/hp_4.png?ssl=1\" alt=\"Manage your own company\" \/><\/div>\n<div class=\"features-block-left\">\n<div class=\"features-title-left\">\n<h3>Camion<br \/>\npersonnalisation<\/h3>\n<\/div>\n<p>Chaque camion est personnalisable \u00e0 l&#039;infini, des configurations de ch\u00e2ssis et de cabine aux couleurs et \u00e0 l&#039;esth\u00e9tique. La somme des combinaisons possibles permet \u00e0 chacun de personnaliser son camion selon ses pr\u00e9f\u00e9rences.<\/p>\n<p><img data-recalc-dims=\"1\" decoding=\"async\" src=\"https:\/\/i0.wp.com\/eurotrucksimulator2.com\/images\/hp_5.png?ssl=1\" alt=\"Customize your truck\" \/><\/div>\n<div class=\"features-block-right\">\n<div class=\"features-title-right\">\n<h3>Modding et<br \/>\ncommunaut\u00e9<\/h3>\n<\/div>\n<p>La communaut\u00e9 des moddeurs cr\u00e9e des modifications incroyables de presque toutes sortes\u00a0: tout ce que vous imaginez peut \u00eatre ajout\u00e9 comme mod au jeu. N&#039;h\u00e9sitez pas \u00e0 d\u00e9couvrir la quasi-infinit\u00e9 de modifications cr\u00e9\u00e9es chaque jour par nos fans.<\/p>\n<p><img data-recalc-dims=\"1\" decoding=\"async\" src=\"https:\/\/i0.wp.com\/eurotrucksimulator2.com\/images\/hp_6.png?ssl=1\" alt=\"Use and create mods\" \/><\/div>\n<div class=\"clear h30\"><\/div>\n<\/div>\n<\/div>\n<\/div>\n<footer class=\"footer\">\n<div class=\"footer-socials\"><\/div>\n<\/footer>","protected":false},"excerpt":{"rendered":"<p>\u0627\u0633\u062a\u0645\u062a\u0639 \u0628\u062a\u062c\u0631\u0628\u0629 \u0644\u0639\u0628 \u0623\u0635\u0644\u064a\u0629 \u0639\u0628\u0631 \u0643\u0648\u062f \u0627\u0633\u062a\u0631\u062f\u0627\u062f \u0631\u0633\u0645\u064a!<br \/>\n\u0627\u0634\u062a\u0631\u0650 \u0627\u0644\u0644\u0639\u0628\u0629 \u0648\u0627\u062d\u0635\u0644 \u0639\u0644\u0649 \u0643\u0648\u062f \u0627\u0644\u062a\u0641\u0639\u064a\u0644 \u0627\u0644\u0631\u0642\u0645\u064a \u062e\u0644\u0627\u0644 10 \u0625\u0644\u0649 15 \u062f\u0642\u064a\u0642\u0629 \u0641\u0642\u0637 \u0628\u0639\u062f \u0627\u0644\u062f\u0641\u0639.<br \/>\nIl s&#039;agit d&#039;un jeu vid\u00e9o (Steam, Xbox, PSN\u2026) et d&#039;un jeu vid\u00e9o.<\/p>\n<p>\u0645\u0645\u064a\u0632\u0627\u062a \u0627\u0644\u0645\u0646\u062a\u062c:<br \/>\npar \u0631\u0633\u0645\u064a \u0648\u0622\u0645\u0646 100%<\/p>\n<p>\u062a\u0633\u0644\u064a\u0645 \u0633\u0631\u064a\u0639 \u062e\u0644\u0627\u0644 10 \u2013 15 jours<\/p>\n<p>\u062f\u0639\u0645 \u0641\u0646\u064a \u0641\u064a \u062d\u0627\u0644 \u0648\u0627\u062c\u0647\u062a \u0623\u064a \u0645\u0634\u0643\u0644\u0629<\/p>\n<p>\u0628\u062f\u0648\u0646 \u0627\u0634\u062a\u0631\u0627\u0643 \u0634\u0647\u0631\u064a \u2013 \u0634\u0631\u0627\u0621 \u0644\u0645\u0631\u0629 \u0648\u0627\u062d\u062f\u0629 \u0641\u0642\u0637<\/p>\n<p>\u0627\u0644\u0633\u0639\u0631 \u0627\u0644\u0623\u0641\u0636\u0644 \u0641\u064a \u0627\u0644\u0633\u0648\u0642 \u0627\u0644\u062c\u0632\u0627\u0626\u0631\u064a<\/p>\n<p>\u0643\u064a\u0641\u064a\u0629 \u0627\u0644\u0627\u0633\u062a\u0631\u062f\u0627\u062f:<br \/>\n\u0625\u0630\u0627 \u0644\u0645 \u062a\u0643\u0646 \u062a\u0639\u0631\u0641 \u0637\u0631\u064a\u0642\u0629 \u062a\u0641\u0639\u064a\u0644 \u0627\u0644\u0643\u0648\u062f\u060c \u0644\u0627 \u062a\u0642\u0644\u0642!<br \/>\n\u0628\u0639\u062f \u0639\u0645\u0644\u064a\u0629 \u0627\u0644\u0634\u0631\u0627\u0621\u060c \u0633\u064a\u062a\u0645 \u062a\u0648\u062c\u064a\u0647\u0643 \u062a\u0644\u0642\u0627\u0626\u064a\u0627\u064b \u0625\u0644\u0649 \u0635\u0641\u062d\u0629 \u0641\u064a\u0647\u0627 \u0641\u064a\u062f\u064a\u0648\u0647\u0627\u062a \u062a\u0634\u0631\u062d \u062e\u0637\u0648\u0629 \u0643\u064a\u0641\u064a\u0629 Il s&#039;agit d&#039;un jeu vid\u00e9o (Steam, Xbox, PS\u2026).<\/p>","protected":false},"featured_media":3214,"comment_status":"open","ping_status":"closed","template":"","meta":{"googlesitekit_rrm_CAowv7G7DA:productID":"","om_disable_all_campaigns":false,"_monsterinsights_skip_tracking":false,"_monsterinsights_sitenote_active":false,"_monsterinsights_sitenote_note":"","_monsterinsights_sitenote_category":0,"jetpack_post_was_ever_published":false},"product_brand":[],"product_cat":[],"product_tag":[54],"class_list":{"0":"post-3213","1":"product","2":"type-product","3":"status-publish","4":"has-post-thumbnail","6":"product_tag-pc","8":"first","9":"instock","10":"virtual","11":"taxable","12":"purchasable","13":"product-type-simple"},"jetpack_sharing_enabled":true,"jetpack_likes_enabled":true,"_links":{"self":[{"href":"https:\/\/cdhubs.com\/fr\/wp-json\/wp\/v2\/product\/3213","targetHints":{"allow":["GET"]}}],"collection":[{"href":"https:\/\/cdhubs.com\/fr\/wp-json\/wp\/v2\/product"}],"about":[{"href":"https:\/\/cdhubs.com\/fr\/wp-json\/wp\/v2\/types\/product"}],"replies":[{"embeddable":true,"href":"https:\/\/cdhubs.com\/fr\/wp-json\/wp\/v2\/comments?post=3213"}],"version-history":[{"count":2,"href":"https:\/\/cdhubs.com\/fr\/wp-json\/wp\/v2\/product\/3213\/revisions"}],"predecessor-version":[{"id":3216,"href":"https:\/\/cdhubs.com\/fr\/wp-json\/wp\/v2\/product\/3213\/revisions\/3216"}],"wp:featuredmedia":[{"embeddable":true,"href":"https:\/\/cdhubs.com\/fr\/wp-json\/wp\/v2\/media\/3214"}],"wp:attachment":[{"href":"https:\/\/cdhubs.com\/fr\/wp-json\/wp\/v2\/media?parent=3213"}],"wp:term":[{"taxonomy":"product_brand","embeddable":true,"href":"https:\/\/cdhubs.com\/fr\/wp-json\/wp\/v2\/product_brand?post=3213"},{"taxonomy":"product_cat","embeddable":true,"href":"https:\/\/cdhubs.com\/fr\/wp-json\/wp\/v2\/product_cat?post=3213"},{"taxonomy":"product_tag","embeddable":true,"href":"https:\/\/cdhubs.com\/fr\/wp-json\/wp\/v2\/product_tag?post=3213"}],"curies":[{"name":"wp","href":"https:\/\/api.w.org\/{rel}","templated":true}]}}