{"id":3096,"date":"2025-04-26T17:11:37","date_gmt":"2025-04-26T17:11:37","guid":{"rendered":"https:\/\/cdhubs.com\/?post_type=product&#038;p=3096"},"modified":"2025-04-26T17:15:26","modified_gmt":"2025-04-26T17:15:26","slug":"far-cry-4-xbox","status":"publish","type":"product","link":"https:\/\/cdhubs.com\/fr\/produit\/far-cry-4-xbox\/","title":{"rendered":"Far Cry 4 XBOX"},"content":{"rendered":"<h2 class=\"Description-module__descriptionHeader___pcdgC typography-module__xdsH6___c1AoA\">Description<\/h2>\n<div class=\"Description-module__descriptionContainer___hlY8t\">\n<p id=\":R2aejn:\" class=\"Description-module__description___ylcn4 typography-module__xdsBody2___RNdGY ExpandableText-module__container___Uc17O\">Suite du jeu de tir class\u00e9 #1 de 2012*. Reprenant l&#039;ADN l\u00e9gendaire de son pr\u00e9d\u00e9cesseur prim\u00e9, Far Cry\u00ae 4 offre l&#039;exp\u00e9rience Far Cry\u00ae la plus vaste et la plus immersive jamais cr\u00e9\u00e9e, dans un monde ouvert gigantesque et enti\u00e8rement nouveau. Avec un mode coop\u00e9ratif en monde ouvert int\u00e9gr\u00e9, Far Cry 4 r\u00e9invente l&#039;exp\u00e9rience coop\u00e9rative pour la nouvelle g\u00e9n\u00e9ration. Vous pourrez d\u00e9sormais d\u00e9couvrir et explorer ensemble le monde ouvert et vivant de Kyrat. Cach\u00e9 dans l&#039;imposant Himalaya se trouve Kyrat, un pays impr\u00e9gn\u00e9 de traditions et de violence. Vous incarnez Ajay Ghale. En voyageant \u00e0 Kyrat pour exaucer le dernier souhait de votre m\u00e8re, vous vous retrouvez pris dans une guerre civile visant \u00e0 renverser le r\u00e9gime oppressif du dictateur Pagan Min. Explorez et naviguez dans ce vaste monde ouvert, o\u00f9 le danger et l&#039;impr\u00e9visibilit\u00e9 vous guettent \u00e0 chaque recoin. Ici, chaque d\u00e9cision compte et chaque seconde est une histoire. Bienvenue \u00e0 Kyrat. CARACT\u00c9RISTIQUES DU JEU\u00a0: \u2022 UN MONDE OUVERT COOP\u00c9RATIF R\u00c9VOLUTIONNAIRE\u00a0: Far Cry 4 permet \u00e0 un second joueur de rejoindre et de quitter le jeu \u00e0 tout moment, r\u00e9imaginant ainsi l&#039;exp\u00e9rience coop\u00e9rative dans l&#039;esprit de Far Cry pour la nouvelle g\u00e9n\u00e9ration. Vous pourrez d\u00e9sormais d\u00e9couvrir et explorer ensemble le monde ouvert et vivant de Kyrat.<\/p>\n<\/div>","protected":false},"excerpt":{"rendered":"<p>\u0627\u0633\u062a\u0645\u062a\u0639 \u0628\u062a\u062c\u0631\u0628\u0629 \u0644\u0639\u0628 \u0623\u0635\u0644\u064a\u0629 \u0639\u0628\u0631 \u0643\u0648\u062f \u0627\u0633\u062a\u0631\u062f\u0627\u062f \u0631\u0633\u0645\u064a!<br \/>\n\u0627\u0634\u062a\u0631\u0650 \u0627\u0644\u0644\u0639\u0628\u0629 \u0648\u0627\u062d\u0635\u0644 \u0639\u0644\u0649 \u0643\u0648\u062f \u0627\u0644\u062a\u0641\u0639\u064a\u0644 \u0627\u0644\u0631\u0642\u0645\u064a \u062e\u0644\u0627\u0644 10 \u0625\u0644\u0649 15 \u062f\u0642\u064a\u0642\u0629 \u0641\u0642\u0637 \u0628\u0639\u062f \u0627\u0644\u062f\u0641\u0639.<br \/>\nIl s&#039;agit d&#039;un jeu vid\u00e9o (Steam, Xbox, PSN\u2026) et d&#039;un jeu vid\u00e9o.<\/p>\n<p>\u0645\u0645\u064a\u0632\u0627\u062a \u0627\u0644\u0645\u0646\u062a\u062c:<br \/>\npar \u0631\u0633\u0645\u064a \u0648\u0622\u0645\u0646 100%<\/p>\n<p>\u062a\u0633\u0644\u064a\u0645 \u0633\u0631\u064a\u0639 \u062e\u0644\u0627\u0644 10 \u2013 15 jours<\/p>\n<p>\u062f\u0639\u0645 \u0641\u0646\u064a \u0641\u064a \u062d\u0627\u0644 \u0648\u0627\u062c\u0647\u062a \u0623\u064a \u0645\u0634\u0643\u0644\u0629<\/p>\n<p>\u0628\u062f\u0648\u0646 \u0627\u0634\u062a\u0631\u0627\u0643 \u0634\u0647\u0631\u064a \u2013 \u0634\u0631\u0627\u0621 \u0644\u0645\u0631\u0629 \u0648\u0627\u062d\u062f\u0629 \u0641\u0642\u0637<\/p>\n<p>\u0627\u0644\u0633\u0639\u0631 \u0627\u0644\u0623\u0641\u0636\u0644 \u0641\u064a \u0627\u0644\u0633\u0648\u0642 \u0627\u0644\u062c\u0632\u0627\u0626\u0631\u064a<\/p>\n<p>\u0643\u064a\u0641\u064a\u0629 \u0627\u0644\u0627\u0633\u062a\u0631\u062f\u0627\u062f:<br \/>\n\u0625\u0630\u0627 \u0644\u0645 \u062a\u0643\u0646 \u062a\u0639\u0631\u0641 \u0637\u0631\u064a\u0642\u0629 \u062a\u0641\u0639\u064a\u0644 \u0627\u0644\u0643\u0648\u062f\u060c \u0644\u0627 \u062a\u0642\u0644\u0642!<br \/>\n\u0628\u0639\u062f \u0639\u0645\u0644\u064a\u0629 \u0627\u0644\u0634\u0631\u0627\u0621\u060c \u0633\u064a\u062a\u0645 \u062a\u0648\u062c\u064a\u0647\u0643 \u062a\u0644\u0642\u0627\u0626\u064a\u0627\u064b \u0625\u0644\u0649 \u0635\u0641\u062d\u0629 \u0641\u064a\u0647\u0627 \u0641\u064a\u062f\u064a\u0648\u0647\u0627\u062a \u062a\u0634\u0631\u062d \u062e\u0637\u0648\u0629 \u0643\u064a\u0641\u064a\u0629 Il s&#039;agit d&#039;un jeu vid\u00e9o (Steam, Xbox, PS\u2026).<\/p>","protected":false},"featured_media":3098,"comment_status":"open","ping_status":"closed","template":"","meta":{"googlesitekit_rrm_CAowv7G7DA:productID":"","om_disable_all_campaigns":false,"_monsterinsights_skip_tracking":false,"_monsterinsights_sitenote_active":false,"_monsterinsights_sitenote_note":"","_monsterinsights_sitenote_category":0,"jetpack_post_was_ever_published":false},"product_brand":[],"product_cat":[],"product_tag":[53,51,54],"class_list":{"0":"post-3096","1":"product","2":"type-product","3":"status-publish","4":"has-post-thumbnail","6":"product_tag-ea-games","7":"product_tag-farcry4","8":"product_tag-pc","10":"first","11":"instock","12":"sale","13":"virtual","14":"taxable","15":"purchasable","16":"product-type-simple"},"jetpack_sharing_enabled":true,"jetpack_likes_enabled":true,"_links":{"self":[{"href":"https:\/\/cdhubs.com\/fr\/wp-json\/wp\/v2\/product\/3096","targetHints":{"allow":["GET"]}}],"collection":[{"href":"https:\/\/cdhubs.com\/fr\/wp-json\/wp\/v2\/product"}],"about":[{"href":"https:\/\/cdhubs.com\/fr\/wp-json\/wp\/v2\/types\/product"}],"replies":[{"embeddable":true,"href":"https:\/\/cdhubs.com\/fr\/wp-json\/wp\/v2\/comments?post=3096"}],"version-history":[{"count":1,"href":"https:\/\/cdhubs.com\/fr\/wp-json\/wp\/v2\/product\/3096\/revisions"}],"predecessor-version":[{"id":3099,"href":"https:\/\/cdhubs.com\/fr\/wp-json\/wp\/v2\/product\/3096\/revisions\/3099"}],"wp:featuredmedia":[{"embeddable":true,"href":"https:\/\/cdhubs.com\/fr\/wp-json\/wp\/v2\/media\/3098"}],"wp:attachment":[{"href":"https:\/\/cdhubs.com\/fr\/wp-json\/wp\/v2\/media?parent=3096"}],"wp:term":[{"taxonomy":"product_brand","embeddable":true,"href":"https:\/\/cdhubs.com\/fr\/wp-json\/wp\/v2\/product_brand?post=3096"},{"taxonomy":"product_cat","embeddable":true,"href":"https:\/\/cdhubs.com\/fr\/wp-json\/wp\/v2\/product_cat?post=3096"},{"taxonomy":"product_tag","embeddable":true,"href":"https:\/\/cdhubs.com\/fr\/wp-json\/wp\/v2\/product_tag?post=3096"}],"curies":[{"name":"wp","href":"https:\/\/api.w.org\/{rel}","templated":true}]}}