{"id":2942,"date":"2025-04-24T15:04:52","date_gmt":"2025-04-24T15:04:52","guid":{"rendered":"https:\/\/cdhubs.com\/?post_type=product&#038;p=2942"},"modified":"2025-04-26T14:34:30","modified_gmt":"2025-04-26T14:34:30","slug":"dying-light-2-stay-human-psn","status":"publish","type":"product","link":"https:\/\/cdhubs.com\/fr\/produit\/dying-light-2-stay-human-psn\/","title":{"rendered":"Dying Light 2 Restez humain PSN"},"content":{"rendered":"<div class=\"game-about-heading\">\n<h2>\u00c0 propos de Dying Light 2 Stay Human: Reloaded Edition<\/h2>\n<\/div>\n<div class=\"game-about-slider game-gallery-widget\">\n<div id=\"game-gallery-dying-light-2\" class=\"swiper game-gallery-top popup-gallery initialised-gameGalleryObserver swiper-initialized swiper-horizontal swiper-pointer-events\">\n<div id=\"swiper-wrapper-4823c56e1d3a5b82\" class=\"d-flex swiper-wrapper\" aria-live=\"polite\">\n<div class=\"swiper-slide swiper-slide-active\" role=\"group\" aria-label=\"1 \/ 11\"><a class=\"preview-link video mfp-iframe\" href=\"https:\/\/www.youtube.com\/watch?v=PLQzaSoPs0A\"><img data-recalc-dims=\"1\" fetchpriority=\"high\" decoding=\"async\" class=\"preview-link video mfp-iframe\" src=\"https:\/\/i0.wp.com\/img.gg.deals\/3d\/8a\/277b530753afc9291022f127c9faa5852209_912cr485.jpg?resize=912%2C485&#038;ssl=1\" sizes=\"(min-width: 1290px) 912px, (min-width: 1200px) 828px, (min-width: 1030px) 970px, (min-width: 795px) 735px, 100vw\" srcset=\"https:\/\/img.gg.deals\/3d\/8a\/277b530753afc9291022f127c9faa5852209_912cr485.jpg 912w,https:\/\/img.gg.deals\/3d\/8a\/277b530753afc9291022f127c9faa5852209_1824cr970.jpg 1824w\" alt=\"Dying Light 2 Stay Human: Reloaded Edition PC trailer\" width=\"912\" height=\"485\" \/><\/a><\/div>\n<div class=\"swiper-slide swiper-slide-next\" role=\"group\" aria-label=\"2 \/ 11\"><a class=\"preview-link image\" href=\"https:\/\/i0.wp.com\/img.gg.deals\/9e\/6f\/cb19e857962d8b133e0d8ebc99d3b71961bf_1920xt1080_S1000.jpg?ssl=1\"><img data-recalc-dims=\"1\" decoding=\"async\" class=\"preview-link image\" src=\"https:\/\/i0.wp.com\/img.gg.deals\/9e\/6f\/cb19e857962d8b133e0d8ebc99d3b71961bf_912cr485.jpg?resize=912%2C485&#038;ssl=1\" sizes=\"(min-width: 1290px) 912px, (min-width: 1200px) 828px, (min-width: 1030px) 970px, (min-width: 795px) 735px, 100vw\" srcset=\"https:\/\/img.gg.deals\/9e\/6f\/cb19e857962d8b133e0d8ebc99d3b71961bf_912cr485.jpg 912w,https:\/\/img.gg.deals\/9e\/6f\/cb19e857962d8b133e0d8ebc99d3b71961bf_1824cr970.jpg 1824w\" alt=\"Dying Light 2 Stay Human: Reloaded Edition PC gameplay\" width=\"912\" height=\"485\" \/><\/a><\/div>\n<div class=\"swiper-slide\" role=\"group\" aria-label=\"3 \/ 11\"><a class=\"preview-link image\" href=\"https:\/\/img.gg.deals\/d9\/f7\/de58b7fc2abdfb397d70fe604b1c71627db0_1920xt1080_S1000.jpg\"><img decoding=\"async\" class=\"preview-link image swiper-lazy\" src=\"data:image\/png;base64,iVBORw0KGgoAAAANSUhEUgAAAAEAAAABCAQAAAC1HAwCAAAAC0lEQVR42mNkYAAAAAYAAjCB0C8AAAAASUVORK5CYII=\" alt=\"Dying Light 2 Stay Human: Reloaded Edition PC screenshot\" width=\"912\" height=\"485\" data-src=\"https:\/\/img.gg.deals\/d9\/f7\/de58b7fc2abdfb397d70fe604b1c71627db0_912cr485.jpg\" data-srcset=\"https:\/\/img.gg.deals\/d9\/f7\/de58b7fc2abdfb397d70fe604b1c71627db0_912cr485.jpg 912w,https:\/\/img.gg.deals\/d9\/f7\/de58b7fc2abdfb397d70fe604b1c71627db0_1824cr970.jpg 1824w\" data-sizes=\"(min-width: 1290px) 912px, (min-width: 1200px) 828px, (min-width: 1030px) 970px, (min-width: 795px) 735px, 100vw\" \/><\/a><\/div>\n<div class=\"swiper-slide\" role=\"group\" aria-label=\"4 \/ 11\"><a class=\"preview-link image\" href=\"https:\/\/img.gg.deals\/51\/3e\/aeddf888e67a5f70f227df46eb1e336c6a92_1920xt1080_S1000.jpg\"><img loading=\"lazy\" decoding=\"async\" class=\"preview-link image swiper-lazy\" src=\"data:image\/png;base64,iVBORw0KGgoAAAANSUhEUgAAAAEAAAABCAQAAAC1HAwCAAAAC0lEQVR42mNkYAAAAAYAAjCB0C8AAAAASUVORK5CYII=\" alt=\"Dying Light 2 Stay Human: Reloaded Edition PC\" width=\"912\" height=\"485\" data-src=\"https:\/\/img.gg.deals\/51\/3e\/aeddf888e67a5f70f227df46eb1e336c6a92_912cr485.jpg\" data-srcset=\"https:\/\/img.gg.deals\/51\/3e\/aeddf888e67a5f70f227df46eb1e336c6a92_912cr485.jpg 912w,https:\/\/img.gg.deals\/51\/3e\/aeddf888e67a5f70f227df46eb1e336c6a92_1824cr970.jpg 1824w\" data-sizes=\"(min-width: 1290px) 912px, (min-width: 1200px) 828px, (min-width: 1030px) 970px, (min-width: 795px) 735px, 100vw\" \/><\/a><\/div>\n<div class=\"swiper-slide\" role=\"group\" aria-label=\"5 \/ 11\"><a class=\"preview-link image\" href=\"https:\/\/img.gg.deals\/9a\/54\/dfeeaf63a2e4558d3a6d121fd9d9b49fb0fe_1920xt1080_S1000.jpg\"><img loading=\"lazy\" decoding=\"async\" class=\"preview-link image swiper-lazy\" src=\"data:image\/png;base64,iVBORw0KGgoAAAANSUhEUgAAAAEAAAABCAQAAAC1HAwCAAAAC0lEQVR42mNkYAAAAAYAAjCB0C8AAAAASUVORK5CYII=\" alt=\"Dying Light 2 Stay Human: Reloaded Edition PC\" width=\"912\" height=\"485\" data-src=\"https:\/\/img.gg.deals\/9a\/54\/dfeeaf63a2e4558d3a6d121fd9d9b49fb0fe_912cr485.jpg\" data-srcset=\"https:\/\/img.gg.deals\/9a\/54\/dfeeaf63a2e4558d3a6d121fd9d9b49fb0fe_912cr485.jpg 912w,https:\/\/img.gg.deals\/9a\/54\/dfeeaf63a2e4558d3a6d121fd9d9b49fb0fe_1824cr970.jpg 1824w\" data-sizes=\"(min-width: 1290px) 912px, (min-width: 1200px) 828px, (min-width: 1030px) 970px, (min-width: 795px) 735px, 100vw\" \/><\/a><\/div>\n<div class=\"swiper-slide\" role=\"group\" aria-label=\"6 \/ 11\"><a class=\"preview-link image\" href=\"https:\/\/img.gg.deals\/4e\/b5\/46fac5753ccce5e5e6f710a4b3e90b3f21db_1920xt1080_S1000.jpg\"><img loading=\"lazy\" decoding=\"async\" class=\"preview-link image swiper-lazy\" src=\"data:image\/png;base64,iVBORw0KGgoAAAANSUhEUgAAAAEAAAABCAQAAAC1HAwCAAAAC0lEQVR42mNkYAAAAAYAAjCB0C8AAAAASUVORK5CYII=\" alt=\"Dying Light 2 Stay Human: Reloaded Edition PC\" width=\"912\" height=\"485\" data-src=\"https:\/\/img.gg.deals\/4e\/b5\/46fac5753ccce5e5e6f710a4b3e90b3f21db_912cr485.jpg\" data-srcset=\"https:\/\/img.gg.deals\/4e\/b5\/46fac5753ccce5e5e6f710a4b3e90b3f21db_912cr485.jpg 912w,https:\/\/img.gg.deals\/4e\/b5\/46fac5753ccce5e5e6f710a4b3e90b3f21db_1824cr970.jpg 1824w\" data-sizes=\"(min-width: 1290px) 912px, (min-width: 1200px) 828px, (min-width: 1030px) 970px, (min-width: 795px) 735px, 100vw\" \/><\/a><\/div>\n<div class=\"swiper-slide\" role=\"group\" aria-label=\"7 \/ 11\"><a class=\"preview-link image\" href=\"https:\/\/img.gg.deals\/b9\/65\/4edda8513b630dd1d657928eb1fd0258db7f_1920xt1080_S1000.jpg\"><img loading=\"lazy\" decoding=\"async\" class=\"preview-link image swiper-lazy\" src=\"data:image\/png;base64,iVBORw0KGgoAAAANSUhEUgAAAAEAAAABCAQAAAC1HAwCAAAAC0lEQVR42mNkYAAAAAYAAjCB0C8AAAAASUVORK5CYII=\" alt=\"Dying Light 2 Stay Human: Reloaded Edition PC\" width=\"912\" height=\"485\" data-src=\"https:\/\/img.gg.deals\/b9\/65\/4edda8513b630dd1d657928eb1fd0258db7f_912cr485.jpg\" data-srcset=\"https:\/\/img.gg.deals\/b9\/65\/4edda8513b630dd1d657928eb1fd0258db7f_912cr485.jpg 912w,https:\/\/img.gg.deals\/b9\/65\/4edda8513b630dd1d657928eb1fd0258db7f_1824cr970.jpg 1824w\" data-sizes=\"(min-width: 1290px) 912px, (min-width: 1200px) 828px, (min-width: 1030px) 970px, (min-width: 795px) 735px, 100vw\" \/><\/a><\/div>\n<div class=\"swiper-slide\" role=\"group\" aria-label=\"8 \/ 11\"><a class=\"preview-link image\" href=\"https:\/\/img.gg.deals\/94\/5c\/a3e8c5591a6422f2313d6ed402f49e953d7e_1920xt1080_S1000.jpg\"><img loading=\"lazy\" decoding=\"async\" class=\"preview-link image swiper-lazy\" src=\"data:image\/png;base64,iVBORw0KGgoAAAANSUhEUgAAAAEAAAABCAQAAAC1HAwCAAAAC0lEQVR42mNkYAAAAAYAAjCB0C8AAAAASUVORK5CYII=\" alt=\"Dying Light 2 Stay Human: Reloaded Edition PC\" width=\"912\" height=\"485\" data-src=\"https:\/\/img.gg.deals\/94\/5c\/a3e8c5591a6422f2313d6ed402f49e953d7e_912cr485.jpg\" data-srcset=\"https:\/\/img.gg.deals\/94\/5c\/a3e8c5591a6422f2313d6ed402f49e953d7e_912cr485.jpg 912w,https:\/\/img.gg.deals\/94\/5c\/a3e8c5591a6422f2313d6ed402f49e953d7e_1824cr970.jpg 1824w\" data-sizes=\"(min-width: 1290px) 912px, (min-width: 1200px) 828px, (min-width: 1030px) 970px, (min-width: 795px) 735px, 100vw\" \/><\/a><\/div>\n<div class=\"swiper-slide\" role=\"group\" aria-label=\"9 \/ 11\"><a class=\"preview-link image\" href=\"https:\/\/img.gg.deals\/2b\/27\/af693b8d4896d7796440775779f16cf82bf3_1920xt1080_S1000.jpg\"><img loading=\"lazy\" decoding=\"async\" class=\"preview-link image swiper-lazy\" src=\"data:image\/png;base64,iVBORw0KGgoAAAANSUhEUgAAAAEAAAABCAQAAAC1HAwCAAAAC0lEQVR42mNkYAAAAAYAAjCB0C8AAAAASUVORK5CYII=\" alt=\"Dying Light 2 Stay Human: Reloaded Edition PC\" width=\"912\" height=\"485\" data-src=\"https:\/\/img.gg.deals\/2b\/27\/af693b8d4896d7796440775779f16cf82bf3_912cr485.jpg\" data-srcset=\"https:\/\/img.gg.deals\/2b\/27\/af693b8d4896d7796440775779f16cf82bf3_912cr485.jpg 912w,https:\/\/img.gg.deals\/2b\/27\/af693b8d4896d7796440775779f16cf82bf3_1824cr970.jpg 1824w\" data-sizes=\"(min-width: 1290px) 912px, (min-width: 1200px) 828px, (min-width: 1030px) 970px, (min-width: 795px) 735px, 100vw\" \/><\/a><\/div>\n<div class=\"swiper-slide\" role=\"group\" aria-label=\"10 \/ 11\"><a class=\"preview-link image\" href=\"https:\/\/img.gg.deals\/29\/b2\/45d609aa01f4ac789b6e4bc68d49806138cd_1920xt1080_S1000.jpg\"><img loading=\"lazy\" decoding=\"async\" class=\"preview-link image swiper-lazy\" src=\"data:image\/png;base64,iVBORw0KGgoAAAANSUhEUgAAAAEAAAABCAQAAAC1HAwCAAAAC0lEQVR42mNkYAAAAAYAAjCB0C8AAAAASUVORK5CYII=\" alt=\"Dying Light 2 Stay Human: Reloaded Edition PC\" width=\"912\" height=\"485\" data-src=\"https:\/\/img.gg.deals\/29\/b2\/45d609aa01f4ac789b6e4bc68d49806138cd_912cr485.jpg\" data-srcset=\"https:\/\/img.gg.deals\/29\/b2\/45d609aa01f4ac789b6e4bc68d49806138cd_912cr485.jpg 912w,https:\/\/img.gg.deals\/29\/b2\/45d609aa01f4ac789b6e4bc68d49806138cd_1824cr970.jpg 1824w\" data-sizes=\"(min-width: 1290px) 912px, (min-width: 1200px) 828px, (min-width: 1030px) 970px, (min-width: 795px) 735px, 100vw\" \/><\/a><\/div>\n<div class=\"swiper-slide\" role=\"group\" aria-label=\"11 \/ 11\"><a class=\"preview-link image\" href=\"https:\/\/img.gg.deals\/33\/dc\/6200962feaaf15784e2adf964815855a95fd_1920xt1080_S1000.jpg\"><img loading=\"lazy\" decoding=\"async\" class=\"preview-link image swiper-lazy\" src=\"data:image\/png;base64,iVBORw0KGgoAAAANSUhEUgAAAAEAAAABCAQAAAC1HAwCAAAAC0lEQVR42mNkYAAAAAYAAjCB0C8AAAAASUVORK5CYII=\" alt=\"Dying Light 2 Stay Human: Reloaded Edition PC\" width=\"912\" height=\"485\" data-src=\"https:\/\/img.gg.deals\/33\/dc\/6200962feaaf15784e2adf964815855a95fd_912cr485.jpg\" data-srcset=\"https:\/\/img.gg.deals\/33\/dc\/6200962feaaf15784e2adf964815855a95fd_912cr485.jpg 912w,https:\/\/img.gg.deals\/33\/dc\/6200962feaaf15784e2adf964815855a95fd_1824cr970.jpg 1824w\" data-sizes=\"(min-width: 1290px) 912px, (min-width: 1200px) 828px, (min-width: 1030px) 970px, (min-width: 795px) 735px, 100vw\" \/><\/a><\/div>\n<\/div>\n<div class=\"swiper-button-prev gallery-circle-arrow-btn\" tabindex=\"0\" role=\"button\" aria-label=\"Diapositive pr\u00e9c\u00e9dente\" aria-controls=\"swiper-wrapper-4823c56e1d3a5b82\"><\/div>\n<div class=\"swiper-button-next gallery-circle-arrow-btn\" tabindex=\"0\" role=\"button\" aria-label=\"Diapositive suivante\" aria-controls=\"swiper-wrapper-4823c56e1d3a5b82\"><\/div>\n<\/div>\n<div id=\"game-gallery-thumbs-dying-light-2\" class=\"swiper game-gallery-thumbs swiper-initialized swiper-horizontal swiper-pointer-events swiper-free-mode swiper-watch-progress swiper-thumbs\">\n<div id=\"swiper-wrapper-e199e295965dc8df\" class=\"d-flex swiper-wrapper\" aria-live=\"polite\">\n<div class=\"swiper-slide swiper-slide-visible swiper-slide-active swiper-slide-thumb-active\" role=\"group\" aria-label=\"1 \/ 11\"><img data-recalc-dims=\"1\" loading=\"lazy\" decoding=\"async\" class=\"video\" src=\"https:\/\/i0.wp.com\/img.gg.deals\/3d\/8a\/277b530753afc9291022f127c9faa5852209_176cr93.jpg?resize=176%2C93&#038;ssl=1\" srcset=\"https:\/\/img.gg.deals\/3d\/8a\/277b530753afc9291022f127c9faa5852209_176cr93.jpg 1x,https:\/\/img.gg.deals\/3d\/8a\/277b530753afc9291022f127c9faa5852209_352cr186.jpg 2x\" alt=\"Dying Light 2 Stay Human: Reloaded Edition\" width=\"176\" height=\"93\" data-position=\"0\" \/><\/div>\n<div class=\"swiper-slide swiper-slide-visible swiper-slide-next\" role=\"group\" aria-label=\"2 \/ 11\"><img data-recalc-dims=\"1\" loading=\"lazy\" decoding=\"async\" class=\"image\" src=\"https:\/\/i0.wp.com\/img.gg.deals\/9e\/6f\/cb19e857962d8b133e0d8ebc99d3b71961bf_176cr93.jpg?resize=176%2C93&#038;ssl=1\" srcset=\"https:\/\/img.gg.deals\/9e\/6f\/cb19e857962d8b133e0d8ebc99d3b71961bf_176cr93.jpg 1x,https:\/\/img.gg.deals\/9e\/6f\/cb19e857962d8b133e0d8ebc99d3b71961bf_352cr186.jpg 2x\" alt=\"Dying Light 2 Stay Human: Reloaded Edition\" width=\"176\" height=\"93\" data-position=\"1\" \/><\/div>\n<div class=\"swiper-slide swiper-slide-visible\" role=\"group\" aria-label=\"3 \/ 11\"><img data-recalc-dims=\"1\" loading=\"lazy\" decoding=\"async\" class=\"image\" src=\"https:\/\/i0.wp.com\/img.gg.deals\/d9\/f7\/de58b7fc2abdfb397d70fe604b1c71627db0_176cr93.jpg?resize=176%2C93&#038;ssl=1\" srcset=\"https:\/\/img.gg.deals\/d9\/f7\/de58b7fc2abdfb397d70fe604b1c71627db0_176cr93.jpg 1x,https:\/\/img.gg.deals\/d9\/f7\/de58b7fc2abdfb397d70fe604b1c71627db0_352cr186.jpg 2x\" alt=\"Dying Light 2 Stay Human: Reloaded Edition\" width=\"176\" height=\"93\" data-position=\"2\" \/><\/div>\n<div class=\"swiper-slide swiper-slide-visible\" role=\"group\" aria-label=\"4 \/ 11\"><img data-recalc-dims=\"1\" loading=\"lazy\" decoding=\"async\" class=\"image\" src=\"https:\/\/i0.wp.com\/img.gg.deals\/51\/3e\/aeddf888e67a5f70f227df46eb1e336c6a92_176cr93.jpg?resize=176%2C93&#038;ssl=1\" srcset=\"https:\/\/img.gg.deals\/51\/3e\/aeddf888e67a5f70f227df46eb1e336c6a92_176cr93.jpg 1x,https:\/\/img.gg.deals\/51\/3e\/aeddf888e67a5f70f227df46eb1e336c6a92_352cr186.jpg 2x\" alt=\"Dying Light 2 Stay Human: Reloaded Edition\" width=\"176\" height=\"93\" data-position=\"3\" \/><\/div>\n<div class=\"swiper-slide swiper-slide-visible\" role=\"group\" aria-label=\"5 \/ 11\"><img data-recalc-dims=\"1\" loading=\"lazy\" decoding=\"async\" class=\"image\" src=\"https:\/\/i0.wp.com\/img.gg.deals\/9a\/54\/dfeeaf63a2e4558d3a6d121fd9d9b49fb0fe_176cr93.jpg?resize=176%2C93&#038;ssl=1\" srcset=\"https:\/\/img.gg.deals\/9a\/54\/dfeeaf63a2e4558d3a6d121fd9d9b49fb0fe_176cr93.jpg 1x,https:\/\/img.gg.deals\/9a\/54\/dfeeaf63a2e4558d3a6d121fd9d9b49fb0fe_352cr186.jpg 2x\" alt=\"Dying Light 2 Stay Human: Reloaded Edition\" width=\"176\" height=\"93\" data-position=\"4\" \/><\/div>\n<div class=\"swiper-slide\" role=\"group\" aria-label=\"6 \/ 11\"><img loading=\"lazy\" decoding=\"async\" class=\"image swiper-lazy\" src=\"data:image\/png;base64,iVBORw0KGgoAAAANSUhEUgAAAAEAAAABCAQAAAC1HAwCAAAAC0lEQVR42mNkYAAAAAYAAjCB0C8AAAAASUVORK5CYII=\" alt=\"Dying Light 2 Stay Human: Reloaded Edition\" width=\"176\" height=\"93\" data-position=\"5\" data-src=\"https:\/\/img.gg.deals\/4e\/b5\/46fac5753ccce5e5e6f710a4b3e90b3f21db_176cr93.jpg\" data-srcset=\"https:\/\/img.gg.deals\/4e\/b5\/46fac5753ccce5e5e6f710a4b3e90b3f21db_176cr93.jpg 1x,https:\/\/img.gg.deals\/4e\/b5\/46fac5753ccce5e5e6f710a4b3e90b3f21db_352cr186.jpg 2x\" \/><\/div>\n<div class=\"swiper-slide\" role=\"group\" aria-label=\"7 \/ 11\"><img loading=\"lazy\" decoding=\"async\" class=\"image swiper-lazy\" src=\"data:image\/png;base64,iVBORw0KGgoAAAANSUhEUgAAAAEAAAABCAQAAAC1HAwCAAAAC0lEQVR42mNkYAAAAAYAAjCB0C8AAAAASUVORK5CYII=\" alt=\"Dying Light 2 Stay Human: Reloaded Edition\" width=\"176\" height=\"93\" data-position=\"6\" data-src=\"https:\/\/img.gg.deals\/b9\/65\/4edda8513b630dd1d657928eb1fd0258db7f_176cr93.jpg\" data-srcset=\"https:\/\/img.gg.deals\/b9\/65\/4edda8513b630dd1d657928eb1fd0258db7f_176cr93.jpg 1x,https:\/\/img.gg.deals\/b9\/65\/4edda8513b630dd1d657928eb1fd0258db7f_352cr186.jpg 2x\" \/><\/div>\n<div class=\"swiper-slide\" role=\"group\" aria-label=\"8 \/ 11\"><img loading=\"lazy\" decoding=\"async\" class=\"image swiper-lazy\" src=\"data:image\/png;base64,iVBORw0KGgoAAAANSUhEUgAAAAEAAAABCAQAAAC1HAwCAAAAC0lEQVR42mNkYAAAAAYAAjCB0C8AAAAASUVORK5CYII=\" alt=\"Dying Light 2 Stay Human: Reloaded Edition\" width=\"176\" height=\"93\" data-position=\"7\" data-src=\"https:\/\/img.gg.deals\/94\/5c\/a3e8c5591a6422f2313d6ed402f49e953d7e_176cr93.jpg\" data-srcset=\"https:\/\/img.gg.deals\/94\/5c\/a3e8c5591a6422f2313d6ed402f49e953d7e_176cr93.jpg 1x,https:\/\/img.gg.deals\/94\/5c\/a3e8c5591a6422f2313d6ed402f49e953d7e_352cr186.jpg 2x\" \/><\/div>\n<div class=\"swiper-slide\" role=\"group\" aria-label=\"9 \/ 11\"><img loading=\"lazy\" decoding=\"async\" class=\"image swiper-lazy\" src=\"data:image\/png;base64,iVBORw0KGgoAAAANSUhEUgAAAAEAAAABCAQAAAC1HAwCAAAAC0lEQVR42mNkYAAAAAYAAjCB0C8AAAAASUVORK5CYII=\" alt=\"Dying Light 2 Stay Human: Reloaded Edition\" width=\"176\" height=\"93\" data-position=\"8\" data-src=\"https:\/\/img.gg.deals\/2b\/27\/af693b8d4896d7796440775779f16cf82bf3_176cr93.jpg\" data-srcset=\"https:\/\/img.gg.deals\/2b\/27\/af693b8d4896d7796440775779f16cf82bf3_176cr93.jpg 1x,https:\/\/img.gg.deals\/2b\/27\/af693b8d4896d7796440775779f16cf82bf3_352cr186.jpg 2x\" \/><\/div>\n<div class=\"swiper-slide\" role=\"group\" aria-label=\"10 \/ 11\"><img loading=\"lazy\" decoding=\"async\" class=\"image swiper-lazy\" src=\"data:image\/png;base64,iVBORw0KGgoAAAANSUhEUgAAAAEAAAABCAQAAAC1HAwCAAAAC0lEQVR42mNkYAAAAAYAAjCB0C8AAAAASUVORK5CYII=\" alt=\"Dying Light 2 Stay Human: Reloaded Edition\" width=\"176\" height=\"93\" data-position=\"9\" data-src=\"https:\/\/img.gg.deals\/29\/b2\/45d609aa01f4ac789b6e4bc68d49806138cd_176cr93.jpg\" data-srcset=\"https:\/\/img.gg.deals\/29\/b2\/45d609aa01f4ac789b6e4bc68d49806138cd_176cr93.jpg 1x,https:\/\/img.gg.deals\/29\/b2\/45d609aa01f4ac789b6e4bc68d49806138cd_352cr186.jpg 2x\" \/><\/div>\n<div class=\"swiper-slide\" role=\"group\" aria-label=\"11 \/ 11\"><img loading=\"lazy\" decoding=\"async\" class=\"image swiper-lazy\" src=\"data:image\/png;base64,iVBORw0KGgoAAAANSUhEUgAAAAEAAAABCAQAAAC1HAwCAAAAC0lEQVR42mNkYAAAAAYAAjCB0C8AAAAASUVORK5CYII=\" alt=\"Dying Light 2 Stay Human: Reloaded Edition\" width=\"176\" height=\"93\" data-position=\"10\" data-src=\"https:\/\/img.gg.deals\/33\/dc\/6200962feaaf15784e2adf964815855a95fd_176cr93.jpg\" data-srcset=\"https:\/\/img.gg.deals\/33\/dc\/6200962feaaf15784e2adf964815855a95fd_176cr93.jpg 1x,https:\/\/img.gg.deals\/33\/dc\/6200962feaaf15784e2adf964815855a95fd_352cr186.jpg 2x\" \/><\/div>\n<\/div>\n<\/div>\n<\/div>\n<section id=\"about\" class=\"tab-menu-section is-visible\">\n<div id=\"game-description-wrapper\" class=\"game-box-bg no-bg-mobile game-description-wrapper\">\n<div class=\"relative game-description description-text shortened\">\n<h3>Survivez \u00e0 la nuit dans Dying Light 2 Stay Human\u00a0: Reloaded Edition<\/h3>\n<p>Vingt ans apr\u00e8s l&#039;original\u00a0<strong>apocalypse zombie<\/strong>, l&#039;humanit\u00e9 est au bord du gouffre\u00a0<strong>Dying Light 2 Stay Human : \u00c9dition Reloaded<\/strong>Incarnez Aiden Caldwell, un p\u00e8lerin naviguant dans un monde ravag\u00e9 par le virus, apportant des vivres et de l&#039;espoir \u00e0 des villages dispers\u00e9s. Mais la v\u00e9ritable mission d&#039;Aiden est personnelle\u00a0: retrouver sa s\u0153ur Mia, disparue des ann\u00e9es auparavant lors d&#039;exp\u00e9riences \u00e9prouvantes orchestr\u00e9es par le Dr Waltz.<\/p>\n<p>Aventurez-vous dans Villedor, la derni\u00e8re ville encore debout, un paysage urbain tentaculaire regorgeant de dangers et d&#039;intrigues. Plongez dans des aventures brutales et\u00a0<strong>combat cr\u00e9atif<\/strong>\u00a0contre des hordes de zombies implacables tout en forgeant des alliances dans une ville d\u00e9chir\u00e9e par le conflit. Ma\u00eetrisez l&#039;art de\u00a0<strong>parkour<\/strong>\u00a0pour courir librement sur les toits de Villedor et r\u00e9cup\u00e9rer des ressources cruciales, augmentant ainsi vos chances de survie dans ce monde mortel.\u00a0<strong>monde ouvert<\/strong>.<\/p>\n<p>Vous souvenez-vous de la Chute, l&#039;\u00e9v\u00e9nement catastrophique qui a plong\u00e9 le monde dans les t\u00e9n\u00e8bres\u00a0? Aujourd&#039;hui, en 2036, seuls des fragments de civilisation subsistent, menac\u00e9s d&#039;extinction par la menace zombie grandissante. Explorez les cons\u00e9quences de cette pand\u00e9mie mondiale dans un r\u00e9cit captivant.\u00a0<strong>post-apocalyptique<\/strong>\u00a0narratif.<\/p>\n<h3>D\u00e9couvrez les deux visages de Villedor<\/h3>\n<p>Le jour, Villedor offre un semblant de normalit\u00e9, avec des survivants s&#039;accrochant \u00e0 la vie au milieu des ruines. Mais au coucher du soleil, la ville se transforme et des cr\u00e9atures monstrueuses \u00e9mergent, transformant les rues en un terrain de jeu mortel. Pr\u00e9parez-vous \u00e0 une exp\u00e9rience palpitante.\u00a0<strong>horreur de survie<\/strong>\u00a0une exp\u00e9rience o\u00f9 la vigilance est votre seul bouclier contre les terreurs de la nuit.<\/p>\n<h3>Ma\u00eetrisez l&#039;art du parkour<\/h3>\n<p>Quand le combat n\u2019est pas une option,\u00a0<strong>parkour<\/strong>\u00a0devient votre bou\u00e9e de sauvetage. Traversez la ville avec une libert\u00e9 in\u00e9gal\u00e9e, sautant sur les toits, planant dans les airs et utilisant des tyroliennes pour d\u00e9jouer vos poursuivants. Utilisez votre agilit\u00e9 pour \u00e9chapper aux dangers de la nuit ou d\u00e9couvrir des caches de butin essentiel.\u00a0<strong>travers\u00e9e du monde ouvert<\/strong>\u00a0Le syst\u00e8me permet une exploration dynamique et engageante de Villedor.<\/p>\n<h3>Combat brutal et armement cr\u00e9atif<\/h3>\n<p>Dans un monde o\u00f9 la survie est primordiale, ma\u00eetriser \u00e0 la fois le combat et\u00a0<strong>parkour<\/strong>\u00a0est la cl\u00e9. D\u00e9cha\u00eenez des attaques d\u00e9vastatrices avec une vari\u00e9t\u00e9 d&#039;armes improvis\u00e9es, ou utilisez l&#039;environnement et vos comp\u00e9tences en parkour pour prendre l&#039;avantage. Personnalisez votre style de jeu gr\u00e2ce \u00e0 l&#039;arsenal unique et mortel de Villedor, qui fera p\u00e2lir d&#039;envie m\u00eame les armureries post-apocalyptiques les plus avanc\u00e9es. Plongez dans des combats visc\u00e9raux et stimulants qui d\u00e9finissent\u00a0<strong>Lumi\u00e8re mourante 2<\/strong>.<\/p>\n<h3>Survivre ensemble en mode coop\u00e9ratif<\/h3>\n<p>Augmentez vos chances de survie en faisant \u00e9quipe avec jusqu&#039;\u00e0 trois amis dans\u00a0<strong>multijoueur coop\u00e9ratif<\/strong>D\u00e9couvrez ensemble l&#039;histoire complexe, relevez les d\u00e9fis des missions de l&#039;Avant-poste des p\u00e8lerins ou semez simplement le chaos dans les rues de Villedor. Les dangers de cette\u00a0<strong>monde infest\u00e9 de zombies<\/strong>\u00a0sont diminu\u00e9s par la force des alli\u00e9s \u00e0 vos c\u00f4t\u00e9s.<\/p>\n<\/div>\n<\/div>\n<\/section>","protected":false},"excerpt":{"rendered":"<p>\u0627\u0633\u062a\u0645\u062a\u0639 \u0628\u062a\u062c\u0631\u0628\u0629 \u0644\u0639\u0628 \u0623\u0635\u0644\u064a\u0629 \u0639\u0628\u0631 \u0643\u0648\u062f \u0627\u0633\u062a\u0631\u062f\u0627\u062f \u0631\u0633\u0645\u064a!<br \/>\n\u0627\u0634\u062a\u0631\u0650 \u0627\u0644\u0644\u0639\u0628\u0629 \u0648\u0627\u062d\u0635\u0644 \u0639\u0644\u0649 \u0643\u0648\u062f \u0627\u0644\u062a\u0641\u0639\u064a\u0644 \u0627\u0644\u0631\u0642\u0645\u064a \u062e\u0644\u0627\u0644 10 \u0625\u0644\u0649 15 \u062f\u0642\u064a\u0642\u0629 \u0641\u0642\u0637 \u0628\u0639\u062f \u0627\u0644\u062f\u0641\u0639.<br \/>\nIl s&#039;agit d&#039;un jeu vid\u00e9o (Steam, Xbox, PSN\u2026) et d&#039;un jeu vid\u00e9o.<\/p>\n<p>\u0645\u0645\u064a\u0632\u0627\u062a \u0627\u0644\u0645\u0646\u062a\u062c:<br \/>\npar \u0631\u0633\u0645\u064a \u0648\u0622\u0645\u0646 100%<\/p>\n<p>\u062a\u0633\u0644\u064a\u0645 \u0633\u0631\u064a\u0639 \u062e\u0644\u0627\u0644 10 \u2013 15 jours<\/p>\n<p>\u062f\u0639\u0645 \u0641\u0646\u064a \u0641\u064a \u062d\u0627\u0644 \u0648\u0627\u062c\u0647\u062a \u0623\u064a \u0645\u0634\u0643\u0644\u0629<\/p>\n<p>\u0628\u062f\u0648\u0646 \u0627\u0634\u062a\u0631\u0627\u0643 \u0634\u0647\u0631\u064a \u2013 \u0634\u0631\u0627\u0621 \u0644\u0645\u0631\u0629 \u0648\u0627\u062d\u062f\u0629 \u0641\u0642\u0637<\/p>\n<p>\u0627\u0644\u0633\u0639\u0631 \u0627\u0644\u0623\u0641\u0636\u0644 \u0641\u064a \u0627\u0644\u0633\u0648\u0642 \u0627\u0644\u062c\u0632\u0627\u0626\u0631\u064a<\/p>\n<p>\u0643\u064a\u0641\u064a\u0629 \u0627\u0644\u0627\u0633\u062a\u0631\u062f\u0627\u062f:<br \/>\n\u0625\u0630\u0627 \u0644\u0645 \u062a\u0643\u0646 \u062a\u0639\u0631\u0641 \u0637\u0631\u064a\u0642\u0629 \u062a\u0641\u0639\u064a\u0644 \u0627\u0644\u0643\u0648\u062f\u060c \u0644\u0627 \u062a\u0642\u0644\u0642!<br \/>\n\u0628\u0639\u062f \u0639\u0645\u0644\u064a\u0629 \u0627\u0644\u0634\u0631\u0627\u0621\u060c \u0633\u064a\u062a\u0645 \u062a\u0648\u062c\u064a\u0647\u0643 \u062a\u0644\u0642\u0627\u0626\u064a\u0627\u064b \u0625\u0644\u0649 \u0635\u0641\u062d\u0629 \u0641\u064a\u0647\u0627 \u0641\u064a\u062f\u064a\u0648\u0647\u0627\u062a \u062a\u0634\u0631\u062d \u062e\u0637\u0648\u0629 \u0643\u064a\u0641\u064a\u0629 Il s&#039;agit d&#039;un jeu vid\u00e9o (Steam, Xbox, PS\u2026).<\/p>","protected":false},"featured_media":2943,"comment_status":"open","ping_status":"closed","template":"","meta":{"googlesitekit_rrm_CAowv7G7DA:productID":"","om_disable_all_campaigns":false,"_monsterinsights_skip_tracking":false,"_monsterinsights_sitenote_active":false,"_monsterinsights_sitenote_note":"","_monsterinsights_sitenote_category":0,"jetpack_post_was_ever_published":false},"product_brand":[59],"product_cat":[],"product_tag":[],"class_list":{"0":"post-2942","1":"product","2":"type-product","3":"status-publish","4":"has-post-thumbnail","6":"product_brand-playstation-4","8":"first","9":"instock","10":"sale","11":"virtual","12":"taxable","13":"purchasable","14":"product-type-simple"},"jetpack_sharing_enabled":true,"jetpack_likes_enabled":true,"_links":{"self":[{"href":"https:\/\/cdhubs.com\/fr\/wp-json\/wp\/v2\/product\/2942","targetHints":{"allow":["GET"]}}],"collection":[{"href":"https:\/\/cdhubs.com\/fr\/wp-json\/wp\/v2\/product"}],"about":[{"href":"https:\/\/cdhubs.com\/fr\/wp-json\/wp\/v2\/types\/product"}],"replies":[{"embeddable":true,"href":"https:\/\/cdhubs.com\/fr\/wp-json\/wp\/v2\/comments?post=2942"}],"version-history":[{"count":3,"href":"https:\/\/cdhubs.com\/fr\/wp-json\/wp\/v2\/product\/2942\/revisions"}],"predecessor-version":[{"id":3058,"href":"https:\/\/cdhubs.com\/fr\/wp-json\/wp\/v2\/product\/2942\/revisions\/3058"}],"wp:featuredmedia":[{"embeddable":true,"href":"https:\/\/cdhubs.com\/fr\/wp-json\/wp\/v2\/media\/2943"}],"wp:attachment":[{"href":"https:\/\/cdhubs.com\/fr\/wp-json\/wp\/v2\/media?parent=2942"}],"wp:term":[{"taxonomy":"product_brand","embeddable":true,"href":"https:\/\/cdhubs.com\/fr\/wp-json\/wp\/v2\/product_brand?post=2942"},{"taxonomy":"product_cat","embeddable":true,"href":"https:\/\/cdhubs.com\/fr\/wp-json\/wp\/v2\/product_cat?post=2942"},{"taxonomy":"product_tag","embeddable":true,"href":"https:\/\/cdhubs.com\/fr\/wp-json\/wp\/v2\/product_tag?post=2942"}],"curies":[{"name":"wp","href":"https:\/\/api.w.org\/{rel}","templated":true}]}}