{"id":2869,"date":"2025-04-22T16:38:40","date_gmt":"2025-04-22T16:38:40","guid":{"rendered":"https:\/\/cdhubs.com\/?post_type=product&#038;p=2869"},"modified":"2025-04-26T16:32:56","modified_gmt":"2025-04-26T16:32:56","slug":"returnal-ps4-ps5","status":"publish","type":"product","link":"https:\/\/cdhubs.com\/fr\/produit\/returnal-ps4-ps5\/","title":{"rendered":"Returnal PS4-PS5"},"content":{"rendered":"<div id=\"aboutThisGame\" class=\"game_page_autocollapse\" data-panel=\"{&quot;type&quot;:&quot;PanelGroup&quot;}\">\n<div id=\"game_area_description\" class=\"game_area_description\">\n<h2>\u00c0 propos de ce jeu<\/h2>\n<p>Brisez le cycle dans ce jeu de tir \u00e0 la troisi\u00e8me personne r\u00e9compens\u00e9 qui apporte ses combats avec d\u00e9luge de balles infernaux sur PC. L&#8217;odyss\u00e9e roguelike de Selene arrive avec un ensemble d&#8217;am\u00e9liorations saisissantes des graphismes et des performances pour garantir un voyage m\u00e9morable. Cela comprend l&#8217;exp\u00e9rience Returnal\u2122 compl\u00e8te, la suspension de cycle, les modes photo et coop ainsi que la Tour de Sisyphe, le tout disponible d\u00e8s le premier jour.<\/p>\n<h2 class=\"bb_tag\">DESCRIPTION\u00a0:<\/h2>\n<p>Apr\u00e8s s&#8217;\u00eatre \u00e9cras\u00e9e sur ce monde prot\u00e9iforme, Selene doit explorer les vestiges d\u00e9sol\u00e9s d&#8217;une civilisation antique pour parvenir \u00e0 s&#8217;\u00e9chapper. Seule et isol\u00e9e de tout, elle doit lutter pour sa survie \u00e0 chaque instant. Vaincue encore et encore, forc\u00e9e \u00e0 recommencer son p\u00e9riple \u00e0 chacune de ses morts. Vous d\u00e9couvrirez \u00e0 travers un gameplay nerveux et impitoyable que la plan\u00e8te change \u00e0 chaque nouveau cycle, et les objets \u00e0 votre disposition aussi. Chaque boucle propose de nouvelles combinaisons qui repousseront vos limites et vous forceront \u00e0 approcher les combats avec diff\u00e9rentes strat\u00e9gies.<\/p>\n<p>Avec ses effets visuels \u00e9poustouflants, le monde en ruines qui vous entoure vous r\u00e9serve autant de beaut\u00e9 obscure que de surprises explosives\u00a0;\u00a0des combats fr\u00e9n\u00e9tiques et leurs enjeux consid\u00e9rables aux rebondissements stup\u00e9fiants qui contrastent avec les environnements d\u00e9sol\u00e9s. Explorez, d\u00e9couvrez et combattez tout au long de ce voyage impitoyable tandis qu&#8217;un myst\u00e8re vous guette depuis les ombres. Con\u00e7u pour offrir un maximum de rejouabilit\u00e9, le monde proc\u00e9dural de Returnal vous invite \u00e0 vous relever apr\u00e8s chaque d\u00e9faite, pour affronter de nouveaux d\u00e9fis en perp\u00e9tuelle \u00e9volution \u00e0 chaque renaissance.<\/p>\n<h2 class=\"bb_tag\">L&#8217;exp\u00e9rience compl\u00e8te sur PC<\/h2>\n<p>Comprend un syst\u00e8me de succ\u00e8s et un traqueur de progression dans le jeu. Cinq pr\u00e9r\u00e9glages graphiques sont inclus, ainsi que des donn\u00e9es de performances dans le jeu comprenant un compteur d&#8217;IPS, une jauge d&#8217;utilisation de processeur et de carte graphique et un traqueur de latence.<\/p>\n<h2 class=\"bb_tag\">Profitez d&#8217;une exp\u00e9rience visuelle \u00e9poustouflante<\/h2>\n<p>Les formats d&#8217;image 16:10, Ultralarge (21:9) et Ultralarge\u00a0+ (32:9) proposent un champ de vision \u00e9largi pour parcourir Atropos. Les formats plus larges poss\u00e8dent des options suppl\u00e9mentaires pour les cin\u00e9matiques et l&#8217;interface utilisateur. Le tout en 4K \u00e9blouissante.1 Sur les PC haut de gamme, profitez d&#8217;une immersion renforc\u00e9e gr\u00e2ce aux ombres et r\u00e9flexions avec ray-tracing qui ajoutent une nouvelle couche d&#8217;options de lumi\u00e8re personnalisables avec diff\u00e9rents curseurs. Des technologies d&#8217;am\u00e9lioration des performances comme NVIDIA DLSS, NVIDIA NIS et AMD FSR2 sont \u00e9galement disponibles.<\/p>\n<p>1 PC et moniteur compatibles requis.<br \/>\n2 PC et carte graphique compatibles requis pour les graphismes am\u00e9lior\u00e9s.<\/p>\n<h2 class=\"bb_tag\">Des sensations jusque dans vos mains<\/h2>\n<p>Jouez avec la manette DualSense\u2122 pour profiter du retour haptique et des effets de g\u00e2chette dynamiques.3 Vous pouvez \u00e9galement jouer avec un clavier et une souris ou d&#8217;autres manettes avec touches enti\u00e8rement personnalisables. Des options d&#8217;accessibilit\u00e9 ont \u00e9t\u00e9 ajout\u00e9es, comme une notification de charge du tir secondaire sur le r\u00e9ticule, ainsi qu&#8217;un syst\u00e8me de signaux en coop. Compatible avec Dolby Atmos et diff\u00e9rentes options pour la s\u00e9lection du type d&#8217;audio 3D.4 Entendez les sons tout autour de vous avec une pr\u00e9cision exceptionnelle pour rendre les environnements vivants et am\u00e9liorer vos r\u00e9actions.<\/p>\n<p>3 Connexion filaire requise pour profiter de la totalit\u00e9 des fonctions de la manette dans le jeu.<br \/>\n4 Les modes audio 3D n\u00e9cessitent un casque st\u00e9r\u00e9o ou des enceintes compatibles.<\/p>\n<h2 class=\"bb_tag\">Mode coop\u00a0:<\/h2>\n<p>Dans le mode coop, vous pouvez entreprendre votre voyage \u00e0 travers les labyrinthes d&#8217;Atropos avec un autre joueur sur PC.5 La nature inhospitali\u00e8re d&#8217;Atropos reste la m\u00eame, mais le travail d&#8217;\u00e9quipe change fondamentalement votre fa\u00e7on de survivre. Chaque joueur contr\u00f4le une version de Selene originaire d&#8217;un cycle diff\u00e9rent. \u00c0 l&#8217;aide du Chronosis situ\u00e9 dans chaque biome, le joueur h\u00f4te peut invoquer un ami ou un joueur en ligne al\u00e9atoire. La progression de l&#8217;h\u00f4te d\u00e9termine les objets disponibles lors de la session en multijoueur.<\/p>\n<h2 class=\"bb_tag\">Tour de Sisyphe\u00a0:<\/h2>\n<p>La prochaine fois que vous vous r\u00e9veillerez au lieu du crash, levez les yeux. Vous devriez apercevoir une porte qui m\u00e8ne \u00e0 la Tour de Sisyphe, qui est accessible si vous avez d\u00e9verrouill\u00e9 le Grappin icarien.5 Dans cette tour, pr\u00e9parez-vous \u00e0 un nouveau d\u00e9fi. C&#8217;est une \u00e9preuve d&#8217;ascension presque infinie qui se concentre sur le combat, le score, la progression, les objets exclusifs, les journaux de reconnaissance et des fragments in\u00e9dits de l&#8217;histoire de Selene.<\/p>\n<p>5 La Tour de Sisyphe, les s\u00e9quences de la maison et le mode d\u00e9fi ne sont pas disponibles en mode coop. Il est impossible de jouer avec des joueurs sur console PlayStation\u00ae5.<\/p>\n<p><i>DES COMBATS INTENSES &#8211; Combattez pour survivre dans ce jeu de tir \u00e0 la troisi\u00e8me personne aux \u00e9l\u00e9ments de roguelike.<br \/>\n&#8211; Affrontez des ennemis impitoyables dans des d\u00e9luges de balles explosifs.<\/i><\/p>\n<p><i>UNE EXPLORATION PALPITANTE &#8211; G\u00e9rez soigneusement votre \u00e9quipement et vos ressources. Chaque fois que vous mourez, vous recommencez au d\u00e9but.<br \/>\n&#8211; R\u00e9cup\u00e9rez des technologies extraterrestres pour am\u00e9liorer votre \u00e9quipement et vos aptitudes dans les cycles suivants.<\/i><\/p>\n<p><i>UNE HISTOIRE TROUBLANTE &#8211; Rassemblez les fragments de souvenirs de Selene pour trouver des r\u00e9ponses.<br \/>\n&#8211; Cr\u00e9ez une connexion personnelle avec la plan\u00e8te en explorant ses environnements d\u00e9sol\u00e9s en constante \u00e9volution.<\/i><\/p>\n<\/div>\n<\/div>\n<div class=\"game_page_autocollapse_fade\"><\/div>","protected":false},"excerpt":{"rendered":"<div id=\"aboutThisGame\" class=\"game_page_autocollapse\" data-panel=\"{&quot;type&quot;:&quot;PanelGroup&quot;}\">\n<div id=\"game_area_description\" class=\"game_area_description\">\n<p>\u0627\u0633\u062a\u0645\u062a\u0639 \u0628\u062a\u062c\u0631\u0628\u0629 \u0644\u0639\u0628 \u0623\u0635\u0644\u064a\u0629 \u0639\u0628\u0631 \u0643\u0648\u062f \u0627\u0633\u062a\u0631\u062f\u0627\u062f \u0631\u0633\u0645\u064a!<br \/>\n\u0627\u0634\u062a\u0631\u0650 \u0627\u0644\u0644\u0639\u0628\u0629 \u0648\u0627\u062d\u0635\u0644 \u0639\u0644\u0649 \u0643\u0648\u062f \u0627\u0644\u062a\u0641\u0639\u064a\u0644 \u0627\u0644\u0631\u0642\u0645\u064a \u062e\u0644\u0627\u0644 10 \u0625\u0644\u0649 15 \u062f\u0642\u064a\u0642\u0629 \u0641\u0642\u0637 \u0628\u0639\u062f \u0627\u0644\u062f\u0641\u0639.<br \/>\nIl s&#039;agit d&#039;un jeu vid\u00e9o (Steam, Xbox, PSN\u2026) et d&#039;un jeu vid\u00e9o.<\/p>\n<p>\u0645\u0645\u064a\u0632\u0627\u062a \u0627\u0644\u0645\u0646\u062a\u062c:<br \/>\npar \u0631\u0633\u0645\u064a \u0648\u0622\u0645\u0646 100%<\/p>\n<p>\u062a\u0633\u0644\u064a\u0645 \u0633\u0631\u064a\u0639 \u062e\u0644\u0627\u0644 10 \u2013 15 jours<\/p>\n<p>\u062f\u0639\u0645 \u0641\u0646\u064a \u0641\u064a \u062d\u0627\u0644 \u0648\u0627\u062c\u0647\u062a \u0623\u064a \u0645\u0634\u0643\u0644\u0629<\/p>\n<p>\u0628\u062f\u0648\u0646 \u0627\u0634\u062a\u0631\u0627\u0643 \u0634\u0647\u0631\u064a \u2013 \u0634\u0631\u0627\u0621 \u0644\u0645\u0631\u0629 \u0648\u0627\u062d\u062f\u0629 \u0641\u0642\u0637<\/p>\n<p>\u0627\u0644\u0633\u0639\u0631 \u0627\u0644\u0623\u0641\u0636\u0644 \u0641\u064a \u0627\u0644\u0633\u0648\u0642 \u0627\u0644\u062c\u0632\u0627\u0626\u0631\u064a<\/p>\n<p>\u0643\u064a\u0641\u064a\u0629 \u0627\u0644\u0627\u0633\u062a\u0631\u062f\u0627\u062f:<br \/>\n\u0625\u0630\u0627 \u0644\u0645 \u062a\u0643\u0646 \u062a\u0639\u0631\u0641 \u0637\u0631\u064a\u0642\u0629 \u062a\u0641\u0639\u064a\u0644 \u0627\u0644\u0643\u0648\u062f\u060c \u0644\u0627 \u062a\u0642\u0644\u0642!<br \/>\n\u0628\u0639\u062f \u0639\u0645\u0644\u064a\u0629 \u0627\u0644\u0634\u0631\u0627\u0621\u060c \u0633\u064a\u062a\u0645 \u062a\u0648\u062c\u064a\u0647\u0643 \u062a\u0644\u0642\u0627\u0626\u064a\u0627\u064b \u0625\u0644\u0649 \u0635\u0641\u062d\u0629 \u0641\u064a\u0647\u0627 \u0641\u064a\u062f\u064a\u0648\u0647\u0627\u062a \u062a\u0634\u0631\u062d \u062e\u0637\u0648\u0629 \u0643\u064a\u0641\u064a\u0629 Il s&#039;agit d&#039;un jeu vid\u00e9o (Steam, Xbox, PS\u2026).<\/p>\n<\/div>\n<\/div>\n<div class=\"game_page_autocollapse_fade\"><\/div>","protected":false},"featured_media":2870,"comment_status":"open","ping_status":"closed","template":"","meta":{"googlesitekit_rrm_CAowv7G7DA:productID":"","om_disable_all_campaigns":false,"_monsterinsights_skip_tracking":false,"_monsterinsights_sitenote_active":false,"_monsterinsights_sitenote_note":"","_monsterinsights_sitenote_category":0,"jetpack_post_was_ever_published":false},"product_brand":[59],"product_cat":[57,58],"product_tag":[],"class_list":{"0":"post-2869","1":"product","2":"type-product","3":"status-publish","4":"has-post-thumbnail","6":"product_brand-playstation-4","7":"product_cat-ps4","8":"product_cat-ps5","10":"first","11":"instock","12":"sale","13":"virtual","14":"taxable","15":"purchasable","16":"product-type-simple"},"jetpack_sharing_enabled":true,"jetpack_likes_enabled":true,"_links":{"self":[{"href":"https:\/\/cdhubs.com\/fr\/wp-json\/wp\/v2\/product\/2869","targetHints":{"allow":["GET"]}}],"collection":[{"href":"https:\/\/cdhubs.com\/fr\/wp-json\/wp\/v2\/product"}],"about":[{"href":"https:\/\/cdhubs.com\/fr\/wp-json\/wp\/v2\/types\/product"}],"replies":[{"embeddable":true,"href":"https:\/\/cdhubs.com\/fr\/wp-json\/wp\/v2\/comments?post=2869"}],"version-history":[{"count":2,"href":"https:\/\/cdhubs.com\/fr\/wp-json\/wp\/v2\/product\/2869\/revisions"}],"predecessor-version":[{"id":3073,"href":"https:\/\/cdhubs.com\/fr\/wp-json\/wp\/v2\/product\/2869\/revisions\/3073"}],"wp:featuredmedia":[{"embeddable":true,"href":"https:\/\/cdhubs.com\/fr\/wp-json\/wp\/v2\/media\/2870"}],"wp:attachment":[{"href":"https:\/\/cdhubs.com\/fr\/wp-json\/wp\/v2\/media?parent=2869"}],"wp:term":[{"taxonomy":"product_brand","embeddable":true,"href":"https:\/\/cdhubs.com\/fr\/wp-json\/wp\/v2\/product_brand?post=2869"},{"taxonomy":"product_cat","embeddable":true,"href":"https:\/\/cdhubs.com\/fr\/wp-json\/wp\/v2\/product_cat?post=2869"},{"taxonomy":"product_tag","embeddable":true,"href":"https:\/\/cdhubs.com\/fr\/wp-json\/wp\/v2\/product_tag?post=2869"}],"curies":[{"name":"wp","href":"https:\/\/api.w.org\/{rel}","templated":true}]}}