{"id":2823,"date":"2025-04-22T13:50:06","date_gmt":"2025-04-22T12:50:06","guid":{"rendered":"https:\/\/cdhubs.com\/?post_type=product&#038;p=2823"},"modified":"2025-05-11T23:49:06","modified_gmt":"2025-05-11T22:49:06","slug":"assassins-creed-mirage-ps4-ps5","status":"publish","type":"product","link":"https:\/\/cdhubs.com\/fr\/produit\/assassins-creed-mirage-ps4-ps5\/","title":{"rendered":"Assassin&#039;s Creed Mirage PS4-PS5"},"content":{"rendered":"<h2>\u00c0 propos de ce jeu<\/h2>\n<h2 class=\"bb_tag\">L&#039;ASSASSIN ULTIME<\/h2>\n<p>Devenez l&#039;Assassin le plus polyvalent et le plus ing\u00e9nieux de l&#039;histoire de la franchise. Parcourez la ville en toute fluidit\u00e9 et utilisez le plus grand arsenal d&#039;outils \u00e0 ce jour. Obtenez des contrats et des am\u00e9liorations aupr\u00e8s des bureaux des Assassins, collectez des indices cruciaux et \u00e9liminez furtivement vos cibles gr\u00e2ce \u00e0 des assassinats plus violents que jamais.<\/p>\n<p><img data-recalc-dims=\"1\" decoding=\"async\" class=\"bb_img\" src=\"https:\/\/i0.wp.com\/shared.fastly.steamstatic.com\/store_item_assets\/steam\/apps\/3035570\/extras\/MIRAGE_KSP_1.gif?ssl=1\" \/><\/p>\n<h2 class=\"bb_tag\">UN HOMMAGE \u00c0 UN ORIGINAL<\/h2>\n<p>D\u00e9couvrez une version moderne des fonctionnalit\u00e9s et du gameplay embl\u00e9matiques qui ont d\u00e9fini la franchise pendant 15 ans. Voyagez \u00e0 Alamut, la demeure l\u00e9gendaire des Assassins qui ont pos\u00e9 les bases de Creed, dans cet hommage touchant au jeu qui a tout d\u00e9clench\u00e9.<\/p>\n<p><img data-recalc-dims=\"1\" decoding=\"async\" class=\"bb_img\" src=\"https:\/\/i0.wp.com\/shared.fastly.steamstatic.com\/store_item_assets\/steam\/apps\/3035570\/extras\/MIRAGE_KSP_2.gif?ssl=1\" \/><\/p>\n<h2 class=\"bb_tag\">UNE VILLE IMMERSIVE ET R\u00c9ACTIVE<\/h2>\n<p>Explorez une ville incroyablement dense et dynamique, dont les habitants r\u00e9agissent \u00e0 vos moindres mouvements. Percez les secrets de quatre quartiers uniques, du quartier industriel de Karkh aux jardins luxuriants de la Ville Ronde. D\u00e9couvrez des \u00e9v\u00e9nements mondiaux surprenants et interagissez avec les personnages historiques qui ont fa\u00e7onn\u00e9 l&#039;\u00c2ge d&#039;or de Bagdad.<\/p>\n<p><img data-recalc-dims=\"1\" decoding=\"async\" class=\"bb_img\" src=\"https:\/\/i0.wp.com\/shared.fastly.steamstatic.com\/store_item_assets\/steam\/apps\/3035570\/extras\/MIRAGE_KSP_3.gif?ssl=1\" \/><\/p>\n<h2 class=\"bb_tag\">UNE PUISSANTE HISTOIRE DE PASSAGE \u00c0 L&#039;\u00c2GE ADULTE<\/h2>\n<p>Suivez le parcours de Basim dans ce jeu d&#039;action-aventure narratif et minutieusement con\u00e7u. Soyez t\u00e9moin de sa transformation, passant du statut de jeune voleur rebelle \u00e0 celui de Ma\u00eetre Assassin, tandis qu&#039;il rencontre des alli\u00e9s, des mentors et des ennemis qui fa\u00e7onneront son destin.<\/p>\n<p><img data-recalc-dims=\"1\" decoding=\"async\" class=\"bb_img\" src=\"https:\/\/i0.wp.com\/shared.fastly.steamstatic.com\/store_item_assets\/steam\/apps\/3035570\/extras\/MIRAGE_KSP_4.gif?ssl=1\" \/><\/p>","protected":false},"excerpt":{"rendered":"<p>\u0627\u0633\u062a\u0645\u062a\u0639 \u0628\u062a\u062c\u0631\u0628\u0629 \u0644\u0639\u0628 \u0623\u0635\u0644\u064a\u0629 \u0639\u0628\u0631 \u0643\u0648\u062f \u0627\u0633\u062a\u0631\u062f\u0627\u062f \u0631\u0633\u0645\u064a!<br \/>\n\u0627\u0634\u062a\u0631\u0650 \u0627\u0644\u0644\u0639\u0628\u0629 \u0648\u0627\u062d\u0635\u0644 \u0639\u0644\u0649 \u0643\u0648\u062f \u0627\u0644\u062a\u0641\u0639\u064a\u0644 \u0627\u0644\u0631\u0642\u0645\u064a \u062e\u0644\u0627\u0644 10 \u0625\u0644\u0649 15 \u062f\u0642\u064a\u0642\u0629 \u0641\u0642\u0637 \u0628\u0639\u062f \u0627\u0644\u062f\u0641\u0639.<br \/>\nIl s&#039;agit d&#039;un jeu vid\u00e9o (Steam, Xbox, PSN\u2026) et d&#039;un jeu vid\u00e9o.<\/p>\n<p>\u0645\u0645\u064a\u0632\u0627\u062a \u0627\u0644\u0645\u0646\u062a\u062c:<br \/>\npar \u0631\u0633\u0645\u064a \u0648\u0622\u0645\u0646 100%<\/p>\n<p>\u062a\u0633\u0644\u064a\u0645 \u0633\u0631\u064a\u0639 \u062e\u0644\u0627\u0644 10 \u2013 15 jours<\/p>\n<p>\u062f\u0639\u0645 \u0641\u0646\u064a \u0641\u064a \u062d\u0627\u0644 \u0648\u0627\u062c\u0647\u062a \u0623\u064a \u0645\u0634\u0643\u0644\u0629<\/p>\n<p>\u0628\u062f\u0648\u0646 \u0627\u0634\u062a\u0631\u0627\u0643 \u0634\u0647\u0631\u064a \u2013 \u0634\u0631\u0627\u0621 \u0644\u0645\u0631\u0629 \u0648\u0627\u062d\u062f\u0629 \u0641\u0642\u0637<\/p>\n<p>\u0627\u0644\u0633\u0639\u0631 \u0627\u0644\u0623\u0641\u0636\u0644 \u0641\u064a \u0627\u0644\u0633\u0648\u0642 \u0627\u0644\u062c\u0632\u0627\u0626\u0631\u064a<\/p>\n<p>\u0643\u064a\u0641\u064a\u0629 \u0627\u0644\u0627\u0633\u062a\u0631\u062f\u0627\u062f:<br \/>\n\u0625\u0630\u0627 \u0644\u0645 \u062a\u0643\u0646 \u062a\u0639\u0631\u0641 \u0637\u0631\u064a\u0642\u0629 \u062a\u0641\u0639\u064a\u0644 \u0627\u0644\u0643\u0648\u062f\u060c \u0644\u0627 \u062a\u0642\u0644\u0642!<br \/>\n\u0628\u0639\u062f \u0639\u0645\u0644\u064a\u0629 \u0627\u0644\u0634\u0631\u0627\u0621\u060c \u0633\u064a\u062a\u0645 \u062a\u0648\u062c\u064a\u0647\u0643 \u062a\u0644\u0642\u0627\u0626\u064a\u0627\u064b \u0625\u0644\u0649 \u0635\u0641\u062d\u0629 \u0641\u064a\u0647\u0627 \u0641\u064a\u062f\u064a\u0648\u0647\u0627\u062a \u062a\u0634\u0631\u062d \u062e\u0637\u0648\u0629 \u0643\u064a\u0641\u064a\u0629 Il s&#039;agit d&#039;un jeu vid\u00e9o (Steam, Xbox, PS\u2026).<\/p>\n<p>&nbsp;<\/p>","protected":false},"featured_media":2872,"comment_status":"open","ping_status":"closed","template":"","meta":{"googlesitekit_rrm_CAowv7G7DA:productID":"","om_disable_all_campaigns":false,"_monsterinsights_skip_tracking":false,"_monsterinsights_sitenote_active":false,"_monsterinsights_sitenote_note":"","_monsterinsights_sitenote_category":0,"jetpack_post_was_ever_published":false},"product_brand":[59],"product_cat":[132,57,58],"product_tag":[],"class_list":{"0":"post-2823","1":"product","2":"type-product","3":"status-publish","4":"has-post-thumbnail","6":"product_brand-playstation-4","7":"product_cat-playstation-x","8":"product_cat-ps4","9":"product_cat-ps5","11":"first","12":"instock","13":"sale","14":"virtual","15":"taxable","16":"purchasable","17":"product-type-simple"},"jetpack_sharing_enabled":true,"jetpack_likes_enabled":true,"_links":{"self":[{"href":"https:\/\/cdhubs.com\/fr\/wp-json\/wp\/v2\/product\/2823","targetHints":{"allow":["GET"]}}],"collection":[{"href":"https:\/\/cdhubs.com\/fr\/wp-json\/wp\/v2\/product"}],"about":[{"href":"https:\/\/cdhubs.com\/fr\/wp-json\/wp\/v2\/types\/product"}],"replies":[{"embeddable":true,"href":"https:\/\/cdhubs.com\/fr\/wp-json\/wp\/v2\/comments?post=2823"}],"version-history":[{"count":2,"href":"https:\/\/cdhubs.com\/fr\/wp-json\/wp\/v2\/product\/2823\/revisions"}],"predecessor-version":[{"id":3086,"href":"https:\/\/cdhubs.com\/fr\/wp-json\/wp\/v2\/product\/2823\/revisions\/3086"}],"wp:featuredmedia":[{"embeddable":true,"href":"https:\/\/cdhubs.com\/fr\/wp-json\/wp\/v2\/media\/2872"}],"wp:attachment":[{"href":"https:\/\/cdhubs.com\/fr\/wp-json\/wp\/v2\/media?parent=2823"}],"wp:term":[{"taxonomy":"product_brand","embeddable":true,"href":"https:\/\/cdhubs.com\/fr\/wp-json\/wp\/v2\/product_brand?post=2823"},{"taxonomy":"product_cat","embeddable":true,"href":"https:\/\/cdhubs.com\/fr\/wp-json\/wp\/v2\/product_cat?post=2823"},{"taxonomy":"product_tag","embeddable":true,"href":"https:\/\/cdhubs.com\/fr\/wp-json\/wp\/v2\/product_tag?post=2823"}],"curies":[{"name":"wp","href":"https:\/\/api.w.org\/{rel}","templated":true}]}}