{"id":2799,"date":"2025-04-22T12:21:44","date_gmt":"2025-04-22T11:21:44","guid":{"rendered":"https:\/\/cdhubs.com\/?post_type=product&#038;p=2799"},"modified":"2025-05-11T23:50:25","modified_gmt":"2025-05-11T22:50:25","slug":"ea-sports-fc-24-pc","status":"publish","type":"product","link":"https:\/\/cdhubs.com\/fr\/produit\/ea-sports-fc-24-pc\/","title":{"rendered":"EA SPORTS FC 24 PC"},"content":{"rendered":"<div class=\"ModuleContainer-module__container___pkhPl DescriptionModulesContainer-module__rowMargin___ZZVo4\">\n<p>\u0627\u0644\u0648\u0635\u0641:<br \/>\n\u0627\u0633\u062a\u0645\u062a\u0639 \u0628\u062a\u062c\u0631\u0628\u0629 \u0644\u0639\u0628 \u0623\u0635\u0644\u064a\u0629 \u0639\u0628\u0631 \u0643\u0648\u062f \u0627\u0633\u062a\u0631\u062f\u0627\u062f \u0631\u0633\u0645\u064a!<br \/>\n\u0627\u0634\u062a\u0631\u0650 \u0627\u0644\u0644\u0639\u0628\u0629 \u0648\u0627\u062d\u0635\u0644 \u0639\u0644\u0649 \u0643\u0648\u062f \u0627\u0644\u062a\u0641\u0639\u064a\u0644 \u0627\u0644\u0631\u0642\u0645\u064a \u062e\u0644\u0627\u0644 10 \u0625\u0644\u0649 15 \u062f\u0642\u064a\u0642\u0629 \u0641\u0642\u0637 \u0628\u0639\u062f \u0627\u0644\u062f\u0641\u0639.<br \/>\nIl s&#039;agit d&#039;un jeu vid\u00e9o (Steam, Xbox, PSN\u2026) et d&#039;un jeu vid\u00e9o.<\/p>\n<p>\u0645\u0645\u064a\u0632\u0627\u062a \u0627\u0644\u0645\u0646\u062a\u062c:<br \/>\npar \u0631\u0633\u0645\u064a \u0648\u0622\u0645\u0646 100%<\/p>\n<p>\u062a\u0633\u0644\u064a\u0645 \u0633\u0631\u064a\u0639 \u062e\u0644\u0627\u0644 10 \u2013 15 jours<\/p>\n<p>\u062f\u0639\u0645 \u0641\u0646\u064a \u0641\u064a \u062d\u0627\u0644 \u0648\u0627\u062c\u0647\u062a \u0623\u064a \u0645\u0634\u0643\u0644\u0629<\/p>\n<p>\u0628\u062f\u0648\u0646 \u0627\u0634\u062a\u0631\u0627\u0643 \u0634\u0647\u0631\u064a \u2013 \u0634\u0631\u0627\u0621 \u0644\u0645\u0631\u0629 \u0648\u0627\u062d\u062f\u0629 \u0641\u0642\u0637<\/p>\n<p>\u0627\u0644\u0633\u0639\u0631 \u0627\u0644\u0623\u0641\u0636\u0644 \u0641\u064a \u0627\u0644\u0633\u0648\u0642 \u0627\u0644\u062c\u0632\u0627\u0626\u0631\u064a<\/p>\n<p>\u0643\u064a\u0641\u064a\u0629 \u0627\u0644\u0627\u0633\u062a\u0631\u062f\u0627\u062f:<br \/>\n\u0625\u0630\u0627 \u0644\u0645 \u062a\u0643\u0646 \u062a\u0639\u0631\u0641 \u0637\u0631\u064a\u0642\u0629 \u062a\u0641\u0639\u064a\u0644 \u0627\u0644\u0643\u0648\u062f\u060c \u0644\u0627 \u062a\u0642\u0644\u0642!<br \/>\n\u0628\u0639\u062f \u0639\u0645\u0644\u064a\u0629 \u0627\u0644\u0634\u0631\u0627\u0621\u060c \u0633\u064a\u062a\u0645 \u062a\u0648\u062c\u064a\u0647\u0643 \u062a\u0644\u0642\u0627\u0626\u064a\u0627\u064b \u0625\u0644\u0649 \u0635\u0641\u062d\u0629 \u0641\u064a\u0647\u0627 \u0641\u064a\u062f\u064a\u0648\u0647\u0627\u062a \u062a\u0634\u0631\u062d \u062e\u0637\u0648\u0629 \u0643\u064a\u0641\u064a\u0629 Il s&#039;agit d&#039;un jeu vid\u00e9o (Steam, Xbox, PS\u2026).<\/p>\n<h2><img data-recalc-dims=\"1\" fetchpriority=\"high\" decoding=\"async\" class=\"alignnone size-full wp-image-2712\" src=\"https:\/\/i0.wp.com\/cdhubs.com\/wp-content\/uploads\/2025\/04\/apps.61451.14281959400456729.9883909f-528f-4876-af76-52fb2d46c8d7.jpg?resize=320%2C180&#038;ssl=1\" alt=\"\" width=\"320\" height=\"180\" srcset=\"https:\/\/i0.wp.com\/cdhubs.com\/wp-content\/uploads\/2025\/04\/apps.61451.14281959400456729.9883909f-528f-4876-af76-52fb2d46c8d7.jpg?w=320&amp;ssl=1 320w, https:\/\/i0.wp.com\/cdhubs.com\/wp-content\/uploads\/2025\/04\/apps.61451.14281959400456729.9883909f-528f-4876-af76-52fb2d46c8d7.jpg?resize=150%2C84&amp;ssl=1 150w\" sizes=\"(max-width: 320px) 100vw, 320px\" \/><\/h2>\n<h2 class=\"typography-module__xdsH6___c1AoA\">Jouer avec<\/h2>\n<ul class=\"FeaturesList-module__wrapper___KIw42 commonStyles-module__featureListStyle___8SVho\">\n<li class=\"commonStyles-module__basicContainer___8Vx5e FeaturesList-module__item___J8r6P typography-module__xdsTag3___87dP9\">Xbox One<\/li>\n<li class=\"commonStyles-module__basicContainer___8Vx5e FeaturesList-module__item___J8r6P typography-module__xdsTag3___87dP9\">Xbox Series X|S<\/li>\n<\/ul>\n<\/div>\n<div class=\"ModuleContainer-module__container___pkhPl\">\n<h2 class=\"typography-module__xdsH6___c1AoA\">Capacit\u00e9s<\/h2>\n<ul class=\"FeaturesList-module__wrapper___KIw42 commonStyles-module__featureListStyle___8SVho\">\n<li class=\"commonStyles-module__basicContainer___8Vx5e FeaturesList-module__item___J8r6P typography-module__xdsTag3___87dP9\">Coop\u00e9rative locale Xbox (2-4)<\/li>\n<li class=\"commonStyles-module__basicContainer___8Vx5e FeaturesList-module__item___J8r6P typography-module__xdsTag3___87dP9\">Coop\u00e9rative en ligne (2-2)<\/li>\n<li class=\"commonStyles-module__basicContainer___8Vx5e FeaturesList-module__item___J8r6P typography-module__xdsTag3___87dP9\">Multijoueur local Xbox (2-2)<\/li>\n<li class=\"commonStyles-module__basicContainer___8Vx5e FeaturesList-module__item___J8r6P typography-module__xdsTag3___87dP9\">Multijoueur en ligne (2-22)<\/li>\n<li class=\"commonStyles-module__basicContainer___8Vx5e FeaturesList-module__item___J8r6P typography-module__xdsTag3___87dP9\">Multijoueur multiplateforme Xbox<\/li>\n<li class=\"commonStyles-module__basicContainer___8Vx5e FeaturesList-module__item___J8r6P typography-module__xdsTag3___87dP9\">4K Ultra HD<\/li>\n<li class=\"commonStyles-module__basicContainer___8Vx5e FeaturesList-module__item___J8r6P typography-module__xdsTag3___87dP9\">HDR10<\/li>\n<li class=\"commonStyles-module__basicContainer___8Vx5e FeaturesList-module__item___J8r6P typography-module__xdsTag3___87dP9\">Joueur unique<\/li>\n<li class=\"commonStyles-module__basicContainer___8Vx5e FeaturesList-module__item___J8r6P typography-module__xdsTag3___87dP9\">\u00c9cran partag\u00e9\/divis\u00e9<\/li>\n<li class=\"commonStyles-module__basicContainer___8Vx5e FeaturesList-module__item___J8r6P typography-module__xdsTag3___87dP9\">Coop\u00e9ration multiplateforme Xbox<\/li>\n<li class=\"commonStyles-module__basicContainer___8Vx5e FeaturesList-module__item___J8r6P typography-module__xdsTag3___87dP9\">60 images par seconde et plus<\/li>\n<li class=\"commonStyles-module__basicContainer___8Vx5e FeaturesList-module__item___J8r6P typography-module__xdsTag3___87dP9\">Optimis\u00e9 pour Xbox Series X|S<\/li>\n<\/ul>\n<\/div>\n<h2><img data-recalc-dims=\"1\" decoding=\"async\" class=\"alignnone size-full wp-image-2709\" src=\"https:\/\/i0.wp.com\/cdhubs.com\/wp-content\/uploads\/2025\/04\/apps.21236.14281959400456729.cc9b887d-388f-4f3f-974b-f243e63a2776.jpg?resize=320%2C180&#038;ssl=1\" alt=\"\" width=\"320\" height=\"180\" srcset=\"https:\/\/i0.wp.com\/cdhubs.com\/wp-content\/uploads\/2025\/04\/apps.21236.14281959400456729.cc9b887d-388f-4f3f-974b-f243e63a2776.jpg?w=320&amp;ssl=1 320w, https:\/\/i0.wp.com\/cdhubs.com\/wp-content\/uploads\/2025\/04\/apps.21236.14281959400456729.cc9b887d-388f-4f3f-974b-f243e63a2776.jpg?resize=150%2C84&amp;ssl=1 150w\" sizes=\"(max-width: 320px) 100vw, 320px\" \/><\/h2>\n<h2 class=\"Description-module__descriptionHeader___pcdgC typography-module__xdsH6___c1AoA\">Description<\/h2>\n<div class=\"Description-module__descriptionContainer___hlY8t\">\n<p id=\":r0:\" class=\"Description-module__description___ylcn4 typography-module__xdsBody2___RNdGY ExpandableText-module__container___Uc17O\">L&#039;\u00c9dition Standard d&#039;EA SPORTS FC\u2122 24 inclut les jeux Xbox One et Xbox Series X|S\u2020. EA SPORTS FC\u2122 24 marque une nouvelle \u00e8re pour le jeu universel\u00a0: plus de 19\u00a0000 joueurs sous licence, plus de 700 \u00e9quipes et plus de 30 championnats s&#039;affrontent dans l&#039;exp\u00e9rience footballistique la plus authentique jamais cr\u00e9\u00e9e. Vivez au plus pr\u00e8s du jeu gr\u00e2ce \u00e0 trois technologies de pointe offrant un r\u00e9alisme in\u00e9gal\u00e9 \u00e0 chaque match\u00a0: HyperMotionV**, les PlayStyles optimis\u00e9s par Opta et le moteur Frostbite\u2122 am\u00e9lior\u00e9. HyperMotionV capture le jeu tel qu&#039;il est r\u00e9ellement jou\u00e9, en utilisant les donn\u00e9es volum\u00e9triques de plus de 180 matchs professionnels masculins et f\u00e9minins pour garantir que les mouvements en jeu refl\u00e8tent fid\u00e8lement l&#039;action r\u00e9elle sur le terrain.<\/p>\n<p class=\"Description-module__description___ylcn4 typography-module__xdsBody2___RNdGY ExpandableText-module__container___Uc17O\"><img data-recalc-dims=\"1\" decoding=\"async\" class=\"alignnone size-full wp-image-2706\" src=\"https:\/\/i0.wp.com\/cdhubs.com\/wp-content\/uploads\/2025\/04\/apps.3466.14281959400456729.1ccd86cd-add5-478b-b387-70c784de867d.jpg?resize=320%2C180&#038;ssl=1\" alt=\"\" width=\"320\" height=\"180\" srcset=\"https:\/\/i0.wp.com\/cdhubs.com\/wp-content\/uploads\/2025\/04\/apps.3466.14281959400456729.1ccd86cd-add5-478b-b387-70c784de867d.jpg?w=320&amp;ssl=1 320w, https:\/\/i0.wp.com\/cdhubs.com\/wp-content\/uploads\/2025\/04\/apps.3466.14281959400456729.1ccd86cd-add5-478b-b387-70c784de867d.jpg?resize=150%2C84&amp;ssl=1 150w\" sizes=\"(max-width: 320px) 100vw, 320px\" \/><\/p>\n<p class=\"Description-module__description___ylcn4 typography-module__xdsBody2___RNdGY ExpandableText-module__container___Uc17O\">Les Styles de Jeu dimensionnent les athl\u00e8tes en interpr\u00e9tant les donn\u00e9es d&#039;Opta et d&#039;autres sources pour en faire des comp\u00e9tences signatures qui renforcent le r\u00e9alisme et l&#039;individualit\u00e9 de chaque joueur. Le moteur Frostbite\u2122 am\u00e9lior\u00e9 restitue le Jeu Universel avec des d\u00e9tails r\u00e9alistes, offrant un niveau d&#039;immersion in\u00e9dit \u00e0 chaque match. D\u00e9veloppez des l\u00e9gendes de club et am\u00e9liorez vos joueurs avec les toutes nouvelles \u00e9volutions Ultimate Team\u2122, et accueillez des footballeuses sur le terrain aux c\u00f4t\u00e9s des hommes pour cr\u00e9er le onze de vos r\u00eaves. \u00c9crivez votre propre histoire dans les modes Carri\u00e8re d&#039;entra\u00eeneur et Carri\u00e8re de joueur, et rejoignez vos amis sur le terrain gr\u00e2ce au cross-play*** dans Clubs et VOLTA FOOTBALL\u2122. EA SPORTS FC\u2122 24 ouvre un nouveau chapitre vers un avenir du football plus innovant. Ce jeu inclut des achats en jeu optionnels de monnaie virtuelle permettant d&#039;acqu\u00e9rir des objets virtuels, dont une s\u00e9lection al\u00e9atoire. Les Points FC ne sont pas disponibles en Belgique.<\/p>\n<p>&nbsp;<\/p>\n<p class=\"Description-module__description___ylcn4 typography-module__xdsBody2___RNdGY ExpandableText-module__container___Uc17O\"><img data-recalc-dims=\"1\" loading=\"lazy\" decoding=\"async\" class=\"alignnone size-full wp-image-2707\" src=\"https:\/\/i0.wp.com\/cdhubs.com\/wp-content\/uploads\/2025\/04\/apps.6011.14281959400456729.cc9b887d-388f-4f3f-974b-f243e63a2776.jpg?resize=320%2C180&#038;ssl=1\" alt=\"\" width=\"320\" height=\"180\" srcset=\"https:\/\/i0.wp.com\/cdhubs.com\/wp-content\/uploads\/2025\/04\/apps.6011.14281959400456729.cc9b887d-388f-4f3f-974b-f243e63a2776.jpg?w=320&amp;ssl=1 320w, https:\/\/i0.wp.com\/cdhubs.com\/wp-content\/uploads\/2025\/04\/apps.6011.14281959400456729.cc9b887d-388f-4f3f-974b-f243e63a2776.jpg?resize=150%2C84&amp;ssl=1 150w\" sizes=\"(max-width: 320px) 100vw, 320px\" \/><\/p>\n<p class=\"Description-module__description___ylcn4 typography-module__xdsBody2___RNdGY ExpandableText-module__container___Uc17O\">\u2020Des conditions et restrictions s&#039;appliquent. Consultez https:\/\/www.ea.com\/games\/ea-sports-fc\/fc-24\/dual-entitlement pour plus de d\u00e9tails. *Des conditions et restrictions s&#039;appliquent. Consultez https:\/\/www.ea.com\/games\/ea-sports-fc\/fc-24\/game-offer-and-disclaimers pour plus de d\u00e9tails. **Technologie HyperMotionV disponible uniquement sur Xbox Series X|S. ***Crossplay activ\u00e9 dans certains modes sur les plateformes de m\u00eame g\u00e9n\u00e9ration. Crossplay non disponible sur la version Nintendo Switch\u2122. Consultez ea.com\/games\/ea-sports-fc\/fc-<\/p>\n<p class=\"Description-module__description___ylcn4 typography-module__xdsBody2___RNdGY ExpandableText-module__container___Uc17O\">24\/news\/fc24crossplayupdate pour plus de d\u00e9tails. \u00a9 2023 Electronic Arts Inc. Electronic Arts, EA, EA SPORTS, le logo EA SPORTS, EA SPORTS FC, le logo EA SPORTS FC, Frostbite, le logo Frostbite, Ultimate Team et VOLTA FOOTBALL sont des marques commerciales d&#039;Electronic Arts Inc.<\/p>\n<\/div>","protected":false},"excerpt":{"rendered":"<p>\u0627\u0644\u0648\u0635\u0641: \u0627\u0633\u062a\u0645\u062a\u0639 \u0628\u062a\u062c\u0631\u0628\u0629 \u0644\u0639\u0628 \u0623\u0635\u0644\u064a\u0629 \u0639\u0628\u0631 \u0643\u0648\u062f \u0627\u0633\u062a\u0631\u062f\u0627\u062f \u0631\u0633\u0645\u064a! \u0627\u0634\u062a\u0631\u0650 \u0627\u0644\u0644\u0639\u0628\u0629 \u0627\u0644\u0622\u0646 \u0648\u0627\u062d\u0635\u0644 \u0639\u0644\u0649 \u0643\u0648\u062f \u0627\u0644\u062a\u0641\u0639\u064a\u0644 \u0627\u0644\u0631\u0642\u0645\u064a \u062e\u0644\u0627\u0644 10 \u0625\u0644\u0649<\/p>","protected":false},"featured_media":2800,"comment_status":"open","ping_status":"closed","template":"","meta":{"googlesitekit_rrm_CAowv7G7DA:productID":"","om_disable_all_campaigns":false,"_monsterinsights_skip_tracking":false,"_monsterinsights_sitenote_active":false,"_monsterinsights_sitenote_note":"","_monsterinsights_sitenote_category":0,"jetpack_post_was_ever_published":false},"product_brand":[],"product_cat":[],"product_tag":[],"class_list":{"0":"post-2799","1":"product","2":"type-product","3":"status-publish","4":"has-post-thumbnail","7":"first","8":"instock","9":"sale","10":"virtual","11":"taxable","12":"purchasable","13":"product-type-simple"},"jetpack_sharing_enabled":true,"jetpack_likes_enabled":true,"_links":{"self":[{"href":"https:\/\/cdhubs.com\/fr\/wp-json\/wp\/v2\/product\/2799","targetHints":{"allow":["GET"]}}],"collection":[{"href":"https:\/\/cdhubs.com\/fr\/wp-json\/wp\/v2\/product"}],"about":[{"href":"https:\/\/cdhubs.com\/fr\/wp-json\/wp\/v2\/types\/product"}],"replies":[{"embeddable":true,"href":"https:\/\/cdhubs.com\/fr\/wp-json\/wp\/v2\/comments?post=2799"}],"version-history":[{"count":1,"href":"https:\/\/cdhubs.com\/fr\/wp-json\/wp\/v2\/product\/2799\/revisions"}],"predecessor-version":[{"id":2801,"href":"https:\/\/cdhubs.com\/fr\/wp-json\/wp\/v2\/product\/2799\/revisions\/2801"}],"wp:featuredmedia":[{"embeddable":true,"href":"https:\/\/cdhubs.com\/fr\/wp-json\/wp\/v2\/media\/2800"}],"wp:attachment":[{"href":"https:\/\/cdhubs.com\/fr\/wp-json\/wp\/v2\/media?parent=2799"}],"wp:term":[{"taxonomy":"product_brand","embeddable":true,"href":"https:\/\/cdhubs.com\/fr\/wp-json\/wp\/v2\/product_brand?post=2799"},{"taxonomy":"product_cat","embeddable":true,"href":"https:\/\/cdhubs.com\/fr\/wp-json\/wp\/v2\/product_cat?post=2799"},{"taxonomy":"product_tag","embeddable":true,"href":"https:\/\/cdhubs.com\/fr\/wp-json\/wp\/v2\/product_tag?post=2799"}],"curies":[{"name":"wp","href":"https:\/\/api.w.org\/{rel}","templated":true}]}}