{"id":2778,"date":"2025-04-22T11:49:36","date_gmt":"2025-04-22T10:49:36","guid":{"rendered":"https:\/\/cdhubs.com\/?post_type=product&#038;p=2778"},"modified":"2025-05-11T23:51:55","modified_gmt":"2025-05-11T22:51:55","slug":"grand-theft-auto-v-premium-online-edition-xbox-one-xbox-series-xs","status":"publish","type":"product","link":"https:\/\/cdhubs.com\/fr\/produit\/grand-theft-auto-v-premium-online-edition-xbox-one-xbox-series-xs\/","title":{"rendered":"Grand Theft Auto V\u00a0: \u00c9dition Premium en ligne XBOX One \/ Xbox Series X|S"},"content":{"rendered":"<p><strong>\u0627\u0633\u062a\u0645\u062a\u0639 \u0628\u062a\u062c\u0631\u0628\u0629 \u0644\u0639\u0628 \u0623\u0635\u0644\u064a\u0629 \u0639\u0628\u0631 \u0643\u0648\u062f \u0627\u0633\u062a\u0631\u062f\u0627\u062f \u0631\u0633\u0645\u064a!<\/strong><br \/>\n\u0627\u0634\u062a\u0631\u0650 \u0627\u0644\u0644\u0639\u0628\u0629 \u0648\u0627\u062d\u0635\u0644 \u0639\u0644\u0649 \u0643\u0648\u062f \u0627\u0644\u062a\u0641\u0639\u064a\u0644 \u0627\u0644\u0631\u0642\u0645\u064a \u062e\u0644\u0627\u0644 10 \u0625\u0644\u0649 15 \u062f\u0642\u064a\u0642\u0629 \u0641\u0642\u0637 \u0628\u0639\u062f \u0627\u0644\u062f\u0641\u0639.<br \/>\nIl s&#039;agit d&#039;un jeu vid\u00e9o (Steam, Xbox, PSN\u2026) et d&#039;un jeu vid\u00e9o.<\/p>\n<p><strong>\u0645\u0645\u064a\u0632\u0627\u062a \u0627\u0644\u0645\u0646\u062a\u062c:<\/strong><br \/>\npar \u0631\u0633\u0645\u064a \u0648\u0622\u0645\u0646 100%<\/p>\n<p>\u062a\u0633\u0644\u064a\u0645 \u0633\u0631\u064a\u0639 \u062e\u0644\u0627\u0644 10 \u2013 15 jours<\/p>\n<p>\u062f\u0639\u0645 \u0641\u0646\u064a \u0641\u064a \u062d\u0627\u0644 \u0648\u0627\u062c\u0647\u062a \u0623\u064a \u0645\u0634\u0643\u0644\u0629<\/p>\n<p>\u0628\u062f\u0648\u0646 \u0627\u0634\u062a\u0631\u0627\u0643 \u0634\u0647\u0631\u064a \u2013 \u0634\u0631\u0627\u0621 \u0644\u0645\u0631\u0629 \u0648\u0627\u062d\u062f\u0629 \u0641\u0642\u0637<\/p>\n<p>\u0627\u0644\u0633\u0639\u0631 \u0627\u0644\u0623\u0641\u0636\u0644 \u0641\u064a \u0627\u0644\u0633\u0648\u0642 \u0627\u0644\u062c\u0632\u0627\u0626\u0631\u064a<\/p>\n<p><strong>\u0643\u064a\u0641\u064a\u0629 \u0627\u0644\u0627\u0633\u062a\u0631\u062f\u0627\u062f:<\/strong><br \/>\n\u0625\u0630\u0627 \u0644\u0645 \u062a\u0643\u0646 \u062a\u0639\u0631\u0641 \u0637\u0631\u064a\u0642\u0629 \u062a\u0641\u0639\u064a\u0644 \u0627\u0644\u0643\u0648\u062f\u060c \u0644\u0627 \u062a\u0642\u0644\u0642!<br \/>\n\u0628\u0639\u062f \u0639\u0645\u0644\u064a\u0629 \u0627\u0644\u0634\u0631\u0627\u0621\u060c \u0633\u064a\u062a\u0645 \u062a\u0648\u062c\u064a\u0647\u0643 \u062a\u0644\u0642\u0627\u0626\u064a\u0627\u064b \u0625\u0644\u0649 \u0635\u0641\u062d\u0629 \u0641\u064a\u0647\u0627 \u0641\u064a\u062f\u064a\u0648\u0647\u0627\u062a \u062a\u0634\u0631\u062d \u062e\u0637\u0648\u0629 \u0643\u064a\u0641\u064a\u0629 Il s&#039;agit d&#039;un jeu vid\u00e9o (Steam, Xbox, PS\u2026).<\/p>\n<p><strong>Date de sortie : 04\/03\/2025<\/strong><\/p>\n<h2 class=\"bb_tag\">Comprend :<\/h2>\n<ul>\n<li>Grand Theft Auto V am\u00e9lior\u00e9,<\/li>\n<li>Grand Theft Auto V H\u00e9ritage,<\/li>\n<li>Grand Theft Auto V Legacy \u2013 Pack de d\u00e9marrage Criminal Enterprise<\/li>\n<\/ul>\n<p><strong>Bienvenue \u00e0 Los Santos<br \/>\n<\/strong>Lorsqu&#039;un jeune arnaqueur de rue, un braqueur de banque \u00e0 la retraite et un psychopathe terrifiant se retrouvent emp\u00eatr\u00e9s dans certains des \u00e9l\u00e9ments les plus effrayants et les plus d\u00e9rang\u00e9s du monde criminel, du gouvernement am\u00e9ricain et de l&#039;industrie du divertissement, ils doivent r\u00e9ussir une s\u00e9rie de braquages dangereux pour survivre dans une ville impitoyable dans laquelle ils ne peuvent faire confiance \u00e0 personne, et encore moins les uns aux autres.<\/p>\n<p class=\"bb_paragraph\">Les joueurs PC actuels peuvent transf\u00e9rer \u00e0 la fois la progression du mode Histoire de GTAV et les personnages et la progression de GTA Online avec une migration unique de la version h\u00e9rit\u00e9e de GTAV vers GTAV Enhanced.<\/p>\n<p class=\"bb_paragraph\"><img data-recalc-dims=\"1\" decoding=\"async\" src=\"https:\/\/i0.wp.com\/shared.akamai.steamstatic.com\/store_item_assets\/steam\/apps\/3240220\/f2e70b5823510daa062293ff0b03821e1dee2d37\/ss_f2e70b5823510daa062293ff0b03821e1dee2d37.1920x1080.jpg?ssl=1\" \/><\/p>\n<h2 class=\"bb_paragraph\">Caract\u00e9ristiques:<\/h2>\n<ul>\n<li class=\"bb_tag\"><strong>Des visuels \u00e9poustouflants<br \/>\n<\/strong>Niveaux de fid\u00e9lit\u00e9 et de performances am\u00e9lior\u00e9s avec de nouveaux modes graphiques incluant des fonctionnalit\u00e9s de lancer de rayons telles que l&#039;occlusion ambiante et l&#039;\u00e9clairage global, les ombres et les reflets trac\u00e9s par rayons, la prise en charge d&#039;AMD FSR et de NVIDIA DLSS, et bien plus encore.*<\/li>\n<li class=\"bb_tag\"><strong>Chargement plus rapide<br \/>\n<\/strong>Acc\u00e8s plus rapide \u00e0 l&#039;action alors que le monde de Los Santos et du comt\u00e9 de Blaine se charge plus rapidement que jamais en utilisant SSD et DirectStorage sur les appareils pris en charge.<\/li>\n<li class=\"bb_tag\"><strong>Contr\u00f4les immersifs<br \/>\n<\/strong>Ressentez de nouveaux niveaux de r\u00e9activit\u00e9 avec une r\u00e9sistance dynamique via les d\u00e9clencheurs adaptatifs du contr\u00f4leur sans fil DualSense\u2122, des dommages directionnels aux effets m\u00e9t\u00e9orologiques, des surfaces de route accident\u00e9es aux explosions, et bien plus encore.*<\/li>\n<li class=\"bb_tag\"><strong>Audio 3D<br \/>\n<\/strong>Audio am\u00e9lior\u00e9 avec prise en charge de Dolby Atmos et fid\u00e9lit\u00e9 am\u00e9lior\u00e9e de la parole, des cin\u00e9matiques et de la musique.* \u00c9coutez les sons du monde avec une pr\u00e9cision extr\u00eame : l&#039;acc\u00e9l\u00e9rateur d&#039;une supercar vol\u00e9e, le cr\u00e9pitement des coups de feu \u00e0 proximit\u00e9, le rugissement d&#039;un h\u00e9licopt\u00e8re au-dessus de votre t\u00eate, et bien plus encore.<\/li>\n<li class=\"bb_tag\"><strong>Grand Theft Auto Online<br \/>\n<\/strong>D\u00e9couvrez GTA Online, un univers en ligne dynamique et en constante \u00e9volution pouvant accueillir jusqu&#039;\u00e0 30 joueurs, o\u00f9 vous pouvez passer du statut d&#039;escroc de rue \u00e0 celui de chef de votre propre empire criminel.<br \/>\nProfitez de nouvelles am\u00e9liorations et am\u00e9liorations de v\u00e9hicules hautes performances, comme le Cr\u00e9ateur de Carri\u00e8re, ainsi que de toutes les am\u00e9liorations, extensions et contenus de GTA Online sortis depuis sa sortie, \u00e0 savourer en solo ou entre amis. R\u00e9alisez des braquages audacieux en coop\u00e9ration, participez \u00e0 des courses casse-cou pleines d&#039;adr\u00e9naline, participez \u00e0 des modes rivalit\u00e9 uniques ou passez du temps dans des lieux de rencontre comme les bo\u00eetes de nuit, les salles d&#039;arcade, les soir\u00e9es en terrasse, les rassemblements automobiles et bien plus encore.<\/li>\n<li class=\"bb_tag\"><strong>Contenu exclusif<br \/>\n<\/strong>D\u00e9couvrez les voitures sp\u00e9ciales de Hao au Los Santos Car Meet, avec leurs nouvelles am\u00e9liorations et modifications exclusives. Pilotez ensuite ces v\u00e9hicules hautes performances lors des courses HSW, des nouveaux contre-la-montre et bien plus encore.<\/li>\n<li class=\"bb_tag\"><strong>Nouveau cr\u00e9ateur de carri\u00e8re<br \/>\n<\/strong>Lancez-vous dans GTA Online avec les outils du m\u00e9tier. Choisissez rapidement l&#039;une des quatre entreprises suivantes\u00a0: motard, cadre, propri\u00e9taire de bo\u00eete de nuit ou trafiquant d&#039;armes, et faites votre choix parmi des propri\u00e9t\u00e9s, des v\u00e9hicules puissants et des armes pour lancer votre entreprise.<\/li>\n<li class=\"bb_tag\"><strong>Nouvelle conception du menu<br \/>\n<\/strong>Acc\u00e9dez imm\u00e9diatement \u00e0 tout ce que GTA Online a \u00e0 offrir directement depuis le menu principal, y compris les mises \u00e0 jour les plus r\u00e9centes et les plus populaires.<\/li>\n<li class=\"bb_tag\"><strong>Acc\u00e8s \u00e0 toutes les mises \u00e0 jour actuelles et pr\u00e9c\u00e9dentes<br \/>\n<\/strong>Plongez dans plus de 40 mises \u00e0 jour majeures et bien d&#039;autres \u00e0 venir, incluant tout, de la gestion d&#039;une installation secr\u00e8te dans Agents de Sabotage \u00e0 la traque et \u00e0 la capture des personnes les plus recherch\u00e9es du sud de San Andreas dans Bottom Dollar Bounties\u00a0; la d\u00e9nonciation de policiers corrompus et de cartels de tueurs dans The Cluckin&#039; Bell Farm Raid, en passant par les braquages audacieux des v\u00e9hicules les plus convoit\u00e9s de Los Santos dans The Chop Shop. Tout cela et bien plus encore est disponible, ainsi qu&#039;un large \u00e9ventail de courses, de modes, d&#039;activit\u00e9s et d&#039;espaces sociaux \u00e0 d\u00e9couvrir seul ou entre amis\u00a0: bo\u00eetes de nuit, salles d&#039;arcade, soir\u00e9es en terrasse, rencontres automobiles et bien plus encore.<\/li>\n<\/ul>","protected":false},"excerpt":{"rendered":"<p>\u0627\u0633\u062a\u0645\u062a\u0639 \u0628\u062a\u062c\u0631\u0628\u0629 \u0644\u0639\u0628 \u0623\u0635\u0644\u064a\u0629 \u0639\u0628\u0631 \u0643\u0648\u062f \u0627\u0633\u062a\u0631\u062f\u0627\u062f \u0631\u0633\u0645\u064a! \u0627\u0634\u062a\u0631\u0650 \u0627\u0644\u0644\u0639\u0628\u0629 \u0627\u0644\u0622\u0646 \u0648\u0627\u062d\u0635\u0644 \u0639\u0644\u0649 \u0643\u0648\u062f \u0627\u0644\u062a\u0641\u0639\u064a\u0644 \u0627\u0644\u0631\u0642\u0645\u064a \u062e\u0644\u0627\u0644 10 \u0625\u0644\u0649 15<\/p>","protected":false},"featured_media":2779,"comment_status":"open","ping_status":"closed","template":"","meta":{"googlesitekit_rrm_CAowv7G7DA:productID":"","om_disable_all_campaigns":false,"_monsterinsights_skip_tracking":false,"_monsterinsights_sitenote_active":false,"_monsterinsights_sitenote_note":"","_monsterinsights_sitenote_category":0,"jetpack_post_was_ever_published":false},"product_brand":[63],"product_cat":[],"product_tag":[68,70,52,71,72],"class_list":{"0":"post-2778","1":"product","2":"type-product","3":"status-publish","4":"has-post-thumbnail","6":"product_brand-xbox","7":"product_tag-gta-v","8":"product_tag-rockstar-games","9":"product_tag-xbox","10":"product_tag-xbox-one","11":"product_tag-xbox-s-x","13":"first","14":"instock","15":"sale","16":"virtual","17":"taxable","18":"purchasable","19":"product-type-simple"},"jetpack_sharing_enabled":true,"jetpack_likes_enabled":true,"_links":{"self":[{"href":"https:\/\/cdhubs.com\/fr\/wp-json\/wp\/v2\/product\/2778","targetHints":{"allow":["GET"]}}],"collection":[{"href":"https:\/\/cdhubs.com\/fr\/wp-json\/wp\/v2\/product"}],"about":[{"href":"https:\/\/cdhubs.com\/fr\/wp-json\/wp\/v2\/types\/product"}],"replies":[{"embeddable":true,"href":"https:\/\/cdhubs.com\/fr\/wp-json\/wp\/v2\/comments?post=2778"}],"version-history":[{"count":2,"href":"https:\/\/cdhubs.com\/fr\/wp-json\/wp\/v2\/product\/2778\/revisions"}],"predecessor-version":[{"id":2781,"href":"https:\/\/cdhubs.com\/fr\/wp-json\/wp\/v2\/product\/2778\/revisions\/2781"}],"wp:featuredmedia":[{"embeddable":true,"href":"https:\/\/cdhubs.com\/fr\/wp-json\/wp\/v2\/media\/2779"}],"wp:attachment":[{"href":"https:\/\/cdhubs.com\/fr\/wp-json\/wp\/v2\/media?parent=2778"}],"wp:term":[{"taxonomy":"product_brand","embeddable":true,"href":"https:\/\/cdhubs.com\/fr\/wp-json\/wp\/v2\/product_brand?post=2778"},{"taxonomy":"product_cat","embeddable":true,"href":"https:\/\/cdhubs.com\/fr\/wp-json\/wp\/v2\/product_cat?post=2778"},{"taxonomy":"product_tag","embeddable":true,"href":"https:\/\/cdhubs.com\/fr\/wp-json\/wp\/v2\/product_tag?post=2778"}],"curies":[{"name":"wp","href":"https:\/\/api.w.org\/{rel}","templated":true}]}}