{"id":2742,"date":"2025-04-22T06:06:19","date_gmt":"2025-04-22T05:06:19","guid":{"rendered":"https:\/\/cdhubs.com\/?post_type=product&#038;p=2742"},"modified":"2025-05-11T23:50:00","modified_gmt":"2025-05-11T22:50:00","slug":"cyberpunk-2077-xbox","status":"publish","type":"product","link":"https:\/\/cdhubs.com\/fr\/produit\/cyberpunk-2077-xbox\/","title":{"rendered":"Cyberpunk 2077 XBOX"},"content":{"rendered":"<h2><img fetchpriority=\"high\" decoding=\"async\" class=\"alignnone size-medium wp-image-2736\" src=\"https:\/\/cdhubs.com\/wp-content\/uploads\/2023\/07\/ss_1daf4cb17a36f9b01206ab2420ca1969379f3c34.1920x1080_1560155973_1_2-400x225.avif\" alt=\"\" width=\"400\" height=\"225\" srcset=\"https:\/\/cdhubs.com\/wp-content\/uploads\/2023\/07\/ss_1daf4cb17a36f9b01206ab2420ca1969379f3c34.1920x1080_1560155973_1_2-400x225.avif 400w, https:\/\/cdhubs.com\/wp-content\/uploads\/2023\/07\/ss_1daf4cb17a36f9b01206ab2420ca1969379f3c34.1920x1080_1560155973_1_2-430x242.avif 430w, https:\/\/cdhubs.com\/wp-content\/uploads\/2023\/07\/ss_1daf4cb17a36f9b01206ab2420ca1969379f3c34.1920x1080_1560155973_1_2-700x394.avif 700w, https:\/\/cdhubs.com\/wp-content\/uploads\/2023\/07\/ss_1daf4cb17a36f9b01206ab2420ca1969379f3c34.1920x1080_1560155973_1_2-150x84.avif 150w, https:\/\/cdhubs.com\/wp-content\/uploads\/2023\/07\/ss_1daf4cb17a36f9b01206ab2420ca1969379f3c34.1920x1080_1560155973_1_2.avif 750w\" sizes=\"(max-width: 400px) 100vw, 400px\" \/><img decoding=\"async\" class=\"alignnone size-medium wp-image-2737\" src=\"https:\/\/cdhubs.com\/wp-content\/uploads\/2023\/07\/ss_02c0b551bd16ddcc13c71dac5b10a4f511a74334.1920x1080_1560155975_1_2-400x225.avif\" alt=\"\" width=\"400\" height=\"225\" srcset=\"https:\/\/cdhubs.com\/wp-content\/uploads\/2023\/07\/ss_02c0b551bd16ddcc13c71dac5b10a4f511a74334.1920x1080_1560155975_1_2-400x225.avif 400w, https:\/\/cdhubs.com\/wp-content\/uploads\/2023\/07\/ss_02c0b551bd16ddcc13c71dac5b10a4f511a74334.1920x1080_1560155975_1_2-430x242.avif 430w, https:\/\/cdhubs.com\/wp-content\/uploads\/2023\/07\/ss_02c0b551bd16ddcc13c71dac5b10a4f511a74334.1920x1080_1560155975_1_2-700x394.avif 700w, https:\/\/cdhubs.com\/wp-content\/uploads\/2023\/07\/ss_02c0b551bd16ddcc13c71dac5b10a4f511a74334.1920x1080_1560155975_1_2-150x84.avif 150w, https:\/\/cdhubs.com\/wp-content\/uploads\/2023\/07\/ss_02c0b551bd16ddcc13c71dac5b10a4f511a74334.1920x1080_1560155975_1_2.avif 750w\" sizes=\"(max-width: 400px) 100vw, 400px\" \/><img decoding=\"async\" class=\"alignnone size-medium wp-image-2738\" src=\"https:\/\/cdhubs.com\/wp-content\/uploads\/2023\/07\/ss_9a2c615a865b06e6e452fe015385a6dc60207bb1.1920x1080_1560155976_1_2-400x225.avif\" alt=\"\" width=\"400\" height=\"225\" srcset=\"https:\/\/cdhubs.com\/wp-content\/uploads\/2023\/07\/ss_9a2c615a865b06e6e452fe015385a6dc60207bb1.1920x1080_1560155976_1_2-400x225.avif 400w, https:\/\/cdhubs.com\/wp-content\/uploads\/2023\/07\/ss_9a2c615a865b06e6e452fe015385a6dc60207bb1.1920x1080_1560155976_1_2-430x242.avif 430w, https:\/\/cdhubs.com\/wp-content\/uploads\/2023\/07\/ss_9a2c615a865b06e6e452fe015385a6dc60207bb1.1920x1080_1560155976_1_2-700x394.avif 700w, https:\/\/cdhubs.com\/wp-content\/uploads\/2023\/07\/ss_9a2c615a865b06e6e452fe015385a6dc60207bb1.1920x1080_1560155976_1_2-150x84.avif 150w, https:\/\/cdhubs.com\/wp-content\/uploads\/2023\/07\/ss_9a2c615a865b06e6e452fe015385a6dc60207bb1.1920x1080_1560155976_1_2.avif 750w\" sizes=\"(max-width: 400px) 100vw, 400px\" \/><img loading=\"lazy\" decoding=\"async\" class=\"alignnone size-medium wp-image-2739\" src=\"https:\/\/cdhubs.com\/wp-content\/uploads\/2023\/07\/ss_9beef14102f164fa1163536d0fb3a51d0a2e4a3f.1920x1080_1560155977_1_2-400x225.avif\" alt=\"\" width=\"400\" height=\"225\" srcset=\"https:\/\/cdhubs.com\/wp-content\/uploads\/2023\/07\/ss_9beef14102f164fa1163536d0fb3a51d0a2e4a3f.1920x1080_1560155977_1_2-400x225.avif 400w, https:\/\/cdhubs.com\/wp-content\/uploads\/2023\/07\/ss_9beef14102f164fa1163536d0fb3a51d0a2e4a3f.1920x1080_1560155977_1_2-430x242.avif 430w, https:\/\/cdhubs.com\/wp-content\/uploads\/2023\/07\/ss_9beef14102f164fa1163536d0fb3a51d0a2e4a3f.1920x1080_1560155977_1_2-700x394.avif 700w, https:\/\/cdhubs.com\/wp-content\/uploads\/2023\/07\/ss_9beef14102f164fa1163536d0fb3a51d0a2e4a3f.1920x1080_1560155977_1_2-150x84.avif 150w, https:\/\/cdhubs.com\/wp-content\/uploads\/2023\/07\/ss_9beef14102f164fa1163536d0fb3a51d0a2e4a3f.1920x1080_1560155977_1_2.avif 750w\" sizes=\"(max-width: 400px) 100vw, 400px\" \/><\/h2>\n<h2 class=\"Description-module__descriptionHeader___pcdgC typography-module__xdsH6___c1AoA\">Description<\/h2>\n<div class=\"Description-module__descriptionContainer___hlY8t\">\n<p id=\":R2aejn:\" class=\"Description-module__description___ylcn4 typography-module__xdsBody2___RNdGY ExpandableText-module__container___Uc17O\">IMPORTANT\u00a0: Bien que le jeu de base Cyberpunk 2077 soit disponible sur Xbox One, cette version a re\u00e7u son dernier patch le 8\u00a0novembre\u00a02022 et n\u2019est plus prise en charge. Une console Xbox Series X|S est requise pour t\u00e9l\u00e9charger et appliquer les patchs Cyberpunk 2077 publi\u00e9s apr\u00e8s cette date, ainsi que pour acheter et jouer au pack d\u2019extension Phantom Liberty. Cyberpunk 2077 est un RPG d\u2019action-aventure en monde ouvert se d\u00e9roulant dans la m\u00e9galopole de Night City, o\u00f9 vous incarnez un mercenaire cyberpunk engag\u00e9 dans une lutte acharn\u00e9e pour sa survie. Am\u00e9lior\u00e9 et dot\u00e9 de tout nouveau contenu additionnel gratuit, personnalisez votre personnage et votre style de jeu en acceptant des missions, en vous forgeant une r\u00e9putation et en d\u00e9bloquant des am\u00e9liorations. Les relations que vous tissez et vos choix fa\u00e7onneront l\u2019histoire et le monde qui vous entoure. Des l\u00e9gendes se cr\u00e9ent ici. Quelle sera la v\u00f4tre\u00a0? PERSONNALISEZ VOTRE CYBERPUNK AVEC LA MISE \u00c0 JOUR\u00a02.2\u00a0! Exprimez-vous avec la mise \u00e0 jour\u00a02.2 gratuite\u00a0! Personnalisez votre personnage avec de nouvelles variantes de cyberwares cosm\u00e9tiques, de tatouages et de maquillage. Passez au niveau sup\u00e9rieur avec la technologie exclusive CrystalCoat de Rayfield, qui vous permet de changer de couleur sur les voitures de luxe et de sport. De plus, plongez dans le mode photo am\u00e9lior\u00e9 pour capturer chaque instant avec des d\u00e9tails \u00e9poustouflants. CR\u00c9EZ VOTRE PROPRE CYBERPUNK. Devenez un hors-la-loi urbain \u00e9quip\u00e9 d&#039;am\u00e9liorations cybern\u00e9tiques et construisez votre l\u00e9gende.<\/p>\n<\/div>","protected":false},"excerpt":{"rendered":"<p>\u0627\u0633\u062a\u0645\u062a\u0639 \u0628\u062a\u062c\u0631\u0628\u0629 \u0644\u0639\u0628 \u0623\u0635\u0644\u064a\u0629 \u0639\u0628\u0631 \u0643\u0648\u062f \u0627\u0633\u062a\u0631\u062f\u0627\u062f \u0631\u0633\u0645\u064a!<br \/>\n\u0627\u0634\u062a\u0631\u0650 \u0627\u0644\u0644\u0639\u0628\u0629 \u0648\u0627\u062d\u0635\u0644 \u0639\u0644\u0649 \u0643\u0648\u062f \u0627\u0644\u062a\u0641\u0639\u064a\u0644 \u0627\u0644\u0631\u0642\u0645\u064a \u062e\u0644\u0627\u0644 10 \u0625\u0644\u0649 15 \u062f\u0642\u064a\u0642\u0629 \u0641\u0642\u0637 \u0628\u0639\u062f \u0627\u0644\u062f\u0641\u0639.<br \/>\nIl s&#039;agit d&#039;un jeu vid\u00e9o (Steam, Xbox, PSN\u2026) et d&#039;un jeu vid\u00e9o.<\/p>\n<p>\u0645\u0645\u064a\u0632\u0627\u062a \u0627\u0644\u0645\u0646\u062a\u062c:<br \/>\npar \u0631\u0633\u0645\u064a \u0648\u0622\u0645\u0646 100%<\/p>\n<p>\u062a\u0633\u0644\u064a\u0645 \u0633\u0631\u064a\u0639 \u062e\u0644\u0627\u0644 10 \u2013 15 jours<\/p>\n<p>\u062f\u0639\u0645 \u0641\u0646\u064a \u0641\u064a \u062d\u0627\u0644 \u0648\u0627\u062c\u0647\u062a \u0623\u064a \u0645\u0634\u0643\u0644\u0629<\/p>\n<p>\u0628\u062f\u0648\u0646 \u0627\u0634\u062a\u0631\u0627\u0643 \u0634\u0647\u0631\u064a \u2013 \u0634\u0631\u0627\u0621 \u0644\u0645\u0631\u0629 \u0648\u0627\u062d\u062f\u0629 \u0641\u0642\u0637<\/p>\n<p>\u0627\u0644\u0633\u0639\u0631 \u0627\u0644\u0623\u0641\u0636\u0644 \u0641\u064a \u0627\u0644\u0633\u0648\u0642 \u0627\u0644\u062c\u0632\u0627\u0626\u0631\u064a<\/p>\n<p>\u0643\u064a\u0641\u064a\u0629 \u0627\u0644\u0627\u0633\u062a\u0631\u062f\u0627\u062f:<br \/>\n\u0625\u0630\u0627 \u0644\u0645 \u062a\u0643\u0646 \u062a\u0639\u0631\u0641 \u0637\u0631\u064a\u0642\u0629 \u062a\u0641\u0639\u064a\u0644 \u0627\u0644\u0643\u0648\u062f\u060c \u0644\u0627 \u062a\u0642\u0644\u0642!<br \/>\n\u0628\u0639\u062f \u0639\u0645\u0644\u064a\u0629 \u0627\u0644\u0634\u0631\u0627\u0621\u060c \u0633\u064a\u062a\u0645 \u062a\u0648\u062c\u064a\u0647\u0643 \u062a\u0644\u0642\u0627\u0626\u064a\u0627\u064b \u0625\u0644\u0649 \u0635\u0641\u062d\u0629 \u0641\u064a\u0647\u0627 \u0641\u064a\u062f\u064a\u0648\u0647\u0627\u062a \u062a\u0634\u0631\u062d \u062e\u0637\u0648\u0629 \u0643\u064a\u0641\u064a\u0629 Il s&#039;agit d&#039;un jeu vid\u00e9o (Steam, Xbox, PS\u2026).<\/p>","protected":false},"featured_media":2743,"comment_status":"open","ping_status":"closed","template":"","meta":{"googlesitekit_rrm_CAowv7G7DA:productID":"","om_disable_all_campaigns":false,"_monsterinsights_skip_tracking":false,"_monsterinsights_sitenote_active":false,"_monsterinsights_sitenote_note":"","_monsterinsights_sitenote_category":0,"jetpack_post_was_ever_published":false},"product_brand":[63],"product_cat":[114,48,49],"product_tag":[62,52],"class_list":{"0":"post-2742","1":"product","2":"type-product","3":"status-publish","4":"has-post-thumbnail","6":"product_brand-xbox","7":"product_cat-xbox-series-xs-one","8":"product_cat-xbox-one","9":"product_cat-xbox-series-xs","10":"product_tag-cyberpunk-2077","11":"product_tag-xbox","13":"first","14":"instock","15":"sale","16":"virtual","17":"taxable","18":"purchasable","19":"product-type-simple"},"jetpack_sharing_enabled":true,"jetpack_likes_enabled":true,"_links":{"self":[{"href":"https:\/\/cdhubs.com\/fr\/wp-json\/wp\/v2\/product\/2742","targetHints":{"allow":["GET"]}}],"collection":[{"href":"https:\/\/cdhubs.com\/fr\/wp-json\/wp\/v2\/product"}],"about":[{"href":"https:\/\/cdhubs.com\/fr\/wp-json\/wp\/v2\/types\/product"}],"replies":[{"embeddable":true,"href":"https:\/\/cdhubs.com\/fr\/wp-json\/wp\/v2\/comments?post=2742"}],"version-history":[{"count":2,"href":"https:\/\/cdhubs.com\/fr\/wp-json\/wp\/v2\/product\/2742\/revisions"}],"predecessor-version":[{"id":3094,"href":"https:\/\/cdhubs.com\/fr\/wp-json\/wp\/v2\/product\/2742\/revisions\/3094"}],"wp:featuredmedia":[{"embeddable":true,"href":"https:\/\/cdhubs.com\/fr\/wp-json\/wp\/v2\/media\/2743"}],"wp:attachment":[{"href":"https:\/\/cdhubs.com\/fr\/wp-json\/wp\/v2\/media?parent=2742"}],"wp:term":[{"taxonomy":"product_brand","embeddable":true,"href":"https:\/\/cdhubs.com\/fr\/wp-json\/wp\/v2\/product_brand?post=2742"},{"taxonomy":"product_cat","embeddable":true,"href":"https:\/\/cdhubs.com\/fr\/wp-json\/wp\/v2\/product_cat?post=2742"},{"taxonomy":"product_tag","embeddable":true,"href":"https:\/\/cdhubs.com\/fr\/wp-json\/wp\/v2\/product_tag?post=2742"}],"curies":[{"name":"wp","href":"https:\/\/api.w.org\/{rel}","templated":true}]}}