{"id":4184,"date":"2025-05-20T14:52:00","date_gmt":"2025-05-20T13:52:00","guid":{"rendered":"https:\/\/cdhubs.com\/?post_type=product&#038;p=4184"},"modified":"2025-05-20T14:55:26","modified_gmt":"2025-05-20T13:55:26","slug":"palworld-xbox","status":"publish","type":"product","link":"https:\/\/cdhubs.com\/es\/producto\/palworld-xbox\/","title":{"rendered":"Palworld XBOX"},"content":{"rendered":"<div id=\"aboutThisGame\" class=\"game_page_autocollapse\" data-panel=\"{&quot;type&quot;:&quot;PanelGroup&quot;}\">\n<div id=\"game_area_description\" class=\"game_area_description\">\n<h2>\u00c0 propos de ce jeu<\/h2>\n<p>Q. De quel genre de jeu s&#8217;agit-il\u00a0?<\/p>\n<p>R. Tout d\u00e9pend de si vous pr\u00e9f\u00e9rez vous la couler douce en compagnie des \u00e9tranges cr\u00e9atures que sont les Pals, ou si vous entendez vous lancer dans une lutte \u00e0 mort contre les braconniers.<\/p>\n<p>Vous pouvez faire combattre les Pals, les faire se reproduire et ils pourront m\u00eame vous aider dans votre travail aux champs ou encore \u00e0 l&#8217;usine.<br \/>\nVous pouvez aussi les vendre, les diss\u00e9quer ou les manger.<\/p>\n<p><strong><u>Survie<\/u><\/strong><br \/>\nP\u00e9nuries de nourriture, milieux hostiles, braconniers sanguinaires&#8230; Ce monde est rempli de dangers. Tous les moyens sont bons pour survivre. Quitte \u00e0 d\u00e9vorer vos propres Pals&#8230;<\/p>\n<div class=\"bb_wide_img_ctn\"><img data-recalc-dims=\"1\" decoding=\"async\" class=\"bb_img\" src=\"https:\/\/i0.wp.com\/shared.cloudflare.steamstatic.com\/store_item_assets\/steam\/apps\/1623730\/extras\/gif01_survival.gif?ssl=1\" \/><\/div>\n<p><strong><u>Montures et exploration<\/u><\/strong><br \/>\nMontez vos Pals pour explorer terre, mer et ciel.<\/p>\n<div class=\"bb_wide_img_ctn\"><img data-recalc-dims=\"1\" decoding=\"async\" class=\"bb_img\" src=\"https:\/\/i0.wp.com\/shared.cloudflare.steamstatic.com\/store_item_assets\/steam\/apps\/1623730\/extras\/gif02_riding.gif?ssl=1\" \/><\/div>\n<p><strong><u>Construction<\/u><\/strong><br \/>\nVous voulez construire une pyramide\u00a0? Alors n&#8217;h\u00e9sitez pas \u00e0 employer vos Pals. Ne vous en faites pas\u00a0; le droit du travail ne s&#8217;applique pas \u00e0 ces cr\u00e9atures.<\/p>\n<div class=\"bb_wide_img_ctn\"><img data-recalc-dims=\"1\" decoding=\"async\" class=\"bb_img\" src=\"https:\/\/i0.wp.com\/shared.cloudflare.steamstatic.com\/store_item_assets\/steam\/apps\/1623730\/extras\/gif03_building.gif?ssl=1\" \/><\/div>\n<p><strong><u>Besoins primaires<\/u><\/strong><br \/>\nFaites du feu, produisez de l&#8217;\u00e9lectricit\u00e9, extrayez des ressources&#8230; Gagnez en confort de vie en d\u00e9nichant les Pals ad\u00e9quats.<\/p>\n<div class=\"bb_wide_img_ctn\"><img data-recalc-dims=\"1\" decoding=\"async\" class=\"bb_img\" src=\"https:\/\/i0.wp.com\/shared.cloudflare.steamstatic.com\/store_item_assets\/steam\/apps\/1623730\/extras\/gif04_life.gif?ssl=1\" \/><\/div>\n<p><strong><u>Agriculture<\/u><\/strong><br \/>\nSemence, arrosage, r\u00e9colte&#8230; Chaque Pal a sa sp\u00e9cialit\u00e9. Cr\u00e9ez l&#8217;exploitation de vos r\u00eaves \u00e0 l&#8217;aide de vos Pals.<\/p>\n<div class=\"bb_wide_img_ctn\"><img data-recalc-dims=\"1\" decoding=\"async\" class=\"bb_img\" src=\"https:\/\/i0.wp.com\/shared.cloudflare.steamstatic.com\/store_item_assets\/steam\/apps\/1623730\/extras\/gif05_farming.gif?ssl=1\" \/><\/div>\n<p><strong><u>Industrie et automatisation<\/u><\/strong><br \/>\nL&#8217;automatisation passe fatalement par le travail manuel des Pals. Construisez des usines et affectez-y des Pals. Tant qu&#8217;ils seront nourris, ils travailleront sans rechigner. Jusqu&#8217;\u00e0 ce que mort s&#8217;ensuive.<\/p>\n<div class=\"bb_wide_img_ctn\"><img data-recalc-dims=\"1\" decoding=\"async\" class=\"bb_img\" src=\"https:\/\/i0.wp.com\/shared.cloudflare.steamstatic.com\/store_item_assets\/steam\/apps\/1623730\/extras\/gif06_factory.gif?ssl=1\" \/><\/div>\n<p><strong><u>Exploration de donjons<\/u><\/strong><br \/>\nTant que vous aurez vos Pals avec vous, vous ne courrez aucun danger. Utilisez-les comme boucliers si besoin. Ils sont pr\u00eats \u00e0 tout pour vous servir.<\/p>\n<div class=\"bb_wide_img_ctn\"><img data-recalc-dims=\"1\" decoding=\"async\" class=\"bb_img\" src=\"https:\/\/i0.wp.com\/shared.cloudflare.steamstatic.com\/store_item_assets\/steam\/apps\/1623730\/extras\/gif07_dungeon.gif?ssl=1\" \/><\/div>\n<p><strong><u>S\u00e9lection et g\u00e9n\u00e9tique<\/u><\/strong><br \/>\nLes Pals transmettent leurs caract\u00e9ristiques \u00e0 leur prog\u00e9niture quand ils se reproduisent. Combinez des Pals rares pour cr\u00e9er le sp\u00e9cimen ultime\u00a0!<\/p>\n<div class=\"bb_wide_img_ctn\"><img data-recalc-dims=\"1\" decoding=\"async\" class=\"bb_img\" src=\"https:\/\/i0.wp.com\/shared.cloudflare.steamstatic.com\/store_item_assets\/steam\/apps\/1623730\/extras\/gif08_breeding.gif?ssl=1\" \/><\/div>\n<p><strong><u>Braconnage et criminalit\u00e9<\/u><\/strong><br \/>\nDes Pals en danger d&#8217;extinction peuplent la nature. Vous deviendrez riche en un rien de temps si vous parvenez \u00e0 les capturer\u00a0! Apr\u00e8s tout, un crime discret n&#8217;en est pas un.<\/p>\n<div class=\"bb_wide_img_ctn\"><img data-recalc-dims=\"1\" decoding=\"async\" class=\"bb_img\" src=\"https:\/\/i0.wp.com\/shared.cloudflare.steamstatic.com\/store_item_assets\/steam\/apps\/1623730\/extras\/gif09_poaching.gif?ssl=1\" \/><\/div>\n<p><strong><u>Multijoueur<\/u><\/strong><br \/>\nIl est possible de jouer \u00e0 plusieurs, alors partez \u00e0 l&#8217;aventure avec vos amis pour combattre, faire des \u00e9changes et plus encore.<\/p>\n<div class=\"bb_wide_img_ctn\"><img data-recalc-dims=\"1\" decoding=\"async\" class=\"bb_img\" src=\"https:\/\/i0.wp.com\/shared.cloudflare.steamstatic.com\/store_item_assets\/steam\/apps\/1623730\/extras\/gif10_multiplay.gif?ssl=1\" \/><\/div>\n<\/div>\n<\/div>\n<div class=\"game_page_autocollapse_fade\"><\/div>","protected":false},"excerpt":{"rendered":"<p>\u0627\u0633\u062a\u0645\u062a\u0639 \u0628\u062a\u062c\u0631\u0628\u0629 \u0644\u0639\u0628 \u0623\u0635\u0644\u064a\u0629 \u0639\u0628\u0631 \u0643\u0648\u062f \u0627\u0633\u062a\u0631\u062f\u0627\u062f \u0631\u0633\u0645\u064a!<br \/>\n\u0627\u0634\u062a\u0631\u0650 \u0627\u0644\u0644\u0639\u0628\u0629 \u0627\u0644\u0622\u0646 \u0648\u0627\u062d\u0635\u0644 \u0639\u0644\u0649 \u0643\u0648\u062f \u0627\u0644\u062a\u0641\u0639\u064a\u0644 \u0627\u0644\u0631\u0642\u0645\u064a \u062e\u0644\u0627\u0644 10 \u0625\u0644\u0649 15 \u062f\u0642\u064a\u0642\u0629 \u0641\u0642\u0637 \u0628\u0639\u062f \u0627\u0644\u062f\u0641\u0639.<br \/>\n\u0642\u0645 \u0628\u0627\u0633\u062a\u062e\u062f\u0627\u0645 \u0627\u0644\u0643\u0648\u062f \u0639\u0644\u0649 \u0627\u0644\u0645\u0646\u0635\u0629 \u0627\u0644\u0645\u0646\u0627\u0633\u0628\u0629 (Steam\u060c Xbox\u060c PSN&#8230;) \u0648\u0633\u064a\u062a\u0645 \u0625\u0636\u0627\u0641\u0629 \u0627\u0644\u0644\u0639\u0628\u0629 \u062a\u0644\u0642\u0627\u0626\u064a\u0627\u064b \u0625\u0644\u0649 \u062d\u0633\u0627\u0628\u0643 \u0645\u062f\u0649 \u0627\u0644\u062d\u064a\u0627\u0629.<\/p>\n<p>\u0645\u0645\u064a\u0632\u0627\u062a \u0627\u0644\u0645\u0646\u062a\u062c:<br \/>\n\u0643\u0648\u062f \u0631\u0633\u0645\u064a \u0648\u0622\u0645\u0646 100%<\/p>\n<p>\u062a\u0633\u0644\u064a\u0645 \u0633\u0631\u064a\u0639 \u062e\u0644\u0627\u0644 10 &#8211; 15 \u062f\u0642\u064a\u0642\u0629<\/p>\n<p>\u062f\u0639\u0645 \u0641\u0646\u064a \u0641\u064a \u062d\u0627\u0644 \u0648\u0627\u062c\u0647\u062a \u0623\u064a \u0645\u0634\u0643\u0644\u0629<\/p>\n<p>\u0628\u062f\u0648\u0646 \u0627\u0634\u062a\u0631\u0627\u0643 \u0634\u0647\u0631\u064a \u2013 \u0634\u0631\u0627\u0621 \u0644\u0645\u0631\u0629 \u0648\u0627\u062d\u062f\u0629 \u0641\u0642\u0637<\/p>\n<p>\u0627\u0644\u0633\u0639\u0631 \u0627\u0644\u0623\u0641\u0636\u0644 \u0641\u064a \u0627\u0644\u0633\u0648\u0642 \u0627\u0644\u062c\u0632\u0627\u0626\u0631\u064a<\/p>\n<p>\u0643\u064a\u0641\u064a\u0629 \u0627\u0644\u0627\u0633\u062a\u0631\u062f\u0627\u062f:<br \/>\n\u0625\u0630\u0627 \u0644\u0645 \u062a\u0643\u0646 \u062a\u0639\u0631\u0641 \u0637\u0631\u064a\u0642\u0629 \u062a\u0641\u0639\u064a\u0644 \u0627\u0644\u0643\u0648\u062f\u060c \u0644\u0627 \u062a\u0642\u0644\u0642!<br \/>\n\u0628\u0639\u062f \u0639\u0645\u0644\u064a\u0629 \u0627\u0644\u0634\u0631\u0627\u0621\u060c \u0633\u064a\u062a\u0645 \u062a\u0648\u062c\u064a\u0647\u0643 \u062a\u0644\u0642\u0627\u0626\u064a\u0627\u064b \u0625\u0644\u0649 \u0635\u0641\u062d\u0629 \u0641\u064a\u0647\u0627 \u0641\u064a\u062f\u064a\u0648\u0647\u0627\u062a \u062a\u0634\u0631\u062d \u062e\u0637\u0648\u0629 \u0628\u062e\u0637\u0648\u0629 \u0643\u064a\u0641\u064a\u0629 \u0627\u0633\u062a\u0631\u062f\u0627\u062f \u0627\u0644\u0643\u0648\u062f \u0639\u0644\u0649 \u0643\u0644 \u0645\u0646\u0635\u0629 (Steam\u060c Xbox\u060c PS&#8230;).<\/p>","protected":false},"featured_media":4185,"comment_status":"open","ping_status":"closed","template":"","meta":{"googlesitekit_rrm_CAowv7G7DA:productID":"","om_disable_all_campaigns":false,"_monsterinsights_skip_tracking":false,"_monsterinsights_sitenote_active":false,"_monsterinsights_sitenote_note":"","_monsterinsights_sitenote_category":0,"jetpack_post_was_ever_published":false},"product_brand":[63],"product_cat":[48,49],"product_tag":[],"class_list":{"0":"post-4184","1":"product","2":"type-product","3":"status-publish","4":"has-post-thumbnail","6":"product_brand-xbox","7":"product_cat-xbox-one","8":"product_cat-xbox-series-xs","10":"first","11":"instock","12":"virtual","13":"taxable","14":"purchasable","15":"product-type-simple"},"jetpack_sharing_enabled":true,"jetpack_likes_enabled":true,"_links":{"self":[{"href":"https:\/\/cdhubs.com\/es\/wp-json\/wp\/v2\/product\/4184","targetHints":{"allow":["GET"]}}],"collection":[{"href":"https:\/\/cdhubs.com\/es\/wp-json\/wp\/v2\/product"}],"about":[{"href":"https:\/\/cdhubs.com\/es\/wp-json\/wp\/v2\/types\/product"}],"replies":[{"embeddable":true,"href":"https:\/\/cdhubs.com\/es\/wp-json\/wp\/v2\/comments?post=4184"}],"version-history":[{"count":1,"href":"https:\/\/cdhubs.com\/es\/wp-json\/wp\/v2\/product\/4184\/revisions"}],"predecessor-version":[{"id":4186,"href":"https:\/\/cdhubs.com\/es\/wp-json\/wp\/v2\/product\/4184\/revisions\/4186"}],"wp:featuredmedia":[{"embeddable":true,"href":"https:\/\/cdhubs.com\/es\/wp-json\/wp\/v2\/media\/4185"}],"wp:attachment":[{"href":"https:\/\/cdhubs.com\/es\/wp-json\/wp\/v2\/media?parent=4184"}],"wp:term":[{"taxonomy":"product_brand","embeddable":true,"href":"https:\/\/cdhubs.com\/es\/wp-json\/wp\/v2\/product_brand?post=4184"},{"taxonomy":"product_cat","embeddable":true,"href":"https:\/\/cdhubs.com\/es\/wp-json\/wp\/v2\/product_cat?post=4184"},{"taxonomy":"product_tag","embeddable":true,"href":"https:\/\/cdhubs.com\/es\/wp-json\/wp\/v2\/product_tag?post=4184"}],"curies":[{"name":"wp","href":"https:\/\/api.w.org\/{rel}","templated":true}]}}