{"id":4076,"date":"2025-05-19T01:07:23","date_gmt":"2025-05-19T00:07:23","guid":{"rendered":"https:\/\/cdhubs.com\/?post_type=product&#038;p=4076"},"modified":"2025-05-19T01:08:33","modified_gmt":"2025-05-19T00:08:33","slug":"dragon-ball-sparking-zero-xbox","status":"publish","type":"product","link":"https:\/\/cdhubs.com\/es\/producto\/dragon-ball-sparking-zero-xbox\/","title":{"rendered":"Dragon Ball: Sparking! Zero XBOX"},"content":{"rendered":"<div id=\"aboutThisGame\" class=\"game_page_autocollapse\" data-panel=\"{&quot;type&quot;:&quot;PanelGroup&quot;}\">\n<div id=\"game_area_description\" class=\"game_area_description\">\n<h2>\u00c0 propos de ce jeu<\/h2>\n<p><img data-recalc-dims=\"1\" decoding=\"async\" class=\"bb_img\" src=\"https:\/\/i0.wp.com\/shared.fastly.steamstatic.com\/store_item_assets\/steam\/apps\/1790600\/extras\/DBSZ_Top_-_Steam_Gif_Breath_Taking_3D_Fight.gif?ssl=1\" \/><br \/>\nDRAGON BALL: Sparking! ZERO reprend le gameplay effr\u00e9n\u00e9 de la s\u00e9rie Budokai Tenkaichi et l&#8217;emm\u00e8ne vers des sommets in\u00e9gal\u00e9s. Devenez un super guerrier et faites l&#8217;exp\u00e9rience de la surpuissance brisant toutes les limites des combats Dragon Ball, capables de faire trembler la terre enti\u00e8re\u00a0!<\/p>\n<p><img data-recalc-dims=\"1\" decoding=\"async\" class=\"bb_img\" src=\"https:\/\/i0.wp.com\/shared.fastly.steamstatic.com\/store_item_assets\/steam\/apps\/1790600\/extras\/DBSZ_STEAM_PAGE_BANNER_OVER-180-FIGHTERS_FR.gif?ssl=1\" \/><\/p>\n<p>D\u00e9cha\u00eenez la puissance de plus de 180\u00a0guerriers venus de Dragon Ball Z, Dragon Ball Super, Dragon Ball GT et de certains films Dragon Ball, tous disponibles dans le jeu de base\u00a0! Chaque personnage vient avec ses propres capacit\u00e9s, transformations et techniques embl\u00e9matiques.<\/p>\n<p>Incarnez la force de destruction des plus puissants guerriers jamais apparus dans l&#8217;univers Dragon Ball !<\/p>\n<p><img data-recalc-dims=\"1\" decoding=\"async\" class=\"bb_img\" src=\"https:\/\/i0.wp.com\/shared.fastly.steamstatic.com\/store_item_assets\/steam\/apps\/1790600\/extras\/DBSZ_FR---Steam-Page-Animated-Text-BREATHTAKING-3D-FIGHTS-square_1.gif?ssl=1\" \/><br \/>\n<img data-recalc-dims=\"1\" decoding=\"async\" class=\"bb_img\" src=\"https:\/\/i0.wp.com\/shared.fastly.steamstatic.com\/store_item_assets\/steam\/apps\/1790600\/extras\/DBSZ_Middle_-_Steam_Gif_Chara.gif?ssl=1\" \/><br \/>\nLancez-vous dans de f\u00e9roces batailles 3D au rythme effr\u00e9n\u00e9 qui restent fid\u00e8les \u00e0 l&#8217;anime et \u00e0 la s\u00e9rie de jeux vid\u00e9o, avec des graphismes \u00e0 couper le souffle et des techniques de combat authentiques telles que des chocs de rayons, encha\u00eenements d&#8217;attaques, des d\u00e9placements plus rapides que la lumi\u00e8re et m\u00eame des attaques ultimes capables de raser des plan\u00e8tes enti\u00e8res.<\/p>\n<p><img data-recalc-dims=\"1\" decoding=\"async\" class=\"bb_img\" src=\"https:\/\/i0.wp.com\/shared.fastly.steamstatic.com\/store_item_assets\/steam\/apps\/1790600\/extras\/CTA_RIVALS_FR_1.gif?ssl=1\" \/><img data-recalc-dims=\"1\" decoding=\"async\" class=\"bb_img\" src=\"https:\/\/i0.wp.com\/shared.fastly.steamstatic.com\/store_item_assets\/steam\/apps\/1790600\/extras\/RIVALS_Video.gif?ssl=1\" \/><br \/>\nD\u00e9fiez d&#8217;autres joueurs en ligne pour tester votre niveau, ou jouez sur votre canap\u00e9 hors ligne avec des amis pour aff\u00fbter vos talents ! Combattez selon votre propre style pour devenir champion \u00e0 travers divers modes tournoi et selon diff\u00e9rentes conditions de victoire.<\/p>\n<p><img data-recalc-dims=\"1\" decoding=\"async\" class=\"bb_img\" src=\"https:\/\/i0.wp.com\/shared.fastly.steamstatic.com\/store_item_assets\/steam\/apps\/1790600\/extras\/CTA_BLAZE_FR_1.gif?ssl=1\" \/><br \/>\n<img data-recalc-dims=\"1\" decoding=\"async\" class=\"bb_img\" src=\"https:\/\/i0.wp.com\/shared.fastly.steamstatic.com\/store_item_assets\/steam\/apps\/1790600\/extras\/BLAZE_Video.gif?ssl=1\" \/><br \/>\nSurmontez les batailles haletantes de l&#8217;histoire originale ch\u00e9rie de tous, ou d\u00e9couvrez et d\u00e9bloquez de nouvelles rencontres pour vos Guerriers Z f\u00e9tiches et plus encore. Revivez vos moments pr\u00e9f\u00e9r\u00e9s de la s\u00e9rie via des sc\u00e8nes cin\u00e9matiques \u00e0 d\u00e9couvrir depuis les perspectives de huit personnages\u00a0!<\/p>\n<p><img data-recalc-dims=\"1\" decoding=\"async\" class=\"bb_img\" src=\"https:\/\/i0.wp.com\/shared.fastly.steamstatic.com\/store_item_assets\/steam\/apps\/1790600\/extras\/CTA_CREATE_FR_1.gif?ssl=1\" \/><img data-recalc-dims=\"1\" decoding=\"async\" class=\"bb_img\" src=\"https:\/\/i0.wp.com\/shared.fastly.steamstatic.com\/store_item_assets\/steam\/apps\/1790600\/extras\/CREATE_Video.gif?ssl=1\" \/><br \/>\nRecr\u00e9ez vos combats favoris de toute l&#8217;histoire de Dragon Ball, ou montez votre combat de r\u00eave de toute pi\u00e8ce avec vos personnages pr\u00e9f\u00e9r\u00e9s\u00a0! Partagez vos cr\u00e9ations avec d&#8217;autres fans et relevez le d\u00e9fi des combats con\u00e7us par l&#8217;imagination des joueurs du monde entier.<\/p>\n<\/div>\n<\/div>\n<div class=\"game_page_autocollapse_fade\"><\/div>","protected":false},"excerpt":{"rendered":"<p>\u0627\u0633\u062a\u0645\u062a\u0639 \u0628\u062a\u062c\u0631\u0628\u0629 \u0644\u0639\u0628 \u0623\u0635\u0644\u064a\u0629 \u0639\u0628\u0631 \u0643\u0648\u062f \u0627\u0633\u062a\u0631\u062f\u0627\u062f \u0631\u0633\u0645\u064a!<br \/>\n\u0627\u0634\u062a\u0631\u0650 \u0627\u0644\u0644\u0639\u0628\u0629 \u0627\u0644\u0622\u0646 \u0648\u0627\u062d\u0635\u0644 \u0639\u0644\u0649 \u0643\u0648\u062f \u0627\u0644\u062a\u0641\u0639\u064a\u0644 \u0627\u0644\u0631\u0642\u0645\u064a \u062e\u0644\u0627\u0644 10 \u0625\u0644\u0649 15 \u062f\u0642\u064a\u0642\u0629 \u0641\u0642\u0637 \u0628\u0639\u062f \u0627\u0644\u062f\u0641\u0639.<br \/>\n\u0642\u0645 \u0628\u0627\u0633\u062a\u062e\u062f\u0627\u0645 \u0627\u0644\u0643\u0648\u062f \u0639\u0644\u0649 \u0627\u0644\u0645\u0646\u0635\u0629 \u0627\u0644\u0645\u0646\u0627\u0633\u0628\u0629 (Steam\u060c Xbox\u060c PSN&#8230;) \u0648\u0633\u064a\u062a\u0645 \u0625\u0636\u0627\u0641\u0629 \u0627\u0644\u0644\u0639\u0628\u0629 \u062a\u0644\u0642\u0627\u0626\u064a\u0627\u064b \u0625\u0644\u0649 \u062d\u0633\u0627\u0628\u0643 \u0645\u062f\u0649 \u0627\u0644\u062d\u064a\u0627\u0629.<\/p>\n<p>\u0645\u0645\u064a\u0632\u0627\u062a \u0627\u0644\u0645\u0646\u062a\u062c:<br \/>\n\u0643\u0648\u062f \u0631\u0633\u0645\u064a \u0648\u0622\u0645\u0646 100%<\/p>\n<p>\u062a\u0633\u0644\u064a\u0645 \u0633\u0631\u064a\u0639 \u062e\u0644\u0627\u0644 10 &#8211; 15 \u062f\u0642\u064a\u0642\u0629<\/p>\n<p>\u062f\u0639\u0645 \u0641\u0646\u064a \u0641\u064a \u062d\u0627\u0644 \u0648\u0627\u062c\u0647\u062a \u0623\u064a \u0645\u0634\u0643\u0644\u0629<\/p>\n<p>\u0628\u062f\u0648\u0646 \u0627\u0634\u062a\u0631\u0627\u0643 \u0634\u0647\u0631\u064a \u2013 \u0634\u0631\u0627\u0621 \u0644\u0645\u0631\u0629 \u0648\u0627\u062d\u062f\u0629 \u0641\u0642\u0637<\/p>\n<p>\u0627\u0644\u0633\u0639\u0631 \u0627\u0644\u0623\u0641\u0636\u0644 \u0641\u064a \u0627\u0644\u0633\u0648\u0642 \u0627\u0644\u062c\u0632\u0627\u0626\u0631\u064a<\/p>\n<p>\u0643\u064a\u0641\u064a\u0629 \u0627\u0644\u0627\u0633\u062a\u0631\u062f\u0627\u062f:<br \/>\n\u0625\u0630\u0627 \u0644\u0645 \u062a\u0643\u0646 \u062a\u0639\u0631\u0641 \u0637\u0631\u064a\u0642\u0629 \u062a\u0641\u0639\u064a\u0644 \u0627\u0644\u0643\u0648\u062f\u060c \u0644\u0627 \u062a\u0642\u0644\u0642!<br \/>\n\u0628\u0639\u062f \u0639\u0645\u0644\u064a\u0629 \u0627\u0644\u0634\u0631\u0627\u0621\u060c \u0633\u064a\u062a\u0645 \u062a\u0648\u062c\u064a\u0647\u0643 \u062a\u0644\u0642\u0627\u0626\u064a\u0627\u064b \u0625\u0644\u0649 \u0635\u0641\u062d\u0629 \u0641\u064a\u0647\u0627 \u0641\u064a\u062f\u064a\u0648\u0647\u0627\u062a \u062a\u0634\u0631\u062d \u062e\u0637\u0648\u0629 \u0628\u062e\u0637\u0648\u0629 \u0643\u064a\u0641\u064a\u0629 \u0627\u0633\u062a\u0631\u062f\u0627\u062f \u0627\u0644\u0643\u0648\u062f \u0639\u0644\u0649 \u0643\u0644 \u0645\u0646\u0635\u0629 (Steam\u060c Xbox\u060c PS&#8230;).<\/p>","protected":false},"featured_media":4077,"comment_status":"open","ping_status":"closed","template":"","meta":{"googlesitekit_rrm_CAowv7G7DA:productID":"","om_disable_all_campaigns":false,"_monsterinsights_skip_tracking":false,"_monsterinsights_sitenote_active":false,"_monsterinsights_sitenote_note":"","_monsterinsights_sitenote_category":0,"jetpack_post_was_ever_published":false},"product_brand":[],"product_cat":[49],"product_tag":[],"class_list":{"0":"post-4076","1":"product","2":"type-product","3":"status-publish","4":"has-post-thumbnail","6":"product_cat-xbox-series-xs","8":"first","9":"instock","10":"sale","11":"taxable","12":"shipping-taxable","13":"purchasable","14":"product-type-simple"},"jetpack_sharing_enabled":true,"jetpack_likes_enabled":true,"_links":{"self":[{"href":"https:\/\/cdhubs.com\/es\/wp-json\/wp\/v2\/product\/4076","targetHints":{"allow":["GET"]}}],"collection":[{"href":"https:\/\/cdhubs.com\/es\/wp-json\/wp\/v2\/product"}],"about":[{"href":"https:\/\/cdhubs.com\/es\/wp-json\/wp\/v2\/types\/product"}],"replies":[{"embeddable":true,"href":"https:\/\/cdhubs.com\/es\/wp-json\/wp\/v2\/comments?post=4076"}],"version-history":[{"count":1,"href":"https:\/\/cdhubs.com\/es\/wp-json\/wp\/v2\/product\/4076\/revisions"}],"predecessor-version":[{"id":4078,"href":"https:\/\/cdhubs.com\/es\/wp-json\/wp\/v2\/product\/4076\/revisions\/4078"}],"wp:featuredmedia":[{"embeddable":true,"href":"https:\/\/cdhubs.com\/es\/wp-json\/wp\/v2\/media\/4077"}],"wp:attachment":[{"href":"https:\/\/cdhubs.com\/es\/wp-json\/wp\/v2\/media?parent=4076"}],"wp:term":[{"taxonomy":"product_brand","embeddable":true,"href":"https:\/\/cdhubs.com\/es\/wp-json\/wp\/v2\/product_brand?post=4076"},{"taxonomy":"product_cat","embeddable":true,"href":"https:\/\/cdhubs.com\/es\/wp-json\/wp\/v2\/product_cat?post=4076"},{"taxonomy":"product_tag","embeddable":true,"href":"https:\/\/cdhubs.com\/es\/wp-json\/wp\/v2\/product_tag?post=4076"}],"curies":[{"name":"wp","href":"https:\/\/api.w.org\/{rel}","templated":true}]}}