{"id":3344,"date":"2025-04-30T11:12:31","date_gmt":"2025-04-30T11:12:31","guid":{"rendered":"https:\/\/cdhubs.com\/?post_type=product&#038;p=3344"},"modified":"2025-04-30T11:15:53","modified_gmt":"2025-04-30T11:15:53","slug":"warhammer-40000-space-marine-2-xbox","status":"publish","type":"product","link":"https:\/\/cdhubs.com\/es\/producto\/warhammer-40000-space-marine-2-xbox\/","title":{"rendered":"Warhammer 40,000: Space Marine 2 XBOX"},"content":{"rendered":"<div id=\"aboutThisGame\" class=\"game_page_autocollapse\" data-panel=\"{&quot;type&quot;:&quot;PanelGroup&quot;}\">\n<div id=\"game_area_description\" class=\"game_area_description\">\n<h2>\u00c0 propos de ce jeu<\/h2>\n<p><img data-recalc-dims=\"1\" decoding=\"async\" class=\"bb_img\" src=\"https:\/\/i0.wp.com\/shared.cloudflare.steamstatic.com\/store_item_assets\/steam\/apps\/2183900\/extras\/SM2_Gif_Intro_FINAL.gif?ssl=1\" \/><\/p>\n<div class=\"bb_wide_img_ctn\"><img data-recalc-dims=\"1\" decoding=\"async\" class=\"bb_img\" src=\"https:\/\/i0.wp.com\/shared.cloudflare.steamstatic.com\/store_item_assets\/steam\/apps\/2183900\/extras\/SM2_TITRE_INTRO_FR.png?ssl=1\" \/><\/div>\n<p>Incarnez la puissance et la brutalit\u00e9 surhumaine d\u2019un Space Marine. D\u00e9cha\u00eenez des capacit\u00e9s d\u00e9vastatrices et un arsenal redoutable pour an\u00e9antir les impitoyables hordes de Tyranides dans des modes de jeu spectaculaires \u00e0 la troisi\u00e8me personne &#8211; en solo ou en multijoueur.<\/p>\n<div class=\"bb_wide_img_ctn\"><img data-recalc-dims=\"1\" decoding=\"async\" class=\"bb_img\" src=\"https:\/\/i0.wp.com\/shared.cloudflare.steamstatic.com\/store_item_assets\/steam\/apps\/2183900\/extras\/SM2_TITRES_COOP_FR.png?ssl=1\" \/><\/div>\n<p><img data-recalc-dims=\"1\" decoding=\"async\" class=\"bb_img\" src=\"https:\/\/i0.wp.com\/shared.cloudflare.steamstatic.com\/store_item_assets\/steam\/apps\/2183900\/extras\/SM2_Gif_COOP_FINAL.gif?ssl=1\" \/><\/p>\n<p>Retrouvez le l\u00e9gendaire Lieutenant Demetrian Titus 13 ans apr\u00e8s le premier Space Marine, affrontez les ennemis de l\u2019Humanit\u00e9 et prouvez votre loyaut\u00e9 sans faille \u00e0 l\u2019Empereur apr\u00e8s votre retour parmi les Ultramarines.<br \/>\nPercez les secrets les mieux gard\u00e9s de la galaxie et repoussez les horreurs qui mena\u00e7ent l\u2019Imp\u00e9rium dans des affrontements \u00e9piques.<\/p>\n<div class=\"bb_wide_img_ctn\"><img data-recalc-dims=\"1\" decoding=\"async\" class=\"bb_img\" src=\"https:\/\/i0.wp.com\/shared.cloudflare.steamstatic.com\/store_item_assets\/steam\/apps\/2183900\/extras\/SM2_TITRES_PURGE_FR.png?ssl=1\" \/><\/div>\n<p><img data-recalc-dims=\"1\" decoding=\"async\" class=\"bb_img\" src=\"https:\/\/i0.wp.com\/shared.cloudflare.steamstatic.com\/store_item_assets\/steam\/apps\/2183900\/extras\/SM2_Gif_Campaign_FINAL.gif?ssl=1\" \/><\/p>\n<p>Plongez dans une guerre galactique ! Prenez part \u00e0 des combats intenses et sanglants \u00e0 la troisi\u00e8me personne contre des hordes d\u2019ennemis et \u00e9radiquez les redoutables essaims de Tyranides g\u00e9n\u00e9r\u00e9s par le Swarm Engine de Saber Interactive.<\/p>\n<div class=\"bb_wide_img_ctn\"><img data-recalc-dims=\"1\" decoding=\"async\" class=\"bb_img\" src=\"https:\/\/i0.wp.com\/shared.cloudflare.steamstatic.com\/store_item_assets\/steam\/apps\/2183900\/extras\/SM2_TITRES_BUILD_FR.png?ssl=1\" \/><\/div>\n<p>Combattez avec votre propre Space Marine dans une campagne JcE brutale \u00e0 la rejouabilit\u00e9 infinie et des matchs JcJ fr\u00e9n\u00e9tiques \u00e0 6 contre 6 ! Choisissez l\u2019une des 6 classes disponibles, d\u00e9bloquez jusqu\u2019\u00e0 25 comp\u00e9tences, am\u00e9liorez vos armes et personnalisez vos Space Marines avec une vaste s\u00e9lection de cosm\u00e9tiques pour vos armures et votre arsenal !<\/p>\n<div class=\"bb_wide_img_ctn\"><img data-recalc-dims=\"1\" decoding=\"async\" class=\"bb_img\" src=\"https:\/\/i0.wp.com\/shared.cloudflare.steamstatic.com\/store_item_assets\/steam\/apps\/2183900\/extras\/SM2_CLASS_STEAM.png?ssl=1\" \/><\/div>\n<\/div>\n<\/div>\n<div class=\"game_page_autocollapse_fade\"><\/div>","protected":false},"excerpt":{"rendered":"<p>\u0627\u0633\u062a\u0645\u062a\u0639 \u0628\u062a\u062c\u0631\u0628\u0629 \u0644\u0639\u0628 \u0623\u0635\u0644\u064a\u0629 \u0639\u0628\u0631 \u0643\u0648\u062f \u0627\u0633\u062a\u0631\u062f\u0627\u062f \u0631\u0633\u0645\u064a!<br \/>\n\u0627\u0634\u062a\u0631\u0650 \u0627\u0644\u0644\u0639\u0628\u0629 \u0627\u0644\u0622\u0646 \u0648\u0627\u062d\u0635\u0644 \u0639\u0644\u0649 \u0643\u0648\u062f \u0627\u0644\u062a\u0641\u0639\u064a\u0644 \u0627\u0644\u0631\u0642\u0645\u064a \u062e\u0644\u0627\u0644 10 \u0625\u0644\u0649 15 \u062f\u0642\u064a\u0642\u0629 \u0641\u0642\u0637 \u0628\u0639\u062f \u0627\u0644\u062f\u0641\u0639.<br \/>\n\u0642\u0645 \u0628\u0627\u0633\u062a\u062e\u062f\u0627\u0645 \u0627\u0644\u0643\u0648\u062f \u0639\u0644\u0649 \u0627\u0644\u0645\u0646\u0635\u0629 \u0627\u0644\u0645\u0646\u0627\u0633\u0628\u0629 (Steam\u060c Xbox\u060c PSN&#8230;) \u0648\u0633\u064a\u062a\u0645 \u0625\u0636\u0627\u0641\u0629 \u0627\u0644\u0644\u0639\u0628\u0629 \u062a\u0644\u0642\u0627\u0626\u064a\u0627\u064b \u0625\u0644\u0649 \u062d\u0633\u0627\u0628\u0643 \u0645\u062f\u0649 \u0627\u0644\u062d\u064a\u0627\u0629.<\/p>\n<p>\u0645\u0645\u064a\u0632\u0627\u062a \u0627\u0644\u0645\u0646\u062a\u062c:<br \/>\n\u0643\u0648\u062f \u0631\u0633\u0645\u064a \u0648\u0622\u0645\u0646 100%<\/p>\n<p>\u062a\u0633\u0644\u064a\u0645 \u0633\u0631\u064a\u0639 \u062e\u0644\u0627\u0644 10 &#8211; 15 \u062f\u0642\u064a\u0642\u0629<\/p>\n<p>\u062f\u0639\u0645 \u0641\u0646\u064a \u0641\u064a \u062d\u0627\u0644 \u0648\u0627\u062c\u0647\u062a \u0623\u064a \u0645\u0634\u0643\u0644\u0629<\/p>\n<p>\u0628\u062f\u0648\u0646 \u0627\u0634\u062a\u0631\u0627\u0643 \u0634\u0647\u0631\u064a \u2013 \u0634\u0631\u0627\u0621 \u0644\u0645\u0631\u0629 \u0648\u0627\u062d\u062f\u0629 \u0641\u0642\u0637<\/p>\n<p>\u0627\u0644\u0633\u0639\u0631 \u0627\u0644\u0623\u0641\u0636\u0644 \u0641\u064a \u0627\u0644\u0633\u0648\u0642 \u0627\u0644\u062c\u0632\u0627\u0626\u0631\u064a<\/p>\n<p>\u0643\u064a\u0641\u064a\u0629 \u0627\u0644\u0627\u0633\u062a\u0631\u062f\u0627\u062f:<br \/>\n\u0625\u0630\u0627 \u0644\u0645 \u062a\u0643\u0646 \u062a\u0639\u0631\u0641 \u0637\u0631\u064a\u0642\u0629 \u062a\u0641\u0639\u064a\u0644 \u0627\u0644\u0643\u0648\u062f\u060c \u0644\u0627 \u062a\u0642\u0644\u0642!<br \/>\n\u0628\u0639\u062f \u0639\u0645\u0644\u064a\u0629 \u0627\u0644\u0634\u0631\u0627\u0621\u060c \u0633\u064a\u062a\u0645 \u062a\u0648\u062c\u064a\u0647\u0643 \u062a\u0644\u0642\u0627\u0626\u064a\u0627\u064b \u0625\u0644\u0649 \u0635\u0641\u062d\u0629 \u0641\u064a\u0647\u0627 \u0641\u064a\u062f\u064a\u0648\u0647\u0627\u062a \u062a\u0634\u0631\u062d \u062e\u0637\u0648\u0629 \u0628\u062e\u0637\u0648\u0629 \u0643\u064a\u0641\u064a\u0629 \u0627\u0633\u062a\u0631\u062f\u0627\u062f \u0627\u0644\u0643\u0648\u062f \u0639\u0644\u0649 \u0643\u0644 \u0645\u0646\u0635\u0629 (Steam\u060c Xbox\u060c PS&#8230;).<\/p>","protected":false},"featured_media":3345,"comment_status":"open","ping_status":"closed","template":"","meta":{"googlesitekit_rrm_CAowv7G7DA:productID":"","om_disable_all_campaigns":false,"_monsterinsights_skip_tracking":false,"_monsterinsights_sitenote_active":false,"_monsterinsights_sitenote_note":"","_monsterinsights_sitenote_category":0,"jetpack_post_was_ever_published":false},"product_brand":[63],"product_cat":[],"product_tag":[],"class_list":{"0":"post-3344","1":"product","2":"type-product","3":"status-publish","4":"has-post-thumbnail","6":"product_brand-xbox","8":"first","9":"instock","10":"sale","11":"virtual","12":"taxable","13":"purchasable","14":"product-type-simple"},"jetpack_sharing_enabled":true,"jetpack_likes_enabled":true,"_links":{"self":[{"href":"https:\/\/cdhubs.com\/es\/wp-json\/wp\/v2\/product\/3344","targetHints":{"allow":["GET"]}}],"collection":[{"href":"https:\/\/cdhubs.com\/es\/wp-json\/wp\/v2\/product"}],"about":[{"href":"https:\/\/cdhubs.com\/es\/wp-json\/wp\/v2\/types\/product"}],"replies":[{"embeddable":true,"href":"https:\/\/cdhubs.com\/es\/wp-json\/wp\/v2\/comments?post=3344"}],"version-history":[{"count":1,"href":"https:\/\/cdhubs.com\/es\/wp-json\/wp\/v2\/product\/3344\/revisions"}],"predecessor-version":[{"id":3346,"href":"https:\/\/cdhubs.com\/es\/wp-json\/wp\/v2\/product\/3344\/revisions\/3346"}],"wp:featuredmedia":[{"embeddable":true,"href":"https:\/\/cdhubs.com\/es\/wp-json\/wp\/v2\/media\/3345"}],"wp:attachment":[{"href":"https:\/\/cdhubs.com\/es\/wp-json\/wp\/v2\/media?parent=3344"}],"wp:term":[{"taxonomy":"product_brand","embeddable":true,"href":"https:\/\/cdhubs.com\/es\/wp-json\/wp\/v2\/product_brand?post=3344"},{"taxonomy":"product_cat","embeddable":true,"href":"https:\/\/cdhubs.com\/es\/wp-json\/wp\/v2\/product_cat?post=3344"},{"taxonomy":"product_tag","embeddable":true,"href":"https:\/\/cdhubs.com\/es\/wp-json\/wp\/v2\/product_tag?post=3344"}],"curies":[{"name":"wp","href":"https:\/\/api.w.org\/{rel}","templated":true}]}}