{"id":3007,"date":"2025-04-24T22:44:09","date_gmt":"2025-04-24T22:44:09","guid":{"rendered":"https:\/\/cdhubs.com\/?post_type=product&#038;p=3007"},"modified":"2025-05-15T14:07:07","modified_gmt":"2025-05-15T13:07:07","slug":"park-beyond-xbox","status":"publish","type":"product","link":"https:\/\/cdhubs.com\/es\/producto\/park-beyond-xbox\/","title":{"rendered":"Park Beyond XBOX"},"content":{"rendered":"<p><span style=\"color: #1b1919; font-size: 24px;\">\u00c0 propos de ce jeu<\/span><\/p>\n<div id=\"aboutThisGame\" class=\"game_page_autocollapse\" data-panel=\"{&quot;type&quot;:&quot;PanelGroup&quot;}\">\n<div id=\"game_area_description\" class=\"game_area_description\">\n<p><img data-recalc-dims=\"1\" decoding=\"async\" class=\"bb_img\" src=\"https:\/\/i0.wp.com\/shared.fastly.steamstatic.com\/store_item_assets\/steam\/apps\/1368130\/extras\/PB_GIF_Steam_1.gif?ssl=1\" \/><br \/>\nDans Park\u00a0Beyond, la force cr\u00e9atrice \u00e0 l&#8217;origine des plus grands parcs d&#8217;attractions, c&#8217;est vous\u00a0! Un esprit visionnaire aux multiples talents. Construction, gestion, cr\u00e9ation, le succ\u00e8s de vos parcs est entre vos mains.<\/p>\n<p><img data-recalc-dims=\"1\" decoding=\"async\" class=\"bb_img\" src=\"https:\/\/i0.wp.com\/shared.fastly.steamstatic.com\/store_item_assets\/steam\/apps\/1368130\/extras\/Create_GIF_FR.gif?ssl=1\" \/><br \/>\nEn tant que responsable cr\u00e9atif du parc, vous pouvez laisser libre cours \u00e0 votre imagination\u00a0! Construisez des montagnes russes sans pareil aux loopings improbables qui taperont dans l&#8217;\u0153il des adolescents avides de sensations fortes, inventez des attractions renversantes qui sauront parler aux adultes ou installez des man\u00e8ges aussi adorables qu&#8217;amusants \u00e0 destination des familles. Faites passer votre parc au niveau sup\u00e9rieur et apportez-lui une touche unique \u00e0 l&#8217;aide de modules extraordinaires.<br \/>\nEt ce n&#8217;est pas tout\u00a0! Vous pourrez m\u00eame plier le monde \u00e0 votre imagination en utilisant les outils de terraformation pour \u00e9lever vos attractions au sommet de montagnes gigantesques, ou en construisant des d\u00e9cors de toutes pi\u00e8ces gr\u00e2ce au syst\u00e8me de construction modulaire, qui vous permet de grouper, enregistrer et dupliquer des \u00e9l\u00e9ments pour cr\u00e9er en toute simplicit\u00e9\u00a0!<\/p>\n<p><img data-recalc-dims=\"1\" decoding=\"async\" class=\"bb_img\" src=\"https:\/\/i0.wp.com\/shared.fastly.steamstatic.com\/store_item_assets\/steam\/apps\/1368130\/extras\/Manage_GIF_FR.gif?ssl=1\" \/><br \/>\nEn tant que gestionnaire, vous apprendrez \u00e0 r\u00e9pondre aux diff\u00e9rents besoins de vos visiteurs ainsi qu&#8217;\u00e0 optimiser le placement de vos attractions, vos prix et vos points de vente afin de satisfaire chacune de vos cibles d\u00e9mographiques. Vous devrez \u00e9galement recruter et g\u00e9rer des agents sp\u00e9cialis\u00e9s pour veiller \u00e0 leur bien-\u00eatre. Choisirez-vous de rester du c\u00f4t\u00e9 terre \u00e0 terre et r\u00e9aliste de l&#8217;univers des parcs d&#8217;attractions, ou vous affranchirez-vous de toutes contraintes pour ne poursuivre qu&#8217;un seul but\u00a0: le profit \u00e0 tout prix\u00a0? Appr\u00e9hendez les dynamiques complexes qui impactent la satisfaction des visiteurs \u00e0 l&#8217;aide des cartes de densit\u00e9, des outils puissants qui vous permettront d&#8217;ajuster avec finesse et dans les moindres d\u00e9tails l&#8217;exp\u00e9rience de vos visiteurs, toujours dans l&#8217;int\u00e9r\u00eat de votre parc.<\/p>\n<p><img data-recalc-dims=\"1\" decoding=\"async\" class=\"bb_img\" src=\"https:\/\/i0.wp.com\/shared.fastly.steamstatic.com\/store_item_assets\/steam\/apps\/1368130\/extras\/Design_GIF_FR.gif?ssl=1\" \/><br \/>\nEnfin, en tant que concepteur en chef, personnalisez en toute libert\u00e9 le moindre aspect de votre parc. D\u00e9corez, cr\u00e9ez des zones \u00e0 th\u00e8me et profitez des possibilit\u00e9s quasi infinies que vous offrent les fonctions de personnalisation\u00a0! Cr\u00e9ez une exp\u00e9rience agr\u00e9able pour vos visiteurs en les invitant \u00e0 se promener le long de chemins serpentant \u00e0 travers des d\u00e9cors hauts en couleur que vous aurez vous-m\u00eame construits \u00e0 l&#8217;aide des nombreux \u00e9l\u00e9ments th\u00e9matiques disponibles dans le jeu de base.<\/p>\n<p><img data-recalc-dims=\"1\" decoding=\"async\" class=\"bb_img\" src=\"https:\/\/i0.wp.com\/shared.fastly.steamstatic.com\/store_item_assets\/steam\/apps\/1368130\/extras\/Sandbox_GIF_FR.gif?ssl=1\" \/><br \/>\nSi c&#8217;est votre premier\u00a0poste en tant que visionnaire, la Campagne vous permettra d&#8217;apprendre tout en jouant. Vous \u00eates plut\u00f4t cr\u00e9ativit\u00e9 ou gestion\u00a0? Vos coll\u00e8gues de Cloudstormer vous aideront \u00e0 vous familiariser avec les diff\u00e9rents aspects qui feront le succ\u00e8s de votre parc. Faites \u00e9quipe avec eux pour remettre sur pied des parcs \u00e0 la d\u00e9rive et r\u00e9sister aux machinations d&#8217;Hemlock, le plus grand rival de Cloudstormer.<br \/>\nQuel que soit votre profil, jouez comme vous le souhaitez gr\u00e2ce au mode bac \u00e0 sable\u00a0: personnalisez les param\u00e8tres pour jouer sans contraintes en obtenant des fonds illimit\u00e9s ou en d\u00e9sactivant la recherche. Ou bien, au contraire, corsez les choses en r\u00e9duisant votre budget de d\u00e9part ou en rendant obligatoire l&#8217;achat de chaque nouvelle parcelle de terrain que vous souhaitez utiliser, comme le v\u00e9ritable magnat des parcs d&#8217;attractions que vous \u00eates\u00a0!<\/p>\n<p>Venez d\u00e9couvrir Park Beyond d\u00e8s aujourd&#8217;hui. Quel que soit le visionnaire qui sommeille en vous, vous vivrez une exp\u00e9rience que vous n&#8217;\u00eates pas pr\u00e8s d&#8217;oublier !<\/p>\n<\/div>\n<\/div>","protected":false},"excerpt":{"rendered":"<p>\u0627\u0633\u062a\u0645\u062a\u0639 \u0628\u062a\u062c\u0631\u0628\u0629 \u0644\u0639\u0628 \u0623\u0635\u0644\u064a\u0629 \u0639\u0628\u0631 \u0643\u0648\u062f \u0627\u0633\u062a\u0631\u062f\u0627\u062f \u0631\u0633\u0645\u064a!<br \/>\n\u0627\u0634\u062a\u0631\u0650 \u0627\u0644\u0644\u0639\u0628\u0629 \u0627\u0644\u0622\u0646 \u0648\u0627\u062d\u0635\u0644 \u0639\u0644\u0649 \u0643\u0648\u062f \u0627\u0644\u062a\u0641\u0639\u064a\u0644 \u0627\u0644\u0631\u0642\u0645\u064a \u062e\u0644\u0627\u0644 10 \u0625\u0644\u0649 15 \u062f\u0642\u064a\u0642\u0629 \u0641\u0642\u0637 \u0628\u0639\u062f \u0627\u0644\u062f\u0641\u0639.<br \/>\n\u0642\u0645 \u0628\u0627\u0633\u062a\u062e\u062f\u0627\u0645 \u0627\u0644\u0643\u0648\u062f \u0639\u0644\u0649 \u0627\u0644\u0645\u0646\u0635\u0629 \u0627\u0644\u0645\u0646\u0627\u0633\u0628\u0629 (Steam\u060c Xbox\u060c PSN&#8230;) \u0648\u0633\u064a\u062a\u0645 \u0625\u0636\u0627\u0641\u0629 \u0627\u0644\u0644\u0639\u0628\u0629 \u062a\u0644\u0642\u0627\u0626\u064a\u0627\u064b \u0625\u0644\u0649 \u062d\u0633\u0627\u0628\u0643 \u0645\u062f\u0649 \u0627\u0644\u062d\u064a\u0627\u0629.<\/p>\n<p>\u0645\u0645\u064a\u0632\u0627\u062a \u0627\u0644\u0645\u0646\u062a\u062c:<br \/>\n\u0643\u0648\u062f \u0631\u0633\u0645\u064a \u0648\u0622\u0645\u0646 100%<\/p>\n<p>\u062a\u0633\u0644\u064a\u0645 \u0633\u0631\u064a\u0639 \u062e\u0644\u0627\u0644 10 &#8211; 15 \u062f\u0642\u064a\u0642\u0629<\/p>\n<p>\u062f\u0639\u0645 \u0641\u0646\u064a \u0641\u064a \u062d\u0627\u0644 \u0648\u0627\u062c\u0647\u062a \u0623\u064a \u0645\u0634\u0643\u0644\u0629<\/p>\n<p>\u0628\u062f\u0648\u0646 \u0627\u0634\u062a\u0631\u0627\u0643 \u0634\u0647\u0631\u064a \u2013 \u0634\u0631\u0627\u0621 \u0644\u0645\u0631\u0629 \u0648\u0627\u062d\u062f\u0629 \u0641\u0642\u0637<\/p>\n<p>\u0627\u0644\u0633\u0639\u0631 \u0627\u0644\u0623\u0641\u0636\u0644 \u0641\u064a \u0627\u0644\u0633\u0648\u0642 \u0627\u0644\u062c\u0632\u0627\u0626\u0631\u064a<\/p>\n<p>\u0643\u064a\u0641\u064a\u0629 \u0627\u0644\u0627\u0633\u062a\u0631\u062f\u0627\u062f:<br \/>\n\u0625\u0630\u0627 \u0644\u0645 \u062a\u0643\u0646 \u062a\u0639\u0631\u0641 \u0637\u0631\u064a\u0642\u0629 \u062a\u0641\u0639\u064a\u0644 \u0627\u0644\u0643\u0648\u062f\u060c \u0644\u0627 \u062a\u0642\u0644\u0642!<br \/>\n\u0628\u0639\u062f \u0639\u0645\u0644\u064a\u0629 \u0627\u0644\u0634\u0631\u0627\u0621\u060c \u0633\u064a\u062a\u0645 \u062a\u0648\u062c\u064a\u0647\u0643 \u062a\u0644\u0642\u0627\u0626\u064a\u0627\u064b \u0625\u0644\u0649 \u0635\u0641\u062d\u0629 \u0641\u064a\u0647\u0627 \u0641\u064a\u062f\u064a\u0648\u0647\u0627\u062a \u062a\u0634\u0631\u062d \u062e\u0637\u0648\u0629 \u0628\u062e\u0637\u0648\u0629 \u0643\u064a\u0641\u064a\u0629 \u0627\u0633\u062a\u0631\u062f\u0627\u062f \u0627\u0644\u0643\u0648\u062f \u0639\u0644\u0649 \u0643\u0644 \u0645\u0646\u0635\u0629 (Steam\u060c Xbox\u060c PS&#8230;).<\/p>","protected":false},"featured_media":3008,"comment_status":"open","ping_status":"closed","template":"","meta":{"googlesitekit_rrm_CAowv7G7DA:productID":"","om_disable_all_campaigns":false,"_monsterinsights_skip_tracking":false,"_monsterinsights_sitenote_active":false,"_monsterinsights_sitenote_note":"","_monsterinsights_sitenote_category":0,"jetpack_post_was_ever_published":false},"product_brand":[63],"product_cat":[48,49],"product_tag":[],"class_list":{"0":"post-3007","1":"product","2":"type-product","3":"status-publish","4":"has-post-thumbnail","6":"product_brand-xbox","7":"product_cat-xbox-one","8":"product_cat-xbox-series-xs","10":"first","11":"instock","12":"sale","13":"virtual","14":"taxable","15":"purchasable","16":"product-type-simple"},"jetpack_sharing_enabled":true,"jetpack_likes_enabled":true,"_links":{"self":[{"href":"https:\/\/cdhubs.com\/es\/wp-json\/wp\/v2\/product\/3007","targetHints":{"allow":["GET"]}}],"collection":[{"href":"https:\/\/cdhubs.com\/es\/wp-json\/wp\/v2\/product"}],"about":[{"href":"https:\/\/cdhubs.com\/es\/wp-json\/wp\/v2\/types\/product"}],"replies":[{"embeddable":true,"href":"https:\/\/cdhubs.com\/es\/wp-json\/wp\/v2\/comments?post=3007"}],"version-history":[{"count":3,"href":"https:\/\/cdhubs.com\/es\/wp-json\/wp\/v2\/product\/3007\/revisions"}],"predecessor-version":[{"id":3039,"href":"https:\/\/cdhubs.com\/es\/wp-json\/wp\/v2\/product\/3007\/revisions\/3039"}],"wp:featuredmedia":[{"embeddable":true,"href":"https:\/\/cdhubs.com\/es\/wp-json\/wp\/v2\/media\/3008"}],"wp:attachment":[{"href":"https:\/\/cdhubs.com\/es\/wp-json\/wp\/v2\/media?parent=3007"}],"wp:term":[{"taxonomy":"product_brand","embeddable":true,"href":"https:\/\/cdhubs.com\/es\/wp-json\/wp\/v2\/product_brand?post=3007"},{"taxonomy":"product_cat","embeddable":true,"href":"https:\/\/cdhubs.com\/es\/wp-json\/wp\/v2\/product_cat?post=3007"},{"taxonomy":"product_tag","embeddable":true,"href":"https:\/\/cdhubs.com\/es\/wp-json\/wp\/v2\/product_tag?post=3007"}],"curies":[{"name":"wp","href":"https:\/\/api.w.org\/{rel}","templated":true}]}}