{"id":2970,"date":"2025-04-24T17:02:25","date_gmt":"2025-04-24T17:02:25","guid":{"rendered":"https:\/\/cdhubs.com\/?post_type=product&#038;p=2970"},"modified":"2025-04-26T12:37:50","modified_gmt":"2025-04-26T12:37:50","slug":"diablo-iv-xbox","status":"publish","type":"product","link":"https:\/\/cdhubs.com\/es\/producto\/diablo-iv-xbox\/","title":{"rendered":"Diablo IV XBOX"},"content":{"rendered":"<div id=\"aboutThisGame\" class=\"game_page_autocollapse\" data-panel=\"{&quot;type&quot;:&quot;PanelGroup&quot;}\">\n<div id=\"game_area_description\" class=\"game_area_description\">\n<h2>\u00c0 propos de ce jeu<\/h2>\n<div class=\"bb_wide_img_ctn\"><img data-recalc-dims=\"1\" height=\"353\" width=\"616\" decoding=\"async\" class=\"bb_img\" src=\"https:\/\/i0.wp.com\/shared.fastly.steamstatic.com\/store_item_assets\/steam\/apps\/2344520\/extras\/D4-Steam_Game-Capsule_Main-616x353.png?resize=616%2C353&#038;ssl=1\" \/><\/div>\n<p class=\"bb_paragraph\">Diablo\u00ae\u00a0IV est le jeu de r\u00f4le et d\u2019action ultime, offrant une quantit\u00e9 in\u00e9puisable d\u2019adversaires \u00e0 abattre, d\u2019innombrables techniques \u00e0 ma\u00eetriser, des donjons cauchemardesques et un butin l\u00e9gendaire.Lancez-vous dans la campagne en solo ou avec un groupe, rencontrez des personnages embl\u00e9matiques \u00e0 travers une histoire captivante et un environnement d\u2019une beaut\u00e9 sombre, ou profitez du vaste contenu de fin de jeu\u00a0:\u00a0affrontez des boss embl\u00e9matiques pour mettre la main sur du butin consid\u00e9rable, repoussez les assauts des Enfers au cours des vagues infernales, et ma\u00eetrisez la forge afin de cr\u00e9er vos armes id\u00e9ales et gagner en puissance. Le jeu et la progression multiplateformes sont disponibles sur toutes les plateformes.<\/p>\n<h2 class=\"bb_tag\">Bienvenue en enfer<\/h2>\n<p class=\"bb_paragraph\">D\u00e9couvrez la franchise acclam\u00e9e par la critique qui a red\u00e9fini les jeux de r\u00f4le et d\u2019action. Alors que la bataille fait rage entre les Cieux et les Enfers, la haine consume Sanctuaire tandis que le mal se r\u00e9pand et que des hordes de fanatiques viennent c\u00e9l\u00e9brer le retour de Lilith. Rares sont celles et ceux ayant le courage de se dresser sur son chemin et d\u2019illuminer ces t\u00e9n\u00e8bres destructrices.<\/p>\n<h2 class=\"bb_tag\">Un immense monde ouvert<\/h2>\n<p class=\"bb_paragraph\">Frayez-vous un chemin \u00e0 travers les terres corrompues de Sanctuaire et explorez un monde en perp\u00e9tuelle croissance o\u00f9 se m\u00ealent d\u00e9fis, qu\u00eates, adversaires et butin. Faites \u00e9quipe avec d\u2019autres aventuriers et aventuri\u00e8res, sauvez et lib\u00e9rez des villes assi\u00e9g\u00e9es, affrontez de terribles donjons et d\u00e9couvrez des secrets oubli\u00e9s lors de votre lutte contre le mal. Explorez les nombreuses r\u00e9gions de Sanctuaire, mais prenez garde\u00a0: les zones peuvent comporter de redoutables dangers, comme des boss mondiaux ou des vagues infernales.<\/p>\n<h2 class=\"bb_tag\">Une progression de personnage immersive<\/h2>\n<p class=\"bb_paragraph\">Cr\u00e9ez et personnalisez votre personnage pour affronter les t\u00e9n\u00e8bres grandissantes. Choisissez votre classe parmi les cinq disponibles et fa\u00e7onnez votre protagoniste gr\u00e2ce \u00e0 une panoplie de comp\u00e9tences, de techniques et d\u2019ornements pour lui apporter une touche unique. Avec le temps, vous d\u00e9velopperez l\u2019arbre de comp\u00e9tences de votre personnage et acc\u00e9derez m\u00eame \u00e0 terme aux plateaux de parangon.<\/p>\n<h2 class=\"bb_tag\">\u00c9quipement l\u00e9gendaire et batailles \u00e9piques<\/h2>\n<p class=\"bb_paragraph\">Profitez d\u2019un riche arsenal d\u2019armes, armures et objets puissants pour lutter contre les hordes d\u00e9moniaques qui menacent Sanctuaire. Variez les approches, cr\u00e9ez vos propres am\u00e9liorations et collectez une multitude d\u2019objets utiles afin de venir \u00e0 bout de redoutables adversaires lors de batailles intenses.<\/p>\n<h2 class=\"bb_tag\">Saisons et \u00e9v\u00e8nements<\/h2>\n<p class=\"bb_paragraph\">L\u2019histoire de Sanctuaire continue. Cr\u00e9ez des personnages Saisonniers et participez \u00e0 de nouvelles aventures. Ma\u00eetrisez de nouvelles m\u00e9caniques et \u00e9liminez les menaces lors de chaque nouvelle Saison. Terminez le p\u00e9riple saisonnier et d\u00e9bloquez de nouvelles r\u00e9compenses gr\u00e2ce au Passe de Combat. Aff\u00fbtez vos armes et plongez dans la magie Saisonni\u00e8re avec des \u00e9v\u00e8nements \u00e0 dur\u00e9e limit\u00e9e se d\u00e9roulant dans tout Sanctuaire.<\/p>\n<h2 class=\"bb_tag\">Un vaste contenu de fin de jeu<\/h2>\n<p class=\"bb_paragraph\">Continuez d\u2019explorer le contenu de Diablo\u00ae\u00a0IV \u00e0 mesure que vous progressez \u00e0 travers des niveaux de monde sup\u00e9rieurs. Relevez un d\u00e9fi d\u2019une ampleur in\u00e9gal\u00e9e en affrontant les d\u00e9mons les plus puissants de la Fosse, combattez les boss de fin de jeu pour obtenir des r\u00e9compenses uniques, repoussez les arm\u00e9es des Enfers au cours de la vague infernale, venez \u00e0 bout de boss mondiaux plus grands que nature et ma\u00eetrisez la forge pour cr\u00e9er des armes d\u2019une puissance h\u00e9ro\u00efque.<\/p>\n<\/div>\n<\/div>\n<div class=\"game_page_autocollapse_fade\"><\/div>","protected":false},"excerpt":{"rendered":"<div id=\"aboutThisGame\" class=\"game_page_autocollapse\" data-panel=\"{&quot;type&quot;:&quot;PanelGroup&quot;}\">\n<div id=\"game_area_description\" class=\"game_area_description\">\n<p>\u0627\u0633\u062a\u0645\u062a\u0639 \u0628\u062a\u062c\u0631\u0628\u0629 \u0644\u0639\u0628 \u0623\u0635\u0644\u064a\u0629 \u0639\u0628\u0631 \u0643\u0648\u062f \u0627\u0633\u062a\u0631\u062f\u0627\u062f \u0631\u0633\u0645\u064a!<br \/>\n\u0627\u0634\u062a\u0631\u0650 \u0627\u0644\u0644\u0639\u0628\u0629 \u0627\u0644\u0622\u0646 \u0648\u0627\u062d\u0635\u0644 \u0639\u0644\u0649 \u0643\u0648\u062f \u0627\u0644\u062a\u0641\u0639\u064a\u0644 \u0627\u0644\u0631\u0642\u0645\u064a \u062e\u0644\u0627\u0644 10 \u0625\u0644\u0649 15 \u062f\u0642\u064a\u0642\u0629 \u0641\u0642\u0637 \u0628\u0639\u062f \u0627\u0644\u062f\u0641\u0639.<br \/>\n\u0642\u0645 \u0628\u0627\u0633\u062a\u062e\u062f\u0627\u0645 \u0627\u0644\u0643\u0648\u062f \u0639\u0644\u0649 \u0627\u0644\u0645\u0646\u0635\u0629 \u0627\u0644\u0645\u0646\u0627\u0633\u0628\u0629 (Steam\u060c Xbox\u060c PSN&#8230;) \u0648\u0633\u064a\u062a\u0645 \u0625\u0636\u0627\u0641\u0629 \u0627\u0644\u0644\u0639\u0628\u0629 \u062a\u0644\u0642\u0627\u0626\u064a\u0627\u064b \u0625\u0644\u0649 \u062d\u0633\u0627\u0628\u0643 \u0645\u062f\u0649 \u0627\u0644\u062d\u064a\u0627\u0629.<\/p>\n<p>\u0645\u0645\u064a\u0632\u0627\u062a \u0627\u0644\u0645\u0646\u062a\u062c:<br \/>\n\u0643\u0648\u062f \u0631\u0633\u0645\u064a \u0648\u0622\u0645\u0646 100%<\/p>\n<p>\u062a\u0633\u0644\u064a\u0645 \u0633\u0631\u064a\u0639 \u062e\u0644\u0627\u0644 10 &#8211; 15 \u062f\u0642\u064a\u0642\u0629<\/p>\n<p>\u062f\u0639\u0645 \u0641\u0646\u064a \u0641\u064a \u062d\u0627\u0644 \u0648\u0627\u062c\u0647\u062a \u0623\u064a \u0645\u0634\u0643\u0644\u0629<\/p>\n<p>\u0628\u062f\u0648\u0646 \u0627\u0634\u062a\u0631\u0627\u0643 \u0634\u0647\u0631\u064a \u2013 \u0634\u0631\u0627\u0621 \u0644\u0645\u0631\u0629 \u0648\u0627\u062d\u062f\u0629 \u0641\u0642\u0637<\/p>\n<p>\u0627\u0644\u0633\u0639\u0631 \u0627\u0644\u0623\u0641\u0636\u0644 \u0641\u064a \u0627\u0644\u0633\u0648\u0642 \u0627\u0644\u062c\u0632\u0627\u0626\u0631\u064a<\/p>\n<p>\u0643\u064a\u0641\u064a\u0629 \u0627\u0644\u0627\u0633\u062a\u0631\u062f\u0627\u062f:<br \/>\n\u0625\u0630\u0627 \u0644\u0645 \u062a\u0643\u0646 \u062a\u0639\u0631\u0641 \u0637\u0631\u064a\u0642\u0629 \u062a\u0641\u0639\u064a\u0644 \u0627\u0644\u0643\u0648\u062f\u060c \u0644\u0627 \u062a\u0642\u0644\u0642!<br \/>\n\u0628\u0639\u062f \u0639\u0645\u0644\u064a\u0629 \u0627\u0644\u0634\u0631\u0627\u0621\u060c \u0633\u064a\u062a\u0645 \u062a\u0648\u062c\u064a\u0647\u0643 \u062a\u0644\u0642\u0627\u0626\u064a\u0627\u064b \u0625\u0644\u0649 \u0635\u0641\u062d\u0629 \u0641\u064a\u0647\u0627 \u0641\u064a\u062f\u064a\u0648\u0647\u0627\u062a \u062a\u0634\u0631\u062d \u062e\u0637\u0648\u0629 \u0628\u062e\u0637\u0648\u0629 \u0643\u064a\u0641\u064a\u0629 \u0627\u0633\u062a\u0631\u062f\u0627\u062f \u0627\u0644\u0643\u0648\u062f \u0639\u0644\u0649 \u0643\u0644 \u0645\u0646\u0635\u0629 (Steam\u060c Xbox\u060c PS&#8230;).<\/p>\n<p>&nbsp;<\/p>\n<\/div>\n<\/div>\n<div class=\"game_page_autocollapse_fade\"><\/div>","protected":false},"featured_media":2971,"comment_status":"open","ping_status":"closed","template":"","meta":{"googlesitekit_rrm_CAowv7G7DA:productID":"","om_disable_all_campaigns":false,"_monsterinsights_skip_tracking":false,"_monsterinsights_sitenote_active":false,"_monsterinsights_sitenote_note":"","_monsterinsights_sitenote_category":0,"jetpack_post_was_ever_published":false},"product_brand":[63],"product_cat":[48],"product_tag":[],"class_list":{"0":"post-2970","1":"product","2":"type-product","3":"status-publish","4":"has-post-thumbnail","6":"product_brand-xbox","7":"product_cat-xbox-one","9":"first","10":"instock","11":"sale","12":"virtual","13":"taxable","14":"purchasable","15":"product-type-simple"},"jetpack_sharing_enabled":true,"jetpack_likes_enabled":true,"_links":{"self":[{"href":"https:\/\/cdhubs.com\/es\/wp-json\/wp\/v2\/product\/2970","targetHints":{"allow":["GET"]}}],"collection":[{"href":"https:\/\/cdhubs.com\/es\/wp-json\/wp\/v2\/product"}],"about":[{"href":"https:\/\/cdhubs.com\/es\/wp-json\/wp\/v2\/types\/product"}],"replies":[{"embeddable":true,"href":"https:\/\/cdhubs.com\/es\/wp-json\/wp\/v2\/comments?post=2970"}],"version-history":[{"count":4,"href":"https:\/\/cdhubs.com\/es\/wp-json\/wp\/v2\/product\/2970\/revisions"}],"predecessor-version":[{"id":3027,"href":"https:\/\/cdhubs.com\/es\/wp-json\/wp\/v2\/product\/2970\/revisions\/3027"}],"wp:featuredmedia":[{"embeddable":true,"href":"https:\/\/cdhubs.com\/es\/wp-json\/wp\/v2\/media\/2971"}],"wp:attachment":[{"href":"https:\/\/cdhubs.com\/es\/wp-json\/wp\/v2\/media?parent=2970"}],"wp:term":[{"taxonomy":"product_brand","embeddable":true,"href":"https:\/\/cdhubs.com\/es\/wp-json\/wp\/v2\/product_brand?post=2970"},{"taxonomy":"product_cat","embeddable":true,"href":"https:\/\/cdhubs.com\/es\/wp-json\/wp\/v2\/product_cat?post=2970"},{"taxonomy":"product_tag","embeddable":true,"href":"https:\/\/cdhubs.com\/es\/wp-json\/wp\/v2\/product_tag?post=2970"}],"curies":[{"name":"wp","href":"https:\/\/api.w.org\/{rel}","templated":true}]}}