{"id":2925,"date":"2025-04-24T14:03:57","date_gmt":"2025-04-24T14:03:57","guid":{"rendered":"https:\/\/cdhubs.com\/?post_type=product&#038;p=2925"},"modified":"2025-04-26T14:42:17","modified_gmt":"2025-04-26T14:42:17","slug":"clash-artifacts-of-chaos-xbox","status":"publish","type":"product","link":"https:\/\/cdhubs.com\/es\/producto\/clash-artifacts-of-chaos-xbox\/","title":{"rendered":"Clash: Artifacts of Chaos XBOX"},"content":{"rendered":"<h2>\u00c0 propos de ce jeu<\/h2>\n<p><strong>Vous \u00eates Pseudo, un sp\u00e9cialiste des arts martiaux qui vit en ermite dans l&#8217;\u00e9trange contr\u00e9e de Zenozo\u00efk. Lorsque votre chemin croise celui de l&#8217;Enfant, une petite cr\u00e9ature dont les pouvoirs myst\u00e9rieux sont convoit\u00e9s par Gemini, la Ma\u00eetresse des Artefacts, vous d\u00e9cidez de le prendre sous votre protection sans r\u00e9aliser que des forces bien plus grandes sont en jeu.<\/strong><\/p>\n<div class=\"bb_wide_img_ctn\"><img data-recalc-dims=\"1\" decoding=\"async\" class=\"bb_img\" src=\"https:\/\/i0.wp.com\/shared.fastly.steamstatic.com\/store_item_assets\/steam\/apps\/1430680\/extras\/_IMG01.gif?ssl=1\" \/><\/div>\n<ul class=\"bb_ul\">\n<li>\n<h2 class=\"bb_tag\">EXPLOREZ ZENOZO\u00cfK<\/h2>\n<\/li>\n<\/ul>\n<p>Entre surr\u00e9alisme et punk-fantasy, le monde et la civilisation de Zenozo\u00efk sont remplis de personnages, cr\u00e9atures et paysages fascinants. Parcourez cette terre \u00e9trange et d\u00e9couvrez ses chemins, ses habitants, et ses secrets ancestraux.<\/p>\n<ul class=\"bb_ul\">\n<li>\n<h2 class=\"bb_tag\">TERASSEZ VOS ADVERSAIRES<\/h2>\n<\/li>\n<\/ul>\n<p>Vos poings et votre vitesse sont vos meilleures armes. Attaquez, esquivez, \u00e9tourdissez, bloquez, annulez une parade pour la convertir en un coup sp\u00e9cial, passez en vue \u00e0 la 1\u00e8re personne pour r\u00e9aliser des techniques uniques : \u00e0 vous de saisir au vol chaque occasion pour vous rapprocher de la victoire et d\u2019\u00e9viter les erreurs qui pourraient vite se r\u00e9v\u00e9ler fatales.<\/p>\n<div class=\"bb_wide_img_ctn\"><img data-recalc-dims=\"1\" decoding=\"async\" class=\"bb_img\" src=\"https:\/\/i0.wp.com\/shared.fastly.steamstatic.com\/store_item_assets\/steam\/apps\/1430680\/extras\/_IMG02.gif?ssl=1\" \/><\/div>\n<ul class=\"bb_ul\">\n<li>\n<h2 class=\"bb_tag\">PERSONNALISEZ VOTRE STYLE DE COMBAT<\/h2>\n<\/li>\n<\/ul>\n<p>Apprenez de multiples arts martiaux au cours de votre aventure et alternez librement entre eux selon vos go\u00fbts, les ennemis et les situations. Vos victoires vous permettront d\u2019am\u00e9liorer vos caract\u00e9ristiques et vos attaques pour construire votre propre style unique.<\/p>\n<ul class=\"bb_ul\">\n<li>\n<h2 class=\"bb_tag\">RELEVEZ LE D\u00c9FI DU RITUEL<\/h2>\n<\/li>\n<\/ul>\n<p>Avant de combattre, vous pouvez choisir de d\u00e9fier votre adversaire \u00e0 un jeu de d\u00e9s dont le vainqueur d\u00e9finira les r\u00e8gles de la rencontre \u2013 souvent \u00e0 son avantage. Invoquer un monstre alli\u00e9, couvrir la zone d\u2019un nuage de brouillard, imposer \u00e0 l\u2019ennemi d\u2019avoir le pied attach\u00e9 \u00e0 une cha\u00eene\u2026 loin de d\u00e9terminer le r\u00e9sultat de l\u2019affrontement, le Rituel vous donne une opportunit\u00e9 \u00e0 exploiter si vous le remportez et un d\u00e9fi \u00e0 surmonter habilement si vous le perdez.<\/p>\n<div class=\"bb_wide_img_ctn\"><img data-recalc-dims=\"1\" decoding=\"async\" class=\"bb_img\" src=\"https:\/\/i0.wp.com\/shared.fastly.steamstatic.com\/store_item_assets\/steam\/apps\/1430680\/extras\/_IMG03.gif?ssl=1\" \/><\/div>\n<ul class=\"bb_ul\">\n<li>\n<h2 class=\"bb_tag\">UNE HISTOIRE RICHE<\/h2>\n<\/li>\n<\/ul>\n<p>Votre qu\u00eate des Grands Artefacts qui vous aideront \u00e0 vaincre Gemini vous m\u00e8nera plus loin que vous ne le pensez. Alors que vous affrontez les mercenaires \u00e0 votre poursuite et que vous tissez des liens d\u2019amiti\u00e9s avec l&#8217;Enfant, faites face \u00e0 votre propre pass\u00e9 et plongez aux sources de celui de la soci\u00e9t\u00e9 chaotique de Zenozo\u00efk.<\/p>\n<p><i>Clash : Artifacts of Chaos se d\u00e9roule dans le m\u00eame univers que Zeno Clash et Zeno Clash II, mais l&#8217;histoire est enti\u00e8rement ind\u00e9pendante de ces derniers.<\/i><\/p>","protected":false},"excerpt":{"rendered":"<p>\u0627\u0633\u062a\u0645\u062a\u0639 \u0628\u062a\u062c\u0631\u0628\u0629 \u0644\u0639\u0628 \u0623\u0635\u0644\u064a\u0629 \u0639\u0628\u0631 \u0643\u0648\u062f \u0627\u0633\u062a\u0631\u062f\u0627\u062f \u0631\u0633\u0645\u064a!<br \/>\n\u0627\u0634\u062a\u0631\u0650 \u0627\u0644\u0644\u0639\u0628\u0629 \u0627\u0644\u0622\u0646 \u0648\u0627\u062d\u0635\u0644 \u0639\u0644\u0649 \u0643\u0648\u062f \u0627\u0644\u062a\u0641\u0639\u064a\u0644 \u0627\u0644\u0631\u0642\u0645\u064a \u062e\u0644\u0627\u0644 10 \u0625\u0644\u0649 15 \u062f\u0642\u064a\u0642\u0629 \u0641\u0642\u0637 \u0628\u0639\u062f \u0627\u0644\u062f\u0641\u0639.<br \/>\n\u0642\u0645 \u0628\u0627\u0633\u062a\u062e\u062f\u0627\u0645 \u0627\u0644\u0643\u0648\u062f \u0639\u0644\u0649 \u0627\u0644\u0645\u0646\u0635\u0629 \u0627\u0644\u0645\u0646\u0627\u0633\u0628\u0629 (Steam\u060c Xbox\u060c PSN&#8230;) \u0648\u0633\u064a\u062a\u0645 \u0625\u0636\u0627\u0641\u0629 \u0627\u0644\u0644\u0639\u0628\u0629 \u062a\u0644\u0642\u0627\u0626\u064a\u0627\u064b \u0625\u0644\u0649 \u062d\u0633\u0627\u0628\u0643 \u0645\u062f\u0649 \u0627\u0644\u062d\u064a\u0627\u0629.<\/p>\n<p>\u0645\u0645\u064a\u0632\u0627\u062a \u0627\u0644\u0645\u0646\u062a\u062c:<br \/>\n\u0643\u0648\u062f \u0631\u0633\u0645\u064a \u0648\u0622\u0645\u0646 100%<\/p>\n<p>\u062a\u0633\u0644\u064a\u0645 \u0633\u0631\u064a\u0639 \u062e\u0644\u0627\u0644 10 &#8211; 15 \u062f\u0642\u064a\u0642\u0629<\/p>\n<p>\u062f\u0639\u0645 \u0641\u0646\u064a \u0641\u064a \u062d\u0627\u0644 \u0648\u0627\u062c\u0647\u062a \u0623\u064a \u0645\u0634\u0643\u0644\u0629<\/p>\n<p>\u0628\u062f\u0648\u0646 \u0627\u0634\u062a\u0631\u0627\u0643 \u0634\u0647\u0631\u064a \u2013 \u0634\u0631\u0627\u0621 \u0644\u0645\u0631\u0629 \u0648\u0627\u062d\u062f\u0629 \u0641\u0642\u0637<\/p>\n<p>\u0627\u0644\u0633\u0639\u0631 \u0627\u0644\u0623\u0641\u0636\u0644 \u0641\u064a \u0627\u0644\u0633\u0648\u0642 \u0627\u0644\u062c\u0632\u0627\u0626\u0631\u064a<\/p>\n<p>\u0643\u064a\u0641\u064a\u0629 \u0627\u0644\u0627\u0633\u062a\u0631\u062f\u0627\u062f:<br \/>\n\u0625\u0630\u0627 \u0644\u0645 \u062a\u0643\u0646 \u062a\u0639\u0631\u0641 \u0637\u0631\u064a\u0642\u0629 \u062a\u0641\u0639\u064a\u0644 \u0627\u0644\u0643\u0648\u062f\u060c \u0644\u0627 \u062a\u0642\u0644\u0642!<br \/>\n\u0628\u0639\u062f \u0639\u0645\u0644\u064a\u0629 \u0627\u0644\u0634\u0631\u0627\u0621\u060c \u0633\u064a\u062a\u0645 \u062a\u0648\u062c\u064a\u0647\u0643 \u062a\u0644\u0642\u0627\u0626\u064a\u0627\u064b \u0625\u0644\u0649 \u0635\u0641\u062d\u0629 \u0641\u064a\u0647\u0627 \u0641\u064a\u062f\u064a\u0648\u0647\u0627\u062a \u062a\u0634\u0631\u062d \u062e\u0637\u0648\u0629 \u0628\u062e\u0637\u0648\u0629 \u0643\u064a\u0641\u064a\u0629 \u0627\u0633\u062a\u0631\u062f\u0627\u062f \u0627\u0644\u0643\u0648\u062f \u0639\u0644\u0649 \u0643\u0644 \u0645\u0646\u0635\u0629 (Steam\u060c Xbox\u060c PS&#8230;).<\/p>","protected":false},"featured_media":2926,"comment_status":"open","ping_status":"closed","template":"","meta":{"googlesitekit_rrm_CAowv7G7DA:productID":"","om_disable_all_campaigns":false,"_monsterinsights_skip_tracking":false,"_monsterinsights_sitenote_active":false,"_monsterinsights_sitenote_note":"","_monsterinsights_sitenote_category":0,"jetpack_post_was_ever_published":false},"product_brand":[63],"product_cat":[48],"product_tag":[],"class_list":{"0":"post-2925","1":"product","2":"type-product","3":"status-publish","4":"has-post-thumbnail","6":"product_brand-xbox","7":"product_cat-xbox-one","9":"first","10":"instock","11":"sale","12":"virtual","13":"taxable","14":"purchasable","15":"product-type-simple"},"jetpack_sharing_enabled":true,"jetpack_likes_enabled":true,"_links":{"self":[{"href":"https:\/\/cdhubs.com\/es\/wp-json\/wp\/v2\/product\/2925","targetHints":{"allow":["GET"]}}],"collection":[{"href":"https:\/\/cdhubs.com\/es\/wp-json\/wp\/v2\/product"}],"about":[{"href":"https:\/\/cdhubs.com\/es\/wp-json\/wp\/v2\/types\/product"}],"replies":[{"embeddable":true,"href":"https:\/\/cdhubs.com\/es\/wp-json\/wp\/v2\/comments?post=2925"}],"version-history":[{"count":2,"href":"https:\/\/cdhubs.com\/es\/wp-json\/wp\/v2\/product\/2925\/revisions"}],"predecessor-version":[{"id":3063,"href":"https:\/\/cdhubs.com\/es\/wp-json\/wp\/v2\/product\/2925\/revisions\/3063"}],"wp:featuredmedia":[{"embeddable":true,"href":"https:\/\/cdhubs.com\/es\/wp-json\/wp\/v2\/media\/2926"}],"wp:attachment":[{"href":"https:\/\/cdhubs.com\/es\/wp-json\/wp\/v2\/media?parent=2925"}],"wp:term":[{"taxonomy":"product_brand","embeddable":true,"href":"https:\/\/cdhubs.com\/es\/wp-json\/wp\/v2\/product_brand?post=2925"},{"taxonomy":"product_cat","embeddable":true,"href":"https:\/\/cdhubs.com\/es\/wp-json\/wp\/v2\/product_cat?post=2925"},{"taxonomy":"product_tag","embeddable":true,"href":"https:\/\/cdhubs.com\/es\/wp-json\/wp\/v2\/product_tag?post=2925"}],"curies":[{"name":"wp","href":"https:\/\/api.w.org\/{rel}","templated":true}]}}