{"id":4122,"date":"2025-05-20T01:38:41","date_gmt":"2025-05-20T00:38:41","guid":{"rendered":"https:\/\/cdhubs.com\/?post_type=product&#038;p=4122"},"modified":"2025-05-20T01:38:42","modified_gmt":"2025-05-20T00:38:42","slug":"sid-meiers-civilization-vii-pc","status":"publish","type":"product","link":"https:\/\/cdhubs.com\/en\/product\/sid-meiers-civilization-vii-pc\/","title":{"rendered":"Sid Meier&#8217;s Civilization VII PC"},"content":{"rendered":"<div id=\"aboutThisGame\" class=\"game_page_autocollapse\" data-panel=\"{&quot;type&quot;:&quot;PanelGroup&quot;}\">\n<div id=\"game_area_description\" class=\"game_area_description\">\n<h2>\u00c0 propos de ce jeu<\/h2>\n<p class=\"bb_paragraph\"><strong>La mise \u00e0 jour\u00a01.2.0 vient d\u2019\u00eatre d\u00e9ploy\u00e9e\u00a0! Cette mise \u00e0 jour apporte plusieurs am\u00e9liorations tr\u00e8s demand\u00e9es, des modifications de l\u2019\u00e9quilibre ainsi que de nouvelles fonctionnalit\u00e9s, dont la plupart d\u00e9coulent de vos retours.<\/strong><\/p>\n<p class=\"bb_paragraph\"><strong>Dans cette mise \u00e0 jour, vous retrouverez le multijoueur en \u00e9quipes, une modification de la mani\u00e8re dont la Nourriture et la croissance progressent au fil du temps, des mises \u00e0 jour importantes apport\u00e9es aux ressources, et bien plus encore. Nous avons mis en avant les plus gros changements dans la section Fonctionnalit\u00e9s star ci-dessous, et plus loin vous trouverez les notes compl\u00e8tes couvrant les probl\u00e8mes r\u00e9solus, les am\u00e9liorations apport\u00e9es \u00e0 l\u2019IA, mais aussi \u00e0 l\u2019interface utilisateur, ainsi que d\u2019autres changements moins visibles.<\/strong><\/p>\n<p class=\"bb_paragraph\">\n<p class=\"bb_paragraph\">&#8212;<\/p>\n<p class=\"bb_paragraph\">\n<p class=\"bb_paragraph\">Le jeu de strat\u00e9gie plusieurs fois prim\u00e9 revient avec un \u00e9pisode in\u00e9dit.\u00a0<i>Sid Meier&#8217;s Civilization\u00ae VII<\/i>\u00a0vous propose de construire le plus grand empire que le monde ait jamais connu !<\/p>\n<p class=\"bb_paragraph\">\n<p class=\"bb_paragraph\">Dans\u00a0<i>Civilization VII<\/i>, vos d\u00e9cisions strat\u00e9giques fa\u00e7onnent la lign\u00e9e culturelle de votre empire, ainsi que son \u00e9volution. Gouvernez dans la peau d&#8217;un des grands dirigeants qui ont marqu\u00e9 l&#8217;histoire et orientez le cours de votre r\u00e9cit en choisissant une nouvelle civilisation \u00e0 chaque \u00e9tape de l&#8217;Histoire de l&#8217;Homme.<\/p>\n<p class=\"bb_paragraph\">\n<p class=\"bb_paragraph\">Construisez des villes et des merveilles architecturales pour \u00e9tendre votre territoire, faites avancer votre civilisation gr\u00e2ce \u00e0 des innovations technologiques et partez \u00e0 la conqu\u00eate de civilisations rivales ou coop\u00e9rez avec elles, en explorant des mondes inconnus. Visez la prosp\u00e9rit\u00e9 dans une exp\u00e9rience solo immersive ou jouez \u00e0 plusieurs avec le mode multijoueur en ligne.**<\/p>\n<p class=\"bb_paragraph\">\n<p class=\"bb_paragraph\">Que vous choisissiez de suivre fid\u00e8lement le cours de l&#8217;histoire, ou d&#8217;imaginer de nouvelles possibilit\u00e9s en tra\u00e7ant votre propre chemin, construisez le r\u00e9cit auquel vous croyez et b\u00e2tissez un h\u00e9ritage qui r\u00e9sonne \u00e0 travers les \u00e2ges dans\u00a0<i>Civilization VII<\/i>.<\/p>\n<p class=\"bb_paragraph\">\n<div class=\"bb_wide_img_ctn\"><img data-recalc-dims=\"1\" decoding=\"async\" class=\"bb_img\" src=\"https:\/\/i0.wp.com\/shared.fastly.steamstatic.com\/store_item_assets\/steam\/apps\/1295660\/extras\/ENJOY_1.gif?ssl=1\" \/><\/div>\n<p class=\"bb_paragraph\"><strong>FONDEZ UN EMPIRE CAPABLE DE R\u00c9SISTER \u00c0 L&#8217;\u00c9PREUVE DU TEMPS<\/strong><\/p>\n<p class=\"bb_paragraph\">\n<p class=\"bb_paragraph\">Dirigez votre empire \u00e0 travers les diff\u00e9rents \u00c2ges de l&#8217;histoire de l&#8217;humanit\u00e9. Chaque \u00c2ge est un voyage riche et complexe, avec des civilisations jouables, des ressources disponibles, des terres explorables et m\u00eame des syst\u00e8mes de jeu complets uniques, pour une exp\u00e9rience de strat\u00e9gie intense et immersive sur le plan historique. Pr\u00e9parez-vous \u00e0 franchir, \u00e0 chaque \u00c2ge, des \u00e9tapes primordiales dans les domaines scientifiques, culturelles, militaires et \u00e9conomiques afin d&#8217;obtenir des avantages d\u00e9cisifs \u00e0 l&#8217;\u00e9poque suivante !<\/p>\n<p class=\"bb_paragraph\">\n<div class=\"bb_wide_img_ctn\"><img data-recalc-dims=\"1\" decoding=\"async\" class=\"bb_img\" src=\"https:\/\/i0.wp.com\/shared.fastly.steamstatic.com\/store_item_assets\/steam\/apps\/1295660\/extras\/CitiesClose-EVOLVE.gif?ssl=1\" \/><\/div>\n<p class=\"bb_paragraph\"><strong>FAITES \u00c9VOLUER VOTRE EMPIRE \u00c0 CHAQUE NOUVEL \u00c2GE<\/strong><\/p>\n<p class=\"bb_paragraph\">\n<p class=\"bb_paragraph\">Pour fonder un h\u00e9ritage capable de r\u00e9sister \u00e0 l&#8217;\u00e9preuve du temps, il faudra faire preuve d&#8217;une grande facult\u00e9 d&#8217;adaptation. Tracez votre propre chemin \u00e0 travers l&#8217;histoire en remodelant votre empire au d\u00e9but de chaque \u00c2ge, en choisissant parmi un ensemble de nouvelles options de civilisation li\u00e9es \u00e0 l&#8217;\u00c2ge et d\u00e9termin\u00e9es par vos r\u00e9ussites ant\u00e9rieures dans le jeu. L&#8217;\u00e9volution de votre empire permet de d\u00e9bloquer de nouveaux bonus de jeu et des unit\u00e9s uniques, pour que votre civilisation actuelle reste toujours au sommet de sa puissance.<\/p>\n<p class=\"bb_paragraph\">\n<div class=\"bb_wide_img_ctn\"><img data-recalc-dims=\"1\" decoding=\"async\" class=\"bb_img\" src=\"https:\/\/i0.wp.com\/shared.fastly.steamstatic.com\/store_item_assets\/steam\/apps\/1295660\/extras\/Copy_of_NEW_BEN.gif?ssl=1\" \/><\/div>\n<p class=\"bb_paragraph\"><strong>INCARNEZ DES DIRIGEANTS VISIONNAIRES ET PROGRESSISTES<\/strong><\/p>\n<p class=\"bb_paragraph\">\n<p class=\"bb_paragraph\">Mettez-vous dans la peau d&#8217;un illustre dirigeant, gr\u00e2ce \u00e0 l&#8217;une des listes de personnages les plus compl\u00e8tes de\u00a0<i>Civilization<\/i>, des chefs d&#8217;\u00c9tat traditionnels connus pour leur puissance militaire ou leurs prouesses politiques, aux dirigeants visionnaires qui ont marqu\u00e9 la philosophie, la science, les droits de l&#8217;homme, et bien plus encore ! Chaque leader poss\u00e8de une comp\u00e9tence unique et peut \u00eatre am\u00e9lior\u00e9 gr\u00e2ce \u00e0 des attributs personnalisables gagn\u00e9s au cours du jeu, afin de renforcer ou de r\u00e9orienter votre strat\u00e9gie au fil du temps. Pour la premi\u00e8re fois dans l&#8217;histoire de la franchise, vous pouvez choisir votre dirigeant ind\u00e9pendamment de votre civilisation, ce qui vous donne la libert\u00e9 de cr\u00e9er de toutes nouvelles strat\u00e9gies en combinant les bonus de jeu.<\/p>\n<p class=\"bb_paragraph\">\n<div class=\"bb_wide_img_ctn\"><img data-recalc-dims=\"1\" decoding=\"async\" class=\"bb_img\" src=\"https:\/\/i0.wp.com\/shared.fastly.steamstatic.com\/store_item_assets\/steam\/apps\/1295660\/extras\/Cities-NEW_EXPLORE.gif?ssl=1\" \/><\/div>\n<p class=\"bb_paragraph\"><strong>EXPLOREZ UN MONDE UNIQUE<\/strong><\/p>\n<p class=\"bb_paragraph\">\n<p class=\"bb_paragraph\">Laissez une trace dans l&#8217;histoire d&#8217;un monde aux mille et un d\u00e9tails incroyables ! Votre empire prend vie en s&#8217;inspirant d&#8217;une large gamme de styles culturels, que vous retrouvez dans l&#8217;architecture des b\u00e2timents et la conception des unit\u00e9s. Les interactions en face \u00e0 face avec d&#8217;autres dirigeants historiques vous plongent au c\u0153ur de chaque acte de diplomatie et de chaque d\u00e9claration de guerre. Au fur et \u00e0 mesure que votre territoire s&#8217;\u00e9tend et que vos villes se d\u00e9veloppent, les magnifiques vues sur votre empire n&#8217;en forment plus qu&#8217;une, composant ensemble une m\u00e9tropole dynamique.<\/p>\n<p class=\"bb_paragraph\">\n<div class=\"bb_wide_img_ctn\"><img data-recalc-dims=\"1\" decoding=\"async\" class=\"bb_img\" src=\"https:\/\/i0.wp.com\/shared.fastly.steamstatic.com\/store_item_assets\/steam\/apps\/1295660\/extras\/Ships-TEST_1.gif?ssl=1\" \/><\/div>\n<p class=\"bb_paragraph\"><strong>TESTEZ VOTRE AUDACE STRAT\u00c9GIQUE EN MULTIJOUEUR<\/strong><\/p>\n<p class=\"bb_paragraph\">\n<p class=\"bb_paragraph\">Affrontez d&#8217;autres joueurs en ligne et faites la d\u00e9monstration de vos prouesses en tant que grand dirigeant.** Les matchs multijoueurs peuvent \u00eatre des campagnes \u00e9piques multi-\u00c2ges, ou se d\u00e9rouler dans un seul \u00c2ge afin que vous puissiez profiter d&#8217;un jeu entier sur une seule session. Le cross-play est enti\u00e8rement pris en charge entre PC et consoles. Vous pouvez donc jouer avec vos amis, o\u00f9 qu&#8217;ils se trouvent.<\/p>\n<p class=\"bb_paragraph\">\n<div class=\"bb_wide_img_ctn\"><img data-recalc-dims=\"1\" decoding=\"async\" class=\"bb_img\" src=\"https:\/\/i0.wp.com\/shared.fastly.steamstatic.com\/store_item_assets\/steam\/apps\/1295660\/extras\/WonderUnits-NEW_ENJOY.gif?ssl=1\" \/><\/div>\n<p class=\"bb_paragraph\"><strong>UNE INCROYABLE EXP\u00c9RIENCE STRAT\u00c9GIQUE POUR TOUS<\/strong><\/p>\n<p class=\"bb_paragraph\">\n<p class=\"bb_paragraph\">Forte de plus de 30 ans d&#8217;histoire, la franchise\u00a0<i>Civilization VII<\/i>\u00a0propose une multitude d&#8217;am\u00e9liorations de gameplay qui raviront aussi bien les novices que les joueurs aguerris. Avec un tutoriel remani\u00e9 et des syst\u00e8mes de jeu am\u00e9lior\u00e9s, il n&#8217;a jamais \u00e9t\u00e9 aussi facile de faire ses d\u00e9buts dans\u00a0<i>Civilization<\/i>. De leur c\u00f4t\u00e9, les habitu\u00e9s appr\u00e9cieront les nombreuses am\u00e9liorations apport\u00e9es \u00e0 la jouabilit\u00e9. D\u00e9placez votre arm\u00e9e comme un seul homme sous la direction d&#8217;un commandant, d\u00e9bloquez des bonus de progression pour vos dirigeants sur plusieurs sessions de jeu, traversez des rivi\u00e8res navigables, et bien plus encore !<\/p>\n<p class=\"bb_paragraph\">\n<p class=\"bb_paragraph\"><i>**Le jeu et les fonctionnalit\u00e9s en ligne (y compris les bonus de progression) n\u00e9cessitent une connexion Internet et un compte 2K (l&#8217;\u00e2ge minimum varie). Jusqu&#8217;\u00e0 cinq joueurs pris en charge dans l&#8217;\u00c2ge de l&#8217;Antiquit\u00e9 et l&#8217;\u00c2ge de l&#8217;Exploration. Jusqu&#8217;\u00e0 huit joueurs pris en charge dans l&#8217;\u00c2ge moderne. Le jeu en ligne sur console n\u00e9cessite un abonnement payant. Des restrictions de taille de carte peuvent s&#8217;appliquer \u00e0 certains jeux multijoueurs en cross-play. Voir conditions.<\/i><\/p>\n<\/div>\n<\/div>\n<div class=\"game_page_autocollapse_fade\"><\/div>\n","protected":false},"excerpt":{"rendered":"<p>\u0627\u0633\u062a\u0645\u062a\u0639 \u0628\u062a\u062c\u0631\u0628\u0629 \u0644\u0639\u0628 \u0623\u0635\u0644\u064a\u0629 \u0639\u0628\u0631 \u0643\u0648\u062f \u0627\u0633\u062a\u0631\u062f\u0627\u062f \u0631\u0633\u0645\u064a!<br \/>\n\u0627\u0634\u062a\u0631\u0650 \u0627\u0644\u0644\u0639\u0628\u0629 \u0627\u0644\u0622\u0646 \u0648\u0627\u062d\u0635\u0644 \u0639\u0644\u0649 \u0643\u0648\u062f \u0627\u0644\u062a\u0641\u0639\u064a\u0644 \u0627\u0644\u0631\u0642\u0645\u064a \u062e\u0644\u0627\u0644 10 \u0625\u0644\u0649 15 \u062f\u0642\u064a\u0642\u0629 \u0641\u0642\u0637 \u0628\u0639\u062f \u0627\u0644\u062f\u0641\u0639.<br \/>\n\u0642\u0645 \u0628\u0627\u0633\u062a\u062e\u062f\u0627\u0645 \u0627\u0644\u0643\u0648\u062f \u0639\u0644\u0649 \u0627\u0644\u0645\u0646\u0635\u0629 \u0627\u0644\u0645\u0646\u0627\u0633\u0628\u0629 (Steam\u060c Xbox\u060c PSN&#8230;) \u0648\u0633\u064a\u062a\u0645 \u0625\u0636\u0627\u0641\u0629 \u0627\u0644\u0644\u0639\u0628\u0629 \u062a\u0644\u0642\u0627\u0626\u064a\u0627\u064b \u0625\u0644\u0649 \u062d\u0633\u0627\u0628\u0643 \u0645\u062f\u0649 \u0627\u0644\u062d\u064a\u0627\u0629.<\/p>\n<p>\u0645\u0645\u064a\u0632\u0627\u062a \u0627\u0644\u0645\u0646\u062a\u062c:<br \/>\n\u0643\u0648\u062f \u0631\u0633\u0645\u064a \u0648\u0622\u0645\u0646 100%<\/p>\n<p>\u062a\u0633\u0644\u064a\u0645 \u0633\u0631\u064a\u0639 \u062e\u0644\u0627\u0644 10 &#8211; 15 \u062f\u0642\u064a\u0642\u0629<\/p>\n<p>\u062f\u0639\u0645 \u0641\u0646\u064a \u0641\u064a \u062d\u0627\u0644 \u0648\u0627\u062c\u0647\u062a \u0623\u064a \u0645\u0634\u0643\u0644\u0629<\/p>\n<p>\u0628\u062f\u0648\u0646 \u0627\u0634\u062a\u0631\u0627\u0643 \u0634\u0647\u0631\u064a \u2013 \u0634\u0631\u0627\u0621 \u0644\u0645\u0631\u0629 \u0648\u0627\u062d\u062f\u0629 \u0641\u0642\u0637<\/p>\n<p>\u0627\u0644\u0633\u0639\u0631 \u0627\u0644\u0623\u0641\u0636\u0644 \u0641\u064a \u0627\u0644\u0633\u0648\u0642 \u0627\u0644\u062c\u0632\u0627\u0626\u0631\u064a<\/p>\n<p>\u0643\u064a\u0641\u064a\u0629 \u0627\u0644\u0627\u0633\u062a\u0631\u062f\u0627\u062f:<br \/>\n\u0625\u0630\u0627 \u0644\u0645 \u062a\u0643\u0646 \u062a\u0639\u0631\u0641 \u0637\u0631\u064a\u0642\u0629 \u062a\u0641\u0639\u064a\u0644 \u0627\u0644\u0643\u0648\u062f\u060c \u0644\u0627 \u062a\u0642\u0644\u0642!<br \/>\n\u0628\u0639\u062f \u0639\u0645\u0644\u064a\u0629 \u0627\u0644\u0634\u0631\u0627\u0621\u060c \u0633\u064a\u062a\u0645 \u062a\u0648\u062c\u064a\u0647\u0643 \u062a\u0644\u0642\u0627\u0626\u064a\u0627\u064b \u0625\u0644\u0649 \u0635\u0641\u062d\u0629 \u0641\u064a\u0647\u0627 \u0641\u064a\u062f\u064a\u0648\u0647\u0627\u062a \u062a\u0634\u0631\u062d \u062e\u0637\u0648\u0629 \u0628\u062e\u0637\u0648\u0629 \u0643\u064a\u0641\u064a\u0629 \u0627\u0633\u062a\u0631\u062f\u0627\u062f \u0627\u0644\u0643\u0648\u062f \u0639\u0644\u0649 \u0643\u0644 \u0645\u0646\u0635\u0629 (Steam\u060c Xbox\u060c PS&#8230;).<\/p>\n","protected":false},"featured_media":4123,"comment_status":"open","ping_status":"closed","template":"","meta":{"googlesitekit_rrm_CAowv7G7DA:productID":"","om_disable_all_campaigns":false,"_monsterinsights_skip_tracking":false,"_monsterinsights_sitenote_active":false,"_monsterinsights_sitenote_note":"","_monsterinsights_sitenote_category":0,"jetpack_post_was_ever_published":false},"product_brand":[],"product_cat":[],"product_tag":[],"class_list":{"0":"post-4122","1":"product","2":"type-product","3":"status-publish","4":"has-post-thumbnail","7":"first","8":"instock","9":"taxable","10":"shipping-taxable","11":"purchasable","12":"product-type-simple"},"jetpack_sharing_enabled":true,"jetpack_likes_enabled":true,"_links":{"self":[{"href":"https:\/\/cdhubs.com\/en\/wp-json\/wp\/v2\/product\/4122","targetHints":{"allow":["GET"]}}],"collection":[{"href":"https:\/\/cdhubs.com\/en\/wp-json\/wp\/v2\/product"}],"about":[{"href":"https:\/\/cdhubs.com\/en\/wp-json\/wp\/v2\/types\/product"}],"replies":[{"embeddable":true,"href":"https:\/\/cdhubs.com\/en\/wp-json\/wp\/v2\/comments?post=4122"}],"version-history":[{"count":2,"href":"https:\/\/cdhubs.com\/en\/wp-json\/wp\/v2\/product\/4122\/revisions"}],"predecessor-version":[{"id":4126,"href":"https:\/\/cdhubs.com\/en\/wp-json\/wp\/v2\/product\/4122\/revisions\/4126"}],"wp:featuredmedia":[{"embeddable":true,"href":"https:\/\/cdhubs.com\/en\/wp-json\/wp\/v2\/media\/4123"}],"wp:attachment":[{"href":"https:\/\/cdhubs.com\/en\/wp-json\/wp\/v2\/media?parent=4122"}],"wp:term":[{"taxonomy":"product_brand","embeddable":true,"href":"https:\/\/cdhubs.com\/en\/wp-json\/wp\/v2\/product_brand?post=4122"},{"taxonomy":"product_cat","embeddable":true,"href":"https:\/\/cdhubs.com\/en\/wp-json\/wp\/v2\/product_cat?post=4122"},{"taxonomy":"product_tag","embeddable":true,"href":"https:\/\/cdhubs.com\/en\/wp-json\/wp\/v2\/product_tag?post=4122"}],"curies":[{"name":"wp","href":"https:\/\/api.w.org\/{rel}","templated":true}]}}